{"id":7534,"date":"2013-11-28T14:04:46","date_gmt":"2013-11-28T14:04:46","guid":{"rendered":"http:\/\/collies-vom-floersbachtal.de\/?page_id=7534"},"modified":"2016-05-29T16:03:26","modified_gmt":"2016-05-29T16:03:26","slug":"welpenflegelphase","status":"publish","type":"page","link":"https:\/\/collies-vom-floersbachtal.de\/?page_id=7534","title":{"rendered":"Welpenflegelphase"},"content":{"rendered":"<p><strong>1. Flegelphase: Konsequenz und Humor sind gefragt<br \/>\n<\/strong><br \/>\nWas tun mit einem Hund, der mitten in der Pubert\u00e4t steckt und partout nicht mehr das tun will, was er als reizender Junghund gerne und bereitwillig gemacht hat? Der nicht mehr kommt, wenn man ihn ruft, der pl\u00f6tzlich beginnt, mit Artgenossen zu raufen, der das Sofa verteidigt und der die Lust am Hasenjagen ganz neu f\u00fcr sich entdeckt hat? Die meisten Hundehalter raufen sich in dieser Phase verzweifelt die Haare und erkennen ihren eigenen Vierbeiner nicht wieder. Nun ist Konsequenz gefragt \u2013 und manchmal auch eine gute Portion Humor!<\/p>\n<p>In der Pubert\u00e4t wird auch die Bindung zwischen Hund und Menschen gefestigt. Es ist daher sehr wichtig, dass Sie diese wichtige Zeit entsprechend nutzen und Ihrem Hund nicht mit Strenge und H\u00e4rte begegnen. Auch wenn es manchmal nervt, wenn er nicht kommt, wenn er soll: <strong>Schreien Sie ihn nicht an und werden Sie niemals aggressiv. Ihr Hund braucht gerade jetzt, in dieser auch f\u00fcr ihn chaotischen Zeit, Sicherheit. Strahlen Sie ruhige Souver\u00e4nit\u00e4t aus. So merkt Ihr Hund, dass er sich auf Sie verlassen kann und Sie schwierige Situationen f\u00fcr ihn meistern k\u00f6nnen \u2013 sehr wichtig f\u00fcr die Mensch-Hund-Bindung.<\/strong><\/p>\n<p>Wichtig w\u00e4hrend der Pubert\u00e4t ist in jedem Fall Konsequenz. Hundehalter mit Vierbeiner in der Flegelphase wissen dies: Ihr Liebling scheint pl\u00f6tzlich alles vergessen zu haben, was man ihm vorher liebe- und m\u00fchevoll beigebracht hat. Umso wichtiger ist es nun, dass Sie nicht die Flinte ins Korn werfen und t\u00e4glich weiter \u00fcben und trainieren. Einige Minuten sollten Sie jeden Tag reservieren, um Signalw\u00f6rter wie &#8222;Komm&#8220;, &#8222;Bleib&#8220;, &#8222;Sitz&#8220; und &#8222;Platz&#8220; weiterhin konsequent zu \u00fcben. Experten empfehlen w\u00e4hrend der Pubert\u00e4t auf besonders wirksame Motivationshilfen zur\u00fcckzugreifen: Geben Sie Ihrem Hund ruhig seine absoluten Lieblingsleckerli, wenn er etwas gut gemacht hat, oder setzen Sie sein favorisiertes Spielzeug als kleinen Jackpot ein, wenn die \u00dcbung gut geklappt hat. Das motiviert \u2013 und Spa\u00df beim Lernen ist gerade auch in der Pubert\u00e4t sehr wichtig. <strong>Ein guter Grundgehorsam, zu dem der Grundstein bereits vor der Pubert\u00e4t gelegt wurde, kann sich nun auszahlen \u2013 denn dieser kann in der Regel mit einiger Konsequenz recht schnell wieder abgerufen werden.<\/strong><\/p>\n<p>Bei Problemen mit Hundebegegnungen, die in der Pubert\u00e4t nicht selten ist, versuchen Sie nun Ihren Hund ruhig aus der Situation zu bringen. Nehmen Sie ihn an kurzer Leine und f\u00fchren ihn wortlos am Artgenossen vorbei. Schreien Sie nicht \u2013 dies verstehen manche Hunde als Anfeuerung und &#8222;Aufruf zur Schlacht&#8220;. Bei Aggressionsproblemen lohnt es sich nun, professionelle Hilfe in Anspruch zu nehmen, damit diese sich nicht einschleifen. <strong>Auch pl\u00f6tzliche \u00c4ngste sind in der Pubert\u00e4t nicht selten. Tr\u00f6sten und streicheln Sie Ihren Hund nun nicht, sondern vermitteln Sie ihm durch ruhige Gelassenheit, dass alles okay ist.<\/strong><\/p>\n<p><strong>2. Pubert\u00e4t: Wenn der Hund nochmal zum Halbstarken wird<\/strong><\/p>\n<p>Aus dem knuffigen Hundebaby ist ein schlaksiger Vierbeiner geworden, der wie ein zweibeiniger Teenager pl\u00f6tzlich alles in Frage stellt, was die Hundeeltern von ihm verlagen. &#8222;Hilfe, Pubert\u00e4t!&#8220;, m\u00f6chte da so manches geplagte Herrchen oder Frauchen gerne verzweifelt ausrufen. Die erste Phase der Pubert\u00e4t haben Sie ja schon hinter sich. Nun geht&#8217;s in die zweite Runde: <strong>Die zweite Pubert\u00e4t. Aber keine Sorge \u2013 auch diese Zeit geht vor\u00fcber. Und sie ist sehr wichtig f\u00fcr die Entwicklung Ihres Hundes, denn sie tr\u00e4gt dazu bei, dass der Vierbeiner erwachsen wird und seinen Platz in der Menschen- und Hundewelt findet.<\/strong><\/p>\n<p>Die erste Pubert\u00e4t beginnt je nach Rasse zwischen sechs und zw\u00f6lf Monaten und geht mit der Geschlechtsreife einher. Gro\u00dfe Rassen kommen etwas sp\u00e4ter in die Flegelphase, H\u00fcndinnen sind etwas fr\u00fchreifer als R\u00fcden. Die H\u00fcndin wird nun zum ersten Mal l\u00e4ufig, der R\u00fcde beginnt, seinen Lauf zu heben, um zu pinkeln, und findet weibliche Artgnossen auf einmal sehr prickelnd. Au\u00dferdem rivalisiert er nun zunehmend auch mit anderen R\u00fcden. Viele Hundehalter merken den Beginn der Pubert\u00e4t nicht nur an der Geschlechtsreife, sondern an der Tatsache, dass der gute Benimm des vormals braven Vierbeiners auf einmal wie weg geblasen scheint.<\/p>\n<p>Ist diese Zeit gl\u00fccklich \u00fcberstanden, atmen die meisten Hundehalter erst einmal auf. Aber es gibt auch noch eine zweite Phase der Pubert\u00e4t, und zwar zwischen 18 und 24 Monaten. In dieser Zeit reift der Hund seelisch aus, Erziehungsfehler werden nun besonders deutlich: Der Vierbeiner testet noch einmal seine Grenzen aus und ist bestrebt, seinen Platz in der Hunde-, aber auch in der Menschenwelt zu finden. <strong>Diese zweite Phase der Pubert\u00e4t nennt man auch Angstphase. Viele Tiere sind n\u00e4mlich nun so sensibel wie ein rohes Ei. Manche entwickeln pl\u00f6tzliche \u00c4ngste und sind in dieser Zeit sehr ger\u00e4uschempfindlich.<\/strong> Gleichzeitig treten viele Hunde in der zweiten Pubert\u00e4t noch einmal richtig halbstark auf. Sie k\u00f6nnen pl\u00f6tzlich aggressiv auf Artgenossen reagieren und Rangordnungsk\u00e4mpfe austragen. Wichtig ist daher, dem Hund weiterhin mit liebevoller Konsequenz zu begegnen und ihm auch Grenzen aufzuzeigen. Nicht mit H\u00e4rte, sondern mit Fingerspitzengef\u00fchl. Seien Sie sich sicher: Auch diese zweite Pubert\u00e4t geht vorbei, so wie sie gekommen ist!<\/p>\n<p>Alle Info\u00b4s vom Fressnapf Welpenclub<\/p>\n","protected":false},"excerpt":{"rendered":"<p>1. Flegelphase: Konsequenz und Humor sind gefragt Was tun mit einem Hund, der mitten in der Pubert\u00e4t steckt und partout nicht mehr das tun will, was er als reizender Junghund gerne und bereitwillig gemacht hat? Der nicht mehr kommt, wenn &hellip; <a href=\"https:\/\/collies-vom-floersbachtal.de\/?page_id=7534\">Weiterlesen <span class=\"meta-nav\">&rarr;<\/span><\/a><\/p>\n","protected":false},"author":1,"featured_media":0,"parent":0,"menu_order":0,"comment_status":"open","ping_status":"open","template":"","meta":{"footnotes":""},"class_list":["post-7534","page","type-page","status-publish","hentry"],"_links":{"self":[{"href":"https:\/\/collies-vom-floersbachtal.de\/index.php?rest_route=\/wp\/v2\/pages\/7534","targetHints":{"allow":["GET"]}}],"collection":[{"href":"https:\/\/collies-vom-floersbachtal.de\/index.php?rest_route=\/wp\/v2\/pages"}],"about":[{"href":"https:\/\/collies-vom-floersbachtal.de\/index.php?rest_route=\/wp\/v2\/types\/page"}],"author":[{"embeddable":true,"href":"https:\/\/collies-vom-floersbachtal.de\/index.php?rest_route=\/wp\/v2\/users\/1"}],"replies":[{"embeddable":true,"href":"https:\/\/collies-vom-floersbachtal.de\/index.php?rest_route=%2Fwp%2Fv2%2Fcomments&post=7534"}],"version-history":[{"count":4,"href":"https:\/\/collies-vom-floersbachtal.de\/index.php?rest_route=\/wp\/v2\/pages\/7534\/revisions"}],"predecessor-version":[{"id":7536,"href":"https:\/\/collies-vom-floersbachtal.de\/index.php?rest_route=\/wp\/v2\/pages\/7534\/revisions\/7536"}],"wp:attachment":[{"href":"https:\/\/collies-vom-floersbachtal.de\/index.php?rest_route=%2Fwp%2Fv2%2Fmedia&parent=7534"}],"curies":[{"name":"wp","href":"https:\/\/api.w.org\/{rel}","templated":true}]}}