{"id":53077,"date":"2025-10-17T12:34:47","date_gmt":"2025-10-17T12:34:47","guid":{"rendered":"https:\/\/collies-vom-floersbachtal.de\/?page_id=53077"},"modified":"2026-03-06T11:27:13","modified_gmt":"2026-03-06T11:27:13","slug":"shuri-omy-sweetheart-shuri-japanisch-fuerabgrenzen-oder-unterscheidenin-populaeren-medien-steht-shuri-fuer-intelligenz-innovation-und-fuehrung-historisch-hat-der-name-shuri-wurzeln","status":"publish","type":"page","link":"https:\/\/collies-vom-floersbachtal.de\/?page_id=53077","title":{"rendered":"(Zuchth\u00fcndin, wenn alles klappt)                               &#8222;O\u00b4my sweetheart Shuri&#8220; geb. 17.08.2025"},"content":{"rendered":"\n<h2 class=\"wp-block-heading\"><strong>(japanisch f\u00fcr&#8220;abgrenzen oder unterscheiden&#8220;in popul\u00e4ren Medien steht Shuri f\u00fcr : Intelligenz, Innovation und F\u00fchrung )Historisch hat der Name Shuri Wurzeln in verschiedenen Aspekten der japanischen Kultur.<\/strong><\/h2>\n\n\n\n<h2 class=\"wp-block-heading\"><strong>Neue Fotos von der kleinen Kr\u00f6te mit 6 Monaten \ud83d\ude00<\/strong><\/h2>\n\n\n\n<div class=\"wp-block-cover\"><img loading=\"lazy\" decoding=\"async\" width=\"1000\" height=\"938\" class=\"wp-block-cover__image-background wp-image-54556 size-full\" alt=\"\" src=\"https:\/\/collies-vom-floersbachtal.de\/cms\/wp-content\/uploads\/2026\/03\/Shuri5-Feb.26-1.jpg\" data-object-fit=\"cover\" srcset=\"https:\/\/collies-vom-floersbachtal.de\/cms\/wp-content\/uploads\/2026\/03\/Shuri5-Feb.26-1.jpg 1000w, https:\/\/collies-vom-floersbachtal.de\/cms\/wp-content\/uploads\/2026\/03\/Shuri5-Feb.26-1-300x281.jpg 300w, https:\/\/collies-vom-floersbachtal.de\/cms\/wp-content\/uploads\/2026\/03\/Shuri5-Feb.26-1-768x720.jpg 768w\" sizes=\"auto, (max-width: 1000px) 100vw, 1000px\" \/><span aria-hidden=\"true\" class=\"wp-block-cover__background has-background-dim\" style=\"background-color:#66656b\"><\/span><div class=\"wp-block-cover__inner-container is-layout-flow wp-block-cover-is-layout-flow\">\n<figure class=\"wp-block-image size-full is-style-rounded\"><a href=\"https:\/\/collies-vom-floersbachtal.de\/cms\/wp-content\/uploads\/2026\/03\/Shuri5-Feb.26-2.jpg\"><img loading=\"lazy\" decoding=\"async\" width=\"1000\" height=\"938\" src=\"https:\/\/collies-vom-floersbachtal.de\/cms\/wp-content\/uploads\/2026\/03\/Shuri5-Feb.26-2.jpg\" alt=\"\" class=\"wp-image-54557\" srcset=\"https:\/\/collies-vom-floersbachtal.de\/cms\/wp-content\/uploads\/2026\/03\/Shuri5-Feb.26-2.jpg 1000w, https:\/\/collies-vom-floersbachtal.de\/cms\/wp-content\/uploads\/2026\/03\/Shuri5-Feb.26-2-300x281.jpg 300w, https:\/\/collies-vom-floersbachtal.de\/cms\/wp-content\/uploads\/2026\/03\/Shuri5-Feb.26-2-768x720.jpg 768w\" sizes=\"auto, (max-width: 1000px) 100vw, 1000px\" \/><\/a><\/figure>\n<\/div><\/div>\n\n\n\n<p><strong>Shuri zum 1. mal zum Longieren, das hat sie super gemacht. \ud83d\ude42<\/strong><\/p>\n\n\n\n<figure class=\"wp-block-gallery has-nested-images columns-default is-cropped wp-block-gallery-1 is-layout-flex wp-block-gallery-is-layout-flex\">\n<figure class=\"wp-block-image size-large\"><a href=\"https:\/\/collies-vom-floersbachtal.de\/cms\/wp-content\/uploads\/2026\/03\/Shuri4-Feb.26.jpg\"><img loading=\"lazy\" decoding=\"async\" width=\"577\" height=\"1024\" data-id=\"54554\" src=\"https:\/\/collies-vom-floersbachtal.de\/cms\/wp-content\/uploads\/2026\/03\/Shuri4-Feb.26-577x1024.jpg\" alt=\"\" class=\"wp-image-54554\" srcset=\"https:\/\/collies-vom-floersbachtal.de\/cms\/wp-content\/uploads\/2026\/03\/Shuri4-Feb.26-577x1024.jpg 577w, https:\/\/collies-vom-floersbachtal.de\/cms\/wp-content\/uploads\/2026\/03\/Shuri4-Feb.26-169x300.jpg 169w, https:\/\/collies-vom-floersbachtal.de\/cms\/wp-content\/uploads\/2026\/03\/Shuri4-Feb.26-768x1364.jpg 768w, https:\/\/collies-vom-floersbachtal.de\/cms\/wp-content\/uploads\/2026\/03\/Shuri4-Feb.26-865x1536.jpg 865w, https:\/\/collies-vom-floersbachtal.de\/cms\/wp-content\/uploads\/2026\/03\/Shuri4-Feb.26.jpg 1000w\" sizes=\"auto, (max-width: 577px) 100vw, 577px\" \/><\/a><\/figure>\n\n\n\n<figure class=\"wp-block-image size-large\"><a href=\"https:\/\/collies-vom-floersbachtal.de\/cms\/wp-content\/uploads\/2026\/03\/Shuri2-12-W.jpg\"><img loading=\"lazy\" decoding=\"async\" width=\"800\" height=\"659\" data-id=\"54551\" src=\"https:\/\/collies-vom-floersbachtal.de\/cms\/wp-content\/uploads\/2026\/03\/Shuri2-12-W.jpg\" alt=\"\" class=\"wp-image-54551\" srcset=\"https:\/\/collies-vom-floersbachtal.de\/cms\/wp-content\/uploads\/2026\/03\/Shuri2-12-W.jpg 800w, https:\/\/collies-vom-floersbachtal.de\/cms\/wp-content\/uploads\/2026\/03\/Shuri2-12-W-300x247.jpg 300w, https:\/\/collies-vom-floersbachtal.de\/cms\/wp-content\/uploads\/2026\/03\/Shuri2-12-W-768x633.jpg 768w\" sizes=\"auto, (max-width: 800px) 100vw, 800px\" \/><\/a><\/figure>\n\n\n\n<figure class=\"wp-block-image size-large\"><a href=\"https:\/\/collies-vom-floersbachtal.de\/cms\/wp-content\/uploads\/2026\/03\/Shuri2-Feb.26.jpg\"><img loading=\"lazy\" decoding=\"async\" width=\"1000\" height=\"563\" data-id=\"54552\" src=\"https:\/\/collies-vom-floersbachtal.de\/cms\/wp-content\/uploads\/2026\/03\/Shuri2-Feb.26.jpg\" alt=\"\" class=\"wp-image-54552\" srcset=\"https:\/\/collies-vom-floersbachtal.de\/cms\/wp-content\/uploads\/2026\/03\/Shuri2-Feb.26.jpg 1000w, https:\/\/collies-vom-floersbachtal.de\/cms\/wp-content\/uploads\/2026\/03\/Shuri2-Feb.26-300x169.jpg 300w, https:\/\/collies-vom-floersbachtal.de\/cms\/wp-content\/uploads\/2026\/03\/Shuri2-Feb.26-768x432.jpg 768w\" sizes=\"auto, (max-width: 1000px) 100vw, 1000px\" \/><\/a><\/figure>\n\n\n\n<figure class=\"wp-block-image size-large\"><a href=\"https:\/\/collies-vom-floersbachtal.de\/cms\/wp-content\/uploads\/2026\/03\/Shuri1-Feb.26.jpg\"><img loading=\"lazy\" decoding=\"async\" width=\"800\" height=\"451\" data-id=\"54550\" src=\"https:\/\/collies-vom-floersbachtal.de\/cms\/wp-content\/uploads\/2026\/03\/Shuri1-Feb.26.jpg\" alt=\"\" class=\"wp-image-54550\" srcset=\"https:\/\/collies-vom-floersbachtal.de\/cms\/wp-content\/uploads\/2026\/03\/Shuri1-Feb.26.jpg 800w, https:\/\/collies-vom-floersbachtal.de\/cms\/wp-content\/uploads\/2026\/03\/Shuri1-Feb.26-300x169.jpg 300w, https:\/\/collies-vom-floersbachtal.de\/cms\/wp-content\/uploads\/2026\/03\/Shuri1-Feb.26-768x433.jpg 768w\" sizes=\"auto, (max-width: 800px) 100vw, 800px\" \/><\/a><\/figure>\n\n\n\n<figure class=\"wp-block-image size-large\"><a href=\"https:\/\/collies-vom-floersbachtal.de\/cms\/wp-content\/uploads\/2026\/03\/Shuri1-zum-Decken-fuer-Mina1.jpg\"><img loading=\"lazy\" decoding=\"async\" width=\"891\" height=\"1024\" data-id=\"54553\" src=\"https:\/\/collies-vom-floersbachtal.de\/cms\/wp-content\/uploads\/2026\/03\/Shuri1-zum-Decken-fuer-Mina1-891x1024.jpg\" alt=\"\" class=\"wp-image-54553\" srcset=\"https:\/\/collies-vom-floersbachtal.de\/cms\/wp-content\/uploads\/2026\/03\/Shuri1-zum-Decken-fuer-Mina1-891x1024.jpg 891w, https:\/\/collies-vom-floersbachtal.de\/cms\/wp-content\/uploads\/2026\/03\/Shuri1-zum-Decken-fuer-Mina1-261x300.jpg 261w, https:\/\/collies-vom-floersbachtal.de\/cms\/wp-content\/uploads\/2026\/03\/Shuri1-zum-Decken-fuer-Mina1-768x882.jpg 768w, https:\/\/collies-vom-floersbachtal.de\/cms\/wp-content\/uploads\/2026\/03\/Shuri1-zum-Decken-fuer-Mina1.jpg 1000w\" sizes=\"auto, (max-width: 891px) 100vw, 891px\" \/><\/a><\/figure>\n<\/figure>\n\n\n\n<figure class=\"wp-block-image size-large is-style-rounded\"><a href=\"https:\/\/collies-vom-floersbachtal.de\/cms\/wp-content\/uploads\/2026\/01\/Shuri2-20-W-scaled.jpg\"><img loading=\"lazy\" decoding=\"async\" width=\"864\" height=\"1024\" src=\"https:\/\/collies-vom-floersbachtal.de\/cms\/wp-content\/uploads\/2026\/01\/Shuri2-20-W-864x1024.jpg\" alt=\"\" class=\"wp-image-54124\" srcset=\"https:\/\/collies-vom-floersbachtal.de\/cms\/wp-content\/uploads\/2026\/01\/Shuri2-20-W-864x1024.jpg 864w, https:\/\/collies-vom-floersbachtal.de\/cms\/wp-content\/uploads\/2026\/01\/Shuri2-20-W-253x300.jpg 253w, https:\/\/collies-vom-floersbachtal.de\/cms\/wp-content\/uploads\/2026\/01\/Shuri2-20-W-768x911.jpg 768w, https:\/\/collies-vom-floersbachtal.de\/cms\/wp-content\/uploads\/2026\/01\/Shuri2-20-W-1295x1536.jpg 1295w, https:\/\/collies-vom-floersbachtal.de\/cms\/wp-content\/uploads\/2026\/01\/Shuri2-20-W-1727x2048.jpg 1727w\" sizes=\"auto, (max-width: 864px) 100vw, 864px\" \/><\/a><figcaption class=\"wp-element-caption\"><strong>Shuri mit 20 Wochen <\/strong><\/figcaption><\/figure>\n\n\n\n<figure class=\"wp-block-image size-large\"><a href=\"https:\/\/collies-vom-floersbachtal.de\/cms\/wp-content\/uploads\/2026\/01\/Shuri4-20-W-1.jpg\"><img loading=\"lazy\" decoding=\"async\" width=\"788\" height=\"1024\" src=\"https:\/\/collies-vom-floersbachtal.de\/cms\/wp-content\/uploads\/2026\/01\/Shuri4-20-W-1-788x1024.jpg\" alt=\"\" class=\"wp-image-54126\" srcset=\"https:\/\/collies-vom-floersbachtal.de\/cms\/wp-content\/uploads\/2026\/01\/Shuri4-20-W-1-788x1024.jpg 788w, https:\/\/collies-vom-floersbachtal.de\/cms\/wp-content\/uploads\/2026\/01\/Shuri4-20-W-1-231x300.jpg 231w, https:\/\/collies-vom-floersbachtal.de\/cms\/wp-content\/uploads\/2026\/01\/Shuri4-20-W-1-768x998.jpg 768w, https:\/\/collies-vom-floersbachtal.de\/cms\/wp-content\/uploads\/2026\/01\/Shuri4-20-W-1.jpg 1000w\" sizes=\"auto, (max-width: 788px) 100vw, 788px\" \/><\/a><\/figure>\n\n\n\n<p><strong>Shuri mit 14 Wochen <\/strong><\/p>\n\n\n\n<figure class=\"wp-block-image\"><a href=\"https:\/\/collies-vom-floersbachtal.de\/cms\/wp-content\/uploads\/2025\/11\/Shuri3-14-W.jpg\"><img loading=\"lazy\" decoding=\"async\" width=\"800\" height=\"583\" src=\"https:\/\/collies-vom-floersbachtal.de\/cms\/wp-content\/uploads\/2025\/11\/Shuri3-14-W.jpg\" alt=\"\" class=\"wp-image-53513\" srcset=\"https:\/\/collies-vom-floersbachtal.de\/cms\/wp-content\/uploads\/2025\/11\/Shuri3-14-W.jpg 800w, https:\/\/collies-vom-floersbachtal.de\/cms\/wp-content\/uploads\/2025\/11\/Shuri3-14-W-300x219.jpg 300w, https:\/\/collies-vom-floersbachtal.de\/cms\/wp-content\/uploads\/2025\/11\/Shuri3-14-W-768x560.jpg 768w\" sizes=\"auto, (max-width: 800px) 100vw, 800px\" \/><\/a><\/figure>\n\n\n\n<figure class=\"wp-block-image\"><a href=\"https:\/\/collies-vom-floersbachtal.de\/cms\/wp-content\/uploads\/2025\/11\/Shuri1-14-W.jpg\"><img loading=\"lazy\" decoding=\"async\" width=\"759\" height=\"952\" src=\"https:\/\/collies-vom-floersbachtal.de\/cms\/wp-content\/uploads\/2025\/11\/Shuri1-14-W.jpg\" alt=\"\" class=\"wp-image-53510\" srcset=\"https:\/\/collies-vom-floersbachtal.de\/cms\/wp-content\/uploads\/2025\/11\/Shuri1-14-W.jpg 759w, https:\/\/collies-vom-floersbachtal.de\/cms\/wp-content\/uploads\/2025\/11\/Shuri1-14-W-239x300.jpg 239w\" sizes=\"auto, (max-width: 759px) 100vw, 759px\" \/><\/a><\/figure>\n\n\n\n<figure class=\"wp-block-image\"><a href=\"https:\/\/collies-vom-floersbachtal.de\/cms\/wp-content\/uploads\/2025\/11\/Shuri4-14-W.jpg\"><img loading=\"lazy\" decoding=\"async\" width=\"800\" height=\"811\" src=\"https:\/\/collies-vom-floersbachtal.de\/cms\/wp-content\/uploads\/2025\/11\/Shuri4-14-W.jpg\" alt=\"\" class=\"wp-image-53511\" srcset=\"https:\/\/collies-vom-floersbachtal.de\/cms\/wp-content\/uploads\/2025\/11\/Shuri4-14-W.jpg 800w, https:\/\/collies-vom-floersbachtal.de\/cms\/wp-content\/uploads\/2025\/11\/Shuri4-14-W-296x300.jpg 296w, https:\/\/collies-vom-floersbachtal.de\/cms\/wp-content\/uploads\/2025\/11\/Shuri4-14-W-768x779.jpg 768w\" sizes=\"auto, (max-width: 800px) 100vw, 800px\" \/><\/a><\/figure>\n\n\n\n<figure class=\"wp-block-image\"><a href=\"https:\/\/collies-vom-floersbachtal.de\/cms\/wp-content\/uploads\/2025\/11\/Shuri1-12-W.jpg\"><img loading=\"lazy\" decoding=\"async\" width=\"800\" height=\"747\" src=\"https:\/\/collies-vom-floersbachtal.de\/cms\/wp-content\/uploads\/2025\/11\/Shuri1-12-W.jpg\" alt=\"\" class=\"wp-image-53514\" srcset=\"https:\/\/collies-vom-floersbachtal.de\/cms\/wp-content\/uploads\/2025\/11\/Shuri1-12-W.jpg 800w, https:\/\/collies-vom-floersbachtal.de\/cms\/wp-content\/uploads\/2025\/11\/Shuri1-12-W-300x280.jpg 300w, https:\/\/collies-vom-floersbachtal.de\/cms\/wp-content\/uploads\/2025\/11\/Shuri1-12-W-768x717.jpg 768w\" sizes=\"auto, (max-width: 800px) 100vw, 800px\" \/><\/a><\/figure>\n\n\n\n<h2 class=\"wp-block-heading\"><strong>Fawnequin\/White (m\/MH), 9,8 kg, 43 cm<br>MDR1&nbsp; +\/+&nbsp;&nbsp; non carrier,&nbsp;&nbsp;&nbsp;&nbsp;&nbsp;&nbsp;&nbsp;&nbsp;&nbsp;          (Eltern)<br>CEA&nbsp;&nbsp;&nbsp;&nbsp; N\/N,&nbsp; non carrier&nbsp;&nbsp;&nbsp;&nbsp;&nbsp;&nbsp;&nbsp;&nbsp;&nbsp;&nbsp;          (Eltern)<br>DM&nbsp;&nbsp;&nbsp;&nbsp;&nbsp; folgt<br>GCS&nbsp;&nbsp;&nbsp;&nbsp; N\/N non carrier,&nbsp; &nbsp;&nbsp;&nbsp;&nbsp;&nbsp;&nbsp;&nbsp;&nbsp;&nbsp;       &nbsp;   (Eltern)<br>PRA&nbsp;&nbsp;&nbsp;&nbsp; N\/N non carrier,&nbsp; &nbsp; &nbsp; &nbsp; &nbsp; &nbsp;           (Eltern)<\/strong><\/h2>\n\n\n\n<h2 class=\"wp-block-heading\"><strong>IPD&nbsp; &nbsp; &nbsp;N\/N non carrier,                        (Eltern) &nbsp; &nbsp;<br>CEA\/PRA\/Kat. Frei mit 8 Wochen  (DOK )<\/strong><\/h2>\n\n\n\n<h2 class=\"wp-block-heading\"><strong>DMS: folgt<\/strong><\/h2>\n\n\n\n<h2 class=\"wp-block-heading\"><strong>M-Lokus folgt<\/strong><\/h2>\n\n\n\n<h2 class=\"wp-block-heading\"><strong>DNA Profil folgt<\/strong><\/h2>\n\n\n\n<h2 class=\"wp-block-heading\"><strong>HD \/ ED folgt<\/strong><\/h2>\n\n\n\n<h2 class=\"wp-block-heading\"><strong>Unsere kleine Ausrei\u00dferin Shuri, wird, wenn alles nach Plan l\u00e4uft , hoffentlich unsere Zucht erg\u00e4nzen. Noch nie hatte ich diese Farbe und es war ein lang gehegter Wunsch. Wer wei\u00df wer da unterst\u00fctzend geholfen hat \ud83d\ude09<\/strong><\/h2>\n","protected":false},"excerpt":{"rendered":"<p>(japanisch f\u00fcr&#8220;abgrenzen oder unterscheiden&#8220;in popul\u00e4ren Medien steht Shuri f\u00fcr : Intelligenz, Innovation und F\u00fchrung )Historisch hat der Name Shuri Wurzeln in verschiedenen Aspekten der japanischen Kultur. Neue Fotos von der kleinen Kr\u00f6te mit 6 Monaten \ud83d\ude00 Shuri zum 1. mal &hellip; <a href=\"https:\/\/collies-vom-floersbachtal.de\/?page_id=53077\">Weiterlesen <span class=\"meta-nav\">&rarr;<\/span><\/a><\/p>\n","protected":false},"author":1,"featured_media":0,"parent":0,"menu_order":0,"comment_status":"closed","ping_status":"closed","template":"","meta":{"footnotes":""},"class_list":["post-53077","page","type-page","status-publish","hentry"],"_links":{"self":[{"href":"https:\/\/collies-vom-floersbachtal.de\/index.php?rest_route=\/wp\/v2\/pages\/53077","targetHints":{"allow":["GET"]}}],"collection":[{"href":"https:\/\/collies-vom-floersbachtal.de\/index.php?rest_route=\/wp\/v2\/pages"}],"about":[{"href":"https:\/\/collies-vom-floersbachtal.de\/index.php?rest_route=\/wp\/v2\/types\/page"}],"author":[{"embeddable":true,"href":"https:\/\/collies-vom-floersbachtal.de\/index.php?rest_route=\/wp\/v2\/users\/1"}],"replies":[{"embeddable":true,"href":"https:\/\/collies-vom-floersbachtal.de\/index.php?rest_route=%2Fwp%2Fv2%2Fcomments&post=53077"}],"version-history":[{"count":11,"href":"https:\/\/collies-vom-floersbachtal.de\/index.php?rest_route=\/wp\/v2\/pages\/53077\/revisions"}],"predecessor-version":[{"id":54558,"href":"https:\/\/collies-vom-floersbachtal.de\/index.php?rest_route=\/wp\/v2\/pages\/53077\/revisions\/54558"}],"wp:attachment":[{"href":"https:\/\/collies-vom-floersbachtal.de\/index.php?rest_route=%2Fwp%2Fv2%2Fmedia&parent=53077"}],"curies":[{"name":"wp","href":"https:\/\/api.w.org\/{rel}","templated":true}]}}