{"id":5,"date":"2011-11-09T11:33:15","date_gmt":"2011-11-09T11:33:15","guid":{"rendered":"http:\/\/cvf.itprojekte.pro\/?page_id=5"},"modified":"2021-03-26T10:42:42","modified_gmt":"2021-03-26T10:42:42","slug":"uber-uns","status":"publish","type":"page","link":"https:\/\/collies-vom-floersbachtal.de\/?page_id=5","title":{"rendered":"\u00dcber mich"},"content":{"rendered":"\n<p><strong>Warum es ein Collie sein mu\u00df ?<\/strong> &#8230;ein Collie ist auch nur ein Hund mit Eigenschaften und Bed\u00fcrfnissen, die Hunde halt so haben&#8230; Was also macht den Collie zu etwas Besonderen?<br>&#8230;es ist sein Wesen, seine Anmut, seine Vielseitigkeit, seine absolute Treue,seine Leichtf\u00fchrigkeit, nach konsequenter Erziehung&#8230;<br>Der Collie wurde urspr\u00fcnglich im Norden der Britischen Insel als H\u00fctehund gez\u00fcchtet, als solcher musste er auf weite Entfernung selbst\u00e4ndig arbeiten, aber auch kooperativ sein, um sich von den Befehlen des Sch\u00e4fers leiten zu lassen \u2013 dazu bedarf es eines intelligenten Hundes &#8211; kontrollierte H\u00fctearbeit kann nur mit arbeitswilligen, leicht auszubildenden und lernwilligen Tieren umgesetzt werden, im Englischen \u201ewill to please\u201c genannt, nicht ganz korrekt als \u201eleicht f\u00fchrig\u201c \u00fcbersetzt.<br>Die H\u00fcteeigenschaft ist in einer jahrhundertenlangen Selektion aus dem Jagdtrieb (einkreisen, treiben und stellen der \u201eBeute\u201c) entstanden, wobei den Hunden die \u201eEndhandlung\u201c der Jagd, also das Rei\u00dfen der \u201eBeute\u201c und unkontrollierte in sich selbst steigernde Aggressivit\u00e4t (\u201eJagdfieber\u201c) weggez\u00fcchtet wurden. Der Hang zur Unterordnung, die Menschenfreundlichkeit und die \u201eTreue\u201c des Collies sind eine Folge dieser Zuchtauslese.<br>In Gro\u00dfbritannien waren auch schon in den vergangenen Jahrhunderten W\u00f6lfe und B\u00e4ren (in den d\u00fcnn besiedelten Regionen des Nordens m\u00f6glicherweise auch die Viehdiebe) eher rar, deshalb brauchten die Britischen H\u00fctehunde auch nicht die imposante Gr\u00f6\u00dfe, das furchteinfl\u00f6ssende Gebiss und die Aggressivit\u00e4t ihrer kontinentalen Kollegen, welche neben dem H\u00fcten auch Herdenschutzdienst zu leisten hatten. Durch das in England um diese Zeit entstehende Zuchtschauwesen und auch der Vorliebe von Queen Victoria zu der seit 1881 anerkannten Rasse wurde der Collie Mitte des 19. Jahrhunderts vom \u201eSchafsdienst abberufen\u201c und zum Begleithund \u201eumgewidmet\u201c. Dadurch wurde nicht nur das noble und pr\u00e4chtige Aussehen des Collies gefestigt, sondern auch seine Gelassenheit, die ihn im Gegensatz zu seinem \u201eVetter\u201c,<br>dem arbeitsw\u00fctigen Border Collie,<br>so angenehm im t\u00e4glichen Zusammenleben macht.<\/p>\n\n\n\n<p>Wir sind dem Colliefieber verfallen (allerdings dem amerikanischen \/ altdeutschen Typ, dem Lassytyp, gro\u00df, stattlich und imposant mit angenehmer Fellmenge ) und deshalb ist der Collie das Non- plus- Ultra f\u00fcr uns!!<\/p>\n\n\n<p><strong>Da mein Schatz mich im August 2018 f\u00fcr immer verlassen hatte, mu\u00df ich nun doch mal die Seite aktualisieren.<\/strong><\/p>\n<p>Hei\u00dft inzwischen gibt es nur noch meine 3 Collies und mich, sowie meine gro\u00dfe Unterst\u00fctzerin Verena, die die Liebe zu den Collies teilt. Ich kann mich 100% tig auf sie verlassen, da sie in meiner Abwesenheit alles in meinem Sinne weiterf\u00fchrt. So ist ihre gro\u00dfe Liebe zu Lia auch verst\u00e4ndlich, schlie\u00dflich mu\u00dfte sie ihren Wurf im letzten Jahr (die Welpen waren gerade einmal 1 Woche alt) alleine \u00fcbernehmen, da ich f\u00fcr l\u00e4ngere Zeit ausgefallen war. Sie machte das so super, f\u00fchrte meine Welpentagebuch weiter, so dass es Au\u00dfenstehenden gar nicht aufgefallen war und versorgte nat\u00fcrlich Mutter und Kr\u00fcmel.<a href=\"http:\/\/collies-vom-floersbachtal.de\/?attachment_id=29928\" rel=\"attachment wp-att-29928\"><img loading=\"lazy\" decoding=\"async\" class=\"aligncenter size-full wp-image-29928\" src=\"http:\/\/collies-vom-floersbachtal.de\/cms\/wp-content\/uploads\/2020\/10\/Ich-mit-Ginger-und-Tara3-Okt20.jpg\" alt=\"\" width=\"1000\" height=\"879\" srcset=\"https:\/\/collies-vom-floersbachtal.de\/cms\/wp-content\/uploads\/2020\/10\/Ich-mit-Ginger-und-Tara3-Okt20.jpg 1000w, https:\/\/collies-vom-floersbachtal.de\/cms\/wp-content\/uploads\/2020\/10\/Ich-mit-Ginger-und-Tara3-Okt20-300x264.jpg 300w, https:\/\/collies-vom-floersbachtal.de\/cms\/wp-content\/uploads\/2020\/10\/Ich-mit-Ginger-und-Tara3-Okt20-768x675.jpg 768w\" sizes=\"auto, (max-width: 1000px) 100vw, 1000px\" \/><\/a><a href=\"http:\/\/collies-vom-floersbachtal.de\/cms\/wp-content\/uploads\/2011\/11\/Welpentreffen-der-I-chens30-Mai-20191.jpg\"><img loading=\"lazy\" decoding=\"async\" class=\"aligncenter size-full wp-image-28053\" title=\"Welpentreffen der I-chens30 Mai 2019\" src=\"http:\/\/collies-vom-floersbachtal.de\/cms\/wp-content\/uploads\/2011\/11\/Welpentreffen-der-I-chens30-Mai-20191.jpg\" alt=\"\" width=\"1080\" height=\"1576\" srcset=\"https:\/\/collies-vom-floersbachtal.de\/cms\/wp-content\/uploads\/2011\/11\/Welpentreffen-der-I-chens30-Mai-20191.jpg 1080w, https:\/\/collies-vom-floersbachtal.de\/cms\/wp-content\/uploads\/2011\/11\/Welpentreffen-der-I-chens30-Mai-20191-205x300.jpg 205w, https:\/\/collies-vom-floersbachtal.de\/cms\/wp-content\/uploads\/2011\/11\/Welpentreffen-der-I-chens30-Mai-20191-701x1024.jpg 701w\" sizes=\"auto, (max-width: 1080px) 100vw, 1080px\" \/><\/a><\/p>\n<p><a href=\"http:\/\/collies-vom-floersbachtal.de\/cms\/wp-content\/uploads\/2012\/07\/meine-4-M\u00e4dchen1.jpg\"><img loading=\"lazy\" decoding=\"async\" class=\"alignleft size-full wp-image-1921\" title=\"meine 4 M\u00e4dchen1\" src=\"http:\/\/collies-vom-floersbachtal.de\/cms\/wp-content\/uploads\/2012\/07\/meine-4-M\u00e4dchen1.jpg\" alt=\"\" width=\"1000\" height=\"667\" srcset=\"https:\/\/collies-vom-floersbachtal.de\/cms\/wp-content\/uploads\/2012\/07\/meine-4-M\u00e4dchen1.jpg 1000w, https:\/\/collies-vom-floersbachtal.de\/cms\/wp-content\/uploads\/2012\/07\/meine-4-M\u00e4dchen1-300x200.jpg 300w\" sizes=\"auto, (max-width: 1000px) 100vw, 1000px\" \/><\/a><br \/><a href=\"http:\/\/collies-vom-floersbachtal.de\/cms\/wp-content\/uploads\/2012\/07\/meine-3-M\u00e4dels-auf-einem-Sessel1.jpg\"><img loading=\"lazy\" decoding=\"async\" class=\"alignleft size-full wp-image-1922\" title=\"meine 3 M\u00e4dels auf einem Sessel1\" src=\"http:\/\/collies-vom-floersbachtal.de\/cms\/wp-content\/uploads\/2012\/07\/meine-3-M\u00e4dels-auf-einem-Sessel1.jpg\" alt=\"\" width=\"1000\" height=\"800\" srcset=\"https:\/\/collies-vom-floersbachtal.de\/cms\/wp-content\/uploads\/2012\/07\/meine-3-M\u00e4dels-auf-einem-Sessel1.jpg 1000w, https:\/\/collies-vom-floersbachtal.de\/cms\/wp-content\/uploads\/2012\/07\/meine-3-M\u00e4dels-auf-einem-Sessel1-300x240.jpg 300w\" sizes=\"auto, (max-width: 1000px) 100vw, 1000px\" \/><\/a><\/p>\n<p><strong>Hier mogelt sich der Benny dazwischen, aber ganz liiieb!<br \/><\/strong><br \/><a href=\"http:\/\/collies-vom-floersbachtal.de\/cms\/wp-content\/uploads\/2012\/07\/Benny-Joelle1.jpg\"><img loading=\"lazy\" decoding=\"async\" class=\"alignleft size-full wp-image-1923\" title=\"Benny &amp; Joelle1\" src=\"http:\/\/collies-vom-floersbachtal.de\/cms\/wp-content\/uploads\/2012\/07\/Benny-Joelle1.jpg\" alt=\"\" width=\"1000\" height=\"859\" srcset=\"https:\/\/collies-vom-floersbachtal.de\/cms\/wp-content\/uploads\/2012\/07\/Benny-Joelle1.jpg 1000w, https:\/\/collies-vom-floersbachtal.de\/cms\/wp-content\/uploads\/2012\/07\/Benny-Joelle1-300x257.jpg 300w\" sizes=\"auto, (max-width: 1000px) 100vw, 1000px\" \/><\/a><br \/><a href=\"http:\/\/collies-vom-floersbachtal.de\/cms\/wp-content\/uploads\/2012\/07\/Benny-Joelle2.jpg\"><img loading=\"lazy\" decoding=\"async\" class=\"alignleft size-full wp-image-1924\" title=\"Benny &amp; Joelle2\" src=\"http:\/\/collies-vom-floersbachtal.de\/cms\/wp-content\/uploads\/2012\/07\/Benny-Joelle2.jpg\" alt=\"\" width=\"1000\" height=\"800\" srcset=\"https:\/\/collies-vom-floersbachtal.de\/cms\/wp-content\/uploads\/2012\/07\/Benny-Joelle2.jpg 1000w, https:\/\/collies-vom-floersbachtal.de\/cms\/wp-content\/uploads\/2012\/07\/Benny-Joelle2-300x240.jpg 300w\" sizes=\"auto, (max-width: 1000px) 100vw, 1000px\" \/><\/a><\/p>\n<p>\u00a0<\/p>\n<p>\u00a0<\/p>\n<p>Seid 1999 haben wir immer wieder Hunde aus verschiedenen Tierheimen bei uns. Aber der Wunsch nach einem Collie kam intensiv 2007 in uns auf, als wir unseren Lebenstraum in die Tat umgesetzt hatten und uns ein sch\u00f6nes Grundst\u00fcck im Spessart zugelegt hatten. Ein Paradies f\u00fcr alle 4 und 2 Beiner, die es lieben so zu leben.<\/p>\n<p><a href=\"http:\/\/collies-vom-floersbachtal.de\/cms\/wp-content\/uploads\/2011\/11\/Lucy-und-ihr-gro\u00dfer-Besch\u00fctzer-Nicky.jpg\"><img loading=\"lazy\" decoding=\"async\" class=\"alignleft size-full wp-image-3176\" title=\"Lucy und ihr gro\u00dfer Besch\u00fctzer Nicky\" src=\"http:\/\/collies-vom-floersbachtal.de\/cms\/wp-content\/uploads\/2011\/11\/Lucy-und-ihr-gro\u00dfer-Besch\u00fctzer-Nicky.jpg\" alt=\"\" width=\"1000\" height=\"664\" srcset=\"https:\/\/collies-vom-floersbachtal.de\/cms\/wp-content\/uploads\/2011\/11\/Lucy-und-ihr-gro\u00dfer-Besch\u00fctzer-Nicky.jpg 1000w, https:\/\/collies-vom-floersbachtal.de\/cms\/wp-content\/uploads\/2011\/11\/Lucy-und-ihr-gro\u00dfer-Besch\u00fctzer-Nicky-300x199.jpg 300w\" sizes=\"auto, (max-width: 1000px) 100vw, 1000px\" \/><\/a><\/p>\n<p>Unsere erste Collieh\u00fcndin zog 2007 bei uns ein. Sie war so eine s\u00fc\u00dfe Schmusebacke und liebte es mit unseren anderen Hunden \u00fcber den Hof und die Koppeln zu toben, nur leider verstarb sie viel zu fr\u00fch an Krebs, mit nur 18 Monaten.<\/p>\n<p>F\u00fcr uns brach eine Welt zusammen. Eine Woche sp\u00e4ter beschlossen wir, es mu\u00df sofort wieder eine kleine Maus her und so zog 2009 SALLY ( Timmy\u00b4s Best Friend Derryl) bei uns ein.<\/p>\n<p><a href=\"http:\/\/collies-vom-floersbachtal.de\/cms\/wp-content\/uploads\/2011\/11\/Sally-mit-9-Wochen1.jpg\"><img loading=\"lazy\" decoding=\"async\" class=\"alignleft size-full wp-image-3177\" title=\"Sally mit 9 Wochen\" src=\"http:\/\/collies-vom-floersbachtal.de\/cms\/wp-content\/uploads\/2011\/11\/Sally-mit-9-Wochen1.jpg\" alt=\"\" width=\"1000\" height=\"664\" srcset=\"https:\/\/collies-vom-floersbachtal.de\/cms\/wp-content\/uploads\/2011\/11\/Sally-mit-9-Wochen1.jpg 1000w, https:\/\/collies-vom-floersbachtal.de\/cms\/wp-content\/uploads\/2011\/11\/Sally-mit-9-Wochen1-300x199.jpg 300w\" sizes=\"auto, (max-width: 1000px) 100vw, 1000px\" \/><\/a><\/p>\n<p>2010 zogen dann noch ein Sheltie namens FEIVEL und ein Colliem\u00e4dchen namens GINGER (Alice from the Green Valley) bei uns ein.<\/p>\n<p><a href=\"http:\/\/collies-vom-floersbachtal.de\/cms\/wp-content\/uploads\/2011\/11\/Feivel-Sally1.jpg\"><img loading=\"lazy\" decoding=\"async\" class=\"alignleft size-full wp-image-3178\" title=\"Feivel &amp; Sally\" src=\"http:\/\/collies-vom-floersbachtal.de\/cms\/wp-content\/uploads\/2011\/11\/Feivel-Sally1.jpg\" alt=\"\" width=\"1000\" height=\"666\" srcset=\"https:\/\/collies-vom-floersbachtal.de\/cms\/wp-content\/uploads\/2011\/11\/Feivel-Sally1.jpg 1000w, https:\/\/collies-vom-floersbachtal.de\/cms\/wp-content\/uploads\/2011\/11\/Feivel-Sally1-300x199.jpg 300w\" sizes=\"auto, (max-width: 1000px) 100vw, 1000px\" \/><\/a><br \/><a href=\"http:\/\/collies-vom-floersbachtal.de\/cms\/wp-content\/uploads\/2011\/11\/Gingen-lebt-sich-ein1.jpg\"><img loading=\"lazy\" decoding=\"async\" class=\"alignleft size-full wp-image-3179\" title=\"Gingen lebt sich ein\" src=\"http:\/\/collies-vom-floersbachtal.de\/cms\/wp-content\/uploads\/2011\/11\/Gingen-lebt-sich-ein1.jpg\" alt=\"\" width=\"1000\" height=\"666\" srcset=\"https:\/\/collies-vom-floersbachtal.de\/cms\/wp-content\/uploads\/2011\/11\/Gingen-lebt-sich-ein1.jpg 1000w, https:\/\/collies-vom-floersbachtal.de\/cms\/wp-content\/uploads\/2011\/11\/Gingen-lebt-sich-ein1-300x199.jpg 300w\" sizes=\"auto, (max-width: 1000px) 100vw, 1000px\" \/><\/a><br \/><a href=\"http:\/\/collies-vom-floersbachtal.de\/cms\/wp-content\/uploads\/2011\/11\/Ginger-9-Wochen-nach-ihrem-Wurf1.jpg\"><img loading=\"lazy\" decoding=\"async\" class=\"alignleft size-full wp-image-3187\" title=\"Ginger 9 Wochen nach ihrem Wurf1\" src=\"http:\/\/collies-vom-floersbachtal.de\/cms\/wp-content\/uploads\/2011\/11\/Ginger-9-Wochen-nach-ihrem-Wurf1.jpg\" alt=\"\" width=\"1000\" height=\"667\" srcset=\"https:\/\/collies-vom-floersbachtal.de\/cms\/wp-content\/uploads\/2011\/11\/Ginger-9-Wochen-nach-ihrem-Wurf1.jpg 1000w, https:\/\/collies-vom-floersbachtal.de\/cms\/wp-content\/uploads\/2011\/11\/Ginger-9-Wochen-nach-ihrem-Wurf1-300x200.jpg 300w\" sizes=\"auto, (max-width: 1000px) 100vw, 1000px\" \/><\/a><\/p>\n<p>2011 bin ich dann beim DDHC &#8211; UCI eingetreten und lie\u00df Sally Zuchttauglich schreiben.<\/p>\n<p>Im Oktober 2011 wurde dann mein Zwingername &#8220; Collies vom Fl\u00f6rsbachtal&#8220; gesch\u00fctzt.<br \/>Da unsere Hunde alle bei uns im Haus leben, ( wir m\u00f6gen keine Zwingerhaltung ) werden wir nur ab und an einen Wurf Welpen haben.<br \/>2012 wurde dann unsere Ginger zuchttauglich geschrieben. Zur gleichen Zeit verstarb im April unsere Lizzy mit \u00fcber 13 Jahren und Feivel zog im August aus in ein tolles neues Zuhause.<br \/><a href=\"http:\/\/collies-vom-floersbachtal.de\/cms\/wp-content\/uploads\/2011\/11\/Lizzy-und-Feivel-mit-Herrchen1.jpg\"><img loading=\"lazy\" decoding=\"async\" class=\"alignleft size-full wp-image-3188\" title=\"Lizzy und Feivel mit Herrchen\" src=\"http:\/\/collies-vom-floersbachtal.de\/cms\/wp-content\/uploads\/2011\/11\/Lizzy-und-Feivel-mit-Herrchen1.jpg\" alt=\"\" width=\"1000\" height=\"664\" srcset=\"https:\/\/collies-vom-floersbachtal.de\/cms\/wp-content\/uploads\/2011\/11\/Lizzy-und-Feivel-mit-Herrchen1.jpg 1000w, https:\/\/collies-vom-floersbachtal.de\/cms\/wp-content\/uploads\/2011\/11\/Lizzy-und-Feivel-mit-Herrchen1-300x199.jpg 300w\" sizes=\"auto, (max-width: 1000px) 100vw, 1000px\" \/><\/a><\/p>\n<p>Aus unserer Eigenzucht kamen dann noch;<\/p>\n<p>von unserem A-Wurf 2011 unseren Balu, sowie von unserem B-Wurf 2012 Jeanny und Baxter dazu .<\/p>\n<p><a href=\"http:\/\/collies-vom-floersbachtal.de\/cms\/wp-content\/uploads\/2011\/11\/Balu-unser-Teddyb\u00e4r-mit-75-Wochen2.jpg\"><img loading=\"lazy\" decoding=\"async\" class=\"alignleft size-full wp-image-3181\" title=\"Balu unser Teddyb\u00e4r mit 7,5 Wochen\" src=\"http:\/\/collies-vom-floersbachtal.de\/cms\/wp-content\/uploads\/2011\/11\/Balu-unser-Teddyb\u00e4r-mit-75-Wochen2.jpg\" alt=\"\" width=\"1000\" height=\"746\" srcset=\"https:\/\/collies-vom-floersbachtal.de\/cms\/wp-content\/uploads\/2011\/11\/Balu-unser-Teddyb\u00e4r-mit-75-Wochen2.jpg 1000w, https:\/\/collies-vom-floersbachtal.de\/cms\/wp-content\/uploads\/2011\/11\/Balu-unser-Teddyb\u00e4r-mit-75-Wochen2-300x223.jpg 300w\" sizes=\"auto, (max-width: 1000px) 100vw, 1000px\" \/><\/a><br \/><a href=\"http:\/\/collies-vom-floersbachtal.de\/cms\/wp-content\/uploads\/2011\/11\/Balu-hier-steht-der-G.-warum-wir-Baxter-nicht-behalten-k.1.jpg\"><img loading=\"lazy\" decoding=\"async\" class=\"alignleft size-full wp-image-3184\" title=\"Balu, hier steht der G. warum wir Baxter nicht behalten k.1\" src=\"http:\/\/collies-vom-floersbachtal.de\/cms\/wp-content\/uploads\/2011\/11\/Balu-hier-steht-der-G.-warum-wir-Baxter-nicht-behalten-k.1.jpg\" alt=\"\" width=\"1000\" height=\"1084\" srcset=\"https:\/\/collies-vom-floersbachtal.de\/cms\/wp-content\/uploads\/2011\/11\/Balu-hier-steht-der-G.-warum-wir-Baxter-nicht-behalten-k.1.jpg 1000w, https:\/\/collies-vom-floersbachtal.de\/cms\/wp-content\/uploads\/2011\/11\/Balu-hier-steht-der-G.-warum-wir-Baxter-nicht-behalten-k.1-276x300.jpg 276w, https:\/\/collies-vom-floersbachtal.de\/cms\/wp-content\/uploads\/2011\/11\/Balu-hier-steht-der-G.-warum-wir-Baxter-nicht-behalten-k.1-944x1024.jpg 944w\" sizes=\"auto, (max-width: 1000px) 100vw, 1000px\" \/><\/a><\/p>\n<p><a href=\"http:\/\/collies-vom-floersbachtal.de\/cms\/wp-content\/uploads\/2011\/11\/Wurf-b-7.W.-Blue-Jean1.jpg\"><img loading=\"lazy\" decoding=\"async\" class=\"alignleft size-full wp-image-3182\" title=\"Wurf b 7.W. Blue Jean1\" src=\"http:\/\/collies-vom-floersbachtal.de\/cms\/wp-content\/uploads\/2011\/11\/Wurf-b-7.W.-Blue-Jean1.jpg\" alt=\"\" width=\"1000\" height=\"1105\" srcset=\"https:\/\/collies-vom-floersbachtal.de\/cms\/wp-content\/uploads\/2011\/11\/Wurf-b-7.W.-Blue-Jean1.jpg 1000w, https:\/\/collies-vom-floersbachtal.de\/cms\/wp-content\/uploads\/2011\/11\/Wurf-b-7.W.-Blue-Jean1-271x300.jpg 271w, https:\/\/collies-vom-floersbachtal.de\/cms\/wp-content\/uploads\/2011\/11\/Wurf-b-7.W.-Blue-Jean1-926x1024.jpg 926w\" sizes=\"auto, (max-width: 1000px) 100vw, 1000px\" \/><\/a><br \/><a href=\"http:\/\/collies-vom-floersbachtal.de\/cms\/wp-content\/uploads\/2011\/11\/Wurf-B-12.W.-Baxter21.jpg\"><img loading=\"lazy\" decoding=\"async\" class=\"alignleft size-full wp-image-3183\" title=\"Wurf B 12.W. Baxter2\" src=\"http:\/\/collies-vom-floersbachtal.de\/cms\/wp-content\/uploads\/2011\/11\/Wurf-B-12.W.-Baxter21.jpg\" alt=\"\" width=\"1000\" height=\"1500\" srcset=\"https:\/\/collies-vom-floersbachtal.de\/cms\/wp-content\/uploads\/2011\/11\/Wurf-B-12.W.-Baxter21.jpg 1000w, https:\/\/collies-vom-floersbachtal.de\/cms\/wp-content\/uploads\/2011\/11\/Wurf-B-12.W.-Baxter21-200x300.jpg 200w, https:\/\/collies-vom-floersbachtal.de\/cms\/wp-content\/uploads\/2011\/11\/Wurf-B-12.W.-Baxter21-682x1024.jpg 682w\" sizes=\"auto, (max-width: 1000px) 100vw, 1000px\" \/><\/a><\/p>\n<p>Wenn Sie sich ein Bild von uns und unseren Hunden machen m\u00f6chten, k\u00f6nnen Sie gerne mit uns in Kontakt treten und einen Besuchstermin vereinbaren.<br \/>Nun hoffe ich meinem Ziel, den amerikanischen-europ\u00e4ischen Collie zu z\u00fcchten, ein sch\u00f6nes St\u00fcck n\u00e4her gekommen zu sein.<\/p>","protected":false},"excerpt":{"rendered":"<p>Warum es ein Collie sein mu\u00df ? &#8230;ein Collie ist auch nur ein Hund mit Eigenschaften und Bed\u00fcrfnissen, die Hunde halt so haben&#8230; Was also macht den Collie zu etwas Besonderen?&#8230;es ist sein Wesen, seine Anmut, seine Vielseitigkeit, seine absolute &hellip; <a href=\"https:\/\/collies-vom-floersbachtal.de\/?page_id=5\">Weiterlesen <span class=\"meta-nav\">&rarr;<\/span><\/a><\/p>\n","protected":false},"author":1,"featured_media":0,"parent":0,"menu_order":0,"comment_status":"open","ping_status":"open","template":"","meta":{"footnotes":""},"class_list":["post-5","page","type-page","status-publish","hentry"],"_links":{"self":[{"href":"https:\/\/collies-vom-floersbachtal.de\/index.php?rest_route=\/wp\/v2\/pages\/5","targetHints":{"allow":["GET"]}}],"collection":[{"href":"https:\/\/collies-vom-floersbachtal.de\/index.php?rest_route=\/wp\/v2\/pages"}],"about":[{"href":"https:\/\/collies-vom-floersbachtal.de\/index.php?rest_route=\/wp\/v2\/types\/page"}],"author":[{"embeddable":true,"href":"https:\/\/collies-vom-floersbachtal.de\/index.php?rest_route=\/wp\/v2\/users\/1"}],"replies":[{"embeddable":true,"href":"https:\/\/collies-vom-floersbachtal.de\/index.php?rest_route=%2Fwp%2Fv2%2Fcomments&post=5"}],"version-history":[{"count":26,"href":"https:\/\/collies-vom-floersbachtal.de\/index.php?rest_route=\/wp\/v2\/pages\/5\/revisions"}],"predecessor-version":[{"id":31146,"href":"https:\/\/collies-vom-floersbachtal.de\/index.php?rest_route=\/wp\/v2\/pages\/5\/revisions\/31146"}],"wp:attachment":[{"href":"https:\/\/collies-vom-floersbachtal.de\/index.php?rest_route=%2Fwp%2Fv2%2Fmedia&parent=5"}],"curies":[{"name":"wp","href":"https:\/\/api.w.org\/{rel}","templated":true}]}}