{"id":47245,"date":"2024-06-25T08:29:27","date_gmt":"2024-06-25T08:29:27","guid":{"rendered":"https:\/\/collies-vom-floersbachtal.de\/?page_id=47245"},"modified":"2025-12-25T17:08:53","modified_gmt":"2025-12-25T17:08:53","slug":"auszug-der-welpen-des-o-wurfs","status":"publish","type":"page","link":"https:\/\/collies-vom-floersbachtal.de\/?page_id=47245","title":{"rendered":"Auszug der Welpen des O &#8211; Wurfs"},"content":{"rendered":"\n<p><strong>Hui, die Zeit ist verflogen und im nu waren die Kr\u00fcmel 8 Wochen und am ausziehen. \ud83d\ude41 \ud83d\ude09 \ud83d\ude1b<\/strong><\/p>\n\n\n\n<p><strong>Ich bin auf der einen Seite traurig das die M\u00e4use schon wieder ausgezogen sind, aber auf der anderen Seite sehr dankbar f\u00fcr die tollen neuen Besitzer, incl. Wiederholungst\u00e4tern in das mir entgegengebrachte Vertrauen zu mir und meine Zuchtst\u00e4tte. Daher ganz lieben Dank und ich w\u00fcnsche euch mit euren neuen Familienmitgliedern wunderbare, sch\u00f6n, vor allem gesunde und lange Jahre. Alles Liebe Susanne \ud83d\ude42<\/strong><\/p>\n\n\n\n<p><strong>Der letzte Auszug von unserem s\u00fc\u00dfen Silas war am 13.10.25  und er wurde von seinem Kumpel und seinen lieben Zweibeinern  abgeholt und auf gro\u00dfe Fahrt nach NRW entf\u00fchrt \ud83d\ude42 <\/strong><\/p>\n\n\n\n<figure class=\"wp-block-image size-full\"><a href=\"https:\/\/collies-vom-floersbachtal.de\/cms\/wp-content\/uploads\/2025\/10\/Silas3-Auszug.jpg\"><img loading=\"lazy\" decoding=\"async\" width=\"1000\" height=\"703\" src=\"https:\/\/collies-vom-floersbachtal.de\/cms\/wp-content\/uploads\/2025\/10\/Silas3-Auszug.jpg\" alt=\"\" class=\"wp-image-52914\" srcset=\"https:\/\/collies-vom-floersbachtal.de\/cms\/wp-content\/uploads\/2025\/10\/Silas3-Auszug.jpg 1000w, https:\/\/collies-vom-floersbachtal.de\/cms\/wp-content\/uploads\/2025\/10\/Silas3-Auszug-300x211.jpg 300w, https:\/\/collies-vom-floersbachtal.de\/cms\/wp-content\/uploads\/2025\/10\/Silas3-Auszug-768x540.jpg 768w\" sizes=\"auto, (max-width: 1000px) 100vw, 1000px\" \/><\/a><\/figure>\n\n\n\n<figure class=\"wp-block-gallery has-nested-images columns-default is-cropped wp-block-gallery-1 is-layout-flex wp-block-gallery-is-layout-flex\">\n<figure class=\"wp-block-image size-large is-style-rounded\"><a href=\"https:\/\/collies-vom-floersbachtal.de\/cms\/wp-content\/uploads\/2025\/10\/Silas-und-Kumpel-Emil1.jpg\"><img loading=\"lazy\" decoding=\"async\" width=\"800\" height=\"736\" data-id=\"52915\" src=\"https:\/\/collies-vom-floersbachtal.de\/cms\/wp-content\/uploads\/2025\/10\/Silas-und-Kumpel-Emil1.jpg\" alt=\"\" class=\"wp-image-52915\" srcset=\"https:\/\/collies-vom-floersbachtal.de\/cms\/wp-content\/uploads\/2025\/10\/Silas-und-Kumpel-Emil1.jpg 800w, https:\/\/collies-vom-floersbachtal.de\/cms\/wp-content\/uploads\/2025\/10\/Silas-und-Kumpel-Emil1-300x276.jpg 300w, https:\/\/collies-vom-floersbachtal.de\/cms\/wp-content\/uploads\/2025\/10\/Silas-und-Kumpel-Emil1-768x707.jpg 768w\" sizes=\"auto, (max-width: 800px) 100vw, 800px\" \/><\/a><\/figure>\n<\/figure>\n\n\n\n<figure class=\"wp-block-gallery has-nested-images columns-default is-cropped wp-block-gallery-2 is-layout-flex wp-block-gallery-is-layout-flex\">\n<figure class=\"wp-block-image size-large\"><a href=\"https:\/\/collies-vom-floersbachtal.de\/cms\/wp-content\/uploads\/2025\/10\/Silas2-8-W.jpg\"><img loading=\"lazy\" decoding=\"async\" width=\"800\" height=\"777\" data-id=\"52917\" src=\"https:\/\/collies-vom-floersbachtal.de\/cms\/wp-content\/uploads\/2025\/10\/Silas2-8-W.jpg\" alt=\"\" class=\"wp-image-52917\" srcset=\"https:\/\/collies-vom-floersbachtal.de\/cms\/wp-content\/uploads\/2025\/10\/Silas2-8-W.jpg 800w, https:\/\/collies-vom-floersbachtal.de\/cms\/wp-content\/uploads\/2025\/10\/Silas2-8-W-300x291.jpg 300w, https:\/\/collies-vom-floersbachtal.de\/cms\/wp-content\/uploads\/2025\/10\/Silas2-8-W-768x746.jpg 768w\" sizes=\"auto, (max-width: 800px) 100vw, 800px\" \/><\/a><\/figure>\n\n\n\n<figure class=\"wp-block-image size-large\"><a href=\"https:\/\/collies-vom-floersbachtal.de\/cms\/wp-content\/uploads\/2025\/10\/Silas2-Auszug.jpg\"><img loading=\"lazy\" decoding=\"async\" width=\"987\" height=\"1024\" data-id=\"52919\" src=\"https:\/\/collies-vom-floersbachtal.de\/cms\/wp-content\/uploads\/2025\/10\/Silas2-Auszug-987x1024.jpg\" alt=\"\" class=\"wp-image-52919\" srcset=\"https:\/\/collies-vom-floersbachtal.de\/cms\/wp-content\/uploads\/2025\/10\/Silas2-Auszug-987x1024.jpg 987w, https:\/\/collies-vom-floersbachtal.de\/cms\/wp-content\/uploads\/2025\/10\/Silas2-Auszug-289x300.jpg 289w, https:\/\/collies-vom-floersbachtal.de\/cms\/wp-content\/uploads\/2025\/10\/Silas2-Auszug-768x797.jpg 768w, https:\/\/collies-vom-floersbachtal.de\/cms\/wp-content\/uploads\/2025\/10\/Silas2-Auszug.jpg 1000w\" sizes=\"auto, (max-width: 987px) 100vw, 987px\" \/><\/a><\/figure>\n\n\n\n<figure class=\"wp-block-image size-large\"><a href=\"https:\/\/collies-vom-floersbachtal.de\/cms\/wp-content\/uploads\/2025\/10\/Silas1-Auszug.jpg\"><img loading=\"lazy\" decoding=\"async\" width=\"674\" height=\"1024\" data-id=\"52918\" src=\"https:\/\/collies-vom-floersbachtal.de\/cms\/wp-content\/uploads\/2025\/10\/Silas1-Auszug-674x1024.jpg\" alt=\"\" class=\"wp-image-52918\" srcset=\"https:\/\/collies-vom-floersbachtal.de\/cms\/wp-content\/uploads\/2025\/10\/Silas1-Auszug-674x1024.jpg 674w, https:\/\/collies-vom-floersbachtal.de\/cms\/wp-content\/uploads\/2025\/10\/Silas1-Auszug-197x300.jpg 197w, https:\/\/collies-vom-floersbachtal.de\/cms\/wp-content\/uploads\/2025\/10\/Silas1-Auszug-768x1167.jpg 768w, https:\/\/collies-vom-floersbachtal.de\/cms\/wp-content\/uploads\/2025\/10\/Silas1-Auszug.jpg 1000w\" sizes=\"auto, (max-width: 674px) 100vw, 674px\" \/><\/a><\/figure>\n\n\n\n<figure class=\"wp-block-image size-large is-style-rounded\"><a href=\"https:\/\/collies-vom-floersbachtal.de\/cms\/wp-content\/uploads\/2025\/10\/Silas1-8-W-1.jpg\"><img loading=\"lazy\" decoding=\"async\" width=\"800\" height=\"717\" data-id=\"52916\" src=\"https:\/\/collies-vom-floersbachtal.de\/cms\/wp-content\/uploads\/2025\/10\/Silas1-8-W-1.jpg\" alt=\"\" class=\"wp-image-52916\" srcset=\"https:\/\/collies-vom-floersbachtal.de\/cms\/wp-content\/uploads\/2025\/10\/Silas1-8-W-1.jpg 800w, https:\/\/collies-vom-floersbachtal.de\/cms\/wp-content\/uploads\/2025\/10\/Silas1-8-W-1-300x269.jpg 300w, https:\/\/collies-vom-floersbachtal.de\/cms\/wp-content\/uploads\/2025\/10\/Silas1-8-W-1-768x688.jpg 768w\" sizes=\"auto, (max-width: 800px) 100vw, 800px\" \/><\/a><\/figure>\n<\/figure>\n\n\n\n<figure class=\"wp-block-gallery has-nested-images columns-default is-cropped wp-block-gallery-3 is-layout-flex wp-block-gallery-is-layout-flex\">\n<figure class=\"wp-block-image size-large is-style-rounded\"><a href=\"https:\/\/collies-vom-floersbachtal.de\/cms\/wp-content\/uploads\/2025\/10\/Silas4-Auszug.jpg\"><img loading=\"lazy\" decoding=\"async\" width=\"768\" height=\"1024\" data-id=\"52921\" src=\"https:\/\/collies-vom-floersbachtal.de\/cms\/wp-content\/uploads\/2025\/10\/Silas4-Auszug-768x1024.jpg\" alt=\"\" class=\"wp-image-52921\" srcset=\"https:\/\/collies-vom-floersbachtal.de\/cms\/wp-content\/uploads\/2025\/10\/Silas4-Auszug-768x1024.jpg 768w, https:\/\/collies-vom-floersbachtal.de\/cms\/wp-content\/uploads\/2025\/10\/Silas4-Auszug-225x300.jpg 225w, https:\/\/collies-vom-floersbachtal.de\/cms\/wp-content\/uploads\/2025\/10\/Silas4-Auszug.jpg 800w\" sizes=\"auto, (max-width: 768px) 100vw, 768px\" \/><\/a><\/figure>\n<\/figure>\n\n\n\n<p><strong>Den Anfang haben heute den 11.10.25 erst Joey <\/strong><\/p>\n\n\n\n<figure class=\"wp-block-gallery has-nested-images columns-default is-cropped wp-block-gallery-4 is-layout-flex wp-block-gallery-is-layout-flex\">\n<figure class=\"wp-block-image size-large\"><a href=\"https:\/\/collies-vom-floersbachtal.de\/cms\/wp-content\/uploads\/2025\/10\/Joey3-Auszug-8-Wochen.jpg\"><img loading=\"lazy\" decoding=\"async\" width=\"800\" height=\"661\" data-id=\"52878\" src=\"https:\/\/collies-vom-floersbachtal.de\/cms\/wp-content\/uploads\/2025\/10\/Joey3-Auszug-8-Wochen.jpg\" alt=\"\" class=\"wp-image-52878\" srcset=\"https:\/\/collies-vom-floersbachtal.de\/cms\/wp-content\/uploads\/2025\/10\/Joey3-Auszug-8-Wochen.jpg 800w, https:\/\/collies-vom-floersbachtal.de\/cms\/wp-content\/uploads\/2025\/10\/Joey3-Auszug-8-Wochen-300x248.jpg 300w, https:\/\/collies-vom-floersbachtal.de\/cms\/wp-content\/uploads\/2025\/10\/Joey3-Auszug-8-Wochen-768x635.jpg 768w\" sizes=\"auto, (max-width: 800px) 100vw, 800px\" \/><\/a><\/figure>\n\n\n\n<figure class=\"wp-block-image size-large\"><a href=\"https:\/\/collies-vom-floersbachtal.de\/cms\/wp-content\/uploads\/2025\/10\/Joey6-Auszug-8-Wochen.jpg\"><img loading=\"lazy\" decoding=\"async\" width=\"713\" height=\"1024\" data-id=\"52880\" src=\"https:\/\/collies-vom-floersbachtal.de\/cms\/wp-content\/uploads\/2025\/10\/Joey6-Auszug-8-Wochen-713x1024.jpg\" alt=\"\" class=\"wp-image-52880\" srcset=\"https:\/\/collies-vom-floersbachtal.de\/cms\/wp-content\/uploads\/2025\/10\/Joey6-Auszug-8-Wochen-713x1024.jpg 713w, https:\/\/collies-vom-floersbachtal.de\/cms\/wp-content\/uploads\/2025\/10\/Joey6-Auszug-8-Wochen-209x300.jpg 209w, https:\/\/collies-vom-floersbachtal.de\/cms\/wp-content\/uploads\/2025\/10\/Joey6-Auszug-8-Wochen-768x1103.jpg 768w, https:\/\/collies-vom-floersbachtal.de\/cms\/wp-content\/uploads\/2025\/10\/Joey6-Auszug-8-Wochen.jpg 1000w\" sizes=\"auto, (max-width: 713px) 100vw, 713px\" \/><\/a><\/figure>\n\n\n\n<figure class=\"wp-block-image size-large\"><a href=\"https:\/\/collies-vom-floersbachtal.de\/cms\/wp-content\/uploads\/2025\/10\/Joey7-Auszug-8-Wochen.jpg\"><img loading=\"lazy\" decoding=\"async\" width=\"800\" height=\"738\" data-id=\"52879\" src=\"https:\/\/collies-vom-floersbachtal.de\/cms\/wp-content\/uploads\/2025\/10\/Joey7-Auszug-8-Wochen.jpg\" alt=\"\" class=\"wp-image-52879\" srcset=\"https:\/\/collies-vom-floersbachtal.de\/cms\/wp-content\/uploads\/2025\/10\/Joey7-Auszug-8-Wochen.jpg 800w, https:\/\/collies-vom-floersbachtal.de\/cms\/wp-content\/uploads\/2025\/10\/Joey7-Auszug-8-Wochen-300x277.jpg 300w, https:\/\/collies-vom-floersbachtal.de\/cms\/wp-content\/uploads\/2025\/10\/Joey7-Auszug-8-Wochen-768x708.jpg 768w\" sizes=\"auto, (max-width: 800px) 100vw, 800px\" \/><\/a><\/figure>\n\n\n\n<figure class=\"wp-block-image size-large\"><a href=\"https:\/\/collies-vom-floersbachtal.de\/cms\/wp-content\/uploads\/2025\/10\/Joey1-Auszug-8-Wochen.jpg\"><img loading=\"lazy\" decoding=\"async\" width=\"800\" height=\"451\" data-id=\"52877\" src=\"https:\/\/collies-vom-floersbachtal.de\/cms\/wp-content\/uploads\/2025\/10\/Joey1-Auszug-8-Wochen.jpg\" alt=\"\" class=\"wp-image-52877\" srcset=\"https:\/\/collies-vom-floersbachtal.de\/cms\/wp-content\/uploads\/2025\/10\/Joey1-Auszug-8-Wochen.jpg 800w, https:\/\/collies-vom-floersbachtal.de\/cms\/wp-content\/uploads\/2025\/10\/Joey1-Auszug-8-Wochen-300x169.jpg 300w, https:\/\/collies-vom-floersbachtal.de\/cms\/wp-content\/uploads\/2025\/10\/Joey1-Auszug-8-Wochen-768x433.jpg 768w\" sizes=\"auto, (max-width: 800px) 100vw, 800px\" \/><\/a><\/figure>\n<\/figure>\n\n\n\n<p><strong>Alles hat gut geklappt und die 1. Nacht wurde auch gut \u00fcberstanden. \ud83d\ude42<\/strong><\/p>\n\n\n\n<figure class=\"wp-block-gallery has-nested-images columns-default is-cropped wp-block-gallery-5 is-layout-flex wp-block-gallery-is-layout-flex\">\n<figure class=\"wp-block-image size-large\"><a href=\"https:\/\/collies-vom-floersbachtal.de\/cms\/wp-content\/uploads\/2025\/10\/Joey4-im-neuen-Zuhause-8-W.jpg\"><img loading=\"lazy\" decoding=\"async\" width=\"768\" height=\"1024\" data-id=\"52892\" src=\"https:\/\/collies-vom-floersbachtal.de\/cms\/wp-content\/uploads\/2025\/10\/Joey4-im-neuen-Zuhause-8-W-768x1024.jpg\" alt=\"\" class=\"wp-image-52892\" srcset=\"https:\/\/collies-vom-floersbachtal.de\/cms\/wp-content\/uploads\/2025\/10\/Joey4-im-neuen-Zuhause-8-W-768x1024.jpg 768w, https:\/\/collies-vom-floersbachtal.de\/cms\/wp-content\/uploads\/2025\/10\/Joey4-im-neuen-Zuhause-8-W-225x300.jpg 225w, https:\/\/collies-vom-floersbachtal.de\/cms\/wp-content\/uploads\/2025\/10\/Joey4-im-neuen-Zuhause-8-W.jpg 800w\" sizes=\"auto, (max-width: 768px) 100vw, 768px\" \/><\/a><\/figure>\n\n\n\n<figure class=\"wp-block-image size-large\"><a href=\"https:\/\/collies-vom-floersbachtal.de\/cms\/wp-content\/uploads\/2025\/10\/Joey1-im-neuen-Zuhause-8-W.jpg\"><img loading=\"lazy\" decoding=\"async\" width=\"768\" height=\"1024\" data-id=\"52893\" src=\"https:\/\/collies-vom-floersbachtal.de\/cms\/wp-content\/uploads\/2025\/10\/Joey1-im-neuen-Zuhause-8-W-768x1024.jpg\" alt=\"\" class=\"wp-image-52893\" srcset=\"https:\/\/collies-vom-floersbachtal.de\/cms\/wp-content\/uploads\/2025\/10\/Joey1-im-neuen-Zuhause-8-W-768x1024.jpg 768w, https:\/\/collies-vom-floersbachtal.de\/cms\/wp-content\/uploads\/2025\/10\/Joey1-im-neuen-Zuhause-8-W-225x300.jpg 225w, https:\/\/collies-vom-floersbachtal.de\/cms\/wp-content\/uploads\/2025\/10\/Joey1-im-neuen-Zuhause-8-W.jpg 800w\" sizes=\"auto, (max-width: 768px) 100vw, 768px\" \/><\/a><\/figure>\n\n\n\n<figure class=\"wp-block-image size-large\"><a href=\"https:\/\/collies-vom-floersbachtal.de\/cms\/wp-content\/uploads\/2025\/10\/Joey2-im-neuen-Zuhause-8-W.jpg\"><img loading=\"lazy\" decoding=\"async\" width=\"800\" height=\"927\" data-id=\"52891\" src=\"https:\/\/collies-vom-floersbachtal.de\/cms\/wp-content\/uploads\/2025\/10\/Joey2-im-neuen-Zuhause-8-W.jpg\" alt=\"\" class=\"wp-image-52891\" srcset=\"https:\/\/collies-vom-floersbachtal.de\/cms\/wp-content\/uploads\/2025\/10\/Joey2-im-neuen-Zuhause-8-W.jpg 800w, https:\/\/collies-vom-floersbachtal.de\/cms\/wp-content\/uploads\/2025\/10\/Joey2-im-neuen-Zuhause-8-W-259x300.jpg 259w, https:\/\/collies-vom-floersbachtal.de\/cms\/wp-content\/uploads\/2025\/10\/Joey2-im-neuen-Zuhause-8-W-768x890.jpg 768w\" sizes=\"auto, (max-width: 800px) 100vw, 800px\" \/><\/a><\/figure>\n<\/figure>\n\n\n\n<p><strong>und dann Obi-Wan gemacht <\/strong><\/p>\n\n\n\n<figure class=\"wp-block-gallery has-nested-images columns-default is-cropped wp-block-gallery-6 is-layout-flex wp-block-gallery-is-layout-flex\">\n<figure class=\"wp-block-image size-large\"><a href=\"https:\/\/collies-vom-floersbachtal.de\/cms\/wp-content\/uploads\/2025\/10\/Obi-Wan2-Auszug-8-Wochen.jpg\"><img loading=\"lazy\" decoding=\"async\" width=\"800\" height=\"556\" data-id=\"52881\" src=\"https:\/\/collies-vom-floersbachtal.de\/cms\/wp-content\/uploads\/2025\/10\/Obi-Wan2-Auszug-8-Wochen.jpg\" alt=\"\" class=\"wp-image-52881\" srcset=\"https:\/\/collies-vom-floersbachtal.de\/cms\/wp-content\/uploads\/2025\/10\/Obi-Wan2-Auszug-8-Wochen.jpg 800w, https:\/\/collies-vom-floersbachtal.de\/cms\/wp-content\/uploads\/2025\/10\/Obi-Wan2-Auszug-8-Wochen-300x209.jpg 300w, https:\/\/collies-vom-floersbachtal.de\/cms\/wp-content\/uploads\/2025\/10\/Obi-Wan2-Auszug-8-Wochen-768x534.jpg 768w\" sizes=\"auto, (max-width: 800px) 100vw, 800px\" \/><\/a><\/figure>\n<\/figure>\n\n\n\n<figure class=\"wp-block-gallery has-nested-images columns-default is-cropped wp-block-gallery-7 is-layout-flex wp-block-gallery-is-layout-flex\">\n<figure class=\"wp-block-image size-large\"><a href=\"https:\/\/collies-vom-floersbachtal.de\/cms\/wp-content\/uploads\/2025\/10\/Obi-Wan4-Auszug-8-Wochen.jpg\"><img loading=\"lazy\" decoding=\"async\" width=\"1000\" height=\"563\" data-id=\"52882\" src=\"https:\/\/collies-vom-floersbachtal.de\/cms\/wp-content\/uploads\/2025\/10\/Obi-Wan4-Auszug-8-Wochen.jpg\" alt=\"\" class=\"wp-image-52882\" srcset=\"https:\/\/collies-vom-floersbachtal.de\/cms\/wp-content\/uploads\/2025\/10\/Obi-Wan4-Auszug-8-Wochen.jpg 1000w, https:\/\/collies-vom-floersbachtal.de\/cms\/wp-content\/uploads\/2025\/10\/Obi-Wan4-Auszug-8-Wochen-300x169.jpg 300w, https:\/\/collies-vom-floersbachtal.de\/cms\/wp-content\/uploads\/2025\/10\/Obi-Wan4-Auszug-8-Wochen-768x432.jpg 768w\" sizes=\"auto, (max-width: 1000px) 100vw, 1000px\" \/><\/a><\/figure>\n\n\n\n<figure class=\"wp-block-image size-large\"><a href=\"https:\/\/collies-vom-floersbachtal.de\/cms\/wp-content\/uploads\/2025\/10\/Obi-Wan1-Auszug-8-Wochen.jpg\"><img loading=\"lazy\" decoding=\"async\" width=\"576\" height=\"1024\" data-id=\"52884\" src=\"https:\/\/collies-vom-floersbachtal.de\/cms\/wp-content\/uploads\/2025\/10\/Obi-Wan1-Auszug-8-Wochen-576x1024.jpg\" alt=\"\" class=\"wp-image-52884\" srcset=\"https:\/\/collies-vom-floersbachtal.de\/cms\/wp-content\/uploads\/2025\/10\/Obi-Wan1-Auszug-8-Wochen-576x1024.jpg 576w, https:\/\/collies-vom-floersbachtal.de\/cms\/wp-content\/uploads\/2025\/10\/Obi-Wan1-Auszug-8-Wochen-169x300.jpg 169w, https:\/\/collies-vom-floersbachtal.de\/cms\/wp-content\/uploads\/2025\/10\/Obi-Wan1-Auszug-8-Wochen-768x1364.jpg 768w, https:\/\/collies-vom-floersbachtal.de\/cms\/wp-content\/uploads\/2025\/10\/Obi-Wan1-Auszug-8-Wochen.jpg 800w\" sizes=\"auto, (max-width: 576px) 100vw, 576px\" \/><\/a><figcaption class=\"wp-element-caption\">Jetzt gehts Heim<\/figcaption><\/figure>\n\n\n\n<figure class=\"wp-block-image size-large\"><a href=\"https:\/\/collies-vom-floersbachtal.de\/cms\/wp-content\/uploads\/2025\/10\/Obi-Wan3-Auszug-8-Wochen.jpg\"><img loading=\"lazy\" decoding=\"async\" width=\"800\" height=\"683\" data-id=\"52883\" src=\"https:\/\/collies-vom-floersbachtal.de\/cms\/wp-content\/uploads\/2025\/10\/Obi-Wan3-Auszug-8-Wochen.jpg\" alt=\"\" class=\"wp-image-52883\" srcset=\"https:\/\/collies-vom-floersbachtal.de\/cms\/wp-content\/uploads\/2025\/10\/Obi-Wan3-Auszug-8-Wochen.jpg 800w, https:\/\/collies-vom-floersbachtal.de\/cms\/wp-content\/uploads\/2025\/10\/Obi-Wan3-Auszug-8-Wochen-300x256.jpg 300w, https:\/\/collies-vom-floersbachtal.de\/cms\/wp-content\/uploads\/2025\/10\/Obi-Wan3-Auszug-8-Wochen-768x656.jpg 768w\" sizes=\"auto, (max-width: 800px) 100vw, 800px\" \/><\/a><\/figure>\n<\/figure>\n\n\n\n<p><strong>Obi-Wan im neuen Zuhause mit Kumpel Idefix \ud83d\ude42<\/strong><\/p>\n\n\n\n<figure class=\"wp-block-gallery has-nested-images columns-default is-cropped wp-block-gallery-8 is-layout-flex wp-block-gallery-is-layout-flex\">\n<figure class=\"wp-block-image size-large\"><a href=\"https:\/\/collies-vom-floersbachtal.de\/cms\/wp-content\/uploads\/2025\/10\/Obi-Wan2-im-neuen-Zuhause-8-W.jpg\"><img loading=\"lazy\" decoding=\"async\" width=\"775\" height=\"1024\" data-id=\"52896\" src=\"https:\/\/collies-vom-floersbachtal.de\/cms\/wp-content\/uploads\/2025\/10\/Obi-Wan2-im-neuen-Zuhause-8-W-775x1024.jpg\" alt=\"\" class=\"wp-image-52896\" srcset=\"https:\/\/collies-vom-floersbachtal.de\/cms\/wp-content\/uploads\/2025\/10\/Obi-Wan2-im-neuen-Zuhause-8-W-775x1024.jpg 775w, https:\/\/collies-vom-floersbachtal.de\/cms\/wp-content\/uploads\/2025\/10\/Obi-Wan2-im-neuen-Zuhause-8-W-227x300.jpg 227w, https:\/\/collies-vom-floersbachtal.de\/cms\/wp-content\/uploads\/2025\/10\/Obi-Wan2-im-neuen-Zuhause-8-W-768x1015.jpg 768w, https:\/\/collies-vom-floersbachtal.de\/cms\/wp-content\/uploads\/2025\/10\/Obi-Wan2-im-neuen-Zuhause-8-W.jpg 964w\" sizes=\"auto, (max-width: 775px) 100vw, 775px\" \/><\/a><\/figure>\n\n\n\n<figure class=\"wp-block-image size-large\"><a href=\"https:\/\/collies-vom-floersbachtal.de\/cms\/wp-content\/uploads\/2025\/10\/Obi-Wan1-im-neuen-Zuhause-8-W.jpg\"><img loading=\"lazy\" decoding=\"async\" width=\"768\" height=\"1024\" data-id=\"52895\" src=\"https:\/\/collies-vom-floersbachtal.de\/cms\/wp-content\/uploads\/2025\/10\/Obi-Wan1-im-neuen-Zuhause-8-W-768x1024.jpg\" alt=\"\" class=\"wp-image-52895\" srcset=\"https:\/\/collies-vom-floersbachtal.de\/cms\/wp-content\/uploads\/2025\/10\/Obi-Wan1-im-neuen-Zuhause-8-W-768x1024.jpg 768w, https:\/\/collies-vom-floersbachtal.de\/cms\/wp-content\/uploads\/2025\/10\/Obi-Wan1-im-neuen-Zuhause-8-W-225x300.jpg 225w, https:\/\/collies-vom-floersbachtal.de\/cms\/wp-content\/uploads\/2025\/10\/Obi-Wan1-im-neuen-Zuhause-8-W.jpg 800w\" sizes=\"auto, (max-width: 768px) 100vw, 768px\" \/><\/a><\/figure>\n<\/figure>\n","protected":false},"excerpt":{"rendered":"<p>Hui, die Zeit ist verflogen und im nu waren die Kr\u00fcmel 8 Wochen und am ausziehen. \ud83d\ude41 \ud83d\ude09 \ud83d\ude1b Ich bin auf der einen Seite traurig das die M\u00e4use schon wieder ausgezogen sind, aber auf der anderen Seite sehr dankbar &hellip; <a href=\"https:\/\/collies-vom-floersbachtal.de\/?page_id=47245\">Weiterlesen <span class=\"meta-nav\">&rarr;<\/span><\/a><\/p>\n","protected":false},"author":1,"featured_media":0,"parent":0,"menu_order":0,"comment_status":"closed","ping_status":"closed","template":"","meta":{"footnotes":""},"class_list":["post-47245","page","type-page","status-publish","hentry"],"_links":{"self":[{"href":"https:\/\/collies-vom-floersbachtal.de\/index.php?rest_route=\/wp\/v2\/pages\/47245","targetHints":{"allow":["GET"]}}],"collection":[{"href":"https:\/\/collies-vom-floersbachtal.de\/index.php?rest_route=\/wp\/v2\/pages"}],"about":[{"href":"https:\/\/collies-vom-floersbachtal.de\/index.php?rest_route=\/wp\/v2\/types\/page"}],"author":[{"embeddable":true,"href":"https:\/\/collies-vom-floersbachtal.de\/index.php?rest_route=\/wp\/v2\/users\/1"}],"replies":[{"embeddable":true,"href":"https:\/\/collies-vom-floersbachtal.de\/index.php?rest_route=%2Fwp%2Fv2%2Fcomments&post=47245"}],"version-history":[{"count":10,"href":"https:\/\/collies-vom-floersbachtal.de\/index.php?rest_route=\/wp\/v2\/pages\/47245\/revisions"}],"predecessor-version":[{"id":53849,"href":"https:\/\/collies-vom-floersbachtal.de\/index.php?rest_route=\/wp\/v2\/pages\/47245\/revisions\/53849"}],"wp:attachment":[{"href":"https:\/\/collies-vom-floersbachtal.de\/index.php?rest_route=%2Fwp%2Fv2%2Fmedia&parent=47245"}],"curies":[{"name":"wp","href":"https:\/\/api.w.org\/{rel}","templated":true}]}}