{"id":44001,"date":"2023-12-29T18:01:47","date_gmt":"2023-12-29T18:01:47","guid":{"rendered":"https:\/\/collies-vom-floersbachtal.de\/?page_id=44001"},"modified":"2024-06-16T15:16:28","modified_gmt":"2024-06-16T15:16:28","slug":"auszug-der-welpen-des-m-wurfs","status":"publish","type":"page","link":"https:\/\/collies-vom-floersbachtal.de\/?page_id=44001","title":{"rendered":"Auszug der Welpen des M-Wurfs"},"content":{"rendered":"\n<h2 class=\"wp-block-heading\"><strong>Die Mama und ich w\u00fcnschen euch viel Spa\u00df mit den kleinen Rackern und einen tollen neuen Lebensabschnitt <\/strong>\ud83d\ude42<\/h2>\n\n\n\n<h2 class=\"wp-block-heading\"><strong>11.01.2024<\/strong> <\/h2>\n\n\n\n<p><strong>Nun war auch der Tag des Auszugs f\u00fcr Mash gekommen&#8230; er hatte eine  lange Fahrt vor sich, die sich durch Staus auf der Autobahn noch mal l\u00e4nger hinzog und er sehr sp\u00e4t erst Zuhause ankam. Aber alles ist gut und ohne Probleme gegangen .<\/strong><\/p>\n\n\n\n<figure class=\"wp-block-image size-large\"><a href=\"https:\/\/collies-vom-floersbachtal.de\/cms\/wp-content\/uploads\/2024\/01\/Mash2-Auszug.jpg\"><img loading=\"lazy\" decoding=\"async\" width=\"642\" height=\"1024\" src=\"https:\/\/collies-vom-floersbachtal.de\/cms\/wp-content\/uploads\/2024\/01\/Mash2-Auszug-642x1024.jpg\" alt=\"\" class=\"wp-image-44399\" srcset=\"https:\/\/collies-vom-floersbachtal.de\/cms\/wp-content\/uploads\/2024\/01\/Mash2-Auszug-642x1024.jpg 642w, https:\/\/collies-vom-floersbachtal.de\/cms\/wp-content\/uploads\/2024\/01\/Mash2-Auszug-188x300.jpg 188w, https:\/\/collies-vom-floersbachtal.de\/cms\/wp-content\/uploads\/2024\/01\/Mash2-Auszug-768x1225.jpg 768w, https:\/\/collies-vom-floersbachtal.de\/cms\/wp-content\/uploads\/2024\/01\/Mash2-Auszug-963x1536.jpg 963w, https:\/\/collies-vom-floersbachtal.de\/cms\/wp-content\/uploads\/2024\/01\/Mash2-Auszug-1284x2048.jpg 1284w, https:\/\/collies-vom-floersbachtal.de\/cms\/wp-content\/uploads\/2024\/01\/Mash2-Auszug.jpg 1531w\" sizes=\"auto, (max-width: 642px) 100vw, 642px\" \/><\/a><\/figure>\n\n\n\n<h2 class=\"wp-block-heading\"><strong>06.01.24<\/strong> <\/h2>\n\n\n\n<p><strong>Und danach unser kleiner Mauri-Lio mit seiner gro\u00dfen Familie da ging es auf lange Fahrt , ebenfalls  in die sch\u00f6ne Schweiz. \ud83d\ude42<\/strong><\/p>\n\n\n\n<figure class=\"wp-block-image size-full\"><a href=\"https:\/\/collies-vom-floersbachtal.de\/cms\/wp-content\/uploads\/2024\/01\/Mauri1-Auszug.jpg\"><img loading=\"lazy\" decoding=\"async\" width=\"1000\" height=\"882\" src=\"https:\/\/collies-vom-floersbachtal.de\/cms\/wp-content\/uploads\/2024\/01\/Mauri1-Auszug.jpg\" alt=\"\" class=\"wp-image-44242\" srcset=\"https:\/\/collies-vom-floersbachtal.de\/cms\/wp-content\/uploads\/2024\/01\/Mauri1-Auszug.jpg 1000w, https:\/\/collies-vom-floersbachtal.de\/cms\/wp-content\/uploads\/2024\/01\/Mauri1-Auszug-300x265.jpg 300w, https:\/\/collies-vom-floersbachtal.de\/cms\/wp-content\/uploads\/2024\/01\/Mauri1-Auszug-768x677.jpg 768w\" sizes=\"auto, (max-width: 1000px) 100vw, 1000px\" \/><\/a><\/figure>\n\n\n\n<p><strong>Heute haben uns dann doch 2 Kr\u00fcmel auf einmal verlassen. Erst der kleine Milan-Milo hatte sich auf die Reise ins Rheinland\/Pf\u00e4lzische gemacht, mit seiner kleinen Familie. \ud83d\ude42<\/strong><\/p>\n\n\n\n<figure class=\"wp-block-image size-full\"><a href=\"https:\/\/collies-vom-floersbachtal.de\/cms\/wp-content\/uploads\/2024\/01\/Auszug3-Milan.jpg\"><img loading=\"lazy\" decoding=\"async\" width=\"1000\" height=\"978\" src=\"https:\/\/collies-vom-floersbachtal.de\/cms\/wp-content\/uploads\/2024\/01\/Auszug3-Milan.jpg\" alt=\"\" class=\"wp-image-44241\" srcset=\"https:\/\/collies-vom-floersbachtal.de\/cms\/wp-content\/uploads\/2024\/01\/Auszug3-Milan.jpg 1000w, https:\/\/collies-vom-floersbachtal.de\/cms\/wp-content\/uploads\/2024\/01\/Auszug3-Milan-300x293.jpg 300w, https:\/\/collies-vom-floersbachtal.de\/cms\/wp-content\/uploads\/2024\/01\/Auszug3-Milan-768x751.jpg 768w\" sizes=\"auto, (max-width: 1000px) 100vw, 1000px\" \/><\/a><\/figure>\n\n\n\n<h2 class=\"wp-block-heading\"><strong>04.01.24<\/strong><\/h2>\n\n\n\n<h3 class=\"wp-block-heading\"><strong>Und Mina ist ja sowieso schon ausgezogen aus dem Welpenbabygarten, denn sie bleibt ja bei mir und ihrer Mama \ud83d\ude09 \ud83d\ude1b <\/strong><\/h3>\n\n\n\n<figure class=\"wp-block-image size-full is-style-rounded\"><a href=\"https:\/\/collies-vom-floersbachtal.de\/cms\/wp-content\/uploads\/2024\/01\/Mina3-9-W.-Gassi-mit-den-Grossen.jpg\"><img loading=\"lazy\" decoding=\"async\" width=\"1000\" height=\"870\" src=\"https:\/\/collies-vom-floersbachtal.de\/cms\/wp-content\/uploads\/2024\/01\/Mina3-9-W.-Gassi-mit-den-Grossen.jpg\" alt=\"\" class=\"wp-image-44244\" srcset=\"https:\/\/collies-vom-floersbachtal.de\/cms\/wp-content\/uploads\/2024\/01\/Mina3-9-W.-Gassi-mit-den-Grossen.jpg 1000w, https:\/\/collies-vom-floersbachtal.de\/cms\/wp-content\/uploads\/2024\/01\/Mina3-9-W.-Gassi-mit-den-Grossen-300x261.jpg 300w, https:\/\/collies-vom-floersbachtal.de\/cms\/wp-content\/uploads\/2024\/01\/Mina3-9-W.-Gassi-mit-den-Grossen-768x668.jpg 768w\" sizes=\"auto, (max-width: 1000px) 100vw, 1000px\" \/><\/a><\/figure>\n\n\n\n<h2 class=\"wp-block-heading\"><strong>Hier geht es jetzt Schlag auf Schlag, die Kr\u00fcmel sind heute ja auch 9 Wochen alt. Dieses mal ist die s\u00fc\u00dfe Manisha zu ihrem Frauli nach Jossgrund gezogen. Die beiden &#8222;Gro\u00dfen&#8220; werden staunen, wir hatten schon eine Begegnung auf neutralem Boden. Aber hier werden wir \u00f6fter was sehen und h\u00f6ren, da Manisha und Mina viel gemeinsam mit uns unternehmen werden. Wir freuen uns. \ud83d\ude42<\/strong><\/h2>\n\n\n\n<figure class=\"wp-block-image size-large\"><a href=\"https:\/\/collies-vom-floersbachtal.de\/cms\/wp-content\/uploads\/2024\/01\/Manisha-und-Frauli1-fast-9-Wochen.jpg\"><img loading=\"lazy\" decoding=\"async\" width=\"718\" height=\"1024\" src=\"https:\/\/collies-vom-floersbachtal.de\/cms\/wp-content\/uploads\/2024\/01\/Manisha-und-Frauli1-fast-9-Wochen-718x1024.jpg\" alt=\"\" class=\"wp-image-44174\" srcset=\"https:\/\/collies-vom-floersbachtal.de\/cms\/wp-content\/uploads\/2024\/01\/Manisha-und-Frauli1-fast-9-Wochen-718x1024.jpg 718w, https:\/\/collies-vom-floersbachtal.de\/cms\/wp-content\/uploads\/2024\/01\/Manisha-und-Frauli1-fast-9-Wochen-210x300.jpg 210w, https:\/\/collies-vom-floersbachtal.de\/cms\/wp-content\/uploads\/2024\/01\/Manisha-und-Frauli1-fast-9-Wochen-768x1096.jpg 768w, https:\/\/collies-vom-floersbachtal.de\/cms\/wp-content\/uploads\/2024\/01\/Manisha-und-Frauli1-fast-9-Wochen.jpg 1000w\" sizes=\"auto, (max-width: 718px) 100vw, 718px\" \/><\/a><\/figure>\n\n\n\n<h2 class=\"wp-block-heading\"><strong>03.01.24<\/strong> <\/h2>\n\n\n\n<h3 class=\"wp-block-heading\"><strong>Heute ist unser s\u00fc\u00dfer Matou-Jace auf und davon mit seinem Herrchen ab in die Schweiz. Es war so niedlich, wie Matou am Fenster stand und rausgeguckt hatte, als wir alles verladen haben. Leider war mein Handy in der K\u00fcche&#8230;  Aber ein s\u00fc\u00dfes Abschiedsfoto haben wir gemacht. \ud83d\ude42<\/strong> <strong>Passt bitte sch\u00f6n auf diesen kleinen Mann auf, sein Frauli wird sich freuen, die wartet ja schon Zuhause. \ud83d\ude42<\/strong><\/h3>\n\n\n\n<figure class=\"wp-block-image size-large\"><a href=\"https:\/\/collies-vom-floersbachtal.de\/cms\/wp-content\/uploads\/2024\/01\/Matou-und-sein-Herrchen1.jpg\"><img loading=\"lazy\" decoding=\"async\" width=\"577\" height=\"1024\" src=\"https:\/\/collies-vom-floersbachtal.de\/cms\/wp-content\/uploads\/2024\/01\/Matou-und-sein-Herrchen1-577x1024.jpg\" alt=\"\" class=\"wp-image-44143\" srcset=\"https:\/\/collies-vom-floersbachtal.de\/cms\/wp-content\/uploads\/2024\/01\/Matou-und-sein-Herrchen1-577x1024.jpg 577w, https:\/\/collies-vom-floersbachtal.de\/cms\/wp-content\/uploads\/2024\/01\/Matou-und-sein-Herrchen1-169x300.jpg 169w, https:\/\/collies-vom-floersbachtal.de\/cms\/wp-content\/uploads\/2024\/01\/Matou-und-sein-Herrchen1-768x1364.jpg 768w, https:\/\/collies-vom-floersbachtal.de\/cms\/wp-content\/uploads\/2024\/01\/Matou-und-sein-Herrchen1-865x1536.jpg 865w, https:\/\/collies-vom-floersbachtal.de\/cms\/wp-content\/uploads\/2024\/01\/Matou-und-sein-Herrchen1.jpg 1000w\" sizes=\"auto, (max-width: 577px) 100vw, 577px\" \/><\/a><\/figure>\n\n\n\n<p><\/p>\n\n\n\n<h2 class=\"wp-block-heading\"><strong>29.12.23 <\/strong><\/h2>\n\n\n\n<h3 class=\"wp-block-heading\"><strong>Unser s\u00fc\u00dfer Mad Max &#8211; Mika ist heute als 1. schon zu seiner neuen lieben Familie Silke und Michael in die N\u00e4he von Stuttgart gezogen, \ud83d\ude41 auch wenn einen das als Z\u00fcchter traurig macht, so wei\u00df ich doch, er hat eine Traumfamilie gefunden, vor allem mit dem It\u00fcpfelchen von T\u00f6chterchen Luisa.<\/strong> <strong> <\/strong><\/h3>\n\n\n\n<h2 class=\"wp-block-heading\"><strong>DANKE f\u00fcr euer Vertrauen in meine Zuchtst\u00e4tte, in mich und in meine Kr\u00fcmel. Daher w\u00fcnsche ich mir einen lebenslangen Kontakt zu euch und euren neuen Wegbegleitern. \ud83d\ude42 Bitte wendet euch jederzeit bei allen Fragen die ihr habt an mich, werde immer versuchen hilfreich an eurer Seite zu stehen. Liebe Gr\u00fc\u00dfe eure Z\u00fcchterin Susanne<\/strong> <strong>mit Mama Tara<\/strong><\/h2>\n\n\n\n<figure class=\"wp-block-image size-full\"><a href=\"https:\/\/collies-vom-floersbachtal.de\/cms\/wp-content\/uploads\/2023\/12\/Mika5-Auszug.jpg\"><img loading=\"lazy\" decoding=\"async\" width=\"1000\" height=\"829\" src=\"https:\/\/collies-vom-floersbachtal.de\/cms\/wp-content\/uploads\/2023\/12\/Mika5-Auszug.jpg\" alt=\"\" class=\"wp-image-44006\" srcset=\"https:\/\/collies-vom-floersbachtal.de\/cms\/wp-content\/uploads\/2023\/12\/Mika5-Auszug.jpg 1000w, https:\/\/collies-vom-floersbachtal.de\/cms\/wp-content\/uploads\/2023\/12\/Mika5-Auszug-300x249.jpg 300w, https:\/\/collies-vom-floersbachtal.de\/cms\/wp-content\/uploads\/2023\/12\/Mika5-Auszug-768x637.jpg 768w\" sizes=\"auto, (max-width: 1000px) 100vw, 1000px\" \/><\/a><\/figure>\n","protected":false},"excerpt":{"rendered":"<p>Die Mama und ich w\u00fcnschen euch viel Spa\u00df mit den kleinen Rackern und einen tollen neuen Lebensabschnitt \ud83d\ude42 11.01.2024 Nun war auch der Tag des Auszugs f\u00fcr Mash gekommen&#8230; er hatte eine lange Fahrt vor sich, die sich durch Staus &hellip; <a href=\"https:\/\/collies-vom-floersbachtal.de\/?page_id=44001\">Weiterlesen <span class=\"meta-nav\">&rarr;<\/span><\/a><\/p>\n","protected":false},"author":1,"featured_media":0,"parent":0,"menu_order":0,"comment_status":"closed","ping_status":"closed","template":"","meta":{"footnotes":""},"class_list":["post-44001","page","type-page","status-publish","hentry"],"_links":{"self":[{"href":"https:\/\/collies-vom-floersbachtal.de\/index.php?rest_route=\/wp\/v2\/pages\/44001","targetHints":{"allow":["GET"]}}],"collection":[{"href":"https:\/\/collies-vom-floersbachtal.de\/index.php?rest_route=\/wp\/v2\/pages"}],"about":[{"href":"https:\/\/collies-vom-floersbachtal.de\/index.php?rest_route=\/wp\/v2\/types\/page"}],"author":[{"embeddable":true,"href":"https:\/\/collies-vom-floersbachtal.de\/index.php?rest_route=\/wp\/v2\/users\/1"}],"replies":[{"embeddable":true,"href":"https:\/\/collies-vom-floersbachtal.de\/index.php?rest_route=%2Fwp%2Fv2%2Fcomments&post=44001"}],"version-history":[{"count":19,"href":"https:\/\/collies-vom-floersbachtal.de\/index.php?rest_route=\/wp\/v2\/pages\/44001\/revisions"}],"predecessor-version":[{"id":47108,"href":"https:\/\/collies-vom-floersbachtal.de\/index.php?rest_route=\/wp\/v2\/pages\/44001\/revisions\/47108"}],"wp:attachment":[{"href":"https:\/\/collies-vom-floersbachtal.de\/index.php?rest_route=%2Fwp%2Fv2%2Fmedia&parent=44001"}],"curies":[{"name":"wp","href":"https:\/\/api.w.org\/{rel}","templated":true}]}}