{"id":36097,"date":"2022-07-31T09:53:49","date_gmt":"2022-07-31T09:53:49","guid":{"rendered":"https:\/\/collies-vom-floersbachtal.de\/?page_id=36097"},"modified":"2022-09-26T12:21:03","modified_gmt":"2022-09-26T12:21:03","slug":"auszug-der-welpen-des-k-wurfes","status":"publish","type":"page","link":"https:\/\/collies-vom-floersbachtal.de\/?page_id=36097","title":{"rendered":"Auszug der Welpen des K-Wurfs"},"content":{"rendered":"\n<p><strong>Ach Manno, ich hatte ganz vergessen wie schmerzhaft es ist, die M\u00e4use ziehen zu lassen, auch wenn ich wei\u00df, dass sie in gute H\u00e4nde gezogen sind. \ud83d\ude41  Trotzdem, oder gerade deshalb m\u00f6chte ich allen neuen Kr\u00fcmelhaltern sagen; DANKE f\u00fcr euer Vertrauen in meine Zuchtst\u00e4tte, in mich und in meine Kr\u00fcmel.  Daher w\u00fcnsche ich mir einen lebenslangen Kontakt zu euch und euren neuen Wegbegleitern, meinen ehemaligen Kr\u00fcmeln.  \ud83d\ude42 Bitte wendet euch jederzeit bei allen Fragen die ihr habt an mich, werde immer versuchen hilfreich an eurer Seite zu stehen.  Liebe Gr\u00fc\u00dfe eure Z\u00fcchterin Susanne<\/strong><\/p>\n\n\n\n<p><strong>09.09.2022 <\/strong> Als 10. und letzter Kr\u00fcmel ist dann auch Koko Richtung  Br\u00fchl ausgezogen, wir durften noch eine Stunde alleine auf ihr Frauchen und Herrchen warten. Was wir beide sehr genossen haben. \ud83d\ude42<\/p>\n\n\n\n<figure class=\"wp-block-image size-large\"><a href=\"https:\/\/collies-vom-floersbachtal.de\/cms\/wp-content\/uploads\/2022\/09\/Kokos-Auszug1.jpg\"><img loading=\"lazy\" decoding=\"async\" width=\"565\" height=\"1024\" src=\"https:\/\/collies-vom-floersbachtal.de\/cms\/wp-content\/uploads\/2022\/09\/Kokos-Auszug1-565x1024.jpg\" alt=\"\" class=\"wp-image-36946\" srcset=\"https:\/\/collies-vom-floersbachtal.de\/cms\/wp-content\/uploads\/2022\/09\/Kokos-Auszug1-565x1024.jpg 565w, https:\/\/collies-vom-floersbachtal.de\/cms\/wp-content\/uploads\/2022\/09\/Kokos-Auszug1-165x300.jpg 165w, https:\/\/collies-vom-floersbachtal.de\/cms\/wp-content\/uploads\/2022\/09\/Kokos-Auszug1-768x1392.jpg 768w, https:\/\/collies-vom-floersbachtal.de\/cms\/wp-content\/uploads\/2022\/09\/Kokos-Auszug1-847x1536.jpg 847w, https:\/\/collies-vom-floersbachtal.de\/cms\/wp-content\/uploads\/2022\/09\/Kokos-Auszug1.jpg 1000w\" sizes=\"auto, (max-width: 565px) 100vw, 565px\" \/><\/a><\/figure>\n\n\n\n<figure class=\"wp-block-gallery has-nested-images columns-default is-cropped wp-block-gallery-1 is-layout-flex wp-block-gallery-is-layout-flex\">\n<figure class=\"wp-block-image size-large\"><a href=\"https:\/\/collies-vom-floersbachtal.de\/cms\/wp-content\/uploads\/2022\/09\/Kokos-Auszug3-jpg.jpg\"><img loading=\"lazy\" decoding=\"async\" width=\"946\" height=\"1024\" data-id=\"36948\" src=\"https:\/\/collies-vom-floersbachtal.de\/cms\/wp-content\/uploads\/2022\/09\/Kokos-Auszug3-jpg-946x1024.jpg\" alt=\"\" class=\"wp-image-36948\" srcset=\"https:\/\/collies-vom-floersbachtal.de\/cms\/wp-content\/uploads\/2022\/09\/Kokos-Auszug3-jpg-946x1024.jpg 946w, https:\/\/collies-vom-floersbachtal.de\/cms\/wp-content\/uploads\/2022\/09\/Kokos-Auszug3-jpg-277x300.jpg 277w, https:\/\/collies-vom-floersbachtal.de\/cms\/wp-content\/uploads\/2022\/09\/Kokos-Auszug3-jpg-768x832.jpg 768w, https:\/\/collies-vom-floersbachtal.de\/cms\/wp-content\/uploads\/2022\/09\/Kokos-Auszug3-jpg.jpg 1000w\" sizes=\"auto, (max-width: 946px) 100vw, 946px\" \/><\/a><\/figure>\n\n\n\n<figure class=\"wp-block-image size-large\"><a href=\"https:\/\/collies-vom-floersbachtal.de\/cms\/wp-content\/uploads\/2022\/09\/Koko-wird-abgeholt1.jpg\"><img loading=\"lazy\" decoding=\"async\" width=\"1000\" height=\"1011\" data-id=\"36947\" src=\"https:\/\/collies-vom-floersbachtal.de\/cms\/wp-content\/uploads\/2022\/09\/Koko-wird-abgeholt1.jpg\" alt=\"\" class=\"wp-image-36947\" srcset=\"https:\/\/collies-vom-floersbachtal.de\/cms\/wp-content\/uploads\/2022\/09\/Koko-wird-abgeholt1.jpg 1000w, https:\/\/collies-vom-floersbachtal.de\/cms\/wp-content\/uploads\/2022\/09\/Koko-wird-abgeholt1-297x300.jpg 297w, https:\/\/collies-vom-floersbachtal.de\/cms\/wp-content\/uploads\/2022\/09\/Koko-wird-abgeholt1-768x776.jpg 768w\" sizes=\"auto, (max-width: 1000px) 100vw, 1000px\" \/><\/a><\/figure>\n\n\n\n<figure class=\"wp-block-image size-large\"><a href=\"https:\/\/collies-vom-floersbachtal.de\/cms\/wp-content\/uploads\/2022\/09\/Kokos-Auszug2.jpg\"><img loading=\"lazy\" decoding=\"async\" width=\"766\" height=\"1024\" data-id=\"36949\" src=\"https:\/\/collies-vom-floersbachtal.de\/cms\/wp-content\/uploads\/2022\/09\/Kokos-Auszug2-766x1024.jpg\" alt=\"\" class=\"wp-image-36949\" srcset=\"https:\/\/collies-vom-floersbachtal.de\/cms\/wp-content\/uploads\/2022\/09\/Kokos-Auszug2-766x1024.jpg 766w, https:\/\/collies-vom-floersbachtal.de\/cms\/wp-content\/uploads\/2022\/09\/Kokos-Auszug2-225x300.jpg 225w, https:\/\/collies-vom-floersbachtal.de\/cms\/wp-content\/uploads\/2022\/09\/Kokos-Auszug2-768x1026.jpg 768w, https:\/\/collies-vom-floersbachtal.de\/cms\/wp-content\/uploads\/2022\/09\/Kokos-Auszug2.jpg 1000w\" sizes=\"auto, (max-width: 766px) 100vw, 766px\" \/><\/a><\/figure>\n<\/figure>\n\n\n\n<p><\/p>\n\n\n\n<p><strong>09.09.2022<\/strong> Als 9. Welpe ist nun Kinari ausgezogen, es war schon ziemlich emotional, als ich die beiden letzten Kr\u00fcmel so vereint in ihrem K\u00f6rbchen liegen sah \ud83d\ude41 (siehe Kinaris Nachzucht Seite) die kleine Maus wird mal in Offenbach und mal im Fl\u00f6rsbachtal wohnen, was mich nat\u00fcrlich sehr freut. \ud83d\ude42<\/p>\n\n\n\n<figure class=\"wp-block-image size-large\"><a href=\"https:\/\/collies-vom-floersbachtal.de\/cms\/wp-content\/uploads\/2022\/09\/Kinari2-Auszug.jpg\"><img loading=\"lazy\" decoding=\"async\" width=\"881\" height=\"1024\" src=\"https:\/\/collies-vom-floersbachtal.de\/cms\/wp-content\/uploads\/2022\/09\/Kinari2-Auszug-881x1024.jpg\" alt=\"\" class=\"wp-image-36944\" srcset=\"https:\/\/collies-vom-floersbachtal.de\/cms\/wp-content\/uploads\/2022\/09\/Kinari2-Auszug-881x1024.jpg 881w, https:\/\/collies-vom-floersbachtal.de\/cms\/wp-content\/uploads\/2022\/09\/Kinari2-Auszug-258x300.jpg 258w, https:\/\/collies-vom-floersbachtal.de\/cms\/wp-content\/uploads\/2022\/09\/Kinari2-Auszug-768x892.jpg 768w, https:\/\/collies-vom-floersbachtal.de\/cms\/wp-content\/uploads\/2022\/09\/Kinari2-Auszug.jpg 1000w\" sizes=\"auto, (max-width: 881px) 100vw, 881px\" \/><\/a><\/figure>\n\n\n\n<figure class=\"wp-block-gallery has-nested-images columns-default is-cropped wp-block-gallery-2 is-layout-flex wp-block-gallery-is-layout-flex\">\n<figure class=\"wp-block-image size-large\"><a href=\"https:\/\/collies-vom-floersbachtal.de\/cms\/wp-content\/uploads\/2022\/09\/Kinari3-wird-abgeholt.jpg\"><img loading=\"lazy\" decoding=\"async\" width=\"577\" height=\"1024\" data-id=\"36952\" src=\"https:\/\/collies-vom-floersbachtal.de\/cms\/wp-content\/uploads\/2022\/09\/Kinari3-wird-abgeholt-577x1024.jpg\" alt=\"\" class=\"wp-image-36952\" srcset=\"https:\/\/collies-vom-floersbachtal.de\/cms\/wp-content\/uploads\/2022\/09\/Kinari3-wird-abgeholt-577x1024.jpg 577w, https:\/\/collies-vom-floersbachtal.de\/cms\/wp-content\/uploads\/2022\/09\/Kinari3-wird-abgeholt-169x300.jpg 169w, https:\/\/collies-vom-floersbachtal.de\/cms\/wp-content\/uploads\/2022\/09\/Kinari3-wird-abgeholt-768x1364.jpg 768w, https:\/\/collies-vom-floersbachtal.de\/cms\/wp-content\/uploads\/2022\/09\/Kinari3-wird-abgeholt-865x1536.jpg 865w, https:\/\/collies-vom-floersbachtal.de\/cms\/wp-content\/uploads\/2022\/09\/Kinari3-wird-abgeholt.jpg 1000w\" sizes=\"auto, (max-width: 577px) 100vw, 577px\" \/><\/a><\/figure>\n\n\n\n<figure class=\"wp-block-image size-large\"><a href=\"https:\/\/collies-vom-floersbachtal.de\/cms\/wp-content\/uploads\/2022\/09\/Kinari1-Auszug.jpg\"><img loading=\"lazy\" decoding=\"async\" width=\"1000\" height=\"563\" data-id=\"36950\" src=\"https:\/\/collies-vom-floersbachtal.de\/cms\/wp-content\/uploads\/2022\/09\/Kinari1-Auszug.jpg\" alt=\"\" class=\"wp-image-36950\" srcset=\"https:\/\/collies-vom-floersbachtal.de\/cms\/wp-content\/uploads\/2022\/09\/Kinari1-Auszug.jpg 1000w, https:\/\/collies-vom-floersbachtal.de\/cms\/wp-content\/uploads\/2022\/09\/Kinari1-Auszug-300x169.jpg 300w, https:\/\/collies-vom-floersbachtal.de\/cms\/wp-content\/uploads\/2022\/09\/Kinari1-Auszug-768x432.jpg 768w\" sizes=\"auto, (max-width: 1000px) 100vw, 1000px\" \/><\/a><\/figure>\n\n\n\n<figure class=\"wp-block-image size-large\"><a href=\"https:\/\/collies-vom-floersbachtal.de\/cms\/wp-content\/uploads\/2022\/09\/Kinari1-wird-abgeholt.jpg\"><img loading=\"lazy\" decoding=\"async\" width=\"577\" height=\"1024\" data-id=\"36953\" src=\"https:\/\/collies-vom-floersbachtal.de\/cms\/wp-content\/uploads\/2022\/09\/Kinari1-wird-abgeholt-577x1024.jpg\" alt=\"\" class=\"wp-image-36953\" srcset=\"https:\/\/collies-vom-floersbachtal.de\/cms\/wp-content\/uploads\/2022\/09\/Kinari1-wird-abgeholt-577x1024.jpg 577w, https:\/\/collies-vom-floersbachtal.de\/cms\/wp-content\/uploads\/2022\/09\/Kinari1-wird-abgeholt-169x300.jpg 169w, https:\/\/collies-vom-floersbachtal.de\/cms\/wp-content\/uploads\/2022\/09\/Kinari1-wird-abgeholt-768x1364.jpg 768w, https:\/\/collies-vom-floersbachtal.de\/cms\/wp-content\/uploads\/2022\/09\/Kinari1-wird-abgeholt-865x1536.jpg 865w, https:\/\/collies-vom-floersbachtal.de\/cms\/wp-content\/uploads\/2022\/09\/Kinari1-wird-abgeholt.jpg 1000w\" sizes=\"auto, (max-width: 577px) 100vw, 577px\" \/><\/a><\/figure>\n\n\n\n<figure class=\"wp-block-image size-large\"><a href=\"https:\/\/collies-vom-floersbachtal.de\/cms\/wp-content\/uploads\/2022\/09\/Kinari2-wird-abgeholt.jpg\"><img loading=\"lazy\" decoding=\"async\" width=\"577\" height=\"1024\" data-id=\"36951\" src=\"https:\/\/collies-vom-floersbachtal.de\/cms\/wp-content\/uploads\/2022\/09\/Kinari2-wird-abgeholt-577x1024.jpg\" alt=\"\" class=\"wp-image-36951\" srcset=\"https:\/\/collies-vom-floersbachtal.de\/cms\/wp-content\/uploads\/2022\/09\/Kinari2-wird-abgeholt-577x1024.jpg 577w, https:\/\/collies-vom-floersbachtal.de\/cms\/wp-content\/uploads\/2022\/09\/Kinari2-wird-abgeholt-169x300.jpg 169w, https:\/\/collies-vom-floersbachtal.de\/cms\/wp-content\/uploads\/2022\/09\/Kinari2-wird-abgeholt-768x1364.jpg 768w, https:\/\/collies-vom-floersbachtal.de\/cms\/wp-content\/uploads\/2022\/09\/Kinari2-wird-abgeholt-865x1536.jpg 865w, https:\/\/collies-vom-floersbachtal.de\/cms\/wp-content\/uploads\/2022\/09\/Kinari2-wird-abgeholt.jpg 1000w\" sizes=\"auto, (max-width: 577px) 100vw, 577px\" \/><\/a><\/figure>\n<\/figure>\n\n\n\n<p><strong>04.09.2022 <\/strong>Als 8. Welpe ist nun auch Kanisha  mit ihrer neuen Familie nach B\u00fcdingen gezogen. (Michl und Hanky wird es freuen, mich nat\u00fcrlich auch) \ud83d\ude00<\/p>\n\n\n\n<figure class=\"wp-block-image size-large\"><a href=\"https:\/\/collies-vom-floersbachtal.de\/cms\/wp-content\/uploads\/2022\/09\/Kanisha1-Auszug.jpg\"><img loading=\"lazy\" decoding=\"async\" width=\"640\" height=\"1024\" src=\"https:\/\/collies-vom-floersbachtal.de\/cms\/wp-content\/uploads\/2022\/09\/Kanisha1-Auszug-640x1024.jpg\" alt=\"\" class=\"wp-image-36816\" srcset=\"https:\/\/collies-vom-floersbachtal.de\/cms\/wp-content\/uploads\/2022\/09\/Kanisha1-Auszug-640x1024.jpg 640w, https:\/\/collies-vom-floersbachtal.de\/cms\/wp-content\/uploads\/2022\/09\/Kanisha1-Auszug-188x300.jpg 188w, https:\/\/collies-vom-floersbachtal.de\/cms\/wp-content\/uploads\/2022\/09\/Kanisha1-Auszug-768x1229.jpg 768w, https:\/\/collies-vom-floersbachtal.de\/cms\/wp-content\/uploads\/2022\/09\/Kanisha1-Auszug-960x1536.jpg 960w, https:\/\/collies-vom-floersbachtal.de\/cms\/wp-content\/uploads\/2022\/09\/Kanisha1-Auszug.jpg 1000w\" sizes=\"auto, (max-width: 640px) 100vw, 640px\" \/><\/a><\/figure>\n\n\n\n<p><\/p>\n\n\n\n<p><strong>04.09.2022 <\/strong> Als 7. Welpe ist heute Kacy mit ihrer Familie ins sch\u00f6ne Schwabenl\u00e4ndle gefahren. Sogar Quentin durfte mit abholen. \ud83d\ude42<\/p>\n\n\n\n<figure class=\"wp-block-gallery has-nested-images columns-default is-cropped wp-block-gallery-3 is-layout-flex wp-block-gallery-is-layout-flex\">\n<figure class=\"wp-block-image size-large\"><a href=\"https:\/\/collies-vom-floersbachtal.de\/cms\/wp-content\/uploads\/2022\/09\/Kacy-Auszug3.jpg\"><img loading=\"lazy\" decoding=\"async\" width=\"730\" height=\"1024\" data-id=\"36791\" src=\"https:\/\/collies-vom-floersbachtal.de\/cms\/wp-content\/uploads\/2022\/09\/Kacy-Auszug3-730x1024.jpg\" alt=\"\" class=\"wp-image-36791\" srcset=\"https:\/\/collies-vom-floersbachtal.de\/cms\/wp-content\/uploads\/2022\/09\/Kacy-Auszug3-730x1024.jpg 730w, https:\/\/collies-vom-floersbachtal.de\/cms\/wp-content\/uploads\/2022\/09\/Kacy-Auszug3-214x300.jpg 214w, https:\/\/collies-vom-floersbachtal.de\/cms\/wp-content\/uploads\/2022\/09\/Kacy-Auszug3-768x1078.jpg 768w, https:\/\/collies-vom-floersbachtal.de\/cms\/wp-content\/uploads\/2022\/09\/Kacy-Auszug3.jpg 1000w\" sizes=\"auto, (max-width: 730px) 100vw, 730px\" \/><\/a><\/figure>\n\n\n\n<figure class=\"wp-block-image size-large\"><a href=\"https:\/\/collies-vom-floersbachtal.de\/cms\/wp-content\/uploads\/2022\/09\/Kacy-Auszug2.jpg\"><img loading=\"lazy\" decoding=\"async\" width=\"632\" height=\"1024\" data-id=\"36790\" src=\"https:\/\/collies-vom-floersbachtal.de\/cms\/wp-content\/uploads\/2022\/09\/Kacy-Auszug2-632x1024.jpg\" alt=\"\" class=\"wp-image-36790\" srcset=\"https:\/\/collies-vom-floersbachtal.de\/cms\/wp-content\/uploads\/2022\/09\/Kacy-Auszug2-632x1024.jpg 632w, https:\/\/collies-vom-floersbachtal.de\/cms\/wp-content\/uploads\/2022\/09\/Kacy-Auszug2-185x300.jpg 185w, https:\/\/collies-vom-floersbachtal.de\/cms\/wp-content\/uploads\/2022\/09\/Kacy-Auszug2-768x1244.jpg 768w, https:\/\/collies-vom-floersbachtal.de\/cms\/wp-content\/uploads\/2022\/09\/Kacy-Auszug2-948x1536.jpg 948w, https:\/\/collies-vom-floersbachtal.de\/cms\/wp-content\/uploads\/2022\/09\/Kacy-Auszug2.jpg 1000w\" sizes=\"auto, (max-width: 632px) 100vw, 632px\" \/><\/a><\/figure>\n<\/figure>\n\n\n\n<figure class=\"wp-block-image size-full\"><a href=\"https:\/\/collies-vom-floersbachtal.de\/cms\/wp-content\/uploads\/2022\/09\/Kacy-Auszug4.jpg\"><img loading=\"lazy\" decoding=\"async\" width=\"1000\" height=\"902\" src=\"https:\/\/collies-vom-floersbachtal.de\/cms\/wp-content\/uploads\/2022\/09\/Kacy-Auszug4.jpg\" alt=\"\" class=\"wp-image-36792\" srcset=\"https:\/\/collies-vom-floersbachtal.de\/cms\/wp-content\/uploads\/2022\/09\/Kacy-Auszug4.jpg 1000w, https:\/\/collies-vom-floersbachtal.de\/cms\/wp-content\/uploads\/2022\/09\/Kacy-Auszug4-300x271.jpg 300w, https:\/\/collies-vom-floersbachtal.de\/cms\/wp-content\/uploads\/2022\/09\/Kacy-Auszug4-768x693.jpg 768w\" sizes=\"auto, (max-width: 1000px) 100vw, 1000px\" \/><\/a><\/figure>\n\n\n\n<p><\/p>\n\n\n\n<p><strong>03.09.2022 <\/strong>Als 6. und damit letzter Welpe f\u00fcr heute ist Kira in meine alte Heimatstadt Wolfenb\u00fcttel gezogen.  Genau wie bei den anderen hat hier auch dank nettem Welpensitter Beifahrer alles sehr gut geklappt und beide sind gl\u00fccklich Zuhause gelandet.<\/p>\n\n\n\n<figure class=\"wp-block-gallery has-nested-images columns-default is-cropped wp-block-gallery-4 is-layout-flex wp-block-gallery-is-layout-flex\">\n<figure class=\"wp-block-image size-large\"><a href=\"https:\/\/collies-vom-floersbachtal.de\/cms\/wp-content\/uploads\/2022\/09\/Kira1-Auszug.jpg\"><img loading=\"lazy\" decoding=\"async\" width=\"854\" height=\"1024\" data-id=\"36736\" src=\"https:\/\/collies-vom-floersbachtal.de\/cms\/wp-content\/uploads\/2022\/09\/Kira1-Auszug-854x1024.jpg\" alt=\"\" class=\"wp-image-36736\" srcset=\"https:\/\/collies-vom-floersbachtal.de\/cms\/wp-content\/uploads\/2022\/09\/Kira1-Auszug-854x1024.jpg 854w, https:\/\/collies-vom-floersbachtal.de\/cms\/wp-content\/uploads\/2022\/09\/Kira1-Auszug-250x300.jpg 250w, https:\/\/collies-vom-floersbachtal.de\/cms\/wp-content\/uploads\/2022\/09\/Kira1-Auszug-768x921.jpg 768w, https:\/\/collies-vom-floersbachtal.de\/cms\/wp-content\/uploads\/2022\/09\/Kira1-Auszug.jpg 1000w\" sizes=\"auto, (max-width: 854px) 100vw, 854px\" \/><\/a><\/figure>\n<\/figure>\n\n\n\n<p><\/p>\n\n\n\n<p><strong>03.09.2022<\/strong> Als 5. Welpe mit dem weit entferntestem Wohnort ist dann <strong>King Snow &#8211; Gandy<\/strong> in den Spreewald zu Dani und ihrer Collie \/ Sheltiezucht gezogen, dort erwartet ihn schon sehns\u00fcchtig meine  Nachzucht aus dem F-Wurf <strong>Forever Leandra-Masha<\/strong>.  Auch hier ist alles gut gegangen und er wurde vom Rest der Familie sehr liebevoll begr\u00fc\u00dft. \ud83d\ude42<\/p>\n\n\n\n<figure class=\"wp-block-gallery has-nested-images columns-default is-cropped wp-block-gallery-5 is-layout-flex wp-block-gallery-is-layout-flex\">\n<figure class=\"wp-block-image size-large\"><a href=\"https:\/\/collies-vom-floersbachtal.de\/cms\/wp-content\/uploads\/2022\/09\/Snow1-Auszug.jpg\"><img loading=\"lazy\" decoding=\"async\" width=\"1000\" height=\"951\" data-id=\"36738\" src=\"https:\/\/collies-vom-floersbachtal.de\/cms\/wp-content\/uploads\/2022\/09\/Snow1-Auszug.jpg\" alt=\"\" class=\"wp-image-36738\" srcset=\"https:\/\/collies-vom-floersbachtal.de\/cms\/wp-content\/uploads\/2022\/09\/Snow1-Auszug.jpg 1000w, https:\/\/collies-vom-floersbachtal.de\/cms\/wp-content\/uploads\/2022\/09\/Snow1-Auszug-300x285.jpg 300w, https:\/\/collies-vom-floersbachtal.de\/cms\/wp-content\/uploads\/2022\/09\/Snow1-Auszug-768x730.jpg 768w\" sizes=\"auto, (max-width: 1000px) 100vw, 1000px\" \/><\/a><\/figure>\n<\/figure>\n\n\n\n<p><\/p>\n\n\n\n<p><strong>03.09.2022 <\/strong>Als 4. Welpe ist heute<strong> Kaya<\/strong> von ihrer Familie abgeholt wurden, es war wirklich ein sehr emotionaler Moment, da auch ein wenig mein Coby mit ging. Sie wird jetzt im wundersch\u00f6nen Kn\u00fcllwald leben. <\/p>\n\n\n\n<figure class=\"wp-block-gallery has-nested-images columns-default is-cropped wp-block-gallery-6 is-layout-flex wp-block-gallery-is-layout-flex\">\n<figure class=\"wp-block-image size-large\"><a href=\"https:\/\/collies-vom-floersbachtal.de\/cms\/wp-content\/uploads\/2022\/09\/Kaya-Auszug1.jpg\"><img loading=\"lazy\" decoding=\"async\" width=\"763\" height=\"1024\" data-id=\"36739\" src=\"https:\/\/collies-vom-floersbachtal.de\/cms\/wp-content\/uploads\/2022\/09\/Kaya-Auszug1-763x1024.jpg\" alt=\"\" class=\"wp-image-36739\" srcset=\"https:\/\/collies-vom-floersbachtal.de\/cms\/wp-content\/uploads\/2022\/09\/Kaya-Auszug1-763x1024.jpg 763w, https:\/\/collies-vom-floersbachtal.de\/cms\/wp-content\/uploads\/2022\/09\/Kaya-Auszug1-224x300.jpg 224w, https:\/\/collies-vom-floersbachtal.de\/cms\/wp-content\/uploads\/2022\/09\/Kaya-Auszug1-768x1031.jpg 768w, https:\/\/collies-vom-floersbachtal.de\/cms\/wp-content\/uploads\/2022\/09\/Kaya-Auszug1.jpg 1000w\" sizes=\"auto, (max-width: 763px) 100vw, 763px\" \/><\/a><\/figure>\n<\/figure>\n\n\n\n<p><\/p>\n\n\n\n<p><strong>01.09.2022 <\/strong>Als 3. und f\u00fcr heut letzter Bub ist <strong>Kowi &#8211; Keanu<\/strong> mit seinen neuen Besitzer Richtung Sprockh\u00f6vel gezogen.<\/p>\n\n\n\n<figure class=\"wp-block-gallery has-nested-images columns-default is-cropped wp-block-gallery-7 is-layout-flex wp-block-gallery-is-layout-flex\">\n<figure class=\"wp-block-image size-large\"><a href=\"https:\/\/collies-vom-floersbachtal.de\/cms\/wp-content\/uploads\/2022\/09\/Kowi2-wird-abgeholt-01.09.22.jpg\"><img loading=\"lazy\" decoding=\"async\" width=\"721\" height=\"1024\" data-id=\"36625\" src=\"https:\/\/collies-vom-floersbachtal.de\/cms\/wp-content\/uploads\/2022\/09\/Kowi2-wird-abgeholt-01.09.22-721x1024.jpg\" alt=\"\" class=\"wp-image-36625\" srcset=\"https:\/\/collies-vom-floersbachtal.de\/cms\/wp-content\/uploads\/2022\/09\/Kowi2-wird-abgeholt-01.09.22-721x1024.jpg 721w, https:\/\/collies-vom-floersbachtal.de\/cms\/wp-content\/uploads\/2022\/09\/Kowi2-wird-abgeholt-01.09.22-211x300.jpg 211w, https:\/\/collies-vom-floersbachtal.de\/cms\/wp-content\/uploads\/2022\/09\/Kowi2-wird-abgeholt-01.09.22-768x1091.jpg 768w, https:\/\/collies-vom-floersbachtal.de\/cms\/wp-content\/uploads\/2022\/09\/Kowi2-wird-abgeholt-01.09.22.jpg 1000w\" sizes=\"auto, (max-width: 721px) 100vw, 721px\" \/><\/a><\/figure>\n\n\n\n<figure class=\"wp-block-image size-large\"><a href=\"https:\/\/collies-vom-floersbachtal.de\/cms\/wp-content\/uploads\/2022\/09\/Kowi1-wird-abgeholt-01.09.22.jpg\"><img loading=\"lazy\" decoding=\"async\" width=\"901\" height=\"1024\" data-id=\"36624\" src=\"https:\/\/collies-vom-floersbachtal.de\/cms\/wp-content\/uploads\/2022\/09\/Kowi1-wird-abgeholt-01.09.22-901x1024.jpg\" alt=\"\" class=\"wp-image-36624\" srcset=\"https:\/\/collies-vom-floersbachtal.de\/cms\/wp-content\/uploads\/2022\/09\/Kowi1-wird-abgeholt-01.09.22-901x1024.jpg 901w, https:\/\/collies-vom-floersbachtal.de\/cms\/wp-content\/uploads\/2022\/09\/Kowi1-wird-abgeholt-01.09.22-264x300.jpg 264w, https:\/\/collies-vom-floersbachtal.de\/cms\/wp-content\/uploads\/2022\/09\/Kowi1-wird-abgeholt-01.09.22-768x873.jpg 768w, https:\/\/collies-vom-floersbachtal.de\/cms\/wp-content\/uploads\/2022\/09\/Kowi1-wird-abgeholt-01.09.22.jpg 1000w\" sizes=\"auto, (max-width: 901px) 100vw, 901px\" \/><\/a><\/figure>\n<\/figure>\n\n\n\n<p><\/p>\n\n\n\n<p><strong>01.09.2022<\/strong> Als 2. Welpe ist <strong>Krystal Louis<\/strong> ausgezogen, zum Gl\u00fcck nicht so weit, er wohnt jetzt in Gelnhausen. Die Autofahrt hat super entspannt geklappt. Und das Mittagbrot hat auch geschmeckt, obwohl Herrchen ihn wecken mu\u00dfte. \ud83d\ude42<\/p>\n\n\n\n<figure class=\"wp-block-image size-large\"><a href=\"https:\/\/collies-vom-floersbachtal.de\/cms\/wp-content\/uploads\/2022\/09\/Louis1-wird-abgeholt-01.09.22.jpg\"><img loading=\"lazy\" decoding=\"async\" width=\"482\" height=\"1024\" src=\"https:\/\/collies-vom-floersbachtal.de\/cms\/wp-content\/uploads\/2022\/09\/Louis1-wird-abgeholt-01.09.22-482x1024.jpg\" alt=\"\" class=\"wp-image-36620\" srcset=\"https:\/\/collies-vom-floersbachtal.de\/cms\/wp-content\/uploads\/2022\/09\/Louis1-wird-abgeholt-01.09.22-482x1024.jpg 482w, https:\/\/collies-vom-floersbachtal.de\/cms\/wp-content\/uploads\/2022\/09\/Louis1-wird-abgeholt-01.09.22-141x300.jpg 141w, https:\/\/collies-vom-floersbachtal.de\/cms\/wp-content\/uploads\/2022\/09\/Louis1-wird-abgeholt-01.09.22-768x1632.jpg 768w, https:\/\/collies-vom-floersbachtal.de\/cms\/wp-content\/uploads\/2022\/09\/Louis1-wird-abgeholt-01.09.22-723x1536.jpg 723w, https:\/\/collies-vom-floersbachtal.de\/cms\/wp-content\/uploads\/2022\/09\/Louis1-wird-abgeholt-01.09.22-964x2048.jpg 964w, https:\/\/collies-vom-floersbachtal.de\/cms\/wp-content\/uploads\/2022\/09\/Louis1-wird-abgeholt-01.09.22.jpg 1000w\" sizes=\"auto, (max-width: 482px) 100vw, 482px\" \/><\/a><\/figure>\n\n\n\n<p><\/p>\n\n\n\n<p><strong>01.09.2022 <\/strong>Als 1. Welpe hat mich heute <strong>Kenai, jetzt Easy<\/strong> mit seinen neuen Besitzer verlassen, es zieht in die N\u00e4he von K\u00f6ln und wird sich schon auf 2 kleine Kids freuen d\u00fcrfen. Die R\u00fcckfahrt war auch sehr entspannt und Daheim gabs dann erst mal was zu Futtern. \ud83d\ude42<\/p>\n\n\n\n<figure class=\"wp-block-gallery has-nested-images columns-default is-cropped wp-block-gallery-8 is-layout-flex wp-block-gallery-is-layout-flex\">\n<figure class=\"wp-block-image size-large\"><a href=\"https:\/\/collies-vom-floersbachtal.de\/cms\/wp-content\/uploads\/2022\/09\/Kenai2-wurde-abgeholt-01.09.22.jpg\"><img loading=\"lazy\" decoding=\"async\" width=\"737\" height=\"1024\" data-id=\"36618\" src=\"https:\/\/collies-vom-floersbachtal.de\/cms\/wp-content\/uploads\/2022\/09\/Kenai2-wurde-abgeholt-01.09.22-737x1024.jpg\" alt=\"\" class=\"wp-image-36618\" srcset=\"https:\/\/collies-vom-floersbachtal.de\/cms\/wp-content\/uploads\/2022\/09\/Kenai2-wurde-abgeholt-01.09.22-737x1024.jpg 737w, https:\/\/collies-vom-floersbachtal.de\/cms\/wp-content\/uploads\/2022\/09\/Kenai2-wurde-abgeholt-01.09.22-216x300.jpg 216w, https:\/\/collies-vom-floersbachtal.de\/cms\/wp-content\/uploads\/2022\/09\/Kenai2-wurde-abgeholt-01.09.22-768x1067.jpg 768w, https:\/\/collies-vom-floersbachtal.de\/cms\/wp-content\/uploads\/2022\/09\/Kenai2-wurde-abgeholt-01.09.22.jpg 1000w\" sizes=\"auto, (max-width: 737px) 100vw, 737px\" \/><\/a><\/figure>\n\n\n\n<figure class=\"wp-block-image size-large\"><a href=\"https:\/\/collies-vom-floersbachtal.de\/cms\/wp-content\/uploads\/2022\/09\/Kenai1-jetzt-Easy-wurde-abgeholt-01.09.22.jpg\"><img loading=\"lazy\" decoding=\"async\" width=\"806\" height=\"1024\" data-id=\"36617\" src=\"https:\/\/collies-vom-floersbachtal.de\/cms\/wp-content\/uploads\/2022\/09\/Kenai1-jetzt-Easy-wurde-abgeholt-01.09.22-806x1024.jpg\" alt=\"\" class=\"wp-image-36617\" srcset=\"https:\/\/collies-vom-floersbachtal.de\/cms\/wp-content\/uploads\/2022\/09\/Kenai1-jetzt-Easy-wurde-abgeholt-01.09.22-806x1024.jpg 806w, https:\/\/collies-vom-floersbachtal.de\/cms\/wp-content\/uploads\/2022\/09\/Kenai1-jetzt-Easy-wurde-abgeholt-01.09.22-236x300.jpg 236w, https:\/\/collies-vom-floersbachtal.de\/cms\/wp-content\/uploads\/2022\/09\/Kenai1-jetzt-Easy-wurde-abgeholt-01.09.22-768x976.jpg 768w, https:\/\/collies-vom-floersbachtal.de\/cms\/wp-content\/uploads\/2022\/09\/Kenai1-jetzt-Easy-wurde-abgeholt-01.09.22.jpg 1000w\" sizes=\"auto, (max-width: 806px) 100vw, 806px\" \/><\/a><\/figure>\n<\/figure>\n","protected":false},"excerpt":{"rendered":"<p>Ach Manno, ich hatte ganz vergessen wie schmerzhaft es ist, die M\u00e4use ziehen zu lassen, auch wenn ich wei\u00df, dass sie in gute H\u00e4nde gezogen sind. \ud83d\ude41 Trotzdem, oder gerade deshalb m\u00f6chte ich allen neuen Kr\u00fcmelhaltern sagen; DANKE f\u00fcr euer &hellip; <a href=\"https:\/\/collies-vom-floersbachtal.de\/?page_id=36097\">Weiterlesen <span class=\"meta-nav\">&rarr;<\/span><\/a><\/p>\n","protected":false},"author":1,"featured_media":0,"parent":0,"menu_order":0,"comment_status":"closed","ping_status":"closed","template":"","meta":{"footnotes":""},"class_list":["post-36097","page","type-page","status-publish","hentry"],"_links":{"self":[{"href":"https:\/\/collies-vom-floersbachtal.de\/index.php?rest_route=\/wp\/v2\/pages\/36097","targetHints":{"allow":["GET"]}}],"collection":[{"href":"https:\/\/collies-vom-floersbachtal.de\/index.php?rest_route=\/wp\/v2\/pages"}],"about":[{"href":"https:\/\/collies-vom-floersbachtal.de\/index.php?rest_route=\/wp\/v2\/types\/page"}],"author":[{"embeddable":true,"href":"https:\/\/collies-vom-floersbachtal.de\/index.php?rest_route=\/wp\/v2\/users\/1"}],"replies":[{"embeddable":true,"href":"https:\/\/collies-vom-floersbachtal.de\/index.php?rest_route=%2Fwp%2Fv2%2Fcomments&post=36097"}],"version-history":[{"count":20,"href":"https:\/\/collies-vom-floersbachtal.de\/index.php?rest_route=\/wp\/v2\/pages\/36097\/revisions"}],"predecessor-version":[{"id":37246,"href":"https:\/\/collies-vom-floersbachtal.de\/index.php?rest_route=\/wp\/v2\/pages\/36097\/revisions\/37246"}],"wp:attachment":[{"href":"https:\/\/collies-vom-floersbachtal.de\/index.php?rest_route=%2Fwp%2Fv2%2Fmedia&parent=36097"}],"curies":[{"name":"wp","href":"https:\/\/api.w.org\/{rel}","templated":true}]}}