{"id":35,"date":"2011-11-09T11:44:22","date_gmt":"2011-11-09T11:44:22","guid":{"rendered":"http:\/\/cvf.itprojekte.pro\/?page_id=35"},"modified":"2025-12-09T11:11:30","modified_gmt":"2025-12-09T11:11:30","slug":"links","status":"publish","type":"page","link":"https:\/\/collies-vom-floersbachtal.de\/?page_id=35","title":{"rendered":"Links"},"content":{"rendered":"\n<h1 class=\"wp-block-heading has-normal-font-size\"><\/h1>\n\n\n\n<h1 class=\"wp-block-heading\"><strong>Wir f\u00fcttern Barfcomplete Futter von verschiedenen Barffutterh\u00e4ndlern<\/strong><\/h1>\n\n\n\n<h1 class=\"wp-block-heading has-normal-font-size\"><strong>Unsere Nachzuchten<\/strong> <strong>in ihrem neuen Zuhause:<\/strong><\/h1>\n\n\n\n<p><strong>Hier lebt Eloy (Askan) vom Fl\u00f6rsbachtal <span style=\"color: #ff0000;\">(Deckr\u00fcde)<\/span> Zwinger &#8222;of Shining Gold&#8220;<\/strong><\/p>\n\n\n\n<figure class=\"wp-block-image size-full\"><a href=\"https:\/\/collies-vom-floersbachtal.de\/cms\/wp-content\/uploads\/2025\/07\/Eloy2-Feb.17.jpg\"><img loading=\"lazy\" decoding=\"async\" width=\"800\" height=\"578\" src=\"https:\/\/collies-vom-floersbachtal.de\/cms\/wp-content\/uploads\/2025\/07\/Eloy2-Feb.17.jpg\" alt=\"\" class=\"wp-image-51041\" srcset=\"https:\/\/collies-vom-floersbachtal.de\/cms\/wp-content\/uploads\/2025\/07\/Eloy2-Feb.17.jpg 800w, https:\/\/collies-vom-floersbachtal.de\/cms\/wp-content\/uploads\/2025\/07\/Eloy2-Feb.17-300x217.jpg 300w, https:\/\/collies-vom-floersbachtal.de\/cms\/wp-content\/uploads\/2025\/07\/Eloy2-Feb.17-768x555.jpg 768w\" sizes=\"auto, (max-width: 800px) 100vw, 800px\" \/><\/a><\/figure>\n\n\n\n<h1 class=\"wp-block-heading has-normal-font-size\"><strong>Hier lebt unser Capone vom Fl\u00f6rsbachtal <span style=\"color: #ff0000;\">(Deckr\u00fcde)<\/span><\/strong><\/h1>\n\n\n\n<figure class=\"wp-block-image size-large\"><a href=\"https:\/\/collies-vom-floersbachtal.de\/cms\/wp-content\/uploads\/2025\/07\/Capone1-Nov.24.jpg\"><img loading=\"lazy\" decoding=\"async\" width=\"750\" height=\"1024\" src=\"https:\/\/collies-vom-floersbachtal.de\/cms\/wp-content\/uploads\/2025\/07\/Capone1-Nov.24-750x1024.jpg\" alt=\"\" class=\"wp-image-51043\" srcset=\"https:\/\/collies-vom-floersbachtal.de\/cms\/wp-content\/uploads\/2025\/07\/Capone1-Nov.24-750x1024.jpg 750w, https:\/\/collies-vom-floersbachtal.de\/cms\/wp-content\/uploads\/2025\/07\/Capone1-Nov.24-220x300.jpg 220w, https:\/\/collies-vom-floersbachtal.de\/cms\/wp-content\/uploads\/2025\/07\/Capone1-Nov.24-768x1049.jpg 768w, https:\/\/collies-vom-floersbachtal.de\/cms\/wp-content\/uploads\/2025\/07\/Capone1-Nov.24.jpg 1079w\" sizes=\"auto, (max-width: 750px) 100vw, 750px\" \/><\/a><\/figure>\n\n\n\n<h1 class=\"wp-block-heading has-normal-font-size\">WICHTIG<br>Mit dem Urteil vom 12. Mai 1998, &#8222;Haftung f\u00fcr Links&#8220; hat das Landgericht Hamburg entschieden, dass man durch das Einf\u00fcgen eines Links, die Inhalte der verlinkten Seite gegebenenfalls mit zu verantworten hat. Das kann nur dadurch verhindert werden, in dem man sich ausdr\u00fccklich von diesen Seiten distanziert.<br>Wir distanzieren uns hiermit ausdr\u00fccklich von s\u00e4mtlichen Inhalten aller verlinkten Seiten auf unserer Homepage, ferner erkl\u00e4ren wir, dass wir keinerlei Einfluss auf die Gestaltung und Inhalte haben!<\/h1>\n\n\n\n<p>Falls wir hier irgendein Copyright verletzt haben oder einen Link gesetzt haben, den wir nicht d\u00fcrfen. Schickt uns eine Mail und wir werden dieses dann sofort von unserer Seite nehmen!<\/p>\n","protected":false},"excerpt":{"rendered":"<p>Wir f\u00fcttern Barfcomplete Futter von verschiedenen Barffutterh\u00e4ndlern Unsere Nachzuchten in ihrem neuen Zuhause: Hier lebt Eloy (Askan) vom Fl\u00f6rsbachtal (Deckr\u00fcde) Zwinger &#8222;of Shining Gold&#8220; Hier lebt unser Capone vom Fl\u00f6rsbachtal (Deckr\u00fcde) WICHTIGMit dem Urteil vom 12. Mai 1998, &#8222;Haftung f\u00fcr &hellip; <a href=\"https:\/\/collies-vom-floersbachtal.de\/?page_id=35\">Weiterlesen <span class=\"meta-nav\">&rarr;<\/span><\/a><\/p>\n","protected":false},"author":1,"featured_media":0,"parent":7,"menu_order":3,"comment_status":"open","ping_status":"open","template":"","meta":{"footnotes":""},"class_list":["post-35","page","type-page","status-publish","hentry"],"_links":{"self":[{"href":"https:\/\/collies-vom-floersbachtal.de\/index.php?rest_route=\/wp\/v2\/pages\/35","targetHints":{"allow":["GET"]}}],"collection":[{"href":"https:\/\/collies-vom-floersbachtal.de\/index.php?rest_route=\/wp\/v2\/pages"}],"about":[{"href":"https:\/\/collies-vom-floersbachtal.de\/index.php?rest_route=\/wp\/v2\/types\/page"}],"author":[{"embeddable":true,"href":"https:\/\/collies-vom-floersbachtal.de\/index.php?rest_route=\/wp\/v2\/users\/1"}],"replies":[{"embeddable":true,"href":"https:\/\/collies-vom-floersbachtal.de\/index.php?rest_route=%2Fwp%2Fv2%2Fcomments&post=35"}],"version-history":[{"count":370,"href":"https:\/\/collies-vom-floersbachtal.de\/index.php?rest_route=\/wp\/v2\/pages\/35\/revisions"}],"predecessor-version":[{"id":53623,"href":"https:\/\/collies-vom-floersbachtal.de\/index.php?rest_route=\/wp\/v2\/pages\/35\/revisions\/53623"}],"up":[{"embeddable":true,"href":"https:\/\/collies-vom-floersbachtal.de\/index.php?rest_route=\/wp\/v2\/pages\/7"}],"wp:attachment":[{"href":"https:\/\/collies-vom-floersbachtal.de\/index.php?rest_route=%2Fwp%2Fv2%2Fmedia&parent=35"}],"curies":[{"name":"wp","href":"https:\/\/api.w.org\/{rel}","templated":true}]}}