{"id":34985,"date":"2022-04-16T12:50:06","date_gmt":"2022-04-16T12:50:06","guid":{"rendered":"https:\/\/collies-vom-floersbachtal.de\/?page_id=34985"},"modified":"2022-04-16T12:50:06","modified_gmt":"2022-04-16T12:50:06","slug":"buerstentraining-beim-welpen","status":"publish","type":"page","link":"https:\/\/collies-vom-floersbachtal.de\/?page_id=34985","title":{"rendered":"B\u00fcrstentraining beim Welpen"},"content":{"rendered":"\n<p><strong>B\u00fcrstentraining beim Welpen!!!<\/strong><\/p>\n\n\n\n<p>Mir erscheint es sehr wichtig, dieses Thema noch einmal aufzugreifen, denn ich beobachte immer wieder das die Welpenk\u00e4ufer, das gerne etwas schleifen lassen, oder weil es ein wenig&nbsp; hier und da ziept und der Welpe sich dagegen wehrt,<\/p>\n\n\n\n<p>wird mit dem B\u00fcrsten gerne ganz schnell wieder aufgeh\u00f6rt. Ein vertaler Fehler!!!\ud83d\ude15<\/p>\n\n\n\n<p>Aber es ist sehr wichtig, gerade JETZT weiter zu machen, denn ansonsten merkt sich der Kleine , oh sobald ich meinen Unwillen \u00e4u\u00dfere, h\u00f6rt Herrchen\/Frauchen auf.<br><\/p>\n\n\n\n<p>Eben nicht, was, wenn man im Welpenalter sich schon nicht durchsetzt,&nbsp; es sp\u00e4ter noch viel unangenehmer werden kann wird. Die Haare sind l\u00e4nger es ziept noch \u00f6fter und das Gebiss eures inzwischen erw. Collies ist jetzt noch aussagekr\u00e4ftiger\ud83d\ude09<br><\/p>\n\n\n\n<p>Hei\u00dft jetzt wird die ganze Sache doch recht schmerzhaft.<br><\/p>\n\n\n\n<p><strong>Daher wichtig: Immer weiter machen, sich nicht einsch\u00fcchtern lassen. Und der Hund merkt, es geht kein Weg drumherum und er l\u00e4\u00dft das Theater.<\/strong><br><\/p>\n\n\n\n<p>Hier noch die von mir verwendeten B\u00fcrsten:<\/p>\n\n\n\n<figure class=\"wp-block-image size-full\"><a href=\"https:\/\/collies-vom-floersbachtal.de\/cms\/wp-content\/uploads\/2022\/04\/image.jpeg\"><img loading=\"lazy\" decoding=\"async\" width=\"1000\" height=\"667\" src=\"https:\/\/collies-vom-floersbachtal.de\/cms\/wp-content\/uploads\/2022\/04\/image.jpeg\" alt=\"\" class=\"wp-image-34986\" srcset=\"https:\/\/collies-vom-floersbachtal.de\/cms\/wp-content\/uploads\/2022\/04\/image.jpeg 1000w, https:\/\/collies-vom-floersbachtal.de\/cms\/wp-content\/uploads\/2022\/04\/image-300x200.jpeg 300w, https:\/\/collies-vom-floersbachtal.de\/cms\/wp-content\/uploads\/2022\/04\/image-768x512.jpeg 768w\" sizes=\"auto, (max-width: 1000px) 100vw, 1000px\" \/><\/a><\/figure>\n\n\n\n<p><strong>Die Erwachsenen B\u00fcrsten:<\/strong> die Activet ist als Vorb\u00fcrste und um in d\u00fcnnen Schichten das dicke Haar zu entfilzen. Danach\u00a0 dann mit den Haken durchk\u00e4mmen, erst die doppelseitige und danach die einreihige mit den langen Zacken und man kommt bis auf die Haut sch\u00f6n durch die Haare durch.<\/p>\n\n\n\n<p><strong>Die Mason Pearson<\/strong> (unten rechts) kann man f\u00fcr sehr empfindliche Collies zu aller erst nehmen, vor der Activet, oder f\u00fcr junge Collies die noch nicht so lange Haare haben.<\/p>\n\n\n\n<figure class=\"wp-block-image size-full\"><a href=\"https:\/\/collies-vom-floersbachtal.de\/cms\/wp-content\/uploads\/2022\/04\/image-1.jpeg\"><img loading=\"lazy\" decoding=\"async\" width=\"1000\" height=\"1022\" src=\"https:\/\/collies-vom-floersbachtal.de\/cms\/wp-content\/uploads\/2022\/04\/image-1.jpeg\" alt=\"\" class=\"wp-image-34987\" srcset=\"https:\/\/collies-vom-floersbachtal.de\/cms\/wp-content\/uploads\/2022\/04\/image-1.jpeg 1000w, https:\/\/collies-vom-floersbachtal.de\/cms\/wp-content\/uploads\/2022\/04\/image-1-294x300.jpeg 294w, https:\/\/collies-vom-floersbachtal.de\/cms\/wp-content\/uploads\/2022\/04\/image-1-768x785.jpeg 768w\" sizes=\"auto, (max-width: 1000px) 100vw, 1000px\" \/><\/a><\/figure>\n\n\n\n<p>Dann ben\u00f6tigt man noch eine gute Haarschneideschere und eine Effelierschere. Man sollte da nicht zu den billigsten greifen, denn man braucht sie ja doch jeden Monat und ich habe meine bereits im 11. Jahr und sie funktionieren gut.<\/p>\n\n\n\n<p>Also mutig und setzt euch durch \ud83d\ude42<\/p>\n","protected":false},"excerpt":{"rendered":"<p>B\u00fcrstentraining beim Welpen!!! Mir erscheint es sehr wichtig, dieses Thema noch einmal aufzugreifen, denn ich beobachte immer wieder das die Welpenk\u00e4ufer, das gerne etwas schleifen lassen, oder weil es ein wenig&nbsp; hier und da ziept und der Welpe sich dagegen &hellip; <a href=\"https:\/\/collies-vom-floersbachtal.de\/?page_id=34985\">Weiterlesen <span class=\"meta-nav\">&rarr;<\/span><\/a><\/p>\n","protected":false},"author":1,"featured_media":0,"parent":0,"menu_order":0,"comment_status":"closed","ping_status":"closed","template":"","meta":{"footnotes":""},"class_list":["post-34985","page","type-page","status-publish","hentry"],"_links":{"self":[{"href":"https:\/\/collies-vom-floersbachtal.de\/index.php?rest_route=\/wp\/v2\/pages\/34985","targetHints":{"allow":["GET"]}}],"collection":[{"href":"https:\/\/collies-vom-floersbachtal.de\/index.php?rest_route=\/wp\/v2\/pages"}],"about":[{"href":"https:\/\/collies-vom-floersbachtal.de\/index.php?rest_route=\/wp\/v2\/types\/page"}],"author":[{"embeddable":true,"href":"https:\/\/collies-vom-floersbachtal.de\/index.php?rest_route=\/wp\/v2\/users\/1"}],"replies":[{"embeddable":true,"href":"https:\/\/collies-vom-floersbachtal.de\/index.php?rest_route=%2Fwp%2Fv2%2Fcomments&post=34985"}],"version-history":[{"count":1,"href":"https:\/\/collies-vom-floersbachtal.de\/index.php?rest_route=\/wp\/v2\/pages\/34985\/revisions"}],"predecessor-version":[{"id":34988,"href":"https:\/\/collies-vom-floersbachtal.de\/index.php?rest_route=\/wp\/v2\/pages\/34985\/revisions\/34988"}],"wp:attachment":[{"href":"https:\/\/collies-vom-floersbachtal.de\/index.php?rest_route=%2Fwp%2Fv2%2Fmedia&parent=34985"}],"curies":[{"name":"wp","href":"https:\/\/api.w.org\/{rel}","templated":true}]}}