{"id":31,"date":"2011-11-09T11:43:42","date_gmt":"2011-11-09T11:43:42","guid":{"rendered":"http:\/\/cvf.itprojekte.pro\/?page_id=31"},"modified":"2020-01-03T11:45:34","modified_gmt":"2020-01-03T11:45:34","slug":"barfen","status":"publish","type":"page","link":"https:\/\/collies-vom-floersbachtal.de\/?page_id=31","title":{"rendered":"Barfen"},"content":{"rendered":"<h1><strong>Wurmkur Irrtum<\/strong><\/h1>\n<h3>Wer kennt es nicht: DerTierarzt empfiehlt regelm\u00e4\u00dfiges bzw. prophylaktisches Entwurmen.<\/h3>\n<p>Fakt ist leider: die Wurmkur hat KEINE prophylaktischer Wirkung!!!!!<\/p>\n<p>Was hei\u00dft das also? Ist der Hund wurmfrei und wird entwurmt, bringt sie nichts, ist v\u00f6llig unn\u00f6tig.<br \/>\nDa sie nicht ja nun auch nicht vorbeugend, sprich prophylaktisch, wirkt, kann es sein, dass sich Hund in den n\u00e4chsten Tagen W\u00fcrmer einf\u00e4ngt&#8230;. Wurmkur war also absolut sinnlos.<\/p>\n<p>Was schlie\u00dfen wir daraus? Eine Wurmkur macht erst dann Sinn (und sonst wirklich gar nicht), wenn der Hund W\u00fcrmer hat!<\/p>\n<p>Pr\u00e4ventiv empfehle ich ins Futter:<br \/>\n-t\u00e4glich Bio-Kokos\u00f6l und oder Kokosraspeln (wirken wurmwidrig)<br \/>\n-1-2 x die Woche p\u00fcrrierte Karotten und K\u00fcrbiskerne<br \/>\nt\u00e4glich eine Knoblauchzehe ins Futter reingedr\u00fcckt (m\u00f6gen Zecken nicht) oder Knoblauchgranulat<br \/>\n-Ab und an Produkte mit Fell f\u00fcttern (Rinderohren zb), diese B\u00fcrsten den Darm und verhindern das Festsetzen der W\u00fcrmer<\/p>\n<p><strong><span style=\"color: #ff0000;\">Weiter empfehle ich euch dringend:<\/span><\/strong><br \/>\n<strong><span style=\"color: #ff0000;\">!!!Keine Wurmkur ohne positiven Wurmbefund bei einer Kotuntersuchung!!!<\/span><\/strong><\/p>\n<p>Denn:<br \/>\nWurmkuren sind neurotoxische Gifte, die die W\u00fcrmer l\u00e4hmen und sie so aus dem Darm ausscheiden sollen. Selbstverst\u00e4ndlich werden diese Gifte nicht nur von den W\u00fcrmern, sondern nat\u00fcrlich auch vom Hund aufgenommen&#8230;.<\/p>\n<p>Gaaaanz langsam kommen jetzt die ein oder anderen Tier\u00e4rzte damit heraus und deuten eine Empfehlung einer vorigen Kotprobe an&#8230;.. aber es ist ja so, f\u00fcr den Tierarzt bringt ein gesunder Hund kein Geld! Wurmfreie (und gebarfte) Hunde sind nun mal schlecht f\u00fcrs Gesch\u00e4ft \u2639<\/p>\n<p><strong>Hunde Ern\u00e4hrung f\u00fcr ein gesundes Leben<\/strong><\/p>\n<p>Man braucht allerdings kein Wissenschaftler zu sein, um einen Hund richtig zu ern\u00e4hren, auch wenn uns das von der Futtermittelindustrie aus nicht uneigenn\u00fctzigen Gr\u00fcnden immer wieder suggeriert wird. Im Gegenteil: Lassen Sie ihren gesunden Menschenverstand sprechen, dann werden Sie sehen, wie einfach es ist, f\u00fcr gute Gesundheit beim Hund zu sorgen.<br \/>\nJeder wei\u00df, dass der Hund vom Wolf abstammt und dass dieser sich haupts\u00e4chlich von Planzen fressenden Beutetieren ern\u00e4hrt. Auch wenn der Haushund sich optisch zum Teil sehr vom Wolf entfernt hat, so besitzt er doch sein Verdauungssystem. Dieses ist dementsprechend optimal an die Bestandteile von Beutetieren angepasst: Rohes Fleisch, Knochen, Innereien, und zu einem geringeren Teil auch Pflanzen, die der Wolf\/Hund durch den Verzehr des Magen-Darm-Inhaltes der Beutetiere zu sich nimmt.<br \/>\nVerdauungssystem von Hunden sehr empfindlich<\/p>\n<p>Unser gesunder Menschenverstand sagt uns auch, dass ein Organismus auf Dauer nur dann optimal funktionieren kann, wenn man ihm die Nahrungsbestandteile zuf\u00fchrt, f\u00fcr die sein Verdauungssystem, und somit sein Stoffwechsel, geschaffen ist. Wohin es f\u00fchren kann, wenn man Tiere versucht &#8222;umzupolen&#8220; haben wir durch entsprechende Lebensmittelskandale &#8211; z.B. die BSE-Krise, bei der versucht wurde K\u00fche mit Tiermehl zu ern\u00e4hren- schon oft genug erlebt.<br \/>\nW\u00e4hrend bei den Nutztieren, die ja in der Regel schon recht fr\u00fch geschlachtet werden, Langzeitfolgen durch Fehlern\u00e4hrung meist nicht erkannt werden k\u00f6nnen, zeugen die mit kranken Haustieren \u00fcberf\u00fcllten Tierarztpraxen von den Auswirkungen der Fehlern\u00e4hrung mit industriell hergestelltem Fertigfutter. Allergien, Bauchspeicheldr\u00fcsenerkrankungen, Krebs, Magen-Darm Probleme usw. sind an der Tagesordnung. Parallelen zu unserer &#8222;Fast Food Gesellschaft&#8220; sind sicher kein Zufall.<br \/>\nFertigfutter belastet Hunde mehr als es n\u00fctzt<\/p>\n<p>Sogenanntes &#8222;Fertigfutter&#8220; f\u00fcr Tiere besteht haupts\u00e4chlich aus Abf\u00e4llen der Lebensmittelindustrie. Dagegen w\u00e4re bei einigen Bestandteilen, z.B. Fleischabf\u00e4llen, sicher nichts einzuwenden, solange diese nur in kleinen Mengen, und nicht als Dauernahrung gegeben werden. Stellen wir uns das ganze Tier vor, das der Hund normalerweise fressen w\u00fcrde, so besteht dies nicht nur aus B\u00e4ndern, Sehnen und Knorpel, sondern auch aus Innereien und Muskelfkeisch, mit seinen hochwertigen Proteinen.<br \/>\nDas Hauptproblem stellen allerdings die nicht artgerechten Bestandteile im Fertigfutter dar, vor allem das Getreide, bzw. die Getreideabf\u00e4lle. Mit dieser Art von Kohlenhydraten (St\u00e4rke), wird das Verdauungssystem des Hundes nur schwer fertig. Es sollte daher nicht t\u00e4glich und nicht in gr\u00f6\u00dferen Mengen verabreicht werden. Industriefutter besteht aber meistens zu 40- 90 % aus Getreide(abf\u00e4llen).<\/p>\n<p>Ein weiteres Problem dieser Futtermittel ist der Anspruch auf &#8222;Vollwertigkeit&#8220;. Das bedeutet in der Sprache der Futtermittelhersteller, dass in eine Futtersorte alle N\u00e4hrstoffe, Vitamine, Mineralien und Spurenelemente hineingepackt werden, die der Hund braucht. Diese Art der Ern\u00e4hrung ist f\u00fcr Mensch und Tier weder praktikabel noch gesund. Es gibt Nahrungsbestandteile, die sich untereinander nicht vertragen oder in ihrer Wirkung negativ beeinflussen. Tiere in der Natur wissen dies instinktiv und meiden gewisse Kombinationen. Eine Ausgewogenheit der Ern\u00e4hrung findet nat\u00fcrlicher Weise immer innerhalb mehrerer Wochen statt. Unter Einhaltung einiger weniger Grundregeln ist es auch f\u00fcr uns ohne Probleme m\u00f6glich unseren Hund mit Frischkost gesund und ausgewogen zu ern\u00e4hren.<\/p>\n<p>Das dritte Problem betrifft die Herstellung der Fertigfuttermittel an sich. Dabei ist es vorgeschrieben, dass Futtermittel aus hygienischen Gr\u00fcnden erhitzt werden. Diese Erhitzung ver\u00e4ndert die im Futter enthaltenen Eiwei\u00dfe, soda\u00df sie f\u00fcr das Verdauungssystem des Hundes nicht mehr so gut verwertbar sind. Den selben Effekt hat man, wenn man dem Hund zwar frische, aber gekochte Nahrung selbst zubereitet. Auf Dauer kann auch dies zu Gesundheitssch\u00e4den f\u00fchren. Je nach Art des Eiwei\u00dfes, gerinnt dies schon ab 41\u00b0C (H\u00fchnereiwei\u00df zwischen 60 und 70\u00b0C). Au\u00dferdem werden bei der Erhitzung wertvolle Vitamine und aktive Enzyme, die zur Verdauung ben\u00f6tigt werden, zerst\u00f6rt. Diese werden bei Industriefutter nach der Erhitzung wieder k\u00fcnstlich zugef\u00fchrt, da es sonst beim Hund auf Dauer zu Mangelerscheinungen kommen w\u00fcrde. Allerdings ist es fraglich, ob die Bioverf\u00fcgbarkeit der k\u00fcnstlichen dieselbe ist, wie die der nar\u00fcrlichen Vitamine. Daher wird oftmals die mehrfache Bedarfsdosis an k\u00fcnstlichen Vitaminen zugesetzt.<\/p>\n<p><strong>Beste Gesundheit unsere Hunde durch Rohern\u00e4hrung<\/strong><\/p>\n<p>Eine Ern\u00e4hrung mit Industriefutter stellt also keineswegs, wie in der Werbung versprochen wird, eine ausgewogene Ern\u00e4hrung dar, sondern f\u00fchrt auf Dauer zu Mangelerscheinungen. Es ist au\u00dferdem mit einer festgelegten Rezeptur nicht m\u00f6glich auf individuelle Bed\u00fcrfnisse eines Individuums einzugehen.<br \/>\nWir haben inzwischen 9 Jahre Praxiserfahrung in der Rohern\u00e4hrung (Stand November 2010). Unsere Tiere erfreuen sich bester Gesundheit. Die meisten haben au\u00dfer zu Zuchttauglichkeitsuntersuchungen noch nie eine Tierarztpraxis betreten. Tiere, die von Anfang an roh ern\u00e4hrt wurden, sind unserer Erfahrung nach ges\u00fcnder als andere. Wenn sogar schon \u00fcber mehrer Generationen roh gef\u00fcttert wurde, verschwinden h\u00e4ufig Erkrankungen, die man als (unbewiesene) Erbkrankheiten bezeichnet hat und in Wirklichkeit auf weitergegebenen Mangelerscheinungen beruhen. Denn ein Muttertier, das schon mangelern\u00e4hrt ist, kann dem heranwachsenden F\u00f6tus keinen optimalen Start in&#8217;s Leben erm\u00f6glichen (siehe auch Epigenetikartikel, der weiter oben verlinkt ist). Ausf\u00fchrlich werden diese Zusammenh\u00e4nge in dem Buch des australischen Tierarztes Dr. Billinghurst &#8222;Grow your Pups with Bones&#8220; (Zieh deine Welpen mit Knochen gro\u00df) erl\u00e4utert.<\/p>\n<p>Kleiner Tip am Rande: Unsere Hunde bekommen durchaus auch mal ein St\u00fcck hartes, Brot, sie lieben es und es verspricht ein tolles Kauerlebnis.\u00a0 Kein Hund mu\u00df komplett auf Getreide verzichten, aber es ist nicht als\u00a0 Hauptern\u00e4hrung geeignet. Genauso wenig wie einen Hund vegan zu ern\u00e4hren!!!<\/p>\n<h1><strong><span style=\"color: #ff0000;\">Wichtige Info an alle Barfer!!!<\/span><\/strong><\/h1>\n<p><strong>Bitte denkt dran eure Hunde nur 6 Tage in der Woche mit Fleisch zu versorgen!!! <\/strong><\/p>\n<p><strong>Den anderen Tag bitte entweder einen Di\u00e4ttag (nur wenn sie nicht zu d\u00fcnn sind) bei Welpen bitte erst ab dem 13. Monat. <\/strong><\/p>\n<p><strong>Mit 6-7 Monaten wird ja sowieso auf 2 Mahlzeiten umgestellt!<\/strong><br \/>\n<strong> Ihr d\u00fcrft sehr kreativ sein, zb. Gem\u00fcse \/ mit Hirseflocken, Jogurt\/H\u00fcttenk\u00e4se mit Eigelb, Obsttag, Torfu, oder auch mal Gekochtes vom Rest eurer Mahlzeit, allerdings OHNE Fleisch <img decoding=\"async\" src=\"http:\/\/collies-vom-floersbachtal.de\/cms\/wp-includes\/images\/smilies\/icon_wink.gif\" alt=\";-)\" \/> <\/strong><\/p>\n<p><strong>Es geht darum so wenig wie m\u00f6glich Proteine an dem 1 Tag\u00a0 zu f\u00fcttern!!!<\/strong><\/p>\n","protected":false},"excerpt":{"rendered":"<p>Wurmkur Irrtum Wer kennt es nicht: DerTierarzt empfiehlt regelm\u00e4\u00dfiges bzw. prophylaktisches Entwurmen. Fakt ist leider: die Wurmkur hat KEINE prophylaktischer Wirkung!!!!! Was hei\u00dft das also? Ist der Hund wurmfrei und wird entwurmt, bringt sie nichts, ist v\u00f6llig unn\u00f6tig. Da sie &hellip; <a href=\"https:\/\/collies-vom-floersbachtal.de\/?page_id=31\">Weiterlesen <span class=\"meta-nav\">&rarr;<\/span><\/a><\/p>\n","protected":false},"author":1,"featured_media":0,"parent":7,"menu_order":1,"comment_status":"open","ping_status":"open","template":"","meta":{"footnotes":""},"class_list":["post-31","page","type-page","status-publish","hentry"],"_links":{"self":[{"href":"https:\/\/collies-vom-floersbachtal.de\/index.php?rest_route=\/wp\/v2\/pages\/31","targetHints":{"allow":["GET"]}}],"collection":[{"href":"https:\/\/collies-vom-floersbachtal.de\/index.php?rest_route=\/wp\/v2\/pages"}],"about":[{"href":"https:\/\/collies-vom-floersbachtal.de\/index.php?rest_route=\/wp\/v2\/types\/page"}],"author":[{"embeddable":true,"href":"https:\/\/collies-vom-floersbachtal.de\/index.php?rest_route=\/wp\/v2\/users\/1"}],"replies":[{"embeddable":true,"href":"https:\/\/collies-vom-floersbachtal.de\/index.php?rest_route=%2Fwp%2Fv2%2Fcomments&post=31"}],"version-history":[{"count":14,"href":"https:\/\/collies-vom-floersbachtal.de\/index.php?rest_route=\/wp\/v2\/pages\/31\/revisions"}],"predecessor-version":[{"id":6144,"href":"https:\/\/collies-vom-floersbachtal.de\/index.php?rest_route=\/wp\/v2\/pages\/31\/revisions\/6144"}],"up":[{"embeddable":true,"href":"https:\/\/collies-vom-floersbachtal.de\/index.php?rest_route=\/wp\/v2\/pages\/7"}],"wp:attachment":[{"href":"https:\/\/collies-vom-floersbachtal.de\/index.php?rest_route=%2Fwp%2Fv2%2Fmedia&parent=31"}],"curies":[{"name":"wp","href":"https:\/\/api.w.org\/{rel}","templated":true}]}}