{"id":3024,"date":"2012-10-08T20:36:19","date_gmt":"2012-10-08T20:36:19","guid":{"rendered":"http:\/\/collies-vom-floersbachtal.de\/?page_id=3024"},"modified":"2025-11-05T21:49:12","modified_gmt":"2025-11-05T21:49:12","slug":"nachzucht-b-wurf-bashira-angel","status":"publish","type":"page","link":"https:\/\/collies-vom-floersbachtal.de\/?page_id=3024","title":{"rendered":"Nachzucht B &#8211; Wurf  Bashira-Angel verstorben :-("},"content":{"rendered":"\n<h1 class=\"wp-block-heading\"><strong>12.07.2012             &#8211;             12.08.2025<\/strong><\/h1>\n\n\n\n<h1 class=\"wp-block-heading\"><strong>Was eine Katastrophe, gestern fast zu Chicos 12. Geburtstag (er lebte mit Angel zusammen)  sind Angel und Chico erl\u00f6st worden, sie waren beide sehr krank schreibt mir das Frauchen<\/strong> <strong>\ud83d\ude41<\/strong><\/h1>\n\n\n\n<figure class=\"wp-block-image size-full\"><a href=\"https:\/\/collies-vom-floersbachtal.de\/cms\/wp-content\/uploads\/2025\/08\/Trauer.jpg\"><img loading=\"lazy\" decoding=\"async\" width=\"500\" height=\"571\" src=\"https:\/\/collies-vom-floersbachtal.de\/cms\/wp-content\/uploads\/2025\/08\/Trauer.jpg\" alt=\"\" class=\"wp-image-51511\" srcset=\"https:\/\/collies-vom-floersbachtal.de\/cms\/wp-content\/uploads\/2025\/08\/Trauer.jpg 500w, https:\/\/collies-vom-floersbachtal.de\/cms\/wp-content\/uploads\/2025\/08\/Trauer-263x300.jpg 263w\" sizes=\"auto, (max-width: 500px) 100vw, 500px\" \/><\/a><\/figure>\n\n\n\n<figure class=\"wp-block-image size-large\"><a href=\"https:\/\/collies-vom-floersbachtal.de\/cms\/wp-content\/uploads\/2025\/08\/Angel-und-Chico1-1.jpg\"><img loading=\"lazy\" decoding=\"async\" width=\"1008\" height=\"1024\" src=\"https:\/\/collies-vom-floersbachtal.de\/cms\/wp-content\/uploads\/2025\/08\/Angel-und-Chico1-1-1008x1024.jpg\" alt=\"\" class=\"wp-image-51519\" srcset=\"https:\/\/collies-vom-floersbachtal.de\/cms\/wp-content\/uploads\/2025\/08\/Angel-und-Chico1-1-1008x1024.jpg 1008w, https:\/\/collies-vom-floersbachtal.de\/cms\/wp-content\/uploads\/2025\/08\/Angel-und-Chico1-1-295x300.jpg 295w, https:\/\/collies-vom-floersbachtal.de\/cms\/wp-content\/uploads\/2025\/08\/Angel-und-Chico1-1-768x780.jpg 768w, https:\/\/collies-vom-floersbachtal.de\/cms\/wp-content\/uploads\/2025\/08\/Angel-und-Chico1-1.jpg 1078w\" sizes=\"auto, (max-width: 1008px) 100vw, 1008px\" \/><\/a><\/figure>\n\n\n\n<h1 class=\"wp-block-heading\"><strong>News von Angel im Juli 2024 zu ihrem 12. Geburtstag \ud83d\ude42<\/strong><\/h1>\n\n\n\n<figure class=\"wp-block-gallery has-nested-images columns-default is-cropped wp-block-gallery-1 is-layout-flex wp-block-gallery-is-layout-flex\">\n<figure class=\"wp-block-image size-large is-style-rounded\"><a href=\"https:\/\/collies-vom-floersbachtal.de\/cms\/wp-content\/uploads\/2024\/08\/Angel2-Juli24.jpg\"><img loading=\"lazy\" decoding=\"async\" width=\"772\" height=\"1024\" data-id=\"47464\" src=\"https:\/\/collies-vom-floersbachtal.de\/cms\/wp-content\/uploads\/2024\/08\/Angel2-Juli24-772x1024.jpg\" alt=\"\" class=\"wp-image-47464\" srcset=\"https:\/\/collies-vom-floersbachtal.de\/cms\/wp-content\/uploads\/2024\/08\/Angel2-Juli24-772x1024.jpg 772w, https:\/\/collies-vom-floersbachtal.de\/cms\/wp-content\/uploads\/2024\/08\/Angel2-Juli24-226x300.jpg 226w, https:\/\/collies-vom-floersbachtal.de\/cms\/wp-content\/uploads\/2024\/08\/Angel2-Juli24-768x1019.jpg 768w, https:\/\/collies-vom-floersbachtal.de\/cms\/wp-content\/uploads\/2024\/08\/Angel2-Juli24.jpg 886w\" sizes=\"auto, (max-width: 772px) 100vw, 772px\" \/><\/a><\/figure>\n\n\n\n<figure class=\"wp-block-image size-large is-style-rounded\"><a href=\"https:\/\/collies-vom-floersbachtal.de\/cms\/wp-content\/uploads\/2024\/08\/Angel1-Juli24.jpg\"><img loading=\"lazy\" decoding=\"async\" width=\"768\" height=\"1024\" data-id=\"47465\" src=\"https:\/\/collies-vom-floersbachtal.de\/cms\/wp-content\/uploads\/2024\/08\/Angel1-Juli24-768x1024.jpg\" alt=\"\" class=\"wp-image-47465\" srcset=\"https:\/\/collies-vom-floersbachtal.de\/cms\/wp-content\/uploads\/2024\/08\/Angel1-Juli24-768x1024.jpg 768w, https:\/\/collies-vom-floersbachtal.de\/cms\/wp-content\/uploads\/2024\/08\/Angel1-Juli24-225x300.jpg 225w, https:\/\/collies-vom-floersbachtal.de\/cms\/wp-content\/uploads\/2024\/08\/Angel1-Juli24.jpg 1000w\" sizes=\"auto, (max-width: 768px) 100vw, 768px\" \/><\/a><\/figure>\n<\/figure>\n\n\n<h1><strong>News von Angel im Februar 2023 \ud83d\ude42<\/strong><\/h1>\n<p><a href=\"https:\/\/collies-vom-floersbachtal.de\/?attachment_id=39007\" rel=\"attachment wp-att-39007\"><img loading=\"lazy\" decoding=\"async\" class=\"aligncenter size-full wp-image-39007\" src=\"http:\/\/collies-vom-floersbachtal.de\/cms\/wp-content\/uploads\/2023\/02\/Bashira-Angel1-Feb.23.jpg\" alt=\"\" width=\"1080\" height=\"1920\" srcset=\"https:\/\/collies-vom-floersbachtal.de\/cms\/wp-content\/uploads\/2023\/02\/Bashira-Angel1-Feb.23.jpg 1080w, https:\/\/collies-vom-floersbachtal.de\/cms\/wp-content\/uploads\/2023\/02\/Bashira-Angel1-Feb.23-169x300.jpg 169w, https:\/\/collies-vom-floersbachtal.de\/cms\/wp-content\/uploads\/2023\/02\/Bashira-Angel1-Feb.23-576x1024.jpg 576w, https:\/\/collies-vom-floersbachtal.de\/cms\/wp-content\/uploads\/2023\/02\/Bashira-Angel1-Feb.23-768x1365.jpg 768w, https:\/\/collies-vom-floersbachtal.de\/cms\/wp-content\/uploads\/2023\/02\/Bashira-Angel1-Feb.23-864x1536.jpg 864w\" sizes=\"auto, (max-width: 1080px) 100vw, 1080px\" \/><\/a><\/p>\n<h1><strong>Neuigkeiten von Angel und ihrem Bruder Chico im Juni 2022 \ud83d\ude42<a href=\"https:\/\/collies-vom-floersbachtal.de\/?attachment_id=35422\" rel=\"attachment wp-att-35422\"><img loading=\"lazy\" decoding=\"async\" class=\"aligncenter size-full wp-image-35422\" src=\"http:\/\/collies-vom-floersbachtal.de\/cms\/wp-content\/uploads\/2022\/06\/Angel-und-Chico1-Mai22.jpg\" alt=\"\" width=\"2016\" height=\"1512\" srcset=\"https:\/\/collies-vom-floersbachtal.de\/cms\/wp-content\/uploads\/2022\/06\/Angel-und-Chico1-Mai22.jpg 2016w, https:\/\/collies-vom-floersbachtal.de\/cms\/wp-content\/uploads\/2022\/06\/Angel-und-Chico1-Mai22-300x225.jpg 300w, https:\/\/collies-vom-floersbachtal.de\/cms\/wp-content\/uploads\/2022\/06\/Angel-und-Chico1-Mai22-1024x768.jpg 1024w, https:\/\/collies-vom-floersbachtal.de\/cms\/wp-content\/uploads\/2022\/06\/Angel-und-Chico1-Mai22-768x576.jpg 768w, https:\/\/collies-vom-floersbachtal.de\/cms\/wp-content\/uploads\/2022\/06\/Angel-und-Chico1-Mai22-1536x1152.jpg 1536w\" sizes=\"auto, (max-width: 2016px) 100vw, 2016px\" \/><\/a><\/strong><\/h1>\n<h1><strong>Neuigkeiten von Angel im Januar 2021<a href=\"http:\/\/collies-vom-floersbachtal.de\/?attachment_id=30591\" rel=\"attachment wp-att-30591\"><img loading=\"lazy\" decoding=\"async\" class=\"aligncenter size-full wp-image-30591\" src=\"http:\/\/collies-vom-floersbachtal.de\/cms\/wp-content\/uploads\/2021\/01\/Angel1-Januar21-scaled.jpg\" alt=\"\" width=\"2560\" height=\"1920\" srcset=\"https:\/\/collies-vom-floersbachtal.de\/cms\/wp-content\/uploads\/2021\/01\/Angel1-Januar21-scaled.jpg 2560w, https:\/\/collies-vom-floersbachtal.de\/cms\/wp-content\/uploads\/2021\/01\/Angel1-Januar21-300x225.jpg 300w, https:\/\/collies-vom-floersbachtal.de\/cms\/wp-content\/uploads\/2021\/01\/Angel1-Januar21-1024x768.jpg 1024w, https:\/\/collies-vom-floersbachtal.de\/cms\/wp-content\/uploads\/2021\/01\/Angel1-Januar21-768x576.jpg 768w, https:\/\/collies-vom-floersbachtal.de\/cms\/wp-content\/uploads\/2021\/01\/Angel1-Januar21-1536x1152.jpg 1536w, https:\/\/collies-vom-floersbachtal.de\/cms\/wp-content\/uploads\/2021\/01\/Angel1-Januar21-2048x1536.jpg 2048w\" sizes=\"auto, (max-width: 2560px) 100vw, 2560px\" \/><\/a><\/strong><\/h1>\n<p><b>News von Angel und ihrem Kumpel Chico im Juli 2020 \ud83d\ude42<\/b><\/p>\n<p><strong>News von der kleinen Angel und ihrem Halbbruder Chico im September 2019<a href=\"http:\/\/collies-vom-floersbachtal.de\/cms\/wp-content\/uploads\/2012\/10\/Chico-Angel2-Juni19.jpg\"><img loading=\"lazy\" decoding=\"async\" class=\"aligncenter size-large wp-image-27376\" title=\"Chico &amp; Angel2 Juni19\" src=\"http:\/\/collies-vom-floersbachtal.de\/cms\/wp-content\/uploads\/2012\/10\/Chico-Angel2-Juni19-768x1024.jpg\" alt=\"\" width=\"640\" height=\"853\" srcset=\"https:\/\/collies-vom-floersbachtal.de\/cms\/wp-content\/uploads\/2012\/10\/Chico-Angel2-Juni19-768x1024.jpg 768w, https:\/\/collies-vom-floersbachtal.de\/cms\/wp-content\/uploads\/2012\/10\/Chico-Angel2-Juni19-225x300.jpg 225w, https:\/\/collies-vom-floersbachtal.de\/cms\/wp-content\/uploads\/2012\/10\/Chico-Angel2-Juni19.jpg 1200w\" sizes=\"auto, (max-width: 640px) 100vw, 640px\" \/><\/a><\/strong><\/p>\n<p><strong>2017<a href=\"http:\/\/collies-vom-floersbachtal.de\/cms\/wp-content\/uploads\/2012\/10\/Angel-Chico1.jpg\"><img loading=\"lazy\" decoding=\"async\" class=\"aligncenter size-full wp-image-19887\" title=\"Angel &amp; Chico1\" src=\"http:\/\/collies-vom-floersbachtal.de\/cms\/wp-content\/uploads\/2012\/10\/Angel-Chico1.jpg\" alt=\"\" width=\"960\" height=\"540\" srcset=\"https:\/\/collies-vom-floersbachtal.de\/cms\/wp-content\/uploads\/2012\/10\/Angel-Chico1.jpg 960w, https:\/\/collies-vom-floersbachtal.de\/cms\/wp-content\/uploads\/2012\/10\/Angel-Chico1-300x168.jpg 300w\" sizes=\"auto, (max-width: 960px) 100vw, 960px\" \/><\/a>Bashira-Angel &amp; ihr Halbbruder Chico<\/strong><\/p>\n<p><strong>Juli 2015<\/strong><br \/>Ein aktuelles Foto von der s\u00fc\u00dfen Prinzessin Bashira-Angel \ud83d\ude1b<a href=\"http:\/\/collies-vom-floersbachtal.de\/cms\/wp-content\/uploads\/2012\/10\/Angel1-Juni151.jpg\"><img loading=\"lazy\" decoding=\"async\" class=\"aligncenter size-medium wp-image-14101\" title=\"Angel1 Juni15\" src=\"http:\/\/collies-vom-floersbachtal.de\/cms\/wp-content\/uploads\/2012\/10\/Angel1-Juni151-165x300.jpg\" alt=\"\" width=\"165\" height=\"300\" srcset=\"https:\/\/collies-vom-floersbachtal.de\/cms\/wp-content\/uploads\/2012\/10\/Angel1-Juni151-165x300.jpg 165w, https:\/\/collies-vom-floersbachtal.de\/cms\/wp-content\/uploads\/2012\/10\/Angel1-Juni151.jpg 528w\" sizes=\"auto, (max-width: 165px) 100vw, 165px\" \/><\/a><\/p>\n<p><strong>Dezember 2013<\/strong><br \/>Angel ist schon 62 cm hoch<br \/><a href=\"http:\/\/collies-vom-floersbachtal.de\/cms\/wp-content\/uploads\/2012\/10\/Angel-Chico-und-Fu\u00dfhupe1.jpg\"><img loading=\"lazy\" decoding=\"async\" class=\"aligncenter size-medium wp-image-7599\" title=\"Angel, Chico und Fu\u00dfhupe1\" src=\"http:\/\/collies-vom-floersbachtal.de\/cms\/wp-content\/uploads\/2012\/10\/Angel-Chico-und-Fu\u00dfhupe1-225x300.jpg\" alt=\"\" width=\"225\" height=\"300\" srcset=\"https:\/\/collies-vom-floersbachtal.de\/cms\/wp-content\/uploads\/2012\/10\/Angel-Chico-und-Fu\u00dfhupe1-225x300.jpg 225w, https:\/\/collies-vom-floersbachtal.de\/cms\/wp-content\/uploads\/2012\/10\/Angel-Chico-und-Fu\u00dfhupe1.jpg 720w\" sizes=\"auto, (max-width: 225px) 100vw, 225px\" \/><\/a> Zu s\u00fc\u00df das Bild, wie die Orgelpfeifen \ud83d\ude42<br \/><strong>November 2013<\/strong><br \/><a href=\"http:\/\/collies-vom-floersbachtal.de\/cms\/wp-content\/uploads\/2012\/10\/Chico-Angel-Nov.-165-Wochen-alt1.jpg\"><img loading=\"lazy\" decoding=\"async\" class=\"aligncenter size-medium wp-image-7597\" title=\"Chico &amp; Angel Nov. 16,5 Wochen alt1\" src=\"http:\/\/collies-vom-floersbachtal.de\/cms\/wp-content\/uploads\/2012\/10\/Chico-Angel-Nov.-165-Wochen-alt1-225x300.jpg\" alt=\"\" width=\"225\" height=\"300\" srcset=\"https:\/\/collies-vom-floersbachtal.de\/cms\/wp-content\/uploads\/2012\/10\/Chico-Angel-Nov.-165-Wochen-alt1-225x300.jpg 225w, https:\/\/collies-vom-floersbachtal.de\/cms\/wp-content\/uploads\/2012\/10\/Chico-Angel-Nov.-165-Wochen-alt1.jpg 720w\" sizes=\"auto, (max-width: 225px) 100vw, 225px\" \/><\/a><\/p>\n<p><a href=\"http:\/\/collies-vom-floersbachtal.de\/cms\/wp-content\/uploads\/2012\/10\/Nachzucht-Angel-Chico1.jpg\"><img loading=\"lazy\" decoding=\"async\" class=\"aligncenter size-full wp-image-6796\" title=\"Nachzucht Angel &amp; Chico1\" src=\"http:\/\/collies-vom-floersbachtal.de\/cms\/wp-content\/uploads\/2012\/10\/Nachzucht-Angel-Chico1.jpg\" alt=\"\" width=\"612\" height=\"816\" srcset=\"https:\/\/collies-vom-floersbachtal.de\/cms\/wp-content\/uploads\/2012\/10\/Nachzucht-Angel-Chico1.jpg 612w, https:\/\/collies-vom-floersbachtal.de\/cms\/wp-content\/uploads\/2012\/10\/Nachzucht-Angel-Chico1-225x300.jpg 225w\" sizes=\"auto, (max-width: 612px) 100vw, 612px\" \/><\/a><strong>Oktober 2013<\/strong><br \/>Hier kommt mal wieder ein Foto von der s\u00fc\u00dfen Angel im Oktober 2013 nach der Ankunft ihres Bruders Chico \ud83d\ude09<\/p>\n<p><a href=\"http:\/\/collies-vom-floersbachtal.de\/cms\/wp-content\/uploads\/2012\/09\/Bashira-Angel11mit-ihren-neuen-Freunden-im-n.-Zuhause.jpg\"><img loading=\"lazy\" decoding=\"async\" class=\"alignleft size-full wp-image-2844\" title=\"Bashira-Angel11mit ihren neuen Freunden im n. Zuhause\" src=\"http:\/\/collies-vom-floersbachtal.de\/cms\/wp-content\/uploads\/2012\/09\/Bashira-Angel11mit-ihren-neuen-Freunden-im-n.-Zuhause.jpg\" alt=\"\" width=\"960\" height=\"720\" srcset=\"https:\/\/collies-vom-floersbachtal.de\/cms\/wp-content\/uploads\/2012\/09\/Bashira-Angel11mit-ihren-neuen-Freunden-im-n.-Zuhause.jpg 960w, https:\/\/collies-vom-floersbachtal.de\/cms\/wp-content\/uploads\/2012\/09\/Bashira-Angel11mit-ihren-neuen-Freunden-im-n.-Zuhause-300x225.jpg 300w\" sizes=\"auto, (max-width: 960px) 100vw, 960px\" \/><\/a><\/p>\n<p><a href=\"http:\/\/collies-vom-floersbachtal.de\/cms\/wp-content\/uploads\/2012\/10\/Angel-5-on.-im-Schnee2.jpg\"><img loading=\"lazy\" decoding=\"async\" class=\"aligncenter size-full wp-image-3768\" title=\"Angel 5 on. im Schnee2\" src=\"http:\/\/collies-vom-floersbachtal.de\/cms\/wp-content\/uploads\/2012\/10\/Angel-5-on.-im-Schnee2.jpg\" alt=\"\" width=\"1632\" height=\"1224\" srcset=\"https:\/\/collies-vom-floersbachtal.de\/cms\/wp-content\/uploads\/2012\/10\/Angel-5-on.-im-Schnee2.jpg 1632w, https:\/\/collies-vom-floersbachtal.de\/cms\/wp-content\/uploads\/2012\/10\/Angel-5-on.-im-Schnee2-300x225.jpg 300w, https:\/\/collies-vom-floersbachtal.de\/cms\/wp-content\/uploads\/2012\/10\/Angel-5-on.-im-Schnee2-1024x768.jpg 1024w\" sizes=\"auto, (max-width: 1632px) 100vw, 1632px\" \/><\/a><br \/><strong>Angel mit 6 Monaten<\/strong><br \/><strong>Angel mit Frauchen zum Faschingsumzug in Gelnhausen<\/strong><br \/><a href=\"http:\/\/collies-vom-floersbachtal.de\/cms\/wp-content\/uploads\/2012\/10\/Angel1-Fasching-2013.jpg\"><img loading=\"lazy\" decoding=\"async\" class=\"aligncenter size-full wp-image-4111\" title=\"Angel1 Fasching 2013\" src=\"http:\/\/collies-vom-floersbachtal.de\/cms\/wp-content\/uploads\/2012\/10\/Angel1-Fasching-2013.jpg\" alt=\"\" width=\"600\" height=\"800\" srcset=\"https:\/\/collies-vom-floersbachtal.de\/cms\/wp-content\/uploads\/2012\/10\/Angel1-Fasching-2013.jpg 600w, https:\/\/collies-vom-floersbachtal.de\/cms\/wp-content\/uploads\/2012\/10\/Angel1-Fasching-2013-225x300.jpg 225w\" sizes=\"auto, (max-width: 600px) 100vw, 600px\" \/><\/a><br \/><strong>Sehen sie nicht beide goldig aus? \ud83d\ude09<\/strong><\/p>\n<p><strong>Angels neue Fotos M\u00e4rz 2013<br \/><\/strong><br \/><a href=\"http:\/\/collies-vom-floersbachtal.de\/cms\/wp-content\/uploads\/2012\/10\/Angel1-M\u00e4rz-13.jpg\"><img loading=\"lazy\" decoding=\"async\" class=\"aligncenter size-full wp-image-4274\" title=\"Angel1 M\u00e4rz 13\" src=\"http:\/\/collies-vom-floersbachtal.de\/cms\/wp-content\/uploads\/2012\/10\/Angel1-M\u00e4rz-13.jpg\" alt=\"\" width=\"403\" height=\"403\" srcset=\"https:\/\/collies-vom-floersbachtal.de\/cms\/wp-content\/uploads\/2012\/10\/Angel1-M\u00e4rz-13.jpg 403w, https:\/\/collies-vom-floersbachtal.de\/cms\/wp-content\/uploads\/2012\/10\/Angel1-M\u00e4rz-13-150x150.jpg 150w, https:\/\/collies-vom-floersbachtal.de\/cms\/wp-content\/uploads\/2012\/10\/Angel1-M\u00e4rz-13-300x300.jpg 300w\" sizes=\"auto, (max-width: 403px) 100vw, 403px\" \/><\/a><br \/><strong>Die S\u00fc\u00dfe wartet geduldig, bis Frauchen im B\u00fcro fertig ist. \ud83d\ude42<\/strong><\/p>\n<p><strong>Endlich Urlaubszeit, viele Gr\u00fc\u00dfe aus D\u00e4nemark w\u00fcnscht Angel \ud83d\ude42<\/strong><br \/><a href=\"http:\/\/collies-vom-floersbachtal.de\/cms\/wp-content\/uploads\/2012\/10\/Angel-in-Danemark.jpg\"><img loading=\"lazy\" decoding=\"async\" class=\"aligncenter size-full wp-image-5059\" title=\"Angel in Danemark\" src=\"http:\/\/collies-vom-floersbachtal.de\/cms\/wp-content\/uploads\/2012\/10\/Angel-in-Danemark.jpg\" alt=\"\" width=\"720\" height=\"960\" srcset=\"https:\/\/collies-vom-floersbachtal.de\/cms\/wp-content\/uploads\/2012\/10\/Angel-in-Danemark.jpg 720w, https:\/\/collies-vom-floersbachtal.de\/cms\/wp-content\/uploads\/2012\/10\/Angel-in-Danemark-225x300.jpg 225w\" sizes=\"auto, (max-width: 720px) 100vw, 720px\" \/><\/a><\/p>","protected":false},"excerpt":{"rendered":"<p>12.07.2012 &#8211; 12.08.2025 Was eine Katastrophe, gestern fast zu Chicos 12. Geburtstag (er lebte mit Angel zusammen) sind Angel und Chico erl\u00f6st worden, sie waren beide sehr krank schreibt mir das Frauchen \ud83d\ude41 News von Angel im Juli 2024 zu &hellip; <a href=\"https:\/\/collies-vom-floersbachtal.de\/?page_id=3024\">Weiterlesen <span class=\"meta-nav\">&rarr;<\/span><\/a><\/p>\n","protected":false},"author":1,"featured_media":0,"parent":0,"menu_order":0,"comment_status":"open","ping_status":"open","template":"","meta":{"footnotes":""},"class_list":["post-3024","page","type-page","status-publish","hentry"],"_links":{"self":[{"href":"https:\/\/collies-vom-floersbachtal.de\/index.php?rest_route=\/wp\/v2\/pages\/3024","targetHints":{"allow":["GET"]}}],"collection":[{"href":"https:\/\/collies-vom-floersbachtal.de\/index.php?rest_route=\/wp\/v2\/pages"}],"about":[{"href":"https:\/\/collies-vom-floersbachtal.de\/index.php?rest_route=\/wp\/v2\/types\/page"}],"author":[{"embeddable":true,"href":"https:\/\/collies-vom-floersbachtal.de\/index.php?rest_route=\/wp\/v2\/users\/1"}],"replies":[{"embeddable":true,"href":"https:\/\/collies-vom-floersbachtal.de\/index.php?rest_route=%2Fwp%2Fv2%2Fcomments&post=3024"}],"version-history":[{"count":46,"href":"https:\/\/collies-vom-floersbachtal.de\/index.php?rest_route=\/wp\/v2\/pages\/3024\/revisions"}],"predecessor-version":[{"id":53344,"href":"https:\/\/collies-vom-floersbachtal.de\/index.php?rest_route=\/wp\/v2\/pages\/3024\/revisions\/53344"}],"wp:attachment":[{"href":"https:\/\/collies-vom-floersbachtal.de\/index.php?rest_route=%2Fwp%2Fv2%2Fmedia&parent=3024"}],"curies":[{"name":"wp","href":"https:\/\/api.w.org\/{rel}","templated":true}]}}