{"id":25062,"date":"2018-12-31T08:22:22","date_gmt":"2018-12-31T08:22:22","guid":{"rendered":"http:\/\/collies-vom-floersbachtal.de\/?page_id=25062"},"modified":"2020-10-19T16:10:07","modified_gmt":"2020-10-19T16:10:07","slug":"auszug-der-welpen-des-i-wurfs","status":"publish","type":"page","link":"https:\/\/collies-vom-floersbachtal.de\/?page_id=25062","title":{"rendered":"Auszug der Welpen des I-Wurfs"},"content":{"rendered":"<div>\n<div>\n<h1><strong>Auszug der Welpen des I-Wurfs<\/strong><\/h1>\n<\/div>\n<div>\n<p><strong>Ich bedanke mich nochmal bei allen Welpenk\u00e4ufern, f\u00fcr das von euch entgegengebrachte Vertrauen in meine Zuchtst\u00e4tte und in mich und w\u00fcnschen ein sch\u00f6nes, sowie langes und gl\u00fcckliches Leben mit den Kleinen.<\/strong><\/p>\n<p><strong>Ein kleiner Buchtipp f\u00fcr unsere aktuellen und zuk\u00fcnftigen Welpenk\u00e4ufer:<\/strong> <strong>\u2018Fit for Life: Was Welpen wirklich lernen m\u00fcssen\u2019<\/strong><\/p>\n<p><strong>Ein gro\u00dfes Dankesch\u00f6n an meine vielen Helferlein \ud83d\ude00<\/strong><\/p>\n<p>Au\u00dferdem m\u00f6chte ich mich mal ganz herzlich bei ganz vielen, lieben Freunden bedanken, die mir in dieser schweren Zeit zur Seite gestanden haben (Tod meines Mannes, dann mein\u00a0 Oberschenkelhalsbruch im Dezember) und mir erm\u00f6glicht hatten den I-Wurf \u00fcberhaupt Zuhause gro\u00df zu ziehen.<\/p>\n<p>Anfangen m\u00f6chte ich mit meiner lieben\u00a0<strong>&#8222;Ersatztochter Verena&#8220;<\/strong>, die trotz anstrengendem Beruf (Erzieherin in einer Kita) nebenbei, n\u00e4mlich ab der 2. Lebenswoche der I-chens in Teamwork mit\u00a0meiner lieben Freundin\u00a0Franka die Kleinen betreut hatte. Au\u00dferdem noch meine Homepage, sowie die sozialen Netzwerke bedient hatte, ohne das es jemandem aufgefallen w\u00e4re, dass nicht ich die Texte verfasste. Das war schon eine mega Leistung. \ud83d\ude00<\/p>\n<p>Dann, als Verena in ihrem wohlverdienten Urlaub von <strong>Michelle<\/strong> abgel\u00f6st wurde, einer ganz jungen, lieben, aber doch sehr kompetenten\u00a0jungen Dame, der Tochter meiner Freundin <strong>Marion Henkel<\/strong>, die auch noch den Taxiservice spielen durfte. Ebenso Hilfe erhielten die I-chens\u00a0 dann noch von einer\u00a0 netten Freundin <strong>Sonja Br\u00fcser<\/strong> und gleichzeitig\u00a0 Besitzerin 2 unserer Nachzuchten (Dina und Elly) aus dem Harz.<\/p>\n<p>Und als ich dann endlich aus der Reha konnte, bekam ich v\u00f6llig unerwartet eine gro\u00dfe Unterst\u00fctzung von meiner Freundin <strong>Conny<\/strong>\u00a0<strong>Luthiger<\/strong> aus der Schweiz mit ihren beiden Hunden Viktoria und Windy, die mich v\u00f6llig entlastete und bei den Welpen ersetzte, damit es den Kleinen an nichts fehlte.\u00a0 Die gesamten letzten 3 Wochen war sie f\u00fcr uns eine gro\u00dfe Hilfe und meiner Genesung stand nichts mehr im Wege.\u00a0 \u00a0Danke dir liebes Conny \ud83d\ude1b<\/p>\n<p>Daf\u00fcr bin ich euch allen sehr dankbar und gl\u00fccklich, denn ohne euch h\u00e4tte ich es nicht geschafft. Danke Danke Danke !!!<\/p>\n<p><strong>Heute am 25.01.2019 hat Iceman-Mylo den Anfang des Auszugs gemacht.<\/strong>\u00a0 Der kleine Schatz wird schon sehns\u00fcchtig von den beiden Colliedamen erwartet und hat sich auf den Weg nach Hermeskeil gemacht. Alles Gute !!!<a href=\"http:\/\/collies-vom-floersbachtal.de\/cms\/wp-content\/uploads\/2018\/12\/Iceman-Mylo\u00b4s-Auszug3.jpg\"><img loading=\"lazy\" decoding=\"async\" class=\"aligncenter size-full wp-image-25512\" title=\"Iceman-Mylo\u00b4s Auszug3\" src=\"http:\/\/collies-vom-floersbachtal.de\/cms\/wp-content\/uploads\/2018\/12\/Iceman-Mylo\u00b4s-Auszug3.jpg\" alt=\"\" width=\"1000\" height=\"919\" srcset=\"https:\/\/collies-vom-floersbachtal.de\/cms\/wp-content\/uploads\/2018\/12\/Iceman-Mylo\u00b4s-Auszug3.jpg 1000w, https:\/\/collies-vom-floersbachtal.de\/cms\/wp-content\/uploads\/2018\/12\/Iceman-Mylo\u00b4s-Auszug3-300x275.jpg 300w\" sizes=\"auto, (max-width: 1000px) 100vw, 1000px\" \/><\/a><\/p>\n<p><strong>Am 26.01.19 ist nun auch unser s\u00fc\u00dfer Ibo-Maddox in sein neues Zuhause nach Grevenbroich unterwegs. Dort wird er von einem ganz lieben Kater und einem Pferd erwartet. Viel Gl\u00fcck euch allen !!!<a href=\"http:\/\/collies-vom-floersbachtal.de\/cms\/wp-content\/uploads\/2018\/12\/Ibo-Maddox-Auszug1.jpg\"><img loading=\"lazy\" decoding=\"async\" class=\"aligncenter size-full wp-image-25524\" title=\"Ibo-Maddox Auszug1\" src=\"http:\/\/collies-vom-floersbachtal.de\/cms\/wp-content\/uploads\/2018\/12\/Ibo-Maddox-Auszug1.jpg\" alt=\"\" width=\"1000\" height=\"667\" srcset=\"https:\/\/collies-vom-floersbachtal.de\/cms\/wp-content\/uploads\/2018\/12\/Ibo-Maddox-Auszug1.jpg 1000w, https:\/\/collies-vom-floersbachtal.de\/cms\/wp-content\/uploads\/2018\/12\/Ibo-Maddox-Auszug1-300x200.jpg 300w\" sizes=\"auto, (max-width: 1000px) 100vw, 1000px\" \/><\/a><a href=\"http:\/\/collies-vom-floersbachtal.de\/cms\/wp-content\/uploads\/2018\/12\/Ibo-Maddox-Auszug2.jpg\"><img loading=\"lazy\" decoding=\"async\" class=\"aligncenter size-medium wp-image-25526\" title=\"Ibo-Maddox Auszug2\" src=\"http:\/\/collies-vom-floersbachtal.de\/cms\/wp-content\/uploads\/2018\/12\/Ibo-Maddox-Auszug2-290x300.jpg\" alt=\"\" width=\"290\" height=\"300\" srcset=\"https:\/\/collies-vom-floersbachtal.de\/cms\/wp-content\/uploads\/2018\/12\/Ibo-Maddox-Auszug2-290x300.jpg 290w, https:\/\/collies-vom-floersbachtal.de\/cms\/wp-content\/uploads\/2018\/12\/Ibo-Maddox-Auszug2-990x1024.jpg 990w, https:\/\/collies-vom-floersbachtal.de\/cms\/wp-content\/uploads\/2018\/12\/Ibo-Maddox-Auszug2.jpg 1000w\" sizes=\"auto, (max-width: 290px) 100vw, 290px\" \/><\/a><\/strong><\/p>\n<p><strong>Heute am 27.01.2019 ist nun auch unsere s\u00fc\u00dfe Isaboe in ihr neues Zuhause nach Baden-W\u00fcrttemberg gezogen. Ihre Familie hat sie schon sehns\u00fcchtig erwartet.\u00a0<a href=\"http:\/\/collies-vom-floersbachtal.de\/cms\/wp-content\/uploads\/2018\/12\/Isaboe1-Auszug.jpg\"><img loading=\"lazy\" decoding=\"async\" class=\"aligncenter size-full wp-image-25544\" title=\"Isaboe1 Auszug\" src=\"http:\/\/collies-vom-floersbachtal.de\/cms\/wp-content\/uploads\/2018\/12\/Isaboe1-Auszug.jpg\" alt=\"\" width=\"1000\" height=\"668\" srcset=\"https:\/\/collies-vom-floersbachtal.de\/cms\/wp-content\/uploads\/2018\/12\/Isaboe1-Auszug.jpg 1000w, https:\/\/collies-vom-floersbachtal.de\/cms\/wp-content\/uploads\/2018\/12\/Isaboe1-Auszug-300x200.jpg 300w\" sizes=\"auto, (max-width: 1000px) 100vw, 1000px\" \/><\/a><a href=\"http:\/\/collies-vom-floersbachtal.de\/cms\/wp-content\/uploads\/2018\/12\/Isaboe-mit-neuem-Herrchen1.jpg\"><img loading=\"lazy\" decoding=\"async\" class=\"aligncenter size-medium wp-image-25545\" title=\"Isaboe mit neuem Herrchen1\" src=\"http:\/\/collies-vom-floersbachtal.de\/cms\/wp-content\/uploads\/2018\/12\/Isaboe-mit-neuem-Herrchen1-300x200.jpg\" alt=\"\" width=\"300\" height=\"200\" srcset=\"https:\/\/collies-vom-floersbachtal.de\/cms\/wp-content\/uploads\/2018\/12\/Isaboe-mit-neuem-Herrchen1-300x200.jpg 300w, https:\/\/collies-vom-floersbachtal.de\/cms\/wp-content\/uploads\/2018\/12\/Isaboe-mit-neuem-Herrchen1.jpg 1000w\" sizes=\"auto, (max-width: 300px) 100vw, 300px\" \/><\/a>Und so wie es aussieht, ging es der kleinen Maus \u00e4hnlich \ud83d\ude1b<\/strong><\/p>\n<p><strong>Heute am 31.01.19 ist nun auch unsere s\u00fc\u00dfe Indira-Greta ausgezogen zu ihrer Familie nach H\u00fcnfelden und einem Hundekumpel.<a href=\"http:\/\/collies-vom-floersbachtal.de\/cms\/wp-content\/uploads\/2018\/12\/Auszug1-Greta.jpg\"><img loading=\"lazy\" decoding=\"async\" class=\"aligncenter size-full wp-image-25705\" title=\"Auszug1 Greta\" src=\"http:\/\/collies-vom-floersbachtal.de\/cms\/wp-content\/uploads\/2018\/12\/Auszug1-Greta.jpg\" alt=\"\" width=\"1000\" height=\"646\" srcset=\"https:\/\/collies-vom-floersbachtal.de\/cms\/wp-content\/uploads\/2018\/12\/Auszug1-Greta.jpg 1000w, https:\/\/collies-vom-floersbachtal.de\/cms\/wp-content\/uploads\/2018\/12\/Auszug1-Greta-300x193.jpg 300w\" sizes=\"auto, (max-width: 1000px) 100vw, 1000px\" \/><\/a><\/strong><\/p>\n<p><strong>Heute am 02.02.2019 sind gleich 3 unserer s\u00fc\u00dfen M\u00e4use ausgezogen, als 1. ist<\/strong><\/p>\n<p><strong>Indy mit seiner neuen Familie nach Neuffen zu seinem Kumpel Marley gezogen.<a href=\"http:\/\/collies-vom-floersbachtal.de\/cms\/wp-content\/uploads\/2018\/12\/Indy1-Auszug.jpg\"><img loading=\"lazy\" decoding=\"async\" class=\"aligncenter size-full wp-image-25734\" title=\"Indy1 Auszug\" src=\"http:\/\/collies-vom-floersbachtal.de\/cms\/wp-content\/uploads\/2018\/12\/Indy1-Auszug.jpg\" alt=\"\" width=\"1000\" height=\"784\" srcset=\"https:\/\/collies-vom-floersbachtal.de\/cms\/wp-content\/uploads\/2018\/12\/Indy1-Auszug.jpg 1000w, https:\/\/collies-vom-floersbachtal.de\/cms\/wp-content\/uploads\/2018\/12\/Indy1-Auszug-300x235.jpg 300w\" sizes=\"auto, (max-width: 1000px) 100vw, 1000px\" \/><\/a>Danach war Ivy dran und ist nach Alsbach-H\u00e4hnlein mit ihrem neuen Frauli &amp; Herrchen gefahren.<a href=\"http:\/\/collies-vom-floersbachtal.de\/cms\/wp-content\/uploads\/2018\/12\/Ivy1-Auszug.jpg\"><img loading=\"lazy\" decoding=\"async\" class=\"aligncenter size-full wp-image-25745\" title=\"Ivy1 Auszug\" src=\"http:\/\/collies-vom-floersbachtal.de\/cms\/wp-content\/uploads\/2018\/12\/Ivy1-Auszug.jpg\" alt=\"\" width=\"1000\" height=\"809\" srcset=\"https:\/\/collies-vom-floersbachtal.de\/cms\/wp-content\/uploads\/2018\/12\/Ivy1-Auszug.jpg 1000w, https:\/\/collies-vom-floersbachtal.de\/cms\/wp-content\/uploads\/2018\/12\/Ivy1-Auszug-300x242.jpg 300w\" sizes=\"auto, (max-width: 1000px) 100vw, 1000px\" \/><\/a><\/strong><\/p>\n<p><strong>Und zu guter letzt wurde meine liebe Freundin Conny mit ihren 3 M\u00e4dels Windy, Viktoria und klein Inola-Hazel von ihrem lieben Mann abgeholt. Der erst sp\u00e4t in der Nacht nach einer ewig langen Autofahrt bei uns ankam um nun seine 4 M\u00e4desl nach Hause zu holen.<a href=\"http:\/\/collies-vom-floersbachtal.de\/cms\/wp-content\/uploads\/2018\/12\/Hazel1-Auszug-Feb.19.jpg\"><img loading=\"lazy\" decoding=\"async\" class=\"aligncenter size-large wp-image-25735\" title=\"Hazel1 Auszug Feb.19\" src=\"http:\/\/collies-vom-floersbachtal.de\/cms\/wp-content\/uploads\/2018\/12\/Hazel1-Auszug-Feb.19-956x1024.jpg\" alt=\"\" width=\"640\" height=\"685\" srcset=\"https:\/\/collies-vom-floersbachtal.de\/cms\/wp-content\/uploads\/2018\/12\/Hazel1-Auszug-Feb.19-956x1024.jpg 956w, https:\/\/collies-vom-floersbachtal.de\/cms\/wp-content\/uploads\/2018\/12\/Hazel1-Auszug-Feb.19-280x300.jpg 280w, https:\/\/collies-vom-floersbachtal.de\/cms\/wp-content\/uploads\/2018\/12\/Hazel1-Auszug-Feb.19.jpg 1000w\" sizes=\"auto, (max-width: 640px) 100vw, 640px\" \/><\/a><\/strong><\/p>\n<p><strong>Ich w\u00fcnsche euch eine gute Heimreise und nochmals herzlichen Dank f\u00fcr alles liebe Conny. \ud83d\ude00<\/strong><\/p>\n<p><strong>Heute nun ist unser letzter Schatz klein Idefix-Michl mit seinem Frauli in sein neues Zuhause gezogen. Dort wird er schon von Herrchen, H\u00fcndin Paula und Katerchen erwartet.<\/strong><a href=\"http:\/\/collies-vom-floersbachtal.de\/cms\/wp-content\/uploads\/2018\/12\/Michl1-Auszug-3.02.19.jpg\"><img loading=\"lazy\" decoding=\"async\" class=\"aligncenter size-full wp-image-25748\" title=\"Michl1 Auszug 3.02.19\" src=\"http:\/\/collies-vom-floersbachtal.de\/cms\/wp-content\/uploads\/2018\/12\/Michl1-Auszug-3.02.19.jpg\" alt=\"\" width=\"1000\" height=\"1328\" srcset=\"https:\/\/collies-vom-floersbachtal.de\/cms\/wp-content\/uploads\/2018\/12\/Michl1-Auszug-3.02.19.jpg 1000w, https:\/\/collies-vom-floersbachtal.de\/cms\/wp-content\/uploads\/2018\/12\/Michl1-Auszug-3.02.19-225x300.jpg 225w, https:\/\/collies-vom-floersbachtal.de\/cms\/wp-content\/uploads\/2018\/12\/Michl1-Auszug-3.02.19-771x1024.jpg 771w\" sizes=\"auto, (max-width: 1000px) 100vw, 1000px\" \/><\/a><\/p>\n<p><strong>Jetzt kann ich euch allen nur noch ganz viele sch\u00f6ne Jahre mit euren Sch\u00e4tzen w\u00fcnschen und das ihr mich immer ein klein wenig an den weiteren Lebensl\u00e4ufen teilnehmen lasst.<\/strong><\/p>\n<p><strong>Liebe Gr\u00fc\u00dfe eure Ziehmama Susanne<\/strong><\/p>\n<\/div>\n<\/div>\n","protected":false},"excerpt":{"rendered":"<p>Auszug der Welpen des I-Wurfs Ich bedanke mich nochmal bei allen Welpenk\u00e4ufern, f\u00fcr das von euch entgegengebrachte Vertrauen in meine Zuchtst\u00e4tte und in mich und w\u00fcnschen ein sch\u00f6nes, sowie langes und gl\u00fcckliches Leben mit den Kleinen. Ein kleiner Buchtipp f\u00fcr &hellip; <a href=\"https:\/\/collies-vom-floersbachtal.de\/?page_id=25062\">Weiterlesen <span class=\"meta-nav\">&rarr;<\/span><\/a><\/p>\n","protected":false},"author":1,"featured_media":0,"parent":0,"menu_order":0,"comment_status":"open","ping_status":"open","template":"","meta":{"footnotes":""},"class_list":["post-25062","page","type-page","status-publish","hentry"],"_links":{"self":[{"href":"https:\/\/collies-vom-floersbachtal.de\/index.php?rest_route=\/wp\/v2\/pages\/25062","targetHints":{"allow":["GET"]}}],"collection":[{"href":"https:\/\/collies-vom-floersbachtal.de\/index.php?rest_route=\/wp\/v2\/pages"}],"about":[{"href":"https:\/\/collies-vom-floersbachtal.de\/index.php?rest_route=\/wp\/v2\/types\/page"}],"author":[{"embeddable":true,"href":"https:\/\/collies-vom-floersbachtal.de\/index.php?rest_route=\/wp\/v2\/users\/1"}],"replies":[{"embeddable":true,"href":"https:\/\/collies-vom-floersbachtal.de\/index.php?rest_route=%2Fwp%2Fv2%2Fcomments&post=25062"}],"version-history":[{"count":19,"href":"https:\/\/collies-vom-floersbachtal.de\/index.php?rest_route=\/wp\/v2\/pages\/25062\/revisions"}],"predecessor-version":[{"id":29894,"href":"https:\/\/collies-vom-floersbachtal.de\/index.php?rest_route=\/wp\/v2\/pages\/25062\/revisions\/29894"}],"wp:attachment":[{"href":"https:\/\/collies-vom-floersbachtal.de\/index.php?rest_route=%2Fwp%2Fv2%2Fmedia&parent=25062"}],"curies":[{"name":"wp","href":"https:\/\/api.w.org\/{rel}","templated":true}]}}