{"id":25,"date":"2011-11-09T11:42:52","date_gmt":"2011-11-09T11:42:52","guid":{"rendered":"http:\/\/cvf.itprojekte.pro\/?page_id=25"},"modified":"2026-03-26T13:30:51","modified_gmt":"2026-03-26T13:30:51","slug":"wurfdeckmeldungwelpenaufzucht","status":"publish","type":"page","link":"https:\/\/collies-vom-floersbachtal.de\/?page_id=25","title":{"rendered":"Wurfplanung"},"content":{"rendered":"\n<h1 class=\"wp-block-heading\"><strong>Fr\u00fchjahr 2026<\/strong> <strong>Wurfplanung <\/strong><\/h1>\n\n\n\n<h1 class=\"wp-block-heading\"><strong>mit Mina &amp; Willi hat geklappt, wir erwarten um den 21.04.26 kleine Kr\u00fcmelmonster von den beiden. \ud83d\ude00  <\/strong><\/h1>\n\n\n\n<figure class=\"wp-block-image size-full\"><a href=\"https:\/\/collies-vom-floersbachtal.de\/cms\/wp-content\/uploads\/2026\/03\/Deckakt-Mina-Willi1.jpg\"><img loading=\"lazy\" decoding=\"async\" width=\"1000\" height=\"867\" src=\"https:\/\/collies-vom-floersbachtal.de\/cms\/wp-content\/uploads\/2026\/03\/Deckakt-Mina-Willi1.jpg\" alt=\"\" class=\"wp-image-54712\" srcset=\"https:\/\/collies-vom-floersbachtal.de\/cms\/wp-content\/uploads\/2026\/03\/Deckakt-Mina-Willi1.jpg 1000w, https:\/\/collies-vom-floersbachtal.de\/cms\/wp-content\/uploads\/2026\/03\/Deckakt-Mina-Willi1-300x260.jpg 300w, https:\/\/collies-vom-floersbachtal.de\/cms\/wp-content\/uploads\/2026\/03\/Deckakt-Mina-Willi1-768x666.jpg 768w\" sizes=\"auto, (max-width: 1000px) 100vw, 1000px\" \/><\/a><\/figure>\n\n\n\n<h1 class=\"wp-block-heading\"><strong>Minako vom Fl\u00f6rsbachtal,<\/strong> <strong>geb. 02.11.2023<\/strong><\/h1>\n\n\n\n<h2 class=\"wp-block-heading\"><strong>White\/Tricolor, 21 kg, 55 cm<br>MDR1&nbsp; +\/+&nbsp;&nbsp; non carrier,&nbsp;&nbsp;&nbsp;&nbsp;&nbsp;&nbsp;&nbsp;&nbsp;&nbsp; &nbsp;(Laboklin)<\/strong><br><strong>CEA&nbsp;&nbsp;&nbsp;&nbsp; N\/N,&nbsp; non carrier&nbsp;&nbsp;&nbsp;&nbsp;&nbsp;&nbsp;&nbsp;&nbsp;&nbsp;&nbsp; (Laboklin)<\/strong><br><strong>DM&nbsp;&nbsp;&nbsp;&nbsp;&nbsp; N\/DM carrier,&nbsp;&nbsp;&nbsp;&nbsp;&nbsp;&nbsp;&nbsp;&nbsp;&nbsp;&nbsp;&nbsp;&nbsp;      (Laboklin)<br>GCS&nbsp;&nbsp;&nbsp;&nbsp; N\/N non carrier,&nbsp; &nbsp;&nbsp;&nbsp;&nbsp;&nbsp;&nbsp;&nbsp;&nbsp;&nbsp; &nbsp;(Eltern)<br>PRA&nbsp;&nbsp;&nbsp;&nbsp; N\/N non carrier,&nbsp; &nbsp; &nbsp; &nbsp; &nbsp; &nbsp;  (Laboklin)<\/strong><\/h2>\n\n\n\n<h2 class=\"wp-block-heading\"><strong>IPD&nbsp; &nbsp; &nbsp;N\/N non carrier,              (Laboklin) &nbsp; &nbsp;<br>CEA\/PRA\/Kat.<\/strong> <strong>Frei mit 16 Monaten<\/strong> <strong>(DOK )<\/strong><\/h2>\n\n\n\n<h2 class=\"wp-block-heading\"><strong>DMS: aabb&nbsp; Cc &nbsp; &nbsp;C-Locus 002:01\/020:01 &nbsp; &nbsp; (Laboklin)<\/strong><\/h2>\n\n\n\n<h2 class=\"wp-block-heading\"><strong>M-Lokus m\/m non merle (Laboklin)<\/strong><\/h2>\n\n\n\n<h2 class=\"wp-block-heading\"><strong>DNA Profil vorhanden<\/strong><\/h2>\n\n\n\n<h2 class=\"wp-block-heading\"><strong>&nbsp;HD A\/ ED O<\/strong> <strong>Mina ist zuchttauglich geschrieben<\/strong><\/h2>\n\n\n\n<h1 class=\"wp-block-heading\"><strong>&amp;  Sunhills Collies &#8222;Just call me William&#8220;<\/strong> <strong>geb. 15.06.2022<\/strong><\/h1>\n\n\n\n<p><strong>MDR1: (+\/+) non carrier&nbsp; &nbsp; &nbsp; &nbsp; &nbsp; &nbsp; &nbsp; &nbsp; &nbsp; &nbsp; &nbsp; &nbsp;Laboklin&nbsp;<\/strong><\/p>\n\n\n\n<p><strong>DM: (+\/+) non carrier&nbsp; &nbsp; &nbsp; &nbsp; &nbsp; &nbsp; &nbsp; &nbsp; &nbsp; &nbsp; &nbsp; &nbsp; &nbsp; &nbsp; Laboklin&nbsp; &nbsp;<\/strong><\/p>\n\n\n\n<p><strong>CEA: (+\/+) non carrier&nbsp; &nbsp; &nbsp; &nbsp; &nbsp; &nbsp; &nbsp; &nbsp; &nbsp; &nbsp; &nbsp; &nbsp; &nbsp; &nbsp;Laboklin&nbsp; &nbsp; &nbsp; &nbsp; &nbsp; &nbsp; &nbsp; &nbsp; &nbsp; &nbsp;klinisch frei ( DOK )&nbsp;<\/strong><\/p>\n\n\n\n<p><strong>PRA: (+\/+) non carrier&nbsp; &nbsp; &nbsp; &nbsp; &nbsp; &nbsp; &nbsp; &nbsp; &nbsp; &nbsp; &nbsp; &nbsp; &nbsp; &nbsp; Laboklin&nbsp;<\/strong><\/p>\n\n\n\n<p><strong>IPD: (+\/+) non carrier&nbsp; &nbsp; &nbsp; &nbsp; &nbsp; &nbsp; &nbsp; &nbsp; &nbsp; &nbsp; &nbsp; &nbsp; &nbsp; &nbsp; &nbsp; Laboklin&nbsp;<\/strong><\/p>\n\n\n\n<p><strong>GCS: (+\/+) non carrier&nbsp; &nbsp; &nbsp; &nbsp; &nbsp; &nbsp; &nbsp; &nbsp; &nbsp; &nbsp; &nbsp; &nbsp; &nbsp; &nbsp; &nbsp;Laboklin&nbsp;<\/strong><\/p>\n\n\n\n<p><strong>DMS: aaBb&nbsp; &nbsp; &nbsp; &nbsp; &nbsp; &nbsp; &nbsp; &nbsp; &nbsp; &nbsp; &nbsp; &nbsp; &nbsp; &nbsp; &nbsp; &nbsp; &nbsp; &nbsp; &nbsp; &nbsp; &nbsp; &nbsp; &nbsp; &nbsp; Laboklin&nbsp;<\/strong><\/p>\n\n\n\n<p><strong>Merle: m\/m ( kein Merletr\u00e4ger )&nbsp; &nbsp; &nbsp; &nbsp; &nbsp; &nbsp; &nbsp; &nbsp;Laboklin&nbsp;<\/strong><\/p>\n\n\n\n<p><strong>HD: frei ( A )<\/strong><\/p>\n\n\n\n<p><strong>ED: frei ( 0 )<\/strong><\/p>\n\n\n\n<p><strong>L\u00dcW: frei ( 0 )<\/strong><\/p>\n\n\n\n<p><strong>Farbe: dark sable \/ white<\/strong><\/p>\n\n\n\n<p><strong>Gr\u00f6\u00dfe: 65cm<\/strong><\/p>\n\n\n\n<p><strong>Gewicht: ca. 28kg<\/strong><\/p>\n\n\n\n<p><strong>AVK: 1,0 ( kein doppelter Ahne \u00fcber 4 Generationen )<\/strong><\/p>\n\n\n\n<p><strong>Amerikanische Linien: 91%<\/strong><\/p>\n\n\n\n<p><strong>Vollzahniges Scherengebiss und Kippohren<\/strong><\/p>\n\n\n\n<h2 class=\"wp-block-heading\">Die Kr\u00fcmel k\u00f6nnen Dark-Sable \/ White,  Tricolor \/ White,  CHW \/ Dark-Sable, oder CHW \/ Tricolor sein. <\/h2>\n\n\n\n<h2 class=\"wp-block-heading\">Auch hier werden wir nur die besten Gesundheitswerte erwarten k\u00f6nnen.<\/h2>\n\n\n\n<h1 class=\"wp-block-heading\"><strong>Fr\u00fchjahrplanung mit Jana &amp; Willi \ud83d\ude42<\/strong><\/h1>\n\n\n\n<figure class=\"wp-block-image size-large\"><a href=\"https:\/\/collies-vom-floersbachtal.de\/cms\/wp-content\/uploads\/2026\/03\/Wurfplanung-von-Jan-und-Willi1.jpg\"><img loading=\"lazy\" decoding=\"async\" width=\"1024\" height=\"887\" src=\"https:\/\/collies-vom-floersbachtal.de\/cms\/wp-content\/uploads\/2026\/03\/Wurfplanung-von-Jan-und-Willi1-1024x887.jpg\" alt=\"\" class=\"wp-image-54713\" srcset=\"https:\/\/collies-vom-floersbachtal.de\/cms\/wp-content\/uploads\/2026\/03\/Wurfplanung-von-Jan-und-Willi1-1024x887.jpg 1024w, https:\/\/collies-vom-floersbachtal.de\/cms\/wp-content\/uploads\/2026\/03\/Wurfplanung-von-Jan-und-Willi1-300x260.jpg 300w, https:\/\/collies-vom-floersbachtal.de\/cms\/wp-content\/uploads\/2026\/03\/Wurfplanung-von-Jan-und-Willi1-768x666.jpg 768w, https:\/\/collies-vom-floersbachtal.de\/cms\/wp-content\/uploads\/2026\/03\/Wurfplanung-von-Jan-und-Willi1.jpg 1140w\" sizes=\"auto, (max-width: 1024px) 100vw, 1024px\" \/><\/a><\/figure>\n\n\n\n<figure class=\"wp-block-image size-large\"><a href=\"https:\/\/collies-vom-floersbachtal.de\/cms\/wp-content\/uploads\/2025\/08\/Janaki-Final.jpg\"><img loading=\"lazy\" decoding=\"async\" width=\"910\" height=\"1024\" src=\"https:\/\/collies-vom-floersbachtal.de\/cms\/wp-content\/uploads\/2025\/08\/Janaki-Final-910x1024.jpg\" alt=\"\" class=\"wp-image-51451\" srcset=\"https:\/\/collies-vom-floersbachtal.de\/cms\/wp-content\/uploads\/2025\/08\/Janaki-Final-910x1024.jpg 910w, https:\/\/collies-vom-floersbachtal.de\/cms\/wp-content\/uploads\/2025\/08\/Janaki-Final-267x300.jpg 267w, https:\/\/collies-vom-floersbachtal.de\/cms\/wp-content\/uploads\/2025\/08\/Janaki-Final-768x864.jpg 768w, https:\/\/collies-vom-floersbachtal.de\/cms\/wp-content\/uploads\/2025\/08\/Janaki-Final-1365x1536.jpg 1365w, https:\/\/collies-vom-floersbachtal.de\/cms\/wp-content\/uploads\/2025\/08\/Janaki-Final.jpg 1600w\" sizes=\"auto, (max-width: 910px) 100vw, 910px\" \/><\/a><\/figure>\n\n\n\n<h1 class=\"wp-block-heading\"><strong>Jana \u201c Janaki vom Fl\u00f6rsbachtal \u201e  <\/strong><\/h1>\n\n\n\n<h2 class=\"wp-block-heading\"><strong>12.06.2021<br>Dark-Sable\/White (Mc\/m), 29 kg, 62 cm<br>MDR1&nbsp; +\/+&nbsp;&nbsp;non carrier,&nbsp;&nbsp;&nbsp;&nbsp;&nbsp;&nbsp;&nbsp;&nbsp;&nbsp; &nbsp;&nbsp;          &nbsp;(Eltern)<br>CEA&nbsp;&nbsp;&nbsp;&nbsp; N\/CEA carrier,&nbsp;&nbsp;&nbsp;&nbsp;&nbsp;&nbsp;&nbsp;&nbsp;&nbsp;&nbsp;&nbsp; &nbsp;              (Laboklin)<br>DM&nbsp;&nbsp;&nbsp;&nbsp;&nbsp; N\/N non carrier,&nbsp;&nbsp;&nbsp;&nbsp;&nbsp;&nbsp;&nbsp;&nbsp;&nbsp;&nbsp;&nbsp;&nbsp;            (Eltern)<br>GCS&nbsp;&nbsp;&nbsp;&nbsp; N\/N non carrier,&nbsp; &nbsp;&nbsp;&nbsp;&nbsp;&nbsp;&nbsp;&nbsp;&nbsp;&nbsp;&nbsp;            (Eltern)<br>PRA&nbsp;&nbsp;&nbsp;&nbsp; N\/N non carrier,&nbsp; &nbsp; &nbsp; &nbsp; &nbsp; &nbsp; &nbsp;           (Eltern)&nbsp; &nbsp; &nbsp; &nbsp; &nbsp; &nbsp;<br>CEA\/PRA\/Kat. frei mit 7 Wochen,&nbsp; &nbsp; (DOK)<br>DMS: aabb&nbsp; Cc &nbsp; &nbsp;C-Locus 002:01\/020:01 (Laboklin)<br>HD A\/ ED&nbsp; 0 &nbsp; &nbsp;<br>DNA Profil&nbsp;&nbsp;&nbsp;&nbsp;vorhanden&nbsp;&nbsp;&nbsp;&nbsp;&nbsp;&nbsp;&nbsp;&nbsp;&nbsp;&nbsp;           &nbsp;&nbsp;&nbsp; (Laboklin)<br>IK\/AVK: 0%, 100% AmericanLines: 64,16 %<\/strong><\/h2>\n\n\n\n<figure class=\"wp-block-image size-large\"><a href=\"https:\/\/collies-vom-floersbachtal.de\/cms\/wp-content\/uploads\/2025\/10\/Jana-und-Mina5-Fotosession-mit-Uli.jpg\"><img loading=\"lazy\" decoding=\"async\" width=\"682\" height=\"1024\" src=\"https:\/\/collies-vom-floersbachtal.de\/cms\/wp-content\/uploads\/2025\/10\/Jana-und-Mina5-Fotosession-mit-Uli-682x1024.jpg\" alt=\"\" class=\"wp-image-52688\" srcset=\"https:\/\/collies-vom-floersbachtal.de\/cms\/wp-content\/uploads\/2025\/10\/Jana-und-Mina5-Fotosession-mit-Uli-682x1024.jpg 682w, https:\/\/collies-vom-floersbachtal.de\/cms\/wp-content\/uploads\/2025\/10\/Jana-und-Mina5-Fotosession-mit-Uli-200x300.jpg 200w, https:\/\/collies-vom-floersbachtal.de\/cms\/wp-content\/uploads\/2025\/10\/Jana-und-Mina5-Fotosession-mit-Uli-768x1153.jpg 768w, https:\/\/collies-vom-floersbachtal.de\/cms\/wp-content\/uploads\/2025\/10\/Jana-und-Mina5-Fotosession-mit-Uli.jpg 1000w\" sizes=\"auto, (max-width: 682px) 100vw, 682px\" \/><\/a><\/figure>\n\n\n\n<figure class=\"wp-block-gallery has-nested-images columns-default is-cropped wp-block-gallery-1 is-layout-flex wp-block-gallery-is-layout-flex\">\n<figure class=\"wp-block-image size-large\"><a href=\"https:\/\/collies-vom-floersbachtal.de\/cms\/wp-content\/uploads\/2025\/10\/Jana8-Ulli-April25.jpg\"><img loading=\"lazy\" decoding=\"async\" width=\"1000\" height=\"667\" data-id=\"52689\" src=\"https:\/\/collies-vom-floersbachtal.de\/cms\/wp-content\/uploads\/2025\/10\/Jana8-Ulli-April25.jpg\" alt=\"\" class=\"wp-image-52689\" srcset=\"https:\/\/collies-vom-floersbachtal.de\/cms\/wp-content\/uploads\/2025\/10\/Jana8-Ulli-April25.jpg 1000w, https:\/\/collies-vom-floersbachtal.de\/cms\/wp-content\/uploads\/2025\/10\/Jana8-Ulli-April25-300x200.jpg 300w, https:\/\/collies-vom-floersbachtal.de\/cms\/wp-content\/uploads\/2025\/10\/Jana8-Ulli-April25-768x512.jpg 768w\" sizes=\"auto, (max-width: 1000px) 100vw, 1000px\" \/><\/a><\/figure>\n\n\n\n<figure class=\"wp-block-image size-large\"><a href=\"https:\/\/collies-vom-floersbachtal.de\/cms\/wp-content\/uploads\/2025\/10\/Janaki1-Feb.22.jpg\"><img loading=\"lazy\" decoding=\"async\" width=\"821\" height=\"1024\" data-id=\"52691\" src=\"https:\/\/collies-vom-floersbachtal.de\/cms\/wp-content\/uploads\/2025\/10\/Janaki1-Feb.22-821x1024.jpg\" alt=\"\" class=\"wp-image-52691\" srcset=\"https:\/\/collies-vom-floersbachtal.de\/cms\/wp-content\/uploads\/2025\/10\/Janaki1-Feb.22-821x1024.jpg 821w, https:\/\/collies-vom-floersbachtal.de\/cms\/wp-content\/uploads\/2025\/10\/Janaki1-Feb.22-241x300.jpg 241w, https:\/\/collies-vom-floersbachtal.de\/cms\/wp-content\/uploads\/2025\/10\/Janaki1-Feb.22-768x958.jpg 768w, https:\/\/collies-vom-floersbachtal.de\/cms\/wp-content\/uploads\/2025\/10\/Janaki1-Feb.22.jpg 1000w\" sizes=\"auto, (max-width: 821px) 100vw, 821px\" \/><\/a><\/figure>\n\n\n\n<figure class=\"wp-block-image size-large\"><a href=\"https:\/\/collies-vom-floersbachtal.de\/cms\/wp-content\/uploads\/2025\/10\/Janas-1.-Geburtstag4.jpg\"><img loading=\"lazy\" decoding=\"async\" width=\"1000\" height=\"950\" data-id=\"52690\" src=\"https:\/\/collies-vom-floersbachtal.de\/cms\/wp-content\/uploads\/2025\/10\/Janas-1.-Geburtstag4.jpg\" alt=\"\" class=\"wp-image-52690\" srcset=\"https:\/\/collies-vom-floersbachtal.de\/cms\/wp-content\/uploads\/2025\/10\/Janas-1.-Geburtstag4.jpg 1000w, https:\/\/collies-vom-floersbachtal.de\/cms\/wp-content\/uploads\/2025\/10\/Janas-1.-Geburtstag4-300x285.jpg 300w, https:\/\/collies-vom-floersbachtal.de\/cms\/wp-content\/uploads\/2025\/10\/Janas-1.-Geburtstag4-768x730.jpg 768w\" sizes=\"auto, (max-width: 1000px) 100vw, 1000px\" \/><\/a><\/figure>\n<\/figure>\n\n\n\n<figure class=\"wp-block-image size-full is-style-rounded\"><a href=\"https:\/\/collies-vom-floersbachtal.de\/cms\/wp-content\/uploads\/2025\/10\/Alle3-Maedesl1-Ulli-April25.jpg\"><img loading=\"lazy\" decoding=\"async\" width=\"1000\" height=\"667\" src=\"https:\/\/collies-vom-floersbachtal.de\/cms\/wp-content\/uploads\/2025\/10\/Alle3-Maedesl1-Ulli-April25.jpg\" alt=\"\" class=\"wp-image-52692\" srcset=\"https:\/\/collies-vom-floersbachtal.de\/cms\/wp-content\/uploads\/2025\/10\/Alle3-Maedesl1-Ulli-April25.jpg 1000w, https:\/\/collies-vom-floersbachtal.de\/cms\/wp-content\/uploads\/2025\/10\/Alle3-Maedesl1-Ulli-April25-300x200.jpg 300w, https:\/\/collies-vom-floersbachtal.de\/cms\/wp-content\/uploads\/2025\/10\/Alle3-Maedesl1-Ulli-April25-768x512.jpg 768w\" sizes=\"auto, (max-width: 1000px) 100vw, 1000px\" \/><\/a><\/figure>\n\n\n\n<h1 class=\"wp-block-heading\"><strong>&amp;<\/strong> <\/h1>\n\n\n\n<h1 class=\"wp-block-heading\"><strong>Sunhills Collies &#8222;Just call me William&#8220; geb. 15.06.2022<\/strong><\/h1>\n\n\n\n<p><strong>MDR1: (+\/+) non carrier&nbsp; &nbsp; &nbsp; &nbsp; &nbsp; &nbsp; &nbsp; &nbsp; &nbsp; &nbsp; &nbsp; &nbsp;Laboklin&nbsp;<\/strong><\/p>\n\n\n\n<p><strong>DM: (+\/+) non carrier&nbsp; &nbsp; &nbsp; &nbsp; &nbsp; &nbsp; &nbsp; &nbsp; &nbsp; &nbsp; &nbsp; &nbsp; &nbsp; &nbsp; Laboklin&nbsp; &nbsp;<\/strong><\/p>\n\n\n\n<p><strong>CEA: (+\/+) non carrier&nbsp; &nbsp; &nbsp; &nbsp; &nbsp; &nbsp; &nbsp; &nbsp; &nbsp; &nbsp; &nbsp; &nbsp; &nbsp; &nbsp;Laboklin&nbsp; &nbsp; &nbsp; &nbsp; &nbsp; &nbsp; &nbsp; &nbsp; &nbsp; &nbsp;klinisch frei ( DOK )&nbsp;<\/strong><\/p>\n\n\n\n<p><strong>PRA: (+\/+) non carrier&nbsp; &nbsp; &nbsp; &nbsp; &nbsp; &nbsp; &nbsp; &nbsp; &nbsp; &nbsp; &nbsp; &nbsp; &nbsp; &nbsp; Laboklin&nbsp;<\/strong><\/p>\n\n\n\n<p><strong>IPD: (+\/+) non carrier&nbsp; &nbsp; &nbsp; &nbsp; &nbsp; &nbsp; &nbsp; &nbsp; &nbsp; &nbsp; &nbsp; &nbsp; &nbsp; &nbsp; &nbsp; Laboklin&nbsp;<\/strong><\/p>\n\n\n\n<p><strong>GCS: (+\/+) non carrier&nbsp; &nbsp; &nbsp; &nbsp; &nbsp; &nbsp; &nbsp; &nbsp; &nbsp; &nbsp; &nbsp; &nbsp; &nbsp; &nbsp; &nbsp;Laboklin&nbsp;<\/strong><\/p>\n\n\n\n<p><strong>DMS: aaBb&nbsp; &nbsp; &nbsp; &nbsp; &nbsp; &nbsp; &nbsp; &nbsp; &nbsp; &nbsp; &nbsp; &nbsp; &nbsp; &nbsp; &nbsp; &nbsp; &nbsp; &nbsp; &nbsp; &nbsp; &nbsp; &nbsp; &nbsp; &nbsp; Laboklin&nbsp;<\/strong><\/p>\n\n\n\n<p><strong>Merle: m\/m ( kein Merletr\u00e4ger )&nbsp; &nbsp; &nbsp; &nbsp; &nbsp; &nbsp; &nbsp; &nbsp;Laboklin&nbsp;<\/strong><\/p>\n\n\n\n<p><strong>geb: 15.06.2022<\/strong><\/p>\n\n\n\n<p><strong>Farbe: dark sable \/ white<\/strong><\/p>\n\n\n\n<p><strong>Gr\u00f6\u00dfe: 65cm<\/strong><\/p>\n\n\n\n<p><strong>Gewicht: ca. 28kg<\/strong><\/p>\n\n\n\n<p><strong>HD: frei ( A )<\/strong><\/p>\n\n\n\n<p><strong>ED: frei ( 0 )<\/strong><\/p>\n\n\n\n<p><strong>L\u00dcW: frei ( 0 )<\/strong><\/p>\n\n\n\n<p><strong>AVK: 1,0 ( kein doppelter Ahne \u00fcber 4 Generationen )<\/strong><\/p>\n\n\n\n<p><strong>Amerikanische Linien: 91%<\/strong><\/p>\n\n\n\n<p><strong>Vollzahniges Scherengebiss und Kippohren<\/strong><\/p>\n\n\n\n<p><strong>Genprofil vorhanden<\/strong><\/p>\n\n\n\n<p><strong>Er ist zuchttauglich geschrieben <\/strong><\/p>\n\n\n\n<figure class=\"wp-block-image\"><img decoding=\"async\" src=\"https:\/\/www.sun-hills-collies.de\/s\/cc_images\/cache_2487627633.jpg?t=1661605628\" alt=\"\"\/><\/figure>\n\n\n\n<p><a href=\"https:\/\/www.sun-hills-collies.de\/s\/cc_images\/teaserbox_2487627633.jpg?t=1661605628\"><\/a><\/p>\n\n\n\n<figure class=\"wp-block-image\"><img decoding=\"async\" src=\"https:\/\/www.sun-hills-collies.de\/s\/cc_images\/cache_2487627640.jpg?t=1661605944\" alt=\"\"\/><\/figure>\n\n\n\n<p><a href=\"https:\/\/www.sun-hills-collies.de\/s\/cc_images\/teaserbox_2487627640.jpg?t=1661605944\"><\/a><\/p>\n\n\n\n<p><em><strong>Zusammen mit meiner Mami und meinen Geschwistern \ud83d\ude42<\/strong><\/em><\/p>\n\n\n\n<figure class=\"wp-block-image\"><img decoding=\"async\" src=\"https:\/\/www.sun-hills-collies.de\/s\/cc_images\/cache_2487627641.jpg?t=1661606001\" alt=\"\"\/><\/figure>\n\n\n\n<p><a href=\"https:\/\/www.sun-hills-collies.de\/s\/cc_images\/teaserbox_2487627641.jpg?t=1661606001\"><\/a><\/p>\n\n\n\n<p><em><strong>Hier bin ich gerade frisch geschl\u00fcpft \ud83d\ude09<\/strong><\/em><\/p>\n\n\n\n<h1 class=\"wp-block-heading\"><\/h1>\n\n\n\n<h2 class=\"wp-block-heading\"><strong>Es werden Dark-Sable mit WF, Tricolor mit WF und CHW\u00b4s in beiden Farben fallen.<br><\/strong><\/h2>\n\n\n\n<h1 class=\"wp-block-heading\"><strong>Bei uns haben Sie die M\u00f6glichkeit \u00fcber WhatsApp im Status t\u00e4glich an unseren Geschehnissen teilzunehmen, so haben Sie immer die Gelegenheit, per Videos oder Fotos \u00fcber den aktuellen Stand der zu belegenden H\u00fcndin informiert zu sein und eben auch die Geburt und die Aufzucht, wie als w\u00e4ren Sie live dabei, mitzuerleben. \ud83d\ude00<\/strong><\/h1>\n\n\n\n<h1 class=\"wp-block-heading\"><strong>Von Anfang an dabei, was w\u00fcnscht man sich mehr???<\/strong><\/h1>\n\n\n\n<h2 class=\"wp-block-heading\"><strong><span style=\"color: #ff0000;\">Mir ist es wichtig, gesunde Collies zu z\u00fcchten!!! Das bin ich dieser tollen Rasse schuldig.<\/span><\/strong><\/h2>\n\n\n\n<h2 class=\"wp-block-heading\" id=\"daher-achten-wir-bei-unseren-verpaarungen-immer-darauf-dass-mdr1-pra-gcs-und-dm-immer-mindestens-bei-einem-elterntier-non-carrier-vorhanden-ist-seit-kurzem-haben-wir-auch-die-moglichkeit-mit-neuen-gentests-die-in-amerika-angeboten-werden-die-hochrisikofaktoren-der-dms-auszuschliessen-ebenso-lege-ich-sehr-viel-wert-darauf-keine-elterntiere-mit-bindegewebsschwache-epilepsie-oder-autoimmunerkrankungen-zu-verpaaren-all-dies-mochte-ich-vermeiden\"><strong>Daher achte ich&nbsp; bei den <strong>Verpaarungen immer darauf, dass <\/strong>MDR1,&nbsp; PRA, GCS und DM immer mindestens bei einem Elterntier non carrier (+\/+) vorhanden ist. Seit kurzem habe ich auch die M\u00f6glichkeit mit neuen Gentests, die in Amerika angeboten werden, die Hochrisikofaktoren der DMS auszuschlie\u00dfen.<br><\/strong><strong>Ebenso lege ich sehr viel Wert darauf keine Elterntiere mit Bindegewebsschw\u00e4che, Epilepsie oder Autoimmunerkrankungen zu verpaaren. All dies m\u00f6chte ich vermeiden.<\/strong><\/h2>\n\n\n\n<h2 class=\"wp-block-heading\" id=\"deshalb-ist-mein-oberstes-zuchtziel-den-gendefektfreien-gut-gepragten-sozialisierten-charakterstarken-familienfreundlichen-und-im-lassietyp-stehenden-collie-zu-zuchten\"><strong><span style=\"color: #ff0000;\">Deshalb ist mein oberstes Zuchtziel, den gendefektfreien, gut gepr\u00e4gten, sozialisierten, charakterstarken, familienfreundlichen und im Lassietyp stehenden Collie zu z\u00fcchten!<\/span><\/strong><\/h2>\n\n\n\n<p><strong>Sollte Sie das Interesse an einem unserer kleinen Racker \u00fcberkommen haben, dann k\u00f6nnen Sie gerne telefonisch einen Besuchstermin mit mir vereinbaren. Die Babys und ich freuen uns.<br>Aber bitte haben Sie Verst\u00e4ndnis daf\u00fcr, dass ich Reservierungen nur bei einer Reservierungsgeb\u00fchr des Kaufpreises, als verbindlich ansehen kann.<br>Sollte ein R\u00fccktritt Ihrerseits erfolgen, so kann die Geb\u00fchr nicht erstattet werden, ich m\u00f6chte hiermit sicherstellen, dass nur ernst gemeinte Kaufinteressenten sich melden.<br>W\u00fcrde allerdings der Welpe<\/strong> <strong>erkranken und k\u00f6nnte dadurch nicht abgegeben werden,  so erstatte ich nat\u00fcrlich den geleisteten Obolus. <br><\/strong><\/p>\n\n\n\n<h3 class=\"wp-block-heading\"><strong>Nat\u00fcrlich k\u00f6nnen Sie sich unverbindlich in meine  Welpenwarteliste eintragen lassen, allerdings m\u00f6chte ich die Interessenten im Vorfeld gerne pers\u00f6nlich kennen lernen, denn was n\u00fctzt die tollste Warteliste, wenn die Chemie nicht stimmt, sowohl zwischen unserem Rudel und den Interessenten, als auch mit mir.<\/strong> <strong>Erst danach, wenn die W\u00fcrmchen gelandet sind, <strong>werden<\/strong> Sie umgehend per Email<strong>, bzw. WhatsApp<\/strong> benachrichtigt. <\/strong><\/h3>\n\n\n\n<h1 class=\"wp-block-heading\"><strong>Sollten sich allerdings ihre Lebensumst\u00e4nde ge\u00e4ndert haben, und es besteht kein Interesse mehr an einem Welpen, bitte ich um eine kurze Nachricht.&nbsp; Denn die Wartepl\u00e4tze sind hei\u00df begehrt und es w\u00e4re den anderen Interessenten gegen\u00fcber nicht fair.&nbsp;&nbsp;<\/strong><\/h1>\n\n\n\n<p><strong>Die Babys empfangen ihren ersten Besuch mit 4-5 Wochen. Da ich die Babys 24\/7 beobachte und ihre Charakterz\u00fcge versuche zu beurteilen, damit sie mit denen der Welpenk\u00e4ufer im Einklang sind. Ebenfalls besteht die M\u00f6glichkeit die Kr\u00fcmel von einer qualifizierten Hundetrainerin auf ihre Wesensz\u00fcge getestet zu werden. Dadurch w\u00e4re es mir m\u00f6glich, W\u00fcnsche von Interessenten bzgl. Charakter und Veranlagung eines Welpen zu ber\u00fccksichtigen. <\/strong><strong><br>Dies ist f\u00fcr eine erfolgreiche Vermittlung zwischen Welpeninteressenten und Babys unerl\u00e4sslich und f\u00fcr mich ein sehr wichtiger Aspekt, denn nur so kann man allen Beteiligten gerecht werden und versuchen eine lebenslange Gemeinschaft zu erlangen.<\/strong><\/p>\n\n\n\n<h1 class=\"wp-block-heading has-text-color\" id=\"unsere-wartelisten-sind-weiterhin-existent-aber-nicht-mehr-offentlich\" style=\"color:#a30016\"><strong>Meine Wartelisten sind weiterhin existent, aber nicht mehr \u00f6ffentlich!<\/strong><\/h1>\n\n\n\n<p><a href=\"https:\/\/www.yellowstoneaussies.de\/unsere-aufzucht\/\" target=\"_blank\" rel=\"noreferrer noopener\"><\/a><\/p>\n","protected":false},"excerpt":{"rendered":"<p>Fr\u00fchjahr 2026 Wurfplanung mit Mina &amp; Willi hat geklappt, wir erwarten um den 21.04.26 kleine Kr\u00fcmelmonster von den beiden. \ud83d\ude00 Minako vom Fl\u00f6rsbachtal, geb. 02.11.2023 White\/Tricolor, 21 kg, 55 cmMDR1&nbsp; +\/+&nbsp;&nbsp; non carrier,&nbsp;&nbsp;&nbsp;&nbsp;&nbsp;&nbsp;&nbsp;&nbsp;&nbsp; &nbsp;(Laboklin)CEA&nbsp;&nbsp;&nbsp;&nbsp; N\/N,&nbsp; non carrier&nbsp;&nbsp;&nbsp;&nbsp;&nbsp;&nbsp;&nbsp;&nbsp;&nbsp;&nbsp; (Laboklin)DM&nbsp;&nbsp;&nbsp;&nbsp;&nbsp; N\/DM carrier,&nbsp;&nbsp;&nbsp;&nbsp;&nbsp;&nbsp;&nbsp;&nbsp;&nbsp;&nbsp;&nbsp;&nbsp; &hellip; <a href=\"https:\/\/collies-vom-floersbachtal.de\/?page_id=25\">Weiterlesen <span class=\"meta-nav\">&rarr;<\/span><\/a><\/p>\n","protected":false},"author":1,"featured_media":0,"parent":18,"menu_order":4,"comment_status":"open","ping_status":"open","template":"","meta":{"footnotes":""},"class_list":["post-25","page","type-page","status-publish","hentry"],"_links":{"self":[{"href":"https:\/\/collies-vom-floersbachtal.de\/index.php?rest_route=\/wp\/v2\/pages\/25","targetHints":{"allow":["GET"]}}],"collection":[{"href":"https:\/\/collies-vom-floersbachtal.de\/index.php?rest_route=\/wp\/v2\/pages"}],"about":[{"href":"https:\/\/collies-vom-floersbachtal.de\/index.php?rest_route=\/wp\/v2\/types\/page"}],"author":[{"embeddable":true,"href":"https:\/\/collies-vom-floersbachtal.de\/index.php?rest_route=\/wp\/v2\/users\/1"}],"replies":[{"embeddable":true,"href":"https:\/\/collies-vom-floersbachtal.de\/index.php?rest_route=%2Fwp%2Fv2%2Fcomments&post=25"}],"version-history":[{"count":1848,"href":"https:\/\/collies-vom-floersbachtal.de\/index.php?rest_route=\/wp\/v2\/pages\/25\/revisions"}],"predecessor-version":[{"id":54813,"href":"https:\/\/collies-vom-floersbachtal.de\/index.php?rest_route=\/wp\/v2\/pages\/25\/revisions\/54813"}],"up":[{"embeddable":true,"href":"https:\/\/collies-vom-floersbachtal.de\/index.php?rest_route=\/wp\/v2\/pages\/18"}],"wp:attachment":[{"href":"https:\/\/collies-vom-floersbachtal.de\/index.php?rest_route=%2Fwp%2Fv2%2Fmedia&parent=25"}],"curies":[{"name":"wp","href":"https:\/\/api.w.org\/{rel}","templated":true}]}}