{"id":24128,"date":"2018-10-24T17:55:07","date_gmt":"2018-10-24T17:55:07","guid":{"rendered":"http:\/\/collies-vom-floersbachtal.de\/?page_id=24128"},"modified":"2018-10-28T10:39:42","modified_gmt":"2018-10-28T10:39:42","slug":"auszug-der-welpen-des-h-wurfs","status":"publish","type":"page","link":"https:\/\/collies-vom-floersbachtal.de\/?page_id=24128","title":{"rendered":"Auszug der Welpen des H-Wurfs"},"content":{"rendered":"<p><strong>Wir bedanken uns nochmal bei allen Welpenk\u00e4ufern, f\u00fcr das entgegen gebrachte Vertrauen in uns und unsere Zuchtst\u00e4tte und w\u00fcnschen ein sch\u00f6nes, langes, gl\u00fcckliches Leben mit den Kleinen.\u00a0<\/strong><\/p>\n<p>Der Tag des Auszugs kam schneller als man gucken konnte. \ud83d\ude41 \ud83d\ude42<\/p>\n<p>Den Anfang am heutigen Tage machten Heavens Familie Stegmann. Sie hatten es ja zum Gl\u00fcck nicht so weit, Aschaffenburg liegt ja fast vor der T\u00fcr \ud83d\ude09<a href=\"http:\/\/collies-vom-floersbachtal.de\/cms\/wp-content\/uploads\/2018\/10\/Auszug-Heaven2.jpg\"><img loading=\"lazy\" decoding=\"async\" class=\"aligncenter size-full wp-image-24185\" title=\"Auszug Heaven2\" src=\"http:\/\/collies-vom-floersbachtal.de\/cms\/wp-content\/uploads\/2018\/10\/Auszug-Heaven2.jpg\" alt=\"\" width=\"1000\" height=\"611\" srcset=\"https:\/\/collies-vom-floersbachtal.de\/cms\/wp-content\/uploads\/2018\/10\/Auszug-Heaven2.jpg 1000w, https:\/\/collies-vom-floersbachtal.de\/cms\/wp-content\/uploads\/2018\/10\/Auszug-Heaven2-300x183.jpg 300w\" sizes=\"auto, (max-width: 1000px) 100vw, 1000px\" \/><\/a><\/p>\n<p>Dann kam mit eiligen Schritten Hanni\u00b4s Familie Stein, war doch die Vorfreude sehr gro\u00df. Obwohl sie schon eine gr\u00f6\u00dfere Strecke von Herleshausen zur\u00fccklegen mu\u00dften. \ud83d\ude00<a href=\"http:\/\/collies-vom-floersbachtal.de\/cms\/wp-content\/uploads\/2018\/10\/Auszug-Hanni21.jpg\"><img loading=\"lazy\" decoding=\"async\" class=\"aligncenter size-full wp-image-24186\" title=\"Auszug Hanni2\" src=\"http:\/\/collies-vom-floersbachtal.de\/cms\/wp-content\/uploads\/2018\/10\/Auszug-Hanni21.jpg\" alt=\"\" width=\"1000\" height=\"1345\" srcset=\"https:\/\/collies-vom-floersbachtal.de\/cms\/wp-content\/uploads\/2018\/10\/Auszug-Hanni21.jpg 1000w, https:\/\/collies-vom-floersbachtal.de\/cms\/wp-content\/uploads\/2018\/10\/Auszug-Hanni21-223x300.jpg 223w, https:\/\/collies-vom-floersbachtal.de\/cms\/wp-content\/uploads\/2018\/10\/Auszug-Hanni21-761x1024.jpg 761w\" sizes=\"auto, (max-width: 1000px) 100vw, 1000px\" \/><\/a>Als dritte zog dann unsere kleine Hetti mit ihrer Familie Schiller von dannen, auch sie hatten\u00a0 eine l\u00e4ngere Heimfahrt zu bew\u00e4ltigen, n\u00e4mlich bis kurz vor Luxemburg. \ud83d\ude00<a href=\"http:\/\/collies-vom-floersbachtal.de\/cms\/wp-content\/uploads\/2018\/10\/Auszug-Hetti1.jpg\"><img loading=\"lazy\" decoding=\"async\" class=\"aligncenter size-full wp-image-24188\" title=\"Auszug Hetti1\" src=\"http:\/\/collies-vom-floersbachtal.de\/cms\/wp-content\/uploads\/2018\/10\/Auszug-Hetti1.jpg\" alt=\"\" width=\"1000\" height=\"1152\" srcset=\"https:\/\/collies-vom-floersbachtal.de\/cms\/wp-content\/uploads\/2018\/10\/Auszug-Hetti1.jpg 1000w, https:\/\/collies-vom-floersbachtal.de\/cms\/wp-content\/uploads\/2018\/10\/Auszug-Hetti1-260x300.jpg 260w, https:\/\/collies-vom-floersbachtal.de\/cms\/wp-content\/uploads\/2018\/10\/Auszug-Hetti1-888x1024.jpg 888w\" sizes=\"auto, (max-width: 1000px) 100vw, 1000px\" \/><\/a><\/p>\n<p>F\u00fcr den heutigen Tag wurde dann noch unsere kleinste Prinzessin Hope-Abby von ihrer Familie Geuter abgeholt. Auch sie hat es ja nicht so weit bis Nidda. \ud83d\ude42<a href=\"http:\/\/collies-vom-floersbachtal.de\/cms\/wp-content\/uploads\/2018\/10\/Auszug-Hope-Abby1.jpg\"><img loading=\"lazy\" decoding=\"async\" class=\"aligncenter size-full wp-image-24191\" title=\"Auszug Hope Abby1\" src=\"http:\/\/collies-vom-floersbachtal.de\/cms\/wp-content\/uploads\/2018\/10\/Auszug-Hope-Abby1.jpg\" alt=\"\" width=\"1000\" height=\"706\" srcset=\"https:\/\/collies-vom-floersbachtal.de\/cms\/wp-content\/uploads\/2018\/10\/Auszug-Hope-Abby1.jpg 1000w, https:\/\/collies-vom-floersbachtal.de\/cms\/wp-content\/uploads\/2018\/10\/Auszug-Hope-Abby1-300x211.jpg 300w\" sizes=\"auto, (max-width: 1000px) 100vw, 1000px\" \/><\/a>Heute am Sonntag kamen dann auch die Familie Morell um ihre s\u00fc\u00dfe Hasel endlich ins Allg\u00e4u zu entf\u00fchren.<a href=\"http:\/\/collies-vom-floersbachtal.de\/cms\/wp-content\/uploads\/2018\/10\/Auszug-Hasel1.jpg\"><img loading=\"lazy\" decoding=\"async\" class=\"aligncenter size-full wp-image-24267\" title=\"Auszug Hasel1\" src=\"http:\/\/collies-vom-floersbachtal.de\/cms\/wp-content\/uploads\/2018\/10\/Auszug-Hasel1.jpg\" alt=\"\" width=\"1000\" height=\"951\" srcset=\"https:\/\/collies-vom-floersbachtal.de\/cms\/wp-content\/uploads\/2018\/10\/Auszug-Hasel1.jpg 1000w, https:\/\/collies-vom-floersbachtal.de\/cms\/wp-content\/uploads\/2018\/10\/Auszug-Hasel1-300x285.jpg 300w\" sizes=\"auto, (max-width: 1000px) 100vw, 1000px\" \/><\/a>Sowie Frau Zoer, um ihre s\u00fc\u00dfe (Harmonie Ph\u00f6nix) Holly nach Butzbach\u00a0 zu holen,<a href=\"http:\/\/collies-vom-floersbachtal.de\/cms\/wp-content\/uploads\/2018\/10\/Auszug-Holly1.jpg\"><img loading=\"lazy\" decoding=\"async\" class=\"aligncenter size-large wp-image-24268\" title=\"Auszug Holly1\" src=\"http:\/\/collies-vom-floersbachtal.de\/cms\/wp-content\/uploads\/2018\/10\/Auszug-Holly1-976x1024.jpg\" alt=\"\" width=\"640\" height=\"671\" srcset=\"https:\/\/collies-vom-floersbachtal.de\/cms\/wp-content\/uploads\/2018\/10\/Auszug-Holly1-976x1024.jpg 976w, https:\/\/collies-vom-floersbachtal.de\/cms\/wp-content\/uploads\/2018\/10\/Auszug-Holly1-285x300.jpg 285w, https:\/\/collies-vom-floersbachtal.de\/cms\/wp-content\/uploads\/2018\/10\/Auszug-Holly1.jpg 1000w\" sizes=\"auto, (max-width: 640px) 100vw, 640px\" \/><\/a>sie kam gemeinsam mit Kerstin Fischer und einer Freundin um ihren goldigen Hancock nach B\u00fcdingen abzuholen.<a href=\"http:\/\/collies-vom-floersbachtal.de\/cms\/wp-content\/uploads\/2018\/10\/Auszug-Hancock1.jpg\"><img loading=\"lazy\" decoding=\"async\" class=\"aligncenter size-full wp-image-24269\" title=\"Auszug Hancock1\" src=\"http:\/\/collies-vom-floersbachtal.de\/cms\/wp-content\/uploads\/2018\/10\/Auszug-Hancock1.jpg\" alt=\"\" width=\"1000\" height=\"1037\" srcset=\"https:\/\/collies-vom-floersbachtal.de\/cms\/wp-content\/uploads\/2018\/10\/Auszug-Hancock1.jpg 1000w, https:\/\/collies-vom-floersbachtal.de\/cms\/wp-content\/uploads\/2018\/10\/Auszug-Hancock1-289x300.jpg 289w, https:\/\/collies-vom-floersbachtal.de\/cms\/wp-content\/uploads\/2018\/10\/Auszug-Hancock1-987x1024.jpg 987w\" sizes=\"auto, (max-width: 1000px) 100vw, 1000px\" \/><\/a>Wir w\u00fcnschen euch viel Spa\u00df mit den besonderen M\u00e4usen und eine tolle Zeit.<\/p>\n<p>LG. Susanne und die Collies vom Fl\u00f6rsbachtal<\/p>\n<p>&nbsp;<\/p>\n","protected":false},"excerpt":{"rendered":"<p>Wir bedanken uns nochmal bei allen Welpenk\u00e4ufern, f\u00fcr das entgegen gebrachte Vertrauen in uns und unsere Zuchtst\u00e4tte und w\u00fcnschen ein sch\u00f6nes, langes, gl\u00fcckliches Leben mit den Kleinen.\u00a0 Der Tag des Auszugs kam schneller als man gucken konnte. \ud83d\ude41 \ud83d\ude42 Den &hellip; <a href=\"https:\/\/collies-vom-floersbachtal.de\/?page_id=24128\">Weiterlesen <span class=\"meta-nav\">&rarr;<\/span><\/a><\/p>\n","protected":false},"author":1,"featured_media":0,"parent":0,"menu_order":0,"comment_status":"open","ping_status":"open","template":"","meta":{"footnotes":""},"class_list":["post-24128","page","type-page","status-publish","hentry"],"_links":{"self":[{"href":"https:\/\/collies-vom-floersbachtal.de\/index.php?rest_route=\/wp\/v2\/pages\/24128","targetHints":{"allow":["GET"]}}],"collection":[{"href":"https:\/\/collies-vom-floersbachtal.de\/index.php?rest_route=\/wp\/v2\/pages"}],"about":[{"href":"https:\/\/collies-vom-floersbachtal.de\/index.php?rest_route=\/wp\/v2\/types\/page"}],"author":[{"embeddable":true,"href":"https:\/\/collies-vom-floersbachtal.de\/index.php?rest_route=\/wp\/v2\/users\/1"}],"replies":[{"embeddable":true,"href":"https:\/\/collies-vom-floersbachtal.de\/index.php?rest_route=%2Fwp%2Fv2%2Fcomments&post=24128"}],"version-history":[{"count":8,"href":"https:\/\/collies-vom-floersbachtal.de\/index.php?rest_route=\/wp\/v2\/pages\/24128\/revisions"}],"predecessor-version":[{"id":24183,"href":"https:\/\/collies-vom-floersbachtal.de\/index.php?rest_route=\/wp\/v2\/pages\/24128\/revisions\/24183"}],"wp:attachment":[{"href":"https:\/\/collies-vom-floersbachtal.de\/index.php?rest_route=%2Fwp%2Fv2%2Fmedia&parent=24128"}],"curies":[{"name":"wp","href":"https:\/\/api.w.org\/{rel}","templated":true}]}}