{"id":23780,"date":"2018-09-22T12:05:58","date_gmt":"2018-09-22T12:05:58","guid":{"rendered":"http:\/\/collies-vom-floersbachtal.de\/?page_id=23780"},"modified":"2023-07-29T11:34:31","modified_gmt":"2023-07-29T11:34:31","slug":"du-fehlst-mir-so-sehr","status":"publish","type":"page","link":"https:\/\/collies-vom-floersbachtal.de\/?page_id=23780","title":{"rendered":"Du fehlst mir so sehr  :-("},"content":{"rendered":"<h1><strong>29.07.2023 &#8230; Herzlichen Gl\u00fcckwunsch, wo immer du auch bist \ud83d\ude42 Heute w\u00e4rst du 70 Jahre jung geworden, es sind nun schon fast 5 Jahre ohne DICH, du fehlst mir. \ud83d\ude41\u00a0<\/strong><\/h1>\n<pre id=\"tw-target-text\" class=\"tw-data-text tw-ta tw-text-small\" dir=\"ltr\" data-placeholder=\"\u00dcbersetzung\" data-fulltext=\"\"><span lang=\"de\">Wish You Were Here Lyrics \n\nWie Wellen zum Ufer Teil des Ozeans. Die Sterne sind hoch \u00fcber einem Teil des Himmels. \nJetzt treibe ich zu dir Ich tr\u00e4ume von einem Fluss. Ein Wasser so blau, Ich w\u00fcnschte ich k\u00f6nnte dort leben W\u00fcnschte, \ndu w\u00e4rst hier wie die Luft, die Ich atme. Du wirst immer da sein Die Fl\u00fcgel, die ich brauche, \nwenn ich fliegen will. Jetzt treibe ich zu dir. Ich tr\u00e4ume von einem Fluss, ein Wasser so blau. \nIch w\u00fcnschte ich k\u00f6nnte dort leben W\u00fcnschte, du w\u00e4rst hier :-(<a href=\"https:\/\/collies-vom-floersbachtal.de\/?attachment_id=40876\" rel=\"attachment wp-att-40876\"><img loading=\"lazy\" decoding=\"async\" class=\"aligncenter size-full wp-image-40876\" src=\"http:\/\/collies-vom-floersbachtal.de\/cms\/wp-content\/uploads\/2023\/07\/Trauer.jpg\" alt=\"\" width=\"500\" height=\"571\" srcset=\"https:\/\/collies-vom-floersbachtal.de\/cms\/wp-content\/uploads\/2023\/07\/Trauer.jpg 500w, https:\/\/collies-vom-floersbachtal.de\/cms\/wp-content\/uploads\/2023\/07\/Trauer-263x300.jpg 263w\" sizes=\"auto, (max-width: 500px) 100vw, 500px\" \/><\/a><\/span><\/pre>\n<h1><strong>29.10.2022 &#8230; \ud83d\ude41\u00a0<\/strong> 4 Jahre sind nun schon vergangen, die ich ohne dich sein mu\u00df \ud83d\ude41 Aber trotz alle dem habe ich sehr oft das Gef\u00fchl das du mir nah bist. Die beiden j\u00fcngsten M\u00e4dels Tara und Jana kennen dich gar nicht, obwohl ich denke, dass du sie mir geschickt hast \ud83d\ude42<a href=\"https:\/\/collies-vom-floersbachtal.de\/?attachment_id=37622\" rel=\"attachment wp-att-37622\"><img loading=\"lazy\" decoding=\"async\" class=\"aligncenter size-full wp-image-37622\" src=\"http:\/\/collies-vom-floersbachtal.de\/cms\/wp-content\/uploads\/2022\/10\/1Oktober22-1.jpg\" alt=\"\" width=\"1000\" height=\"687\" srcset=\"https:\/\/collies-vom-floersbachtal.de\/cms\/wp-content\/uploads\/2022\/10\/1Oktober22-1.jpg 1000w, https:\/\/collies-vom-floersbachtal.de\/cms\/wp-content\/uploads\/2022\/10\/1Oktober22-1-300x206.jpg 300w, https:\/\/collies-vom-floersbachtal.de\/cms\/wp-content\/uploads\/2022\/10\/1Oktober22-1-768x528.jpg 768w\" sizes=\"auto, (max-width: 1000px) 100vw, 1000px\" \/><\/a><\/h1>\n<p><strong><a href=\"https:\/\/collies-vom-floersbachtal.de\/?attachment_id=37626\" rel=\"attachment wp-att-37626\"><img loading=\"lazy\" decoding=\"async\" class=\"aligncenter size-full wp-image-37626\" src=\"http:\/\/collies-vom-floersbachtal.de\/cms\/wp-content\/uploads\/2022\/10\/Jana-und-Tara2-Okt.22-1.jpg\" alt=\"\" width=\"1000\" height=\"1556\" srcset=\"https:\/\/collies-vom-floersbachtal.de\/cms\/wp-content\/uploads\/2022\/10\/Jana-und-Tara2-Okt.22-1.jpg 1000w, https:\/\/collies-vom-floersbachtal.de\/cms\/wp-content\/uploads\/2022\/10\/Jana-und-Tara2-Okt.22-1-193x300.jpg 193w, https:\/\/collies-vom-floersbachtal.de\/cms\/wp-content\/uploads\/2022\/10\/Jana-und-Tara2-Okt.22-1-658x1024.jpg 658w, https:\/\/collies-vom-floersbachtal.de\/cms\/wp-content\/uploads\/2022\/10\/Jana-und-Tara2-Okt.22-1-768x1195.jpg 768w, https:\/\/collies-vom-floersbachtal.de\/cms\/wp-content\/uploads\/2022\/10\/Jana-und-Tara2-Okt.22-1-987x1536.jpg 987w\" sizes=\"auto, (max-width: 1000px) 100vw, 1000px\" \/><\/a><a href=\"https:\/\/collies-vom-floersbachtal.de\/?attachment_id=37623\" rel=\"attachment wp-att-37623\"><img loading=\"lazy\" decoding=\"async\" class=\"aligncenter size-full wp-image-37623\" src=\"http:\/\/collies-vom-floersbachtal.de\/cms\/wp-content\/uploads\/2022\/10\/Collies7-im-Okt.22-1.jpg\" alt=\"\" width=\"800\" height=\"739\" srcset=\"https:\/\/collies-vom-floersbachtal.de\/cms\/wp-content\/uploads\/2022\/10\/Collies7-im-Okt.22-1.jpg 800w, https:\/\/collies-vom-floersbachtal.de\/cms\/wp-content\/uploads\/2022\/10\/Collies7-im-Okt.22-1-300x277.jpg 300w, https:\/\/collies-vom-floersbachtal.de\/cms\/wp-content\/uploads\/2022\/10\/Collies7-im-Okt.22-1-768x709.jpg 768w\" sizes=\"auto, (max-width: 800px) 100vw, 800px\" \/><\/a><a href=\"http:\/\/collies-vom-floersbachtal.de\/cms\/wp-content\/uploads\/2018\/09\/Colliespaziergang10-Dez.15-mit-Wasserzeichen.jpg\"><img loading=\"lazy\" decoding=\"async\" class=\"aligncenter size-full wp-image-26016\" title=\"Colliespaziergang10 Dez.15 mit Wasserzeichen\" src=\"http:\/\/collies-vom-floersbachtal.de\/cms\/wp-content\/uploads\/2018\/09\/Colliespaziergang10-Dez.15-mit-Wasserzeichen.jpg\" alt=\"\" width=\"1000\" height=\"750\" srcset=\"https:\/\/collies-vom-floersbachtal.de\/cms\/wp-content\/uploads\/2018\/09\/Colliespaziergang10-Dez.15-mit-Wasserzeichen.jpg 1000w, https:\/\/collies-vom-floersbachtal.de\/cms\/wp-content\/uploads\/2018\/09\/Colliespaziergang10-Dez.15-mit-Wasserzeichen-300x225.jpg 300w\" sizes=\"auto, (max-width: 1000px) 100vw, 1000px\" \/><\/a><\/strong><\/p>\n<h1>Ich sp\u00fcre deine N\u00e4he, vor allem wenn wir im Wald sind und das Licht zart durch die B\u00e4ume bricht.<\/h1>\n<p><strong>\u00a0 \u00a0 \u00a0 \u00a0 \u00a0 \u00a0 \u00a0 \u00a0 \u00a0 \u00a0 \u00a0 \u00a0 \u00a0 \u00a0 \u00a0 \u00a0 \u00a0 \u00a0 \u00a0 \u00a0 \u00a0 \u00a0 \u00a0 \u00a0 \u00a0 \u00a0 \u00a0 \u00a0 \u00a014.09.2019<\/strong><\/p>\n<p>Heute vor genau einem Jahr haben wir dich in deinen geliebten Wald zur letzten Ruhe getragen. Die M\u00e4dels und ich haben dir ein kleines St\u00fcck von der letzten Ruhest\u00e4tte deiner Eltern mitgebracht. In Liebe deine Sanne\u00a0\u00a0<a href=\"http:\/\/collies-vom-floersbachtal.de\/cms\/wp-content\/uploads\/2018\/09\/Gernots-1.-Todestag11.jpg\"><img loading=\"lazy\" decoding=\"async\" class=\"aligncenter size-full wp-image-27411\" title=\"Gernots 1. Todestag11\" src=\"http:\/\/collies-vom-floersbachtal.de\/cms\/wp-content\/uploads\/2018\/09\/Gernots-1.-Todestag11.jpg\" alt=\"\" width=\"1000\" height=\"1500\" srcset=\"https:\/\/collies-vom-floersbachtal.de\/cms\/wp-content\/uploads\/2018\/09\/Gernots-1.-Todestag11.jpg 1000w, https:\/\/collies-vom-floersbachtal.de\/cms\/wp-content\/uploads\/2018\/09\/Gernots-1.-Todestag11-200x300.jpg 200w, https:\/\/collies-vom-floersbachtal.de\/cms\/wp-content\/uploads\/2018\/09\/Gernots-1.-Todestag11-682x1024.jpg 682w\" sizes=\"auto, (max-width: 1000px) 100vw, 1000px\" \/><\/a><\/p>\n<h1><a href=\"http:\/\/collies-vom-floersbachtal.de\/cms\/wp-content\/uploads\/2018\/09\/Gernots-1.-Todestag13.jpg\"><img loading=\"lazy\" decoding=\"async\" class=\"aligncenter size-full wp-image-27412\" title=\"Gernots 1. Todestag13\" src=\"http:\/\/collies-vom-floersbachtal.de\/cms\/wp-content\/uploads\/2018\/09\/Gernots-1.-Todestag13.jpg\" alt=\"\" width=\"1000\" height=\"588\" srcset=\"https:\/\/collies-vom-floersbachtal.de\/cms\/wp-content\/uploads\/2018\/09\/Gernots-1.-Todestag13.jpg 1000w, https:\/\/collies-vom-floersbachtal.de\/cms\/wp-content\/uploads\/2018\/09\/Gernots-1.-Todestag13-300x176.jpg 300w\" sizes=\"auto, (max-width: 1000px) 100vw, 1000px\" \/><\/a><strong>Abschied von dir<\/strong><\/h1>\n<p>Es ist Zeit , dir Lebewohl zu sagen, Abschied zu nehmen, ohne zu fragen. Alles hat hier auf der Erde seine Zeit, sei bereit f\u00fcr die Ewigkeit.<br \/>\nTanze im Strom der Gezeiten, im Licht, nach dem Tag die Nacht anbricht.<\/p>\n<p>Bedanke dich und sage jetzt Lebewohl, binde und l\u00f6se, lasse los, lasse geschehen, der Lebensstrom wird sich weiter drehen.<\/p>\n<p>F\u00fcr alles gibt es auf der Erde einen Raum, wir wechseln ihn st\u00e4ndig und merken es kaum. Abschied gibt es nicht nur im Tod, Abschiede gibt es im Gro\u00dfen und im Kleinen, mal<br \/>\nl\u00e4nger &#8211; mal k\u00fcrzer &#8211; mal m\u00fcssen wir weinen.<\/p>\n<p>Sei bereit f\u00fcr weitere Stufen, das Leben selbst hat dich gerufen. Nimm Abschied, lasse los, du kannst hier nichts halten, es gibt andere Kr\u00e4fte, die \u00fcber uns walten.<\/p>\n<p>Die Liebe, sie ist f\u00fcr die Ewigkeit. Im Herzen sind wir auf ewig verbunden,vielleicht treffen wir uns in neuen Runden.<\/p>\n<p>Wir k\u00f6nnen wachsen und uns weiten,wenn wir den Weg der Liebe beschreiten. Alles, was wir brauchen, schenkt uns der Moment, der uns zusammenf\u00fchrt und uns wieder trennt.<\/p>\n<p><strong>\u00a0 \u00a0 \u00a0 \u00a0 \u00a0 \u00a0 \u00a0 \u00a0 \u00a0 \u00a0 \u00a0 \u00a0 \u00a0 \u00a0 \u00a0 \u00a0 \u00a0 \u00a0 \u00a0 \u00a0 \u00a0 \u00a0 \u00a0 \u00a0 \u00a0 \u00a0 \u00a0 \u00a0 \u00a0 \u00a0Segen im Kommen.<\/strong><br \/>\n<strong>\u00a0 \u00a0 \u00a0 \u00a0 \u00a0 \u00a0 \u00a0 \u00a0 \u00a0 \u00a0 \u00a0 \u00a0 \u00a0 \u00a0 \u00a0 \u00a0 \u00a0 \u00a0 \u00a0 \u00a0 \u00a0 \u00a0 \u00a0 \u00a0 \u00a0 \u00a0 \u00a0 \u00a0 \u00a0 \u00a0Segen im Gehen.<\/strong><br \/>\n<strong>\u00a0 \u00a0 \u00a0 \u00a0 \u00a0 \u00a0 \u00a0 \u00a0 \u00a0 \u00a0 \u00a0 \u00a0 \u00a0 \u00a0 \u00a0 \u00a0 \u00a0 \u00a0 \u00a0 \u00a0 \u00a0 \u00a0 \u00a0 \u00a0 \u00a0 \u00a0 \u00a0 \u00a0 \u00a0 \u00a0Segen im Wiedersehen!<\/strong><\/p>\n<p>(Jeanne Ruland)<\/p>\n<h1><strong>Als Andenken an meinen geliebten Ehemann Gernot, einem einzigartigen Menschen, der ma\u00dfgeblich am Aufbau meiner Colliezucht beteiligt war und mir eine so gro\u00dfe Hilfe in allem war. Ihm werde ich\u00a0 auf ewig dankbar sein und daher widme\u00a0<\/strong><strong>ich ihm diese Seite.<\/strong><\/h1>\n<h1><strong>Ich vermisse dich so unendlich. \ud83d\ude41<\/strong><br \/>\n<strong> In hingebungsvoller Liebe deine Sanne\u00a0<\/strong><\/h1>\n<h2><strong>Heute am 14.09.18 durftest du zu deiner letzten Ruhest\u00e4tte gehen und wir haben dich begleitet. \ud83d\ude41<\/strong><\/h2>\n<p><a href=\"http:\/\/collies-vom-floersbachtal.de\/cms\/wp-content\/uploads\/2011\/11\/Schatz-Beerdigung-14.09.18.jpg\"><img loading=\"lazy\" decoding=\"async\" title=\"Schatz Beerdigung 14.09.18\" src=\"http:\/\/collies-vom-floersbachtal.de\/cms\/wp-content\/uploads\/2011\/11\/Schatz-Beerdigung-14.09.18.jpg\" alt=\"\" width=\"720\" height=\"960\" \/><\/a><\/p>\n<p>&#8220; Ich selbst bin zwar woanders, nein, nicht weit, wie k\u00f6nnte ich mich jemals von dir trennen? Du wirst mich nur mit anderem Namen nennen. Was ich verlor? Ein abgelegtes Kleid.<\/p>\n<p>Vielleicht, an einem hei\u00dfen Sommertag, werd ich im Windhauch deine Stirne k\u00fchlen, wirst du auf einmal meine N\u00e4he f\u00fchlen, wie meine Hand, die auf deiner lag.<\/p>\n<p>Vielleicht, wenn du im Winter stehst und frierst und kalte Schauer durch die Glieder drangen, bin ich der Sonnenstrahl auf deinen Wangen, bin ich die W\u00e4rme, die du pl\u00f6tzlich sp\u00fcrst.<\/p>\n<p>Vielleicht bin ich die Schutzkraft, die dich h\u00fcllt, die Liebe, die dich h\u00e4lt und heilt und segnet, die dir verwandelt \u00fcberall begegnet und unser Leben hier und dort erf\u00fcllt.&#8220;<\/p>\n<h2>Tsch\u00fc\u00df mein Schatz ich liebe dich,\u00a0<strong>forever!!!<\/strong><\/h2>\n<p><strong><a href=\"http:\/\/collies-vom-floersbachtal.de\/cms\/wp-content\/uploads\/2011\/11\/Trauer1.jpg\"><img loading=\"lazy\" decoding=\"async\" title=\"Trauer\" src=\"http:\/\/collies-vom-floersbachtal.de\/cms\/wp-content\/uploads\/2011\/11\/Trauer1.jpg\" alt=\"\" width=\"500\" height=\"571\" \/><\/a><\/strong><\/p>\n<h1><strong>Mein geliebter Schatz m\u00f6chte noch ein letztes mal Good bye sagen\u00a0<\/strong><a href=\"http:\/\/collies-vom-floersbachtal.de\/cms\/wp-content\/uploads\/2011\/11\/Balu-Herrchen-15-Jahr-alt3.jpg\"><img loading=\"lazy\" decoding=\"async\" title=\"Balu &amp; Herrchen 1,5 Jahr alt3\" src=\"http:\/\/collies-vom-floersbachtal.de\/cms\/wp-content\/uploads\/2011\/11\/Balu-Herrchen-15-Jahr-alt3.jpg\" alt=\"\" width=\"1000\" height=\"855\" \/><\/a><\/h1>\n<h1><strong>29. Juli 1953\u00a0 \u00a0 \u00a0 \u00a0 \u00a0&#8211;\u00a0 \u00a0 \u00a0 \u00a029. August 2018<\/strong><\/h1>\n<h1><strong>Viel zu fr\u00fch mu\u00dftest du gehen, der Krebs hatte dich in seinen F\u00e4ngen und nicht mehr losgelassen.\u00a0<\/strong><\/h1>\n<h1><strong>Auch wenn ich jetzt den Schmerz kaum ertragen kann, den deine L\u00fccke hinterl\u00e4\u00dft&#8230;<\/strong><\/h1>\n<h1><strong>So bin\u00a0ich gl\u00fccklich dich eine sehr lange Zeit als deine Frau und Freundin begleitet haben zu d\u00fcrfen und hoffe wir sehen uns wieder, wenn der Tag gekommen ist.<\/strong><\/h1>\n<h1><strong>In Liebe deine Sanne\u00a0<\/strong><\/h1>\n<p><strong>Ein kleines Gedicht f\u00fcr dich mein Schatz\u00a0<\/strong><\/p>\n<p>Ich schicke eine Taube dir, ins Land der 1000 Wiesen.<br \/>\nMit einem Paket sanft um geschn\u00fcrt, auf ihren gro\u00dfen Fl\u00fcgeln.<br \/>\nSei vorsichtig wenn du es \u00f6ffnest, es k\u00f6nnte dir zerspringen,<br \/>\nich habe es gef\u00fcllt f\u00fcr Dich, mit wundersch\u00f6nen Dingen.<\/p>\n<div>\n<p>Darin sind eine Million K\u00fcsse<br \/>\nsanft umh\u00fcllt von einer Million Umarmungen.<br \/>\nSie sollen dir sagen, zu jeder Zeit<br \/>\nwie sehr ich dich vermisse.<\/p>\n<p>Dies wird f\u00fcr eine Weile reichen,<br \/>\nwer wei\u00df wann wir uns wiedersehen.<br \/>\nMein Herz wird deinem niemals weichen,<br \/>\nso wird die Zeit im Flug vergehen.<\/p>\n<p>Ich w\u00fcrd dich gern besuchen, doch leider geht das nicht.<br \/>\nIch w\u00fcrd es wirklich gern versuchen, weil mein Herz ohne dich zerbricht.<br \/>\nDoch ich glaube fest daran, dass dort wo du jetzt bist,<br \/>\nein Ort des Friedens und der Sch\u00f6nheit ist.<\/p>\n<p>Mein Engel, ziehe selig deine Kreise,<br \/>\nauf deiner Abenteuerreise&#8230;<br \/>\nUnd wenn auch f\u00fcr mich die Zeit gekommen ist<br \/>\nschick die Taube mir entgegen, sie wird mir zeigen wo du bist\u2026<\/p>\n<p>Sie nimmt mich mit zu dir nach Haus&#8230;<br \/>\nund sieht auch mein Verschwinden<br \/>\nf\u00fcr manch einen nach sterben aus&#8230;<\/p>\n<p>so wissen doch die unsersgleichen,<br \/>\njetzt sind wir Engel, die ewig ihre Leben streifen<\/p>\n<p>Text @ Y.Mohr<\/p>\n<h1><a href=\"http:\/\/collies-vom-floersbachtal.de\/cms\/wp-content\/uploads\/2018\/09\/Monatsspruch.jpg\"><img loading=\"lazy\" decoding=\"async\" class=\"aligncenter size-large wp-image-27245\" title=\"Monatsspruch\" src=\"http:\/\/collies-vom-floersbachtal.de\/cms\/wp-content\/uploads\/2018\/09\/Monatsspruch-1024x1024.jpg\" alt=\"\" width=\"640\" height=\"640\" srcset=\"https:\/\/collies-vom-floersbachtal.de\/cms\/wp-content\/uploads\/2018\/09\/Monatsspruch-1024x1024.jpg 1024w, https:\/\/collies-vom-floersbachtal.de\/cms\/wp-content\/uploads\/2018\/09\/Monatsspruch-150x150.jpg 150w, https:\/\/collies-vom-floersbachtal.de\/cms\/wp-content\/uploads\/2018\/09\/Monatsspruch-300x300.jpg 300w, https:\/\/collies-vom-floersbachtal.de\/cms\/wp-content\/uploads\/2018\/09\/Monatsspruch.jpg 1080w\" sizes=\"auto, (max-width: 640px) 100vw, 640px\" \/><\/a><\/h1>\n<h1><strong>Manchmal schaue ich mit Tr\u00e4nen in den Augen in den Himmel, weil ich sp\u00fcre wer hier unten fehlt&#8230;<\/strong><\/h1>\n<p><strong>Nun ist es schon ein Jahr her das du von uns gegangen bist und deine Heimreise angetreten hast. \ud83d\ude41<a href=\"http:\/\/collies-vom-floersbachtal.de\/cms\/wp-content\/uploads\/2011\/11\/Gernots-1.-Todestag7.jpg\"><img loading=\"lazy\" decoding=\"async\" title=\"Gernots 1. Todestag7\" src=\"http:\/\/collies-vom-floersbachtal.de\/cms\/wp-content\/uploads\/2011\/11\/Gernots-1.-Todestag7-e1567110873904-484x1024.jpg\" alt=\"\" width=\"484\" height=\"1024\" \/><\/a><\/strong><\/p>\n<h1><\/h1>\n<\/div>\n","protected":false},"excerpt":{"rendered":"<p>29.07.2023 &#8230; Herzlichen Gl\u00fcckwunsch, wo immer du auch bist \ud83d\ude42 Heute w\u00e4rst du 70 Jahre jung geworden, es sind nun schon fast 5 Jahre ohne DICH, du fehlst mir. \ud83d\ude41\u00a0 Wish You Were Here Lyrics Wie Wellen zum Ufer Teil &hellip; <a href=\"https:\/\/collies-vom-floersbachtal.de\/?page_id=23780\">Weiterlesen <span class=\"meta-nav\">&rarr;<\/span><\/a><\/p>\n","protected":false},"author":1,"featured_media":0,"parent":0,"menu_order":0,"comment_status":"open","ping_status":"open","template":"","meta":{"footnotes":""},"class_list":["post-23780","page","type-page","status-publish","hentry"],"_links":{"self":[{"href":"https:\/\/collies-vom-floersbachtal.de\/index.php?rest_route=\/wp\/v2\/pages\/23780","targetHints":{"allow":["GET"]}}],"collection":[{"href":"https:\/\/collies-vom-floersbachtal.de\/index.php?rest_route=\/wp\/v2\/pages"}],"about":[{"href":"https:\/\/collies-vom-floersbachtal.de\/index.php?rest_route=\/wp\/v2\/types\/page"}],"author":[{"embeddable":true,"href":"https:\/\/collies-vom-floersbachtal.de\/index.php?rest_route=\/wp\/v2\/users\/1"}],"replies":[{"embeddable":true,"href":"https:\/\/collies-vom-floersbachtal.de\/index.php?rest_route=%2Fwp%2Fv2%2Fcomments&post=23780"}],"version-history":[{"count":24,"href":"https:\/\/collies-vom-floersbachtal.de\/index.php?rest_route=\/wp\/v2\/pages\/23780\/revisions"}],"predecessor-version":[{"id":40880,"href":"https:\/\/collies-vom-floersbachtal.de\/index.php?rest_route=\/wp\/v2\/pages\/23780\/revisions\/40880"}],"wp:attachment":[{"href":"https:\/\/collies-vom-floersbachtal.de\/index.php?rest_route=%2Fwp%2Fv2%2Fmedia&parent=23780"}],"curies":[{"name":"wp","href":"https:\/\/api.w.org\/{rel}","templated":true}]}}