{"id":21736,"date":"2018-03-15T16:28:21","date_gmt":"2018-03-15T16:28:21","guid":{"rendered":"http:\/\/collies-vom-floersbachtal.de\/?page_id=21736"},"modified":"2024-08-01T13:36:18","modified_gmt":"2024-08-01T13:36:18","slug":"nachzucht-g-wurf-grand-kadiri","status":"publish","type":"page","link":"https:\/\/collies-vom-floersbachtal.de\/?page_id=21736","title":{"rendered":"Nachzucht G-Wurf Grand Kadiri"},"content":{"rendered":"\n<h1 class=\"wp-block-heading\"><strong>News von der h\u00fcbschen Kadiri im Dezember 2023 \ud83d\ude42<\/strong><\/h1>\n\n\n\n<figure class=\"wp-block-image size-large is-style-rounded\"><a href=\"https:\/\/collies-vom-floersbachtal.de\/cms\/wp-content\/uploads\/2023\/12\/Kadiri5-Dez.23.jpg\"><img loading=\"lazy\" decoding=\"async\" width=\"791\" height=\"1024\" src=\"https:\/\/collies-vom-floersbachtal.de\/cms\/wp-content\/uploads\/2023\/12\/Kadiri5-Dez.23-791x1024.jpg\" alt=\"\" class=\"wp-image-44083\" srcset=\"https:\/\/collies-vom-floersbachtal.de\/cms\/wp-content\/uploads\/2023\/12\/Kadiri5-Dez.23-791x1024.jpg 791w, https:\/\/collies-vom-floersbachtal.de\/cms\/wp-content\/uploads\/2023\/12\/Kadiri5-Dez.23-232x300.jpg 232w, https:\/\/collies-vom-floersbachtal.de\/cms\/wp-content\/uploads\/2023\/12\/Kadiri5-Dez.23-768x994.jpg 768w, https:\/\/collies-vom-floersbachtal.de\/cms\/wp-content\/uploads\/2023\/12\/Kadiri5-Dez.23.jpg 1000w\" sizes=\"auto, (max-width: 791px) 100vw, 791px\" \/><\/a><\/figure>\n\n\n\n<figure class=\"wp-block-gallery has-nested-images columns-default is-cropped wp-block-gallery-1 is-layout-flex wp-block-gallery-is-layout-flex\">\n<figure class=\"wp-block-image size-large\"><a href=\"https:\/\/collies-vom-floersbachtal.de\/cms\/wp-content\/uploads\/2023\/12\/Kadiri8-Dez.23.jpg\"><img loading=\"lazy\" decoding=\"async\" width=\"768\" height=\"1024\" data-id=\"44090\" src=\"https:\/\/collies-vom-floersbachtal.de\/cms\/wp-content\/uploads\/2023\/12\/Kadiri8-Dez.23-768x1024.jpg\" alt=\"\" class=\"wp-image-44090\" srcset=\"https:\/\/collies-vom-floersbachtal.de\/cms\/wp-content\/uploads\/2023\/12\/Kadiri8-Dez.23-768x1024.jpg 768w, https:\/\/collies-vom-floersbachtal.de\/cms\/wp-content\/uploads\/2023\/12\/Kadiri8-Dez.23-225x300.jpg 225w, https:\/\/collies-vom-floersbachtal.de\/cms\/wp-content\/uploads\/2023\/12\/Kadiri8-Dez.23.jpg 1000w\" sizes=\"auto, (max-width: 768px) 100vw, 768px\" \/><\/a><\/figure>\n\n\n\n<figure class=\"wp-block-image size-large\"><a href=\"https:\/\/collies-vom-floersbachtal.de\/cms\/wp-content\/uploads\/2023\/12\/Kadiri10-Dez.23.jpg\"><img loading=\"lazy\" decoding=\"async\" width=\"768\" height=\"1024\" data-id=\"44086\" src=\"https:\/\/collies-vom-floersbachtal.de\/cms\/wp-content\/uploads\/2023\/12\/Kadiri10-Dez.23-768x1024.jpg\" alt=\"\" class=\"wp-image-44086\" srcset=\"https:\/\/collies-vom-floersbachtal.de\/cms\/wp-content\/uploads\/2023\/12\/Kadiri10-Dez.23-768x1024.jpg 768w, https:\/\/collies-vom-floersbachtal.de\/cms\/wp-content\/uploads\/2023\/12\/Kadiri10-Dez.23-225x300.jpg 225w, https:\/\/collies-vom-floersbachtal.de\/cms\/wp-content\/uploads\/2023\/12\/Kadiri10-Dez.23.jpg 1000w\" sizes=\"auto, (max-width: 768px) 100vw, 768px\" \/><\/a><\/figure>\n\n\n\n<figure class=\"wp-block-image size-large\"><a href=\"https:\/\/collies-vom-floersbachtal.de\/cms\/wp-content\/uploads\/2023\/12\/Kadiri2-Dez.23.jpg\"><img loading=\"lazy\" decoding=\"async\" width=\"1000\" height=\"866\" data-id=\"44091\" src=\"https:\/\/collies-vom-floersbachtal.de\/cms\/wp-content\/uploads\/2023\/12\/Kadiri2-Dez.23.jpg\" alt=\"\" class=\"wp-image-44091\" srcset=\"https:\/\/collies-vom-floersbachtal.de\/cms\/wp-content\/uploads\/2023\/12\/Kadiri2-Dez.23.jpg 1000w, https:\/\/collies-vom-floersbachtal.de\/cms\/wp-content\/uploads\/2023\/12\/Kadiri2-Dez.23-300x260.jpg 300w, https:\/\/collies-vom-floersbachtal.de\/cms\/wp-content\/uploads\/2023\/12\/Kadiri2-Dez.23-768x665.jpg 768w\" sizes=\"auto, (max-width: 1000px) 100vw, 1000px\" \/><\/a><\/figure>\n\n\n\n<figure class=\"wp-block-image size-large\"><a href=\"https:\/\/collies-vom-floersbachtal.de\/cms\/wp-content\/uploads\/2023\/12\/Kadiri4-Dez.23.jpg\"><img loading=\"lazy\" decoding=\"async\" width=\"1000\" height=\"563\" data-id=\"44085\" src=\"https:\/\/collies-vom-floersbachtal.de\/cms\/wp-content\/uploads\/2023\/12\/Kadiri4-Dez.23.jpg\" alt=\"\" class=\"wp-image-44085\" srcset=\"https:\/\/collies-vom-floersbachtal.de\/cms\/wp-content\/uploads\/2023\/12\/Kadiri4-Dez.23.jpg 1000w, https:\/\/collies-vom-floersbachtal.de\/cms\/wp-content\/uploads\/2023\/12\/Kadiri4-Dez.23-300x169.jpg 300w, https:\/\/collies-vom-floersbachtal.de\/cms\/wp-content\/uploads\/2023\/12\/Kadiri4-Dez.23-768x432.jpg 768w\" sizes=\"auto, (max-width: 1000px) 100vw, 1000px\" \/><\/a><\/figure>\n<\/figure>\n\n\n\n<figure class=\"wp-block-image size-full\"><a href=\"https:\/\/collies-vom-floersbachtal.de\/cms\/wp-content\/uploads\/2023\/12\/Kadiri9-Dez.23.jpg\"><img loading=\"lazy\" decoding=\"async\" width=\"1000\" height=\"875\" src=\"https:\/\/collies-vom-floersbachtal.de\/cms\/wp-content\/uploads\/2023\/12\/Kadiri9-Dez.23.jpg\" alt=\"\" class=\"wp-image-44093\" srcset=\"https:\/\/collies-vom-floersbachtal.de\/cms\/wp-content\/uploads\/2023\/12\/Kadiri9-Dez.23.jpg 1000w, https:\/\/collies-vom-floersbachtal.de\/cms\/wp-content\/uploads\/2023\/12\/Kadiri9-Dez.23-300x263.jpg 300w, https:\/\/collies-vom-floersbachtal.de\/cms\/wp-content\/uploads\/2023\/12\/Kadiri9-Dez.23-768x672.jpg 768w\" sizes=\"auto, (max-width: 1000px) 100vw, 1000px\" \/><\/a><\/figure>\n\n\n\n<h1 class=\"wp-block-heading\"><strong>Alle Jahre wieder, kommt das Christuskind&#8230; Kadiri im Jahr 2022 mein s\u00fc\u00dfer Nikolaus :-<\/strong><\/h1>\n\n\n\n<figure class=\"wp-block-gallery has-nested-images columns-default is-cropped wp-block-gallery-2 is-layout-flex wp-block-gallery-is-layout-flex\">\n<figure class=\"wp-block-image size-large\"><a href=\"https:\/\/collies-vom-floersbachtal.de\/cms\/wp-content\/uploads\/2021\/02\/Kadiri-12.-20.jpg\"><img loading=\"lazy\" decoding=\"async\" width=\"280\" height=\"414\" data-id=\"30983\" src=\"https:\/\/collies-vom-floersbachtal.de\/cms\/wp-content\/uploads\/2021\/02\/Kadiri-12.-20.jpg\" alt=\"\" class=\"wp-image-30983\" srcset=\"https:\/\/collies-vom-floersbachtal.de\/cms\/wp-content\/uploads\/2021\/02\/Kadiri-12.-20.jpg 280w, https:\/\/collies-vom-floersbachtal.de\/cms\/wp-content\/uploads\/2021\/02\/Kadiri-12.-20-203x300.jpg 203w\" sizes=\"auto, (max-width: 280px) 100vw, 280px\" \/><\/a><\/figure>\n<\/figure>\n\n\n<p><strong>17.03.18 <\/strong>Auch die kleine, kesse Kadiri ist schon ausgezogen und begl\u00fcckt nun ihre neue Familie \ud83d\ude00 Hier noch auf der Fahrt nach Hause\u00a0<strong><a href=\"http:\/\/collies-vom-floersbachtal.de\/cms\/wp-content\/uploads\/2018\/03\/Kadiri-im-neuen-Zuhause3.jpg\"><img loading=\"lazy\" decoding=\"async\" class=\"aligncenter size-medium wp-image-21911\" title=\"Kadiri im neuen Zuhause3\" src=\"http:\/\/collies-vom-floersbachtal.de\/cms\/wp-content\/uploads\/2018\/03\/Kadiri-im-neuen-Zuhause3-300x169.jpg\" alt=\"\" width=\"300\" height=\"169\" srcset=\"https:\/\/collies-vom-floersbachtal.de\/cms\/wp-content\/uploads\/2018\/03\/Kadiri-im-neuen-Zuhause3-300x169.jpg 300w, https:\/\/collies-vom-floersbachtal.de\/cms\/wp-content\/uploads\/2018\/03\/Kadiri-im-neuen-Zuhause3.jpg 497w\" sizes=\"auto, (max-width: 300px) 100vw, 300px\" \/><\/a> <\/strong>wie die Mama, alles im Blick behalten, aber da sie ja noch sehr klein ist, fallen dann doch schon mal die \u00c4uglein zu ;-)Manno alles leer&#8230;bis es wieder Futter gibt kuschel ich mich hier ein \ud83d\ude42<\/p>\n<p><strong>20.03.18\u00a0<\/strong>Wunderbare neue Fotos und Infos, Kadiri schl\u00e4ft von 22:30 &#8211; 6:30 Uhr durch. Wie bei uns!<a href=\"http:\/\/collies-vom-floersbachtal.de\/cms\/wp-content\/uploads\/2018\/03\/Kadiri-im-neuen-Zuhause5.jpg\"><img loading=\"lazy\" decoding=\"async\" class=\"aligncenter size-full wp-image-21968\" title=\"Kadiri im neuen Zuhause5\" src=\"http:\/\/collies-vom-floersbachtal.de\/cms\/wp-content\/uploads\/2018\/03\/Kadiri-im-neuen-Zuhause5.jpg\" alt=\"\" width=\"497\" height=\"280\" srcset=\"https:\/\/collies-vom-floersbachtal.de\/cms\/wp-content\/uploads\/2018\/03\/Kadiri-im-neuen-Zuhause5.jpg 497w, https:\/\/collies-vom-floersbachtal.de\/cms\/wp-content\/uploads\/2018\/03\/Kadiri-im-neuen-Zuhause5-300x169.jpg 300w\" sizes=\"auto, (max-width: 497px) 100vw, 497px\" \/><\/a><a href=\"http:\/\/collies-vom-floersbachtal.de\/cms\/wp-content\/uploads\/2018\/03\/Kadiri-im-neuen-Zuhause8.jpg\"><img loading=\"lazy\" decoding=\"async\" class=\"aligncenter size-full wp-image-21971\" title=\"Kadiri im neuen Zuhause8\" src=\"http:\/\/collies-vom-floersbachtal.de\/cms\/wp-content\/uploads\/2018\/03\/Kadiri-im-neuen-Zuhause8.jpg\" alt=\"\" width=\"497\" height=\"280\" srcset=\"https:\/\/collies-vom-floersbachtal.de\/cms\/wp-content\/uploads\/2018\/03\/Kadiri-im-neuen-Zuhause8.jpg 497w, https:\/\/collies-vom-floersbachtal.de\/cms\/wp-content\/uploads\/2018\/03\/Kadiri-im-neuen-Zuhause8-300x169.jpg 300w\" sizes=\"auto, (max-width: 497px) 100vw, 497px\" \/><\/a><strong>03.04.18<\/strong> Neues von unserer s\u00fc\u00dfen Kadiri<\/p>\n<p>Hallo meine Lieben,<br \/>hier meldet sich die kleine Kadiri, oder wie meine Zweibeiner sagen: die Spessartr\u00e4uberin aus dem Fl\u00f6rsbachtal<br \/><strong>Neuigkeiten von der kleinen Motte Kadiri im Juni 2019<\/strong><br \/>Gr\u00fcess di, liebe Susanne<br \/>wir sind zur Zeit im \u00d6tztal und Kadiri hat gestern ihren ersten Berg, das 2591m hohe Wetterkreuz, mit Bravour gemeistert !!! Sie lief immer zwischen uns und wenn ich mal ein bisschen langsamer wurde hat sie immer geguckt, wo das Frauchen bleibt. Ich glaube, sie hat das Zeug dazu ein richtig guter Berghund zu werden. Sie hat keinerlei H\u00f6henangst und selbst das fahren mit der Acherkogelbahn war kein Problem f\u00fcr sie. Wir sind sehr stolz auf unsere kleine Maus.<br \/>Mit der L\u00e4ufigkeit gab&#8217;s bei ihr keine Probleme und die Kastration im Februar verlief sehr gut. Es gab keine medizinische Komplikationen und der Befund war einwandfrei !!<br \/>Das, was Grace passiert ist, tut uns sehr leid und wir hoffen, da\u00df alles wieder gut wird !!<br \/>Gaaaaanz liebe Gr\u00fc\u00dfe aus dem sehr sonnigen \u00d6tztal an alle zwei und vierbeinigen Fl\u00f6rsbachtaler senden Hilmar, Renate und Kadiri<a href=\"http:\/\/collies-vom-floersbachtal.de\/cms\/wp-content\/uploads\/2018\/03\/Kadiri1-Juni19.jpg\"><img loading=\"lazy\" decoding=\"async\" class=\"aligncenter size-large wp-image-26940\" title=\"Kadiri1 Juni19\" src=\"http:\/\/collies-vom-floersbachtal.de\/cms\/wp-content\/uploads\/2018\/03\/Kadiri1-Juni19-e1561540251573-576x1024.jpg\" alt=\"\" width=\"576\" height=\"1024\" srcset=\"https:\/\/collies-vom-floersbachtal.de\/cms\/wp-content\/uploads\/2018\/03\/Kadiri1-Juni19-e1561540251573-576x1024.jpg 576w, https:\/\/collies-vom-floersbachtal.de\/cms\/wp-content\/uploads\/2018\/03\/Kadiri1-Juni19-e1561540251573-168x300.jpg 168w, https:\/\/collies-vom-floersbachtal.de\/cms\/wp-content\/uploads\/2018\/03\/Kadiri1-Juni19-e1561540251573.jpg 1836w\" sizes=\"auto, (max-width: 576px) 100vw, 576px\" \/><\/a><\/p>\n<p><a href=\"http:\/\/collies-vom-floersbachtal.de\/cms\/wp-content\/uploads\/2018\/03\/Kadiri2-Juni19.jpg\"><img loading=\"lazy\" decoding=\"async\" class=\"aligncenter size-large wp-image-26941\" title=\"Kadiri2 Juni19\" src=\"http:\/\/collies-vom-floersbachtal.de\/cms\/wp-content\/uploads\/2018\/03\/Kadiri2-Juni19-e1561540277445-576x1024.jpg\" alt=\"\" width=\"576\" height=\"1024\" srcset=\"https:\/\/collies-vom-floersbachtal.de\/cms\/wp-content\/uploads\/2018\/03\/Kadiri2-Juni19-e1561540277445-576x1024.jpg 576w, https:\/\/collies-vom-floersbachtal.de\/cms\/wp-content\/uploads\/2018\/03\/Kadiri2-Juni19-e1561540277445-168x300.jpg 168w, https:\/\/collies-vom-floersbachtal.de\/cms\/wp-content\/uploads\/2018\/03\/Kadiri2-Juni19-e1561540277445.jpg 1836w\" sizes=\"auto, (max-width: 576px) 100vw, 576px\" \/><\/a><a href=\"http:\/\/collies-vom-floersbachtal.de\/cms\/wp-content\/uploads\/2018\/03\/Kadiri3-Juni19.jpg\"><img loading=\"lazy\" decoding=\"async\" class=\"aligncenter size-large wp-image-26942\" title=\"Kadiri3 Juni19\" src=\"http:\/\/collies-vom-floersbachtal.de\/cms\/wp-content\/uploads\/2018\/03\/Kadiri3-Juni19-e1561540307517-576x1024.jpg\" alt=\"\" width=\"576\" height=\"1024\" srcset=\"https:\/\/collies-vom-floersbachtal.de\/cms\/wp-content\/uploads\/2018\/03\/Kadiri3-Juni19-e1561540307517-576x1024.jpg 576w, https:\/\/collies-vom-floersbachtal.de\/cms\/wp-content\/uploads\/2018\/03\/Kadiri3-Juni19-e1561540307517-168x300.jpg 168w, https:\/\/collies-vom-floersbachtal.de\/cms\/wp-content\/uploads\/2018\/03\/Kadiri3-Juni19-e1561540307517.jpg 1836w\" sizes=\"auto, (max-width: 576px) 100vw, 576px\" \/><\/a><\/p>","protected":false},"excerpt":{"rendered":"<p>News von der h\u00fcbschen Kadiri im Dezember 2023 \ud83d\ude42 Alle Jahre wieder, kommt das Christuskind&#8230; Kadiri im Jahr 2022 mein s\u00fc\u00dfer Nikolaus :- 17.03.18 Auch die kleine, kesse Kadiri ist schon ausgezogen und begl\u00fcckt nun ihre neue Familie \ud83d\ude00 Hier &hellip; <a href=\"https:\/\/collies-vom-floersbachtal.de\/?page_id=21736\">Weiterlesen <span class=\"meta-nav\">&rarr;<\/span><\/a><\/p>\n","protected":false},"author":1,"featured_media":0,"parent":0,"menu_order":0,"comment_status":"open","ping_status":"open","template":"","meta":{"footnotes":""},"class_list":["post-21736","page","type-page","status-publish","hentry"],"_links":{"self":[{"href":"https:\/\/collies-vom-floersbachtal.de\/index.php?rest_route=\/wp\/v2\/pages\/21736","targetHints":{"allow":["GET"]}}],"collection":[{"href":"https:\/\/collies-vom-floersbachtal.de\/index.php?rest_route=\/wp\/v2\/pages"}],"about":[{"href":"https:\/\/collies-vom-floersbachtal.de\/index.php?rest_route=\/wp\/v2\/types\/page"}],"author":[{"embeddable":true,"href":"https:\/\/collies-vom-floersbachtal.de\/index.php?rest_route=\/wp\/v2\/users\/1"}],"replies":[{"embeddable":true,"href":"https:\/\/collies-vom-floersbachtal.de\/index.php?rest_route=%2Fwp%2Fv2%2Fcomments&post=21736"}],"version-history":[{"count":17,"href":"https:\/\/collies-vom-floersbachtal.de\/index.php?rest_route=\/wp\/v2\/pages\/21736\/revisions"}],"predecessor-version":[{"id":47431,"href":"https:\/\/collies-vom-floersbachtal.de\/index.php?rest_route=\/wp\/v2\/pages\/21736\/revisions\/47431"}],"wp:attachment":[{"href":"https:\/\/collies-vom-floersbachtal.de\/index.php?rest_route=%2Fwp%2Fv2%2Fmedia&parent=21736"}],"curies":[{"name":"wp","href":"https:\/\/api.w.org\/{rel}","templated":true}]}}