{"id":21733,"date":"2018-03-15T16:27:27","date_gmt":"2018-03-15T16:27:27","guid":{"rendered":"http:\/\/collies-vom-floersbachtal.de\/?page_id=21733"},"modified":"2024-08-01T13:33:14","modified_gmt":"2024-08-01T13:33:14","slug":"nachzucht-g-wurf-glamouer-ayeli","status":"publish","type":"page","link":"https:\/\/collies-vom-floersbachtal.de\/?page_id=21733","title":{"rendered":"Nachzucht G-Wurf Glamour Ayeli"},"content":{"rendered":"\n<p><strong>Neue Fotos von Ayeli im Januar 2021 \ud83d\ude42<\/strong><\/p>\n\n\n\n<figure class=\"wp-block-gallery has-nested-images columns-default is-cropped wp-block-gallery-1 is-layout-flex wp-block-gallery-is-layout-flex\">\n<figure class=\"wp-block-image size-large\"><a href=\"https:\/\/collies-vom-floersbachtal.de\/cms\/wp-content\/uploads\/2021\/02\/Ayeli1-Januar21.jpg\"><img loading=\"lazy\" decoding=\"async\" width=\"768\" height=\"1024\" data-id=\"30951\" src=\"https:\/\/collies-vom-floersbachtal.de\/cms\/wp-content\/uploads\/2021\/02\/Ayeli1-Januar21-768x1024.jpg\" alt=\"\" class=\"wp-image-30951\" srcset=\"https:\/\/collies-vom-floersbachtal.de\/cms\/wp-content\/uploads\/2021\/02\/Ayeli1-Januar21-768x1024.jpg 768w, https:\/\/collies-vom-floersbachtal.de\/cms\/wp-content\/uploads\/2021\/02\/Ayeli1-Januar21-225x300.jpg 225w, https:\/\/collies-vom-floersbachtal.de\/cms\/wp-content\/uploads\/2021\/02\/Ayeli1-Januar21-1152x1536.jpg 1152w, https:\/\/collies-vom-floersbachtal.de\/cms\/wp-content\/uploads\/2021\/02\/Ayeli1-Januar21.jpg 1200w\" sizes=\"auto, (max-width: 768px) 100vw, 768px\" \/><\/a><\/figure>\n\n\n\n<figure class=\"wp-block-image size-large\"><a href=\"https:\/\/collies-vom-floersbachtal.de\/cms\/wp-content\/uploads\/2021\/02\/Ayeli3-Januar21.jpg\"><img loading=\"lazy\" decoding=\"async\" width=\"768\" height=\"1024\" data-id=\"30953\" src=\"https:\/\/collies-vom-floersbachtal.de\/cms\/wp-content\/uploads\/2021\/02\/Ayeli3-Januar21-768x1024.jpg\" alt=\"\" class=\"wp-image-30953\" srcset=\"https:\/\/collies-vom-floersbachtal.de\/cms\/wp-content\/uploads\/2021\/02\/Ayeli3-Januar21-768x1024.jpg 768w, https:\/\/collies-vom-floersbachtal.de\/cms\/wp-content\/uploads\/2021\/02\/Ayeli3-Januar21-225x300.jpg 225w, https:\/\/collies-vom-floersbachtal.de\/cms\/wp-content\/uploads\/2021\/02\/Ayeli3-Januar21-1152x1536.jpg 1152w, https:\/\/collies-vom-floersbachtal.de\/cms\/wp-content\/uploads\/2021\/02\/Ayeli3-Januar21.jpg 1200w\" sizes=\"auto, (max-width: 768px) 100vw, 768px\" \/><\/a><\/figure>\n<\/figure>\n\n\n<p><strong>September 2018\u00a0<\/strong><\/p>\n<p>Liebe Susanne ,<\/p>\n<p>das Gernot in eurer liebevollen Atmosph\u00e4re, in deinen Armen einschlafen durfte , soll dir wirklich tr\u00f6stlich sein.<br \/>Nein , verstehen kann man so etwas nicht &#8230;<\/p>\n<p>Wir hatten die Tage einfach selber das Futter bestellt , weil wir Dich damit nicht noch unn\u00f6tig bel\u00e4stigen wollten, bei all dem was du im Moment<br \/>zu bew\u00e4ltigen hast, werden aber bei der n\u00e4chsten Bestellung wieder auf dich zugekommen.<br \/>Danke, das du dich weiterhin darum k\u00fcmmerst.<\/p>\n<p>Pass gut auf Dich auf und nimm dir auch die n\u00f6tigen Pausen um wieder Kraft zu sch\u00f6pfen.<\/p>\n<p>Ayeli geht es sehr gut .Bis jetzt brauchten wir noch nicht einmal zum Tierarzt . Sie hatte noch nie Durchfall oder \u00e4hnliches. Am liebsten tollt sie mit anderen Hunden im Feld rum .Eine wilde Hummel!<br \/>(Siehe Foto) Beim Autofahren sind wir auch ein ganzes St\u00fcck weiter, es wird langsam mit viel Geduld.<br \/>Wir dr\u00fccken Dich<br \/>Jane und Ayeli<\/p>\n<p><strong>31.07.18 S\u00fc\u00dfe Neuigkeiten von der kleinen Ayeli \ud83d\ude1b<\/strong><br \/><a href=\"http:\/\/collies-vom-floersbachtal.de\/cms\/wp-content\/uploads\/2018\/03\/Ayeli1-mit-65-Monaten2.jpg\"><img loading=\"lazy\" decoding=\"async\" class=\"aligncenter size-large wp-image-23459\" title=\"Ayeli1  mit 6,5 Monaten\" src=\"http:\/\/collies-vom-floersbachtal.de\/cms\/wp-content\/uploads\/2018\/03\/Ayeli1-mit-65-Monaten2-624x1024.jpg\" alt=\"\" width=\"624\" height=\"1024\" srcset=\"https:\/\/collies-vom-floersbachtal.de\/cms\/wp-content\/uploads\/2018\/03\/Ayeli1-mit-65-Monaten2-624x1024.jpg 624w, https:\/\/collies-vom-floersbachtal.de\/cms\/wp-content\/uploads\/2018\/03\/Ayeli1-mit-65-Monaten2-182x300.jpg 182w, https:\/\/collies-vom-floersbachtal.de\/cms\/wp-content\/uploads\/2018\/03\/Ayeli1-mit-65-Monaten2.jpg 1746w\" sizes=\"auto, (max-width: 624px) 100vw, 624px\" \/><\/a><br \/><a href=\"http:\/\/collies-vom-floersbachtal.de\/cms\/wp-content\/uploads\/2018\/03\/Ayeli2-mit-65-Monaten2.jpg\"><img loading=\"lazy\" decoding=\"async\" class=\"aligncenter size-large wp-image-23461\" title=\"Ayeli2  mit 6,5 Monaten\" src=\"http:\/\/collies-vom-floersbachtal.de\/cms\/wp-content\/uploads\/2018\/03\/Ayeli2-mit-65-Monaten2-795x1024.jpg\" alt=\"\" width=\"640\" height=\"824\" srcset=\"https:\/\/collies-vom-floersbachtal.de\/cms\/wp-content\/uploads\/2018\/03\/Ayeli2-mit-65-Monaten2-795x1024.jpg 795w, https:\/\/collies-vom-floersbachtal.de\/cms\/wp-content\/uploads\/2018\/03\/Ayeli2-mit-65-Monaten2-232x300.jpg 232w, https:\/\/collies-vom-floersbachtal.de\/cms\/wp-content\/uploads\/2018\/03\/Ayeli2-mit-65-Monaten2.jpg 1757w\" sizes=\"auto, (max-width: 640px) 100vw, 640px\" \/><\/a><br \/>Schwimmen macht sooooo m\u00fcde \ud83d\ude1b<\/p>\n<p><strong>Neuigkeiten vom Januar Ayelis 1.Burzeltag 2019<\/strong><br \/>Hallo liebe Susanne ,<br \/>heute feiern wir Ayeli&#8217;s 1 Geburtstag!<br \/>Wir gr\u00fc\u00dfen alle Geschwisterchen und w\u00fcnschen alles Liebe.<br \/>Einen dicken Schmatzer an die Eltern El\u00e1 und Balu.<br \/>Auch denken wir an Gernot , denn er hatte Ayeli als letzten Welpen verabschiedet und uns vieles mit auf den Weg gegeben.<br \/>K\u00f6nntest du die Tage wieder das Barffutter f\u00fcr uns bestellen? Ayeli mochte es nicht mehr und wir hatten ganz sch\u00f6n zu tun das sie frisst. Sie m\u00e4kelt am Futter rum , es k\u00f6nnte ja was besseres kommen . Sie ist gesund und Z\u00e4hne sind auch ok , hat uns halt getestet. Jetzt klappt es wieder ganz gut , wir k\u00f6nnen halt auch stur sein.<br \/>Putenh\u00e4lse und H\u00fchnchenfl\u00fcgel haben wir noch genug , die hat sie n\u00e4mlich auch verschm\u00e4ht.<br \/>Nur das Welpenfutter mag sie \u00fcberhaupt nicht mehr , wenn wir das weglassen k\u00f6nnten ?<br \/>Wir hoffen es geht dir wieder besser und gr\u00fc\u00dfen dich ganz lieb.<br \/>Jane , Stefan und Ayeli <a href=\"http:\/\/collies-vom-floersbachtal.de\/cms\/wp-content\/uploads\/2018\/03\/Ayeli1-Januar19.jpg\"><img loading=\"lazy\" decoding=\"async\" class=\"aligncenter size-large wp-image-26986\" title=\"Ayeli1 Januar19\" src=\"http:\/\/collies-vom-floersbachtal.de\/cms\/wp-content\/uploads\/2018\/03\/Ayeli1-Januar19-768x1024.jpg\" alt=\"\" width=\"640\" height=\"853\" srcset=\"https:\/\/collies-vom-floersbachtal.de\/cms\/wp-content\/uploads\/2018\/03\/Ayeli1-Januar19-768x1024.jpg 768w, https:\/\/collies-vom-floersbachtal.de\/cms\/wp-content\/uploads\/2018\/03\/Ayeli1-Januar19-225x300.jpg 225w\" sizes=\"auto, (max-width: 640px) 100vw, 640px\" \/><\/a> Was ein h\u00fcbsches Geburtstagskind \ud83d\ude00<br \/><a href=\"http:\/\/collies-vom-floersbachtal.de\/cms\/wp-content\/uploads\/2018\/03\/Ayeli2-Januar19.jpg\"><img loading=\"lazy\" decoding=\"async\" class=\"aligncenter size-large wp-image-26987\" title=\"Ayeli2 Januar19\" src=\"http:\/\/collies-vom-floersbachtal.de\/cms\/wp-content\/uploads\/2018\/03\/Ayeli2-Januar19-e1562411965806-768x1024.jpg\" alt=\"\" width=\"640\" height=\"853\" srcset=\"https:\/\/collies-vom-floersbachtal.de\/cms\/wp-content\/uploads\/2018\/03\/Ayeli2-Januar19-e1562411965806-768x1024.jpg 768w, https:\/\/collies-vom-floersbachtal.de\/cms\/wp-content\/uploads\/2018\/03\/Ayeli2-Januar19-e1562411965806-225x300.jpg 225w\" sizes=\"auto, (max-width: 640px) 100vw, 640px\" \/><\/a> und was f\u00fcr eine tolle Torte \ud83d\ude00<\/p>\n<p><strong>Sch\u00f6ne Neuigkeiten von der s\u00fc\u00dfen Ayeli im Februar 2020 \ud83d\ude00<a href=\"http:\/\/collies-vom-floersbachtal.de\/cms\/wp-content\/uploads\/2018\/03\/Ayeli1-Feb.20.jpg\"><img loading=\"lazy\" decoding=\"async\" class=\"aligncenter size-large wp-image-28661\" title=\"Ayeli1 Feb.20\" src=\"http:\/\/collies-vom-floersbachtal.de\/cms\/wp-content\/uploads\/2018\/03\/Ayeli1-Feb.20-768x1024.jpg\" alt=\"\" width=\"640\" height=\"853\" srcset=\"https:\/\/collies-vom-floersbachtal.de\/cms\/wp-content\/uploads\/2018\/03\/Ayeli1-Feb.20-768x1024.jpg 768w, https:\/\/collies-vom-floersbachtal.de\/cms\/wp-content\/uploads\/2018\/03\/Ayeli1-Feb.20-225x300.jpg 225w, https:\/\/collies-vom-floersbachtal.de\/cms\/wp-content\/uploads\/2018\/03\/Ayeli1-Feb.20.jpg 1200w\" sizes=\"auto, (max-width: 640px) 100vw, 640px\" \/><\/a><br \/><\/strong><\/p>","protected":false},"excerpt":{"rendered":"<p>Neue Fotos von Ayeli im Januar 2021 \ud83d\ude42 September 2018\u00a0 Liebe Susanne , das Gernot in eurer liebevollen Atmosph\u00e4re, in deinen Armen einschlafen durfte , soll dir wirklich tr\u00f6stlich sein.Nein , verstehen kann man so etwas nicht &#8230; Wir hatten &hellip; <a href=\"https:\/\/collies-vom-floersbachtal.de\/?page_id=21733\">Weiterlesen <span class=\"meta-nav\">&rarr;<\/span><\/a><\/p>\n","protected":false},"author":1,"featured_media":0,"parent":0,"menu_order":0,"comment_status":"open","ping_status":"open","template":"","meta":{"footnotes":""},"class_list":["post-21733","page","type-page","status-publish","hentry"],"_links":{"self":[{"href":"https:\/\/collies-vom-floersbachtal.de\/index.php?rest_route=\/wp\/v2\/pages\/21733","targetHints":{"allow":["GET"]}}],"collection":[{"href":"https:\/\/collies-vom-floersbachtal.de\/index.php?rest_route=\/wp\/v2\/pages"}],"about":[{"href":"https:\/\/collies-vom-floersbachtal.de\/index.php?rest_route=\/wp\/v2\/types\/page"}],"author":[{"embeddable":true,"href":"https:\/\/collies-vom-floersbachtal.de\/index.php?rest_route=\/wp\/v2\/users\/1"}],"replies":[{"embeddable":true,"href":"https:\/\/collies-vom-floersbachtal.de\/index.php?rest_route=%2Fwp%2Fv2%2Fcomments&post=21733"}],"version-history":[{"count":26,"href":"https:\/\/collies-vom-floersbachtal.de\/index.php?rest_route=\/wp\/v2\/pages\/21733\/revisions"}],"predecessor-version":[{"id":47428,"href":"https:\/\/collies-vom-floersbachtal.de\/index.php?rest_route=\/wp\/v2\/pages\/21733\/revisions\/47428"}],"wp:attachment":[{"href":"https:\/\/collies-vom-floersbachtal.de\/index.php?rest_route=%2Fwp%2Fv2%2Fmedia&parent=21733"}],"curies":[{"name":"wp","href":"https:\/\/api.w.org\/{rel}","templated":true}]}}