{"id":21727,"date":"2018-03-15T16:25:17","date_gmt":"2018-03-15T16:25:17","guid":{"rendered":"http:\/\/collies-vom-floersbachtal.de\/?page_id=21727"},"modified":"2024-08-01T13:22:30","modified_gmt":"2024-08-01T13:22:30","slug":"nachzucht-f-wurf-fantastic-imana","status":"publish","type":"page","link":"https:\/\/collies-vom-floersbachtal.de\/?page_id=21727","title":{"rendered":"Nachzucht F-Wurf Fantastic Imana-Malou"},"content":{"rendered":"\n<h1 class=\"wp-block-heading\"><strong>Malou bei ihrer Halbschwester Sally und ihrer Freundin August 2021 \ud83d\ude42<\/strong><\/h1>\n\n\n\n<figure class=\"wp-block-image size-large\"><a href=\"http:\/\/collies-vom-floersbachtal.de\/cms\/wp-content\/uploads\/2021\/08\/Manou1-Juni21.jpg\"><img loading=\"lazy\" decoding=\"async\" width=\"768\" height=\"1024\" src=\"http:\/\/collies-vom-floersbachtal.de\/cms\/wp-content\/uploads\/2021\/08\/Manou1-Juni21-768x1024.jpg\" alt=\"\" class=\"wp-image-33424\" srcset=\"https:\/\/collies-vom-floersbachtal.de\/cms\/wp-content\/uploads\/2021\/08\/Manou1-Juni21-768x1024.jpg 768w, https:\/\/collies-vom-floersbachtal.de\/cms\/wp-content\/uploads\/2021\/08\/Manou1-Juni21-225x300.jpg 225w, https:\/\/collies-vom-floersbachtal.de\/cms\/wp-content\/uploads\/2021\/08\/Manou1-Juni21.jpg 1000w\" sizes=\"auto, (max-width: 768px) 100vw, 768px\" \/><\/a><\/figure>\n\n\n<p><strong>Urlaubsgr\u00fc\u00dfe aus Krotien von der s\u00fc\u00dfen Malou im Juni 2019<\/strong><br \/>Hallo Susanne, viele Gr\u00fc\u00dfe aus Kroatien senden Dir<br \/>Udo + Monika mit Carolin und Malou .<br \/>Ist wieder sch\u00f6n, k\u00f6nnte nur ein paar Grad k\u00fchler sein. Malou gef\u00e4llt es wieder gut, haben oft Hunde getroffen, mit denen sie sich austoben konnte. Sie macht es hier genau richtig, steht fr\u00fch auf und schl\u00e4ft dann w\u00e4hrend der Mittagshitze.<a href=\"http:\/\/collies-vom-floersbachtal.de\/cms\/wp-content\/uploads\/2018\/03\/Malou1-Juni19.jpg\"><img loading=\"lazy\" decoding=\"async\" class=\"aligncenter size-large wp-image-26913\" title=\"Malou1 Juni19\" src=\"http:\/\/collies-vom-floersbachtal.de\/cms\/wp-content\/uploads\/2018\/03\/Malou1-Juni19-e1560928505206-768x1024.jpg\" alt=\"\" width=\"640\" height=\"853\" srcset=\"https:\/\/collies-vom-floersbachtal.de\/cms\/wp-content\/uploads\/2018\/03\/Malou1-Juni19-e1560928505206-768x1024.jpg 768w, https:\/\/collies-vom-floersbachtal.de\/cms\/wp-content\/uploads\/2018\/03\/Malou1-Juni19-e1560928505206-225x300.jpg 225w\" sizes=\"auto, (max-width: 640px) 100vw, 640px\" \/><\/a><br \/><a href=\"http:\/\/collies-vom-floersbachtal.de\/cms\/wp-content\/uploads\/2018\/03\/Malou2-Juni19.jpg\"><img loading=\"lazy\" decoding=\"async\" class=\"aligncenter size-large wp-image-26914\" title=\"Malou2 Juni19\" src=\"http:\/\/collies-vom-floersbachtal.de\/cms\/wp-content\/uploads\/2018\/03\/Malou2-Juni19-e1560928539293-768x1024.jpg\" alt=\"\" width=\"640\" height=\"853\" srcset=\"https:\/\/collies-vom-floersbachtal.de\/cms\/wp-content\/uploads\/2018\/03\/Malou2-Juni19-e1560928539293-768x1024.jpg 768w, https:\/\/collies-vom-floersbachtal.de\/cms\/wp-content\/uploads\/2018\/03\/Malou2-Juni19-e1560928539293-225x300.jpg 225w\" sizes=\"auto, (max-width: 640px) 100vw, 640px\" \/><\/a><br \/><a href=\"http:\/\/collies-vom-floersbachtal.de\/cms\/wp-content\/uploads\/2018\/03\/Malou3-Juni19.jpg\"><img loading=\"lazy\" decoding=\"async\" class=\"aligncenter size-large wp-image-26915\" title=\"Malou3 Juni19\" src=\"http:\/\/collies-vom-floersbachtal.de\/cms\/wp-content\/uploads\/2018\/03\/Malou3-Juni19-1024x768.jpg\" alt=\"\" width=\"640\" height=\"480\" srcset=\"https:\/\/collies-vom-floersbachtal.de\/cms\/wp-content\/uploads\/2018\/03\/Malou3-Juni19-1024x768.jpg 1024w, https:\/\/collies-vom-floersbachtal.de\/cms\/wp-content\/uploads\/2018\/03\/Malou3-Juni19-300x225.jpg 300w\" sizes=\"auto, (max-width: 640px) 100vw, 640px\" \/><\/a><br \/><br \/><a href=\"http:\/\/collies-vom-floersbachtal.de\/cms\/wp-content\/uploads\/2018\/03\/Malou5-Juni19.jpg\"><img loading=\"lazy\" decoding=\"async\" class=\"aligncenter size-large wp-image-26917\" title=\"Malou5 Juni19\" src=\"http:\/\/collies-vom-floersbachtal.de\/cms\/wp-content\/uploads\/2018\/03\/Malou5-Juni19-e1560928687959-768x1024.jpg\" alt=\"\" width=\"640\" height=\"853\" srcset=\"https:\/\/collies-vom-floersbachtal.de\/cms\/wp-content\/uploads\/2018\/03\/Malou5-Juni19-e1560928687959-768x1024.jpg 768w, https:\/\/collies-vom-floersbachtal.de\/cms\/wp-content\/uploads\/2018\/03\/Malou5-Juni19-e1560928687959-225x300.jpg 225w\" sizes=\"auto, (max-width: 640px) 100vw, 640px\" \/><\/a><\/p>\n<p><strong>Neuigkeiten von Malou im April 2019<\/strong><br \/>Hallo Susanne!<br \/>Schicke dir ein paar Bilder von unserem gestrigen Besuch bei Sally und Familie. Es war sehr sch\u00f6n.<br \/>Sally und Malou haben sich zuerst drau\u00dfen auf der Wiese begr\u00fc\u00dft. Sp\u00e4ter haben sie sich zusammen im Garten ausgetobt. Das letzte Bild ist dann noch von heute bei uns im Garten.<br \/>Ich hoffe, dir geht es soweit gut.<br \/>Liebe Gr\u00fc\u00dfe von allen<br \/>Monika + Malou<br \/><br \/><a href=\"http:\/\/collies-vom-floersbachtal.de\/cms\/wp-content\/uploads\/2018\/03\/Malou2-April19.jpeg\"><img loading=\"lazy\" decoding=\"async\" class=\"aligncenter size-large wp-image-26380\" title=\"Malou2 April19\" src=\"http:\/\/collies-vom-floersbachtal.de\/cms\/wp-content\/uploads\/2018\/03\/Malou2-April19-1024x768.jpg\" alt=\"\" width=\"640\" height=\"480\" srcset=\"https:\/\/collies-vom-floersbachtal.de\/cms\/wp-content\/uploads\/2018\/03\/Malou2-April19-1024x768.jpg 1024w, https:\/\/collies-vom-floersbachtal.de\/cms\/wp-content\/uploads\/2018\/03\/Malou2-April19-300x225.jpg 300w\" sizes=\"auto, (max-width: 640px) 100vw, 640px\" \/><\/a> Hier ist Malou mit unserer (Emma Peel) Sally \ud83d\ude00<br \/><a href=\"http:\/\/collies-vom-floersbachtal.de\/cms\/wp-content\/uploads\/2018\/03\/Malou-+-Sally1-April191.jpeg\"><img loading=\"lazy\" decoding=\"async\" class=\"aligncenter size-large wp-image-26381\" title=\"Malou + Sally1 April19\" src=\"http:\/\/collies-vom-floersbachtal.de\/cms\/wp-content\/uploads\/2018\/03\/Malou-+-Sally1-April191-1024x768.jpg\" alt=\"\" width=\"640\" height=\"480\" srcset=\"https:\/\/collies-vom-floersbachtal.de\/cms\/wp-content\/uploads\/2018\/03\/Malou-+-Sally1-April191-1024x768.jpg 1024w, https:\/\/collies-vom-floersbachtal.de\/cms\/wp-content\/uploads\/2018\/03\/Malou-+-Sally1-April191-300x225.jpg 300w\" sizes=\"auto, (max-width: 640px) 100vw, 640px\" \/><\/a> Zwei h\u00fcbsche M\u00e4dels, beide haben Balu als Papa \ud83d\ude00<\/p>\n<p><strong>Januar 2019\u00a0<\/strong><br \/>Hallo Susanne!<br \/>W\u00fcnsche Dir noch ein gutes Neues Jahr, hoffe, da\u00df es dir wieder besser geht nach deiner Reha.<br \/>Anbei noch Bilder von unserer Schmusemaus Malou.<br \/>Viele Gr\u00fc\u00dfe auch an alle Vierbeiner<br \/>Monika, Udo mit Julia,Carolin,Annika+Malou<br \/><a href=\"http:\/\/collies-vom-floersbachtal.de\/cms\/wp-content\/uploads\/2018\/03\/Malou1.jpg\"><img loading=\"lazy\" decoding=\"async\" class=\"aligncenter size-large wp-image-25808\" title=\"Malou1\" src=\"http:\/\/collies-vom-floersbachtal.de\/cms\/wp-content\/uploads\/2018\/03\/Malou1-1024x684.jpg\" alt=\"\" width=\"640\" height=\"427\" srcset=\"https:\/\/collies-vom-floersbachtal.de\/cms\/wp-content\/uploads\/2018\/03\/Malou1-1024x684.jpg 1024w, https:\/\/collies-vom-floersbachtal.de\/cms\/wp-content\/uploads\/2018\/03\/Malou1-300x200.jpg 300w\" sizes=\"auto, (max-width: 640px) 100vw, 640px\" \/><\/a><a href=\"http:\/\/collies-vom-floersbachtal.de\/cms\/wp-content\/uploads\/2018\/03\/Malou3.jpg\"><img loading=\"lazy\" decoding=\"async\" class=\"aligncenter size-medium wp-image-25810\" title=\"Malou3\" src=\"http:\/\/collies-vom-floersbachtal.de\/cms\/wp-content\/uploads\/2018\/03\/Malou3-300x200.jpg\" alt=\"\" width=\"300\" height=\"200\" srcset=\"https:\/\/collies-vom-floersbachtal.de\/cms\/wp-content\/uploads\/2018\/03\/Malou3-300x200.jpg 300w, https:\/\/collies-vom-floersbachtal.de\/cms\/wp-content\/uploads\/2018\/03\/Malou3-1024x684.jpg 1024w\" sizes=\"auto, (max-width: 300px) 100vw, 300px\" \/><\/a><\/p>\n<p><strong>August 2018 Urlaub in Kroatien<\/strong><br \/>Hallo Susanne!<br \/>Sind alle ganz traurig und k\u00f6nnen es gar nicht glauben, dass Gernot nicht mehr da ist. Unsere aufrichtige Anteilnahme.<br \/>Bin ganz entsetzt und kann es gar nicht glauben. W\u00fcrde dich am liebsten in den Arm nehmen und ganz fest dr\u00fccken.<br \/>Sind noch bis Freitag in Kroatien. Anbei noch ein paar Bilder von Malou am Hundestrand, der nur ein paar Minuten Fu\u00dfweg von uns entfernt ist.<br \/>Viele Gr\u00fc\u00dfe<br \/>Udo+Monika mitAnnika,Carolin +Malou<a href=\"http:\/\/collies-vom-floersbachtal.de\/cms\/wp-content\/uploads\/2018\/03\/Imana-Malou1-Urlaub-Aug.-18.jpg\"><img loading=\"lazy\" decoding=\"async\" class=\"aligncenter size-full wp-image-23714\" title=\"Imana-Malou1 Urlaub Aug. 18\" src=\"http:\/\/collies-vom-floersbachtal.de\/cms\/wp-content\/uploads\/2018\/03\/Imana-Malou1-Urlaub-Aug.-18-e1537454959686.jpg\" alt=\"\" width=\"480\" height=\"640\" srcset=\"https:\/\/collies-vom-floersbachtal.de\/cms\/wp-content\/uploads\/2018\/03\/Imana-Malou1-Urlaub-Aug.-18-e1537454959686.jpg 480w, https:\/\/collies-vom-floersbachtal.de\/cms\/wp-content\/uploads\/2018\/03\/Imana-Malou1-Urlaub-Aug.-18-e1537454959686-225x300.jpg 225w\" sizes=\"auto, (max-width: 480px) 100vw, 480px\" \/><\/a><br \/><a href=\"http:\/\/collies-vom-floersbachtal.de\/cms\/wp-content\/uploads\/2018\/03\/Imana-Malou2-Urlaub-Aug.-18.jpg\"><img loading=\"lazy\" decoding=\"async\" class=\"aligncenter size-full wp-image-23715\" title=\"Imana-Malou2 Urlaub Aug. 18\" src=\"http:\/\/collies-vom-floersbachtal.de\/cms\/wp-content\/uploads\/2018\/03\/Imana-Malou2-Urlaub-Aug.-18.jpg\" alt=\"\" width=\"640\" height=\"480\" srcset=\"https:\/\/collies-vom-floersbachtal.de\/cms\/wp-content\/uploads\/2018\/03\/Imana-Malou2-Urlaub-Aug.-18.jpg 640w, https:\/\/collies-vom-floersbachtal.de\/cms\/wp-content\/uploads\/2018\/03\/Imana-Malou2-Urlaub-Aug.-18-300x225.jpg 300w\" sizes=\"auto, (max-width: 640px) 100vw, 640px\" \/><\/a><a href=\"http:\/\/collies-vom-floersbachtal.de\/cms\/wp-content\/uploads\/2018\/03\/Imana-Malou4-Urlaub-Aug.-18.jpg\"><img loading=\"lazy\" decoding=\"async\" class=\"aligncenter size-full wp-image-23717\" title=\"Imana-Malou4 Urlaub Aug. 18\" src=\"http:\/\/collies-vom-floersbachtal.de\/cms\/wp-content\/uploads\/2018\/03\/Imana-Malou4-Urlaub-Aug.-18-e1537455003569.jpg\" alt=\"\" width=\"480\" height=\"640\" srcset=\"https:\/\/collies-vom-floersbachtal.de\/cms\/wp-content\/uploads\/2018\/03\/Imana-Malou4-Urlaub-Aug.-18-e1537455003569.jpg 480w, https:\/\/collies-vom-floersbachtal.de\/cms\/wp-content\/uploads\/2018\/03\/Imana-Malou4-Urlaub-Aug.-18-e1537455003569-225x300.jpg 225w\" sizes=\"auto, (max-width: 480px) 100vw, 480px\" \/><\/a><\/p>\n<p><strong>Mai 2018 Neuigkeiten von Malou aus dem Kroatienurlaub<\/strong><br \/>Hallo Susanne und Gernot!<\/p>\n<p>Sind in Kroatien gut angekommen.<br \/>Autofahrt war sehr gut, Malou war ganz lieb, hat die meiste Zeit geschlafen.<br \/>Hier gef\u00e4llt es ihr gut, hat sich gut eingew\u00f6hnt.<\/p>\n<p>Viele Gr\u00fc\u00dfe<br \/>Monika<a href=\"http:\/\/collies-vom-floersbachtal.de\/cms\/wp-content\/uploads\/2018\/03\/Malou3-18-Wochen-Kroatien.jpg\"><img loading=\"lazy\" decoding=\"async\" class=\"aligncenter size-full wp-image-22800\" title=\"Malou3 18 Wochen Kroatien\" src=\"http:\/\/collies-vom-floersbachtal.de\/cms\/wp-content\/uploads\/2018\/03\/Malou3-18-Wochen-Kroatien-e1527163471769.jpg\" alt=\"\" width=\"480\" height=\"640\" srcset=\"https:\/\/collies-vom-floersbachtal.de\/cms\/wp-content\/uploads\/2018\/03\/Malou3-18-Wochen-Kroatien-e1527163471769.jpg 480w, https:\/\/collies-vom-floersbachtal.de\/cms\/wp-content\/uploads\/2018\/03\/Malou3-18-Wochen-Kroatien-e1527163471769-225x300.jpg 225w\" sizes=\"auto, (max-width: 480px) 100vw, 480px\" \/><\/a>Ich bleib lieber im Schatten, hier ist es sooooo hei\u00df \ud83d\ude00<br \/><strong>Gestern am 22.03.18<\/strong> ist ja unsere letzte kleine Maus von den F-chens ausgezogen. \ud83d\ude41<br \/>Es hat auch alles geklappt, kein Erbrechen ganz ruhig abgewartet, was da kommt.<br \/><strong>23.03.18<\/strong> Heute kam dann von ihrem Frauli eine kurze Nachricht.<br \/>Hallo alle zusammen!<br \/>Hatten eine gute Nacht,Malou hat<br \/>bis fr\u00fch sch\u00f6n in ihrer Box geschlafen, war ganz lieb.<br \/>Ist an allem interessiert. Habe sogar schon geb\u00fcgelt, st\u00f6rt sie gar nicht.<br \/>Zur Zeit schl\u00e4ft sie ganz entspannt vor ihrer Box.<\/p>\n<p><a href=\"http:\/\/collies-vom-floersbachtal.de\/cms\/wp-content\/uploads\/2018\/03\/Imana-Manou2-im-neuen-zuhause.jpg\"><img loading=\"lazy\" decoding=\"async\" class=\"aligncenter size-full wp-image-22205\" title=\"Imana-Manou2 im neuen zuhause\" src=\"http:\/\/collies-vom-floersbachtal.de\/cms\/wp-content\/uploads\/2018\/03\/Imana-Manou2-im-neuen-zuhause-e1522178364101.jpg\" alt=\"\" width=\"480\" height=\"640\" srcset=\"https:\/\/collies-vom-floersbachtal.de\/cms\/wp-content\/uploads\/2018\/03\/Imana-Manou2-im-neuen-zuhause-e1522178364101.jpg 480w, https:\/\/collies-vom-floersbachtal.de\/cms\/wp-content\/uploads\/2018\/03\/Imana-Manou2-im-neuen-zuhause-e1522178364101-225x300.jpg 225w\" sizes=\"auto, (max-width: 480px) 100vw, 480px\" \/><\/a><a href=\"http:\/\/collies-vom-floersbachtal.de\/cms\/wp-content\/uploads\/2018\/03\/Imana-Manou3-im-neuen-zuhause1.jpg\"><img loading=\"lazy\" decoding=\"async\" class=\"aligncenter size-full wp-image-22207\" title=\"Imana-Manou3 im neuen zuhause\" src=\"http:\/\/collies-vom-floersbachtal.de\/cms\/wp-content\/uploads\/2018\/03\/Imana-Manou3-im-neuen-zuhause1-e1522178736639.jpg\" alt=\"\" width=\"480\" height=\"640\" srcset=\"https:\/\/collies-vom-floersbachtal.de\/cms\/wp-content\/uploads\/2018\/03\/Imana-Manou3-im-neuen-zuhause1-e1522178736639.jpg 480w, https:\/\/collies-vom-floersbachtal.de\/cms\/wp-content\/uploads\/2018\/03\/Imana-Manou3-im-neuen-zuhause1-e1522178736639-225x300.jpg 225w\" sizes=\"auto, (max-width: 480px) 100vw, 480px\" \/><\/a>LG von allen Monika<\/p>\n<p><strong>27.03.18<\/strong> Neuigkeiten von Prinzessin Imana-Malou:<br \/>Hallo Susanne,Gernot +alle Vierbeiner!<br \/>Haben heute unseren Ausflug zu Andrea gemacht.<br \/>Malou war nur anfangs etwas \u00e4ngstlich, bevor sie sich begr\u00fc\u00dft<br \/>haben. Dann haben sie sich freudig<br \/>begr\u00fc\u00dft und sind zuerst auf der Wiese rumgetobt und anschlie\u00dfend<br \/>In der Wohnung.<br \/>Waren alle ganz begeistert von Malou.<br \/>LG. Monika<a href=\"http:\/\/collies-vom-floersbachtal.de\/cms\/wp-content\/uploads\/2018\/03\/Imana-Manou13-im-neuen-zuhause.jpg\"><img loading=\"lazy\" decoding=\"async\" class=\"aligncenter size-full wp-image-22209\" title=\"Imana-Manou13 im neuen zuhause\" src=\"http:\/\/collies-vom-floersbachtal.de\/cms\/wp-content\/uploads\/2018\/03\/Imana-Manou13-im-neuen-zuhause-e1522178837199.jpg\" alt=\"\" width=\"1512\" height=\"2016\" srcset=\"https:\/\/collies-vom-floersbachtal.de\/cms\/wp-content\/uploads\/2018\/03\/Imana-Manou13-im-neuen-zuhause-e1522178837199.jpg 1512w, https:\/\/collies-vom-floersbachtal.de\/cms\/wp-content\/uploads\/2018\/03\/Imana-Manou13-im-neuen-zuhause-e1522178837199-225x300.jpg 225w, https:\/\/collies-vom-floersbachtal.de\/cms\/wp-content\/uploads\/2018\/03\/Imana-Manou13-im-neuen-zuhause-e1522178837199-768x1024.jpg 768w\" sizes=\"auto, (max-width: 1512px) 100vw, 1512px\" \/><\/a><a href=\"http:\/\/collies-vom-floersbachtal.de\/cms\/wp-content\/uploads\/2018\/03\/Imana-Manou6-im-neuen-zuhause.jpg\"><img loading=\"lazy\" decoding=\"async\" class=\"aligncenter size-medium wp-image-22210\" title=\"Imana-Manou6 im neuen zuhause\" src=\"http:\/\/collies-vom-floersbachtal.de\/cms\/wp-content\/uploads\/2018\/03\/Imana-Manou6-im-neuen-zuhause-300x198.jpg\" alt=\"\" width=\"300\" height=\"198\" srcset=\"https:\/\/collies-vom-floersbachtal.de\/cms\/wp-content\/uploads\/2018\/03\/Imana-Manou6-im-neuen-zuhause-300x198.jpg 300w, https:\/\/collies-vom-floersbachtal.de\/cms\/wp-content\/uploads\/2018\/03\/Imana-Manou6-im-neuen-zuhause-1024x677.jpg 1024w, https:\/\/collies-vom-floersbachtal.de\/cms\/wp-content\/uploads\/2018\/03\/Imana-Manou6-im-neuen-zuhause.jpg 1200w\" sizes=\"auto, (max-width: 300px) 100vw, 300px\" \/><\/a><a href=\"http:\/\/collies-vom-floersbachtal.de\/cms\/wp-content\/uploads\/2018\/03\/Imana-Manou7-im-neuen-zuhause.jpg\"><img loading=\"lazy\" decoding=\"async\" class=\"aligncenter size-medium wp-image-22211\" title=\"Imana-Manou7 im neuen zuhause\" src=\"http:\/\/collies-vom-floersbachtal.de\/cms\/wp-content\/uploads\/2018\/03\/Imana-Manou7-im-neuen-zuhause-300x198.jpg\" alt=\"\" width=\"300\" height=\"198\" srcset=\"https:\/\/collies-vom-floersbachtal.de\/cms\/wp-content\/uploads\/2018\/03\/Imana-Manou7-im-neuen-zuhause-300x198.jpg 300w, https:\/\/collies-vom-floersbachtal.de\/cms\/wp-content\/uploads\/2018\/03\/Imana-Manou7-im-neuen-zuhause-1024x677.jpg 1024w, https:\/\/collies-vom-floersbachtal.de\/cms\/wp-content\/uploads\/2018\/03\/Imana-Manou7-im-neuen-zuhause.jpg 1200w\" sizes=\"auto, (max-width: 300px) 100vw, 300px\" \/><\/a><a href=\"http:\/\/collies-vom-floersbachtal.de\/cms\/wp-content\/uploads\/2018\/03\/Imana-Manou9-im-neuen-zuhause.jpg\"><img loading=\"lazy\" decoding=\"async\" class=\"aligncenter size-medium wp-image-22213\" title=\"Imana-Manou9 im neuen zuhause\" src=\"http:\/\/collies-vom-floersbachtal.de\/cms\/wp-content\/uploads\/2018\/03\/Imana-Manou9-im-neuen-zuhause-300x198.jpg\" alt=\"\" width=\"300\" height=\"198\" srcset=\"https:\/\/collies-vom-floersbachtal.de\/cms\/wp-content\/uploads\/2018\/03\/Imana-Manou9-im-neuen-zuhause-300x198.jpg 300w, https:\/\/collies-vom-floersbachtal.de\/cms\/wp-content\/uploads\/2018\/03\/Imana-Manou9-im-neuen-zuhause-1024x677.jpg 1024w, https:\/\/collies-vom-floersbachtal.de\/cms\/wp-content\/uploads\/2018\/03\/Imana-Manou9-im-neuen-zuhause.jpg 1200w\" sizes=\"auto, (max-width: 300px) 100vw, 300px\" \/><\/a><a href=\"http:\/\/collies-vom-floersbachtal.de\/cms\/wp-content\/uploads\/2018\/03\/Imana-Manou10-im-neuen-zuhause.jpg\"><img loading=\"lazy\" decoding=\"async\" class=\"aligncenter size-medium wp-image-22214\" title=\"Imana-Manou10 im neuen zuhause\" src=\"http:\/\/collies-vom-floersbachtal.de\/cms\/wp-content\/uploads\/2018\/03\/Imana-Manou10-im-neuen-zuhause-300x198.jpg\" alt=\"\" width=\"300\" height=\"198\" srcset=\"https:\/\/collies-vom-floersbachtal.de\/cms\/wp-content\/uploads\/2018\/03\/Imana-Manou10-im-neuen-zuhause-300x198.jpg 300w, https:\/\/collies-vom-floersbachtal.de\/cms\/wp-content\/uploads\/2018\/03\/Imana-Manou10-im-neuen-zuhause-1024x677.jpg 1024w, https:\/\/collies-vom-floersbachtal.de\/cms\/wp-content\/uploads\/2018\/03\/Imana-Manou10-im-neuen-zuhause.jpg 1200w\" sizes=\"auto, (max-width: 300px) 100vw, 300px\" \/><\/a><a href=\"http:\/\/collies-vom-floersbachtal.de\/cms\/wp-content\/uploads\/2018\/03\/Imana-Manou11-im-neuen-zuhause.jpg\"><img loading=\"lazy\" decoding=\"async\" class=\"aligncenter size-medium wp-image-22215\" title=\"Imana-Manou11 im neuen zuhause\" src=\"http:\/\/collies-vom-floersbachtal.de\/cms\/wp-content\/uploads\/2018\/03\/Imana-Manou11-im-neuen-zuhause-300x225.jpg\" alt=\"\" width=\"300\" height=\"225\" srcset=\"https:\/\/collies-vom-floersbachtal.de\/cms\/wp-content\/uploads\/2018\/03\/Imana-Manou11-im-neuen-zuhause-300x225.jpg 300w, https:\/\/collies-vom-floersbachtal.de\/cms\/wp-content\/uploads\/2018\/03\/Imana-Manou11-im-neuen-zuhause-1024x768.jpg 1024w, https:\/\/collies-vom-floersbachtal.de\/cms\/wp-content\/uploads\/2018\/03\/Imana-Manou11-im-neuen-zuhause.jpg 2016w\" sizes=\"auto, (max-width: 300px) 100vw, 300px\" \/><\/a><a href=\"http:\/\/collies-vom-floersbachtal.de\/cms\/wp-content\/uploads\/2018\/03\/Imana-Manou12-im-neuen-zuhause.jpg\"><img loading=\"lazy\" decoding=\"async\" class=\"aligncenter size-medium wp-image-22216\" title=\"Imana-Manou12 im neuen zuhause\" src=\"http:\/\/collies-vom-floersbachtal.de\/cms\/wp-content\/uploads\/2018\/03\/Imana-Manou12-im-neuen-zuhause-300x225.jpg\" alt=\"\" width=\"300\" height=\"225\" srcset=\"https:\/\/collies-vom-floersbachtal.de\/cms\/wp-content\/uploads\/2018\/03\/Imana-Manou12-im-neuen-zuhause-300x225.jpg 300w, https:\/\/collies-vom-floersbachtal.de\/cms\/wp-content\/uploads\/2018\/03\/Imana-Manou12-im-neuen-zuhause-1024x768.jpg 1024w, https:\/\/collies-vom-floersbachtal.de\/cms\/wp-content\/uploads\/2018\/03\/Imana-Manou12-im-neuen-zuhause.jpg 2016w\" sizes=\"auto, (max-width: 300px) 100vw, 300px\" \/><\/a>Das 1. Treffen zwischen (Emma Peel vom Fl\u00f6rsbachtal Eltern: Ginger &amp; Balu ) Sally &amp; (Fantastic Imana vom Fl\u00f6rsbachtal Eltern: Jeanny &amp; Balu) Malou, ist so sch\u00f6n abgelaufen. \ud83d\ude00<\/p>\n<p><strong>08.04.18<\/strong>Endlich Neuigkeiten von der kleinen Imana. \ud83d\ude00<br \/>Hallo Susanne,Gernot +Vierbeiner!<br \/>Waren heute mit Malou in Heidelberg und haben Carolin abgeholt.<br \/>Sie hat sich auf der Hinfahrt nur einmal gemeldet, wir haben am n\u00e4chsten Rastplatz gehalten und sie hat sich ganz schnell gel\u00f6st.<br \/>In der N\u00e4he von Heidelberg sind wir mit ihr am Neckar spazieren gegangen,sie war gleich wieder am Wasser.<br \/>Auf der R\u00fcckfahrt hat sie sich gar nicht gemeldet, hat geschlafen.<br \/>Gestern waren wir mit ihr in der Eisdiele, hat sie auch super gemacht,war wieder sehr interessiert.<br \/>Wegen der Videos werde ich Andrea fragen, wenn ich sie wieder sehe.<br \/>Euch noch ein sch\u00f6nes Wochenende.<br \/>LG Monika<a href=\"http:\/\/collies-vom-floersbachtal.de\/cms\/wp-content\/uploads\/2018\/03\/Imana-12-Wochen7.jpg\"><img loading=\"lazy\" decoding=\"async\" class=\"aligncenter size-full wp-image-22407\" title=\"Imana 12 Wochen7\" src=\"http:\/\/collies-vom-floersbachtal.de\/cms\/wp-content\/uploads\/2018\/03\/Imana-12-Wochen7-e1523266989823.jpg\" alt=\"\" width=\"480\" height=\"640\" srcset=\"https:\/\/collies-vom-floersbachtal.de\/cms\/wp-content\/uploads\/2018\/03\/Imana-12-Wochen7-e1523266989823.jpg 480w, https:\/\/collies-vom-floersbachtal.de\/cms\/wp-content\/uploads\/2018\/03\/Imana-12-Wochen7-e1523266989823-225x300.jpg 225w\" sizes=\"auto, (max-width: 480px) 100vw, 480px\" \/><\/a><a href=\"http:\/\/collies-vom-floersbachtal.de\/cms\/wp-content\/uploads\/2018\/03\/Imana-12-Wochen2.jpg\"><img loading=\"lazy\" decoding=\"async\" class=\"aligncenter size-medium wp-image-22409\" title=\"Imana 12 Wochen2\" src=\"http:\/\/collies-vom-floersbachtal.de\/cms\/wp-content\/uploads\/2018\/03\/Imana-12-Wochen2-300x225.jpg\" alt=\"\" width=\"300\" height=\"225\" srcset=\"https:\/\/collies-vom-floersbachtal.de\/cms\/wp-content\/uploads\/2018\/03\/Imana-12-Wochen2-300x225.jpg 300w, https:\/\/collies-vom-floersbachtal.de\/cms\/wp-content\/uploads\/2018\/03\/Imana-12-Wochen2.jpg 640w\" sizes=\"auto, (max-width: 300px) 100vw, 300px\" \/><\/a><br \/><a href=\"http:\/\/collies-vom-floersbachtal.de\/cms\/wp-content\/uploads\/2018\/03\/Imana-12-Wochen5.jpg\"><img loading=\"lazy\" decoding=\"async\" class=\"aligncenter size-full wp-image-22412\" title=\"Imana 12 Wochen5\" src=\"http:\/\/collies-vom-floersbachtal.de\/cms\/wp-content\/uploads\/2018\/03\/Imana-12-Wochen5-e1523267117193.jpg\" alt=\"\" width=\"480\" height=\"640\" srcset=\"https:\/\/collies-vom-floersbachtal.de\/cms\/wp-content\/uploads\/2018\/03\/Imana-12-Wochen5-e1523267117193.jpg 480w, https:\/\/collies-vom-floersbachtal.de\/cms\/wp-content\/uploads\/2018\/03\/Imana-12-Wochen5-e1523267117193-225x300.jpg 225w\" sizes=\"auto, (max-width: 480px) 100vw, 480px\" \/><\/a>So viel Vertrauen, auch vor so einem so gro\u00dfen Rollstuhl, dass sie ganz entspannt schl\u00e4ft. So sch\u00f6n. \ud83d\ude00<a href=\"http:\/\/collies-vom-floersbachtal.de\/cms\/wp-content\/uploads\/2018\/03\/Imana-12-Wochen6.jpg\"><img loading=\"lazy\" decoding=\"async\" class=\"aligncenter size-full wp-image-22413\" title=\"Imana 12 Wochen6\" src=\"http:\/\/collies-vom-floersbachtal.de\/cms\/wp-content\/uploads\/2018\/03\/Imana-12-Wochen6-e1523267190915.jpg\" alt=\"\" width=\"480\" height=\"640\" srcset=\"https:\/\/collies-vom-floersbachtal.de\/cms\/wp-content\/uploads\/2018\/03\/Imana-12-Wochen6-e1523267190915.jpg 480w, https:\/\/collies-vom-floersbachtal.de\/cms\/wp-content\/uploads\/2018\/03\/Imana-12-Wochen6-e1523267190915-225x300.jpg 225w\" sizes=\"auto, (max-width: 480px) 100vw, 480px\" \/><\/a>Frauli bei der Fr\u00fchlingsbepflanzung geholfen \ud83d\ude09<\/p>","protected":false},"excerpt":{"rendered":"<p>Malou bei ihrer Halbschwester Sally und ihrer Freundin August 2021 \ud83d\ude42 Urlaubsgr\u00fc\u00dfe aus Krotien von der s\u00fc\u00dfen Malou im Juni 2019Hallo Susanne, viele Gr\u00fc\u00dfe aus Kroatien senden DirUdo + Monika mit Carolin und Malou .Ist wieder sch\u00f6n, k\u00f6nnte nur ein &hellip; <a href=\"https:\/\/collies-vom-floersbachtal.de\/?page_id=21727\">Weiterlesen <span class=\"meta-nav\">&rarr;<\/span><\/a><\/p>\n","protected":false},"author":1,"featured_media":0,"parent":0,"menu_order":0,"comment_status":"open","ping_status":"open","template":"","meta":{"footnotes":""},"class_list":["post-21727","page","type-page","status-publish","hentry"],"_links":{"self":[{"href":"https:\/\/collies-vom-floersbachtal.de\/index.php?rest_route=\/wp\/v2\/pages\/21727","targetHints":{"allow":["GET"]}}],"collection":[{"href":"https:\/\/collies-vom-floersbachtal.de\/index.php?rest_route=\/wp\/v2\/pages"}],"about":[{"href":"https:\/\/collies-vom-floersbachtal.de\/index.php?rest_route=\/wp\/v2\/types\/page"}],"author":[{"embeddable":true,"href":"https:\/\/collies-vom-floersbachtal.de\/index.php?rest_route=\/wp\/v2\/users\/1"}],"replies":[{"embeddable":true,"href":"https:\/\/collies-vom-floersbachtal.de\/index.php?rest_route=%2Fwp%2Fv2%2Fcomments&post=21727"}],"version-history":[{"count":19,"href":"https:\/\/collies-vom-floersbachtal.de\/index.php?rest_route=\/wp\/v2\/pages\/21727\/revisions"}],"predecessor-version":[{"id":47420,"href":"https:\/\/collies-vom-floersbachtal.de\/index.php?rest_route=\/wp\/v2\/pages\/21727\/revisions\/47420"}],"wp:attachment":[{"href":"https:\/\/collies-vom-floersbachtal.de\/index.php?rest_route=%2Fwp%2Fv2%2Fmedia&parent=21727"}],"curies":[{"name":"wp","href":"https:\/\/api.w.org\/{rel}","templated":true}]}}