{"id":2039,"date":"2012-07-26T13:03:48","date_gmt":"2012-07-26T13:03:48","guid":{"rendered":"http:\/\/collies-vom-floersbachtal.de\/?page_id=2039"},"modified":"2022-03-27T17:08:34","modified_gmt":"2022-03-27T17:08:34","slug":"schaukeltraining","status":"publish","type":"page","link":"https:\/\/collies-vom-floersbachtal.de\/?page_id=2039","title":{"rendered":"Schaukeltraining"},"content":{"rendered":"<p><strong>Verletzungen vermeiden &#8211; K\u00f6rpergef\u00fchl und Koordination verbessern<\/strong><\/p>\n<p>Propriorezeptives Training: Eine einfache M\u00f6glichkeit Gleichgewicht und Geschicklichkeit zu trainieren &#8211; vom Welpen bis zum Seniorhund<\/p>\n<p>\u201ePopo waaaas?&#8220; t\u00f6nt es durch das Sporthundeseminar, als der Beamer den Begriff Propriorezeptives Training an die Wand strahlt. Bereits an dieser Stelle sei versprochen, es bleibt bei diesem einen Fremdwort im folgenden Artikel.<\/p>\n<p>Worum geht\u2019s? Propriorezeptoren sind Sinnesrezeptoren im K\u00f6rper. Sie befinden sich zum einem als Gleichgewichtsorgan im Ohr, zum anderen als Spindeln in den Muskeln und Sehnen.<\/p>\n<p>Zur Erkl\u00e4rung ein Beispiel: Ein Hund bleibt mit dem Hinterbein in einem Kaninchenloch h\u00e4ngen. Die Spindeln melden nun dem R\u00fcckenmark, dass die Muskeln und Sehnen im Bein gedehnt sind. Das R\u00fcckenmark gibt daraufhin den Muskeln sofort den Befehl das Hinterbein hochzuziehen und aus dem Kaninchenloch zu befreien. W\u00fcrde dies nicht geschehen, k\u00e4me es zu schmerzhaften Verletzungen, zum Beispiel einer Zerrung.<br>\nDie Geschwindigkeit und Zielsicherheit dieses Ablaufs l\u00e4sst sich durch das propriorezeptive Training verbessern. Der Hund verf\u00fcgt dadurch \u00fcber eine sehr gute Koordinationsf\u00e4higkeit und Geschicklichkeit, was ihn nicht nur im Sport vor Verletzungen sch\u00fctzt und auch seine Leistungs- und Konzentrationsf\u00e4higkeit erh\u00f6hen kann.<br>\nStudien aus der Sportmedizin zeigen, dass dieses spezielle Training bei Basketballspielern Kreuzbandverletzungenen um 85% reduziert und die R\u00fcckfallrate nach Sportverletzungen drastisch senkt.<br>\nSchon lange nutzt auch die Hundephysiotherapie diese Methode in der sp\u00e4ten Rehabilitationsphase nach Operationen und Verletzungen, ebenso sinnvoll ist ihr Einsatz zur Vorbeugung.<\/p>\n<p>UND NOCH EINEN GRO\u00dfEN VORTEIL HAT DAS SCHAUKELTRAINING: <strong> Alle Babys fahren gerne Auto<\/strong><\/p>\n<p><strong>Wir beginnen mit dem Schaukeltraining von Anfang an, jedes mal wenn wir die Wurfkiste s\u00e4ubern, werden die Kleinen in die Schaukel gelegt, zumindest solange sie noch drin bleiben \ud83d\ude00 Sp\u00e4ter ab der 4. Woche h\u00e4ngen wir die kleine Welpenschaukel auf und die Kleinen sind mit Begeisterung dabei.<br>\n<\/strong><br>\n<a href=\"http:\/\/collies-vom-floersbachtal.de\/cms\/wp-content\/uploads\/2012\/07\/Wurf-B-4.Woche-Bonnys-Schaukelversuch1.jpg\"><img loading=\"lazy\" decoding=\"async\" class=\"alignleft size-full wp-image-2208\" title=\"Wurf B 4.Woche Bonnys Schaukelversuch1\" src=\"http:\/\/collies-vom-floersbachtal.de\/cms\/wp-content\/uploads\/2012\/07\/Wurf-B-4.Woche-Bonnys-Schaukelversuch1.jpg\" alt=\"\" width=\"1000\" height=\"606\" srcset=\"https:\/\/collies-vom-floersbachtal.de\/cms\/wp-content\/uploads\/2012\/07\/Wurf-B-4.Woche-Bonnys-Schaukelversuch1.jpg 1000w, https:\/\/collies-vom-floersbachtal.de\/cms\/wp-content\/uploads\/2012\/07\/Wurf-B-4.Woche-Bonnys-Schaukelversuch1-300x181.jpg 300w\" sizes=\"auto, (max-width: 1000px) 100vw, 1000px\" \/><\/a><\/p>\n<p><a href=\"http:\/\/collies-vom-floersbachtal.de\/cms\/wp-content\/uploads\/2012\/07\/Wurf-B-13.Tag-8-in-der-Welpenschaukel1.jpg\"><img loading=\"lazy\" decoding=\"async\" class=\"alignleft size-full wp-image-2096\" title=\"Wurf B 13.Tag 8 in der Welpenschaukel1\" src=\"http:\/\/collies-vom-floersbachtal.de\/cms\/wp-content\/uploads\/2012\/07\/Wurf-B-13.Tag-8-in-der-Welpenschaukel1.jpg\" alt=\"\" width=\"1000\" height=\"667\" srcset=\"https:\/\/collies-vom-floersbachtal.de\/cms\/wp-content\/uploads\/2012\/07\/Wurf-B-13.Tag-8-in-der-Welpenschaukel1.jpg 1000w, https:\/\/collies-vom-floersbachtal.de\/cms\/wp-content\/uploads\/2012\/07\/Wurf-B-13.Tag-8-in-der-Welpenschaukel1-300x200.jpg 300w\" sizes=\"auto, (max-width: 1000px) 100vw, 1000px\" \/><\/a><br>\n<a href=\"http:\/\/collies-vom-floersbachtal.de\/cms\/wp-content\/uploads\/2012\/07\/Welpenschaukel1.jpg\"><img loading=\"lazy\" decoding=\"async\" class=\"alignleft size-full wp-image-2097\" title=\"Welpenschaukel1\" src=\"http:\/\/collies-vom-floersbachtal.de\/cms\/wp-content\/uploads\/2012\/07\/Welpenschaukel1.jpg\" alt=\"\" width=\"1000\" height=\"884\" srcset=\"https:\/\/collies-vom-floersbachtal.de\/cms\/wp-content\/uploads\/2012\/07\/Welpenschaukel1.jpg 1000w, https:\/\/collies-vom-floersbachtal.de\/cms\/wp-content\/uploads\/2012\/07\/Welpenschaukel1-300x265.jpg 300w\" sizes=\"auto, (max-width: 1000px) 100vw, 1000px\" \/><\/a><br>\nEs wird auch brav gewartet, bis man dran ist. \ud83d\ude00<br>\n<strong>Hier ein Video, worauf man sehr gut erkennen kann, wie gerne die Welpen schaukeln und wie selbstverst\u00e4ndlich es f\u00fcr sie ist.<\/strong><\/p>\n\n\n<h2 class=\"wp-block-heading\">F\u00fcr alle Welpenk\u00e4ufer  ein sehr interessantes Thema!<\/h2>\n\n\n\n<h1 class=\"wp-block-heading\"><a href=\"https:\/\/www.facebook.com\/KleintierpraxisRueckert?__cft__[0]=AZUjKAXiCxQ-QITic8Y2PKyMUc2y5mw_MUnp8bgRT5Rfy0JqOnG8MMeBs-Sx3etDmT0D-NV-tco8qe4ANcnQN5RIG-wcfUrWZdb_JiqTENMKzpmphZpcWqbT96cmYGcSUoH0gTuwtFaN6X2Wc9rKNxXHyfhIigKnVIeOoPnL7pE3i5qXiEkE46kVe8H0L4U6lcQt2ZrISnGeDvAF3LVlv4xvYg3-sN3eS_nuKCQt1Ij1eA&amp;__tn__=-UC%2CP-y-R\"><strong>Kleintierpraxis Ralph R\u00fcckert<\/strong><\/a><\/h1>\n\n\n\n<p><a href=\"https:\/\/www.facebook.com\/KleintierpraxisRueckert\/posts\/278816373616144?__cft__[0]=AZUjKAXiCxQ-QITic8Y2PKyMUc2y5mw_MUnp8bgRT5Rfy0JqOnG8MMeBs-Sx3etDmT0D-NV-tco8qe4ANcnQN5RIG-wcfUrWZdb_JiqTENMKzpmphZpcWqbT96cmYGcSUoH0gTuwtFaN6X2Wc9rKNxXHyfhIigKnVIeOoPnL7pE3i5qXiEkE46kVe8H0L4U6lcQt2ZrISnGeDvAF3LVlv4xvYg3-sN3eS_nuKCQt1Ij1eA&amp;__tn__=%2CO%2CP-y-R\">27. M\u00e4rz 2021<\/a>\u00a0 \u00b7 Der \u201eausgepowerte\u201c Hund! Sinnvolle Zielsetzung oder eher ein Missverst\u00e4ndnis?Von Ralph R\u00fcckert, Tierarzt, und Johanne Bernick, Tier\u00e4rztinDie sozialen Medien flie\u00dfen \u00fcber von Postings, in denen Hundebesitzer:innen h\u00f6chst befriedigt Fotos ihrer von irgendeiner stundenlangen oder hochintensiven Aktivit\u00e4t v\u00f6llig erschlagenen \u2013 eben \u201eausgepowerten\u201c &#8211; Vierbeiner pr\u00e4sentieren, als ob sie damit eine pers\u00f6nliche Heldentat vollbracht h\u00e4tten. Das f\u00e4rbt nat\u00fcrlich ab, so dass andere, die es nicht so richtig schaffen, ihre Tiere \u201eauszupowern\u201c, sich fragen, ob sie am Ende vielleicht keine guten Hundehalter:innen sind, so im Sinne dieses Zitats: \u201eIch hab zwei Mischlinge, die drau\u00dfen am liebsten nur rennen m\u00f6chten und nicht m\u00fcde zu bekommen sind. Ich geh viermal am Tag Gassi und wir gehen regelm\u00e4\u00dfig in den Dog Park, damit sie ihre Energie los werden k\u00f6nnen. Manchmal frage ich mich aber, ob sie es bei aktiveren Hundeeltern besser h\u00e4tten. Leute, die lange Wanderungen machen und mit ihnen joggen gehen.\u201cUm es gleich vorweg zu nehmen: Wir halten das f\u00fcr einen Fehlschluss! Man ist keine \u201eschlechte Hundehalterin\u201c, wenn man seinen Vierbeiner nicht jeden Tag an den Rand der Ersch\u00f6pfung bringt! Ganz im Gegenteil sind wir der \u00dcberzeugung, dass die heutzutage auf breiter Front praktizierte \u00dcberauslastung, das \u201eAuspowern\u201c, das F\u00f6rdern eigentlich nicht artgerechter Hyperaktivit\u00e4t von Hunden mehr Probleme verursacht, als man meinen w\u00fcrde.Aus unseren Erfahrungen in der t\u00e4glichen Praxis sch\u00e4tzen wir die Lage so ein, dass heutzutage zahlreiche Hundehalter:innen extrem darum bem\u00fcht sind, sehr viel mit ihrem Hund \/ ihren Hunden zu unternehmen, eben wie oben in dem Zitat: Viermal am Tag Spazierengehen, und zwar nicht nur einmal um den Block, und zus\u00e4tzlich (!) noch diverse Bespa\u00dfungs- oder Erziehungsaktivit\u00e4ten wie Spielwiese, Mantrailing, Longieren, Agilitiy, usw. und so fort. Gleichzeitig sehe ich mit meiner \u00fcber 30j\u00e4hrigen Erfahrung immer mehr Hunde, die wenig stressresistent, nerv\u00f6s, \u00fcber\u00e4ngstlich und irgendwas zwischen gereizt und aggressiv, also alles andere als ausgeglichen r\u00fcberkommen.Ein Hund ist ein hauptberuflicher Beutegreifer und ein nebenberuflicher Abstauber von allem Essbaren, was sich auftreiben l\u00e4sst. Wir wissen, dass Raubtiere einerseits zwar zu explosiver und sehr anstrengender Aktivit\u00e4t in der Lage sind bzw. in der Lage sein m\u00fcssen, dass sie aber andererseits keine Kralle krumm machen, wenn das f\u00fcr den Lebensunterhalt oder die Fortpflanzung nicht n\u00f6tig ist. Bei Stra\u00dfenhunden, die ihren Tag selbst einteilen k\u00f6nnen, wurde beobachtet, dass erwachsene Tiere bis zu 18 Stunden ruhen bzw. schlafen, dass sie territoriale Kontrollg\u00e4nge und Nahrungssuche mit so wenig Aufwand wie m\u00f6glich betreiben und dass sie \u2013 einmal dem Jugendalter entwachsen \u2013 so gut wie nie spielen.Wir alle \u2013 sowohl Hunde als auch Menschen \u2013 sind von der Natur eigentlich daf\u00fcr konstruiert, unter den Bedingungen eines knappen Nahrungsangebots klar zu kommen. Da ist t\u00e4gliches \u201eAuspowern\u201c nat\u00fcrlich keine sinnvolle Sache, wenn nicht gar gef\u00e4hrlich, weil schlicht zu kalorienraubend. Man k\u00f6nnte sogar sagen, dass einmal t\u00e4gliches Belasten bis zur Ersch\u00f6pfungsgrenze oder gar dar\u00fcber hinaus ganz sicher nichts mehr mit artgerechter Haltung zu tun hat.Ja, man kann mit einem Hund auch zu wenig machen, ihm zu wenig Auslauf und Bet\u00e4tigung anbieten, definitiv. Nat\u00fcrlich hat der Hund als geborener Hetzj\u00e4ger ein gewisses Bewegungsbed\u00fcrfnis, schon allein, um in Form zu bleiben. Aber das wird heutzutage allgemein weit \u00fcbersch\u00e4tzt, mit der Folge, dass der Hund nicht mehr genug Ruhe bzw. Schlaf bekommt und sich entsprechend auff\u00fchrt. Die Eltern unter uns wissen das ja von den Kindern: Nach m\u00fcde kommt bl\u00f6d!Fazit: Wenn Sie einen Hund haben, der Ihnen zu hibbelig, zu schnell gestresst, zu \u00e4ngstlich oder zu aggressiv vorkommt, dann eskalieren Sie entgegen des aktuellen Trends nicht in Richtung noch mehr \u201eAuspowern\u201c, sondern bringen mal versuchsweise deutlich mehr Ruhe rein. K\u00f6nnte eventuell Wunder wirken! Denken Sie dran: 18 Stunden Chillen und Schlafen pro Tag! Das gilt von Anfang an, also auch f\u00fcr naturgem\u00e4\u00df noch \u00fcberaktive Jungtiere, die man zur Ruhe fast zwingen muss. Wenn Sie aber einen Welpen oder Junghund buchst\u00e4blich in die Hyperaktivit\u00e4t reinerziehen, m\u00fcssen Sie sich sp\u00e4ter nicht wundern, wenn es zu sehr unangenehmen und schwer therapierbaren Verhaltensauff\u00e4lligkeiten kommt.<\/p>\n\n\n\n<p>Bleiben Sie uns gewogen, bis bald,Ihr Ralph R\u00fcckert, Ihre Johanne Bernick\u00a9 Kleintierpraxis Ralph R\u00fcckert, R\u00f6merstra\u00dfe 71, 89077 Ulm<\/p>\n","protected":false},"excerpt":{"rendered":"<p>Verletzungen vermeiden &#8211; K\u00f6rpergef\u00fchl und Koordination verbessern Propriorezeptives Training: Eine einfache M\u00f6glichkeit Gleichgewicht und Geschicklichkeit zu trainieren &#8211; vom Welpen bis zum Seniorhund \u201ePopo waaaas?&#8220; t\u00f6nt es durch das Sporthundeseminar, als der Beamer den Begriff Propriorezeptives Training an die Wand &hellip; <a href=\"https:\/\/collies-vom-floersbachtal.de\/?page_id=2039\">Weiterlesen <span class=\"meta-nav\">&rarr;<\/span><\/a><\/p>\n","protected":false},"author":1,"featured_media":0,"parent":0,"menu_order":0,"comment_status":"open","ping_status":"open","template":"","meta":{"footnotes":""},"class_list":["post-2039","page","type-page","status-publish","hentry"],"_links":{"self":[{"href":"https:\/\/collies-vom-floersbachtal.de\/index.php?rest_route=\/wp\/v2\/pages\/2039","targetHints":{"allow":["GET"]}}],"collection":[{"href":"https:\/\/collies-vom-floersbachtal.de\/index.php?rest_route=\/wp\/v2\/pages"}],"about":[{"href":"https:\/\/collies-vom-floersbachtal.de\/index.php?rest_route=\/wp\/v2\/types\/page"}],"author":[{"embeddable":true,"href":"https:\/\/collies-vom-floersbachtal.de\/index.php?rest_route=\/wp\/v2\/users\/1"}],"replies":[{"embeddable":true,"href":"https:\/\/collies-vom-floersbachtal.de\/index.php?rest_route=%2Fwp%2Fv2%2Fcomments&post=2039"}],"version-history":[{"count":13,"href":"https:\/\/collies-vom-floersbachtal.de\/index.php?rest_route=\/wp\/v2\/pages\/2039\/revisions"}],"predecessor-version":[{"id":34846,"href":"https:\/\/collies-vom-floersbachtal.de\/index.php?rest_route=\/wp\/v2\/pages\/2039\/revisions\/34846"}],"wp:attachment":[{"href":"https:\/\/collies-vom-floersbachtal.de\/index.php?rest_route=%2Fwp%2Fv2%2Fmedia&parent=2039"}],"curies":[{"name":"wp","href":"https:\/\/api.w.org\/{rel}","templated":true}]}}