{"id":16514,"date":"2016-03-12T11:03:00","date_gmt":"2016-03-12T11:03:00","guid":{"rendered":"http:\/\/collies-vom-floersbachtal.de\/?page_id=16514"},"modified":"2024-11-01T19:43:12","modified_gmt":"2024-11-01T19:43:12","slug":"auszug-der-welpen-des-e-wurfs","status":"publish","type":"page","link":"https:\/\/collies-vom-floersbachtal.de\/?page_id=16514","title":{"rendered":"Auszug der Welpen des E-Wurfs"},"content":{"rendered":"<p><strong>Wir bedanken uns nochmal bei allen Welpenk\u00e4ufern, f\u00fcr das von euch entgegengebrachte Vertrauen in unsere Zuchtst\u00e4tte und in uns und w\u00fcnschen ein sch\u00f6nes, sowie langes und gl\u00fcckliches Leben mit den Kleinen.<\/strong><\/p>\n<p><strong>Ein kleiner Buchtipp f\u00fcr unsere aktuellen und zuk\u00fcnftigen Welpenk\u00e4ufer:<\/strong> <strong>\u2018Fit for Life: Was Welpen wirklich lernen m\u00fcssen\u2019<\/strong><\/p>\n<p><span style=\"color: #ff0000;\">Noch ein kleiner Tip am Rande, bitte la\u00dft eure S\u00fc\u00dfen keine Pferde\u00e4ppel fressen, man wei\u00df nie, wann diese Tiere entwurmt wurden. Und der Wirkstoff in den Wurmkuren kann f\u00fcr die Collies t\u00f6dlich enden.!!!<\/span><\/p>\n<p><strong>Unser E \u2013 Wurf wird fl\u00fcgge:<\/strong><\/p>\n<p><strong>Hier kommen nun die Bilder unserer Zwerge mit ihren neuen Familien. Leider wieder viele weit weg <img decoding=\"async\" src=\"http:\/\/collies-vom-floersbachtal.de\/cms\/wp-includes\/images\/smilies\/icon_sad.gif\" alt=\":-(\" \/><\/strong><\/p>\n<p><strong>Neues Foto folgt<\/strong><\/p>\n<p><strong>Als 1. zog unsere Enko Living vom Fl\u00f6rsbachtal aus. Er ist zum Gl\u00fcck nicht ganz so weit von uns entfernt, sogar sehr nahe an Fraulis fr\u00fcheren Pferden . \ud83d\ude09 Zu seiner neuen Familie Heinelt in die Rh\u00f6n gezogen. Wenn das mal nicht nach einem baldigen Besuch aussieht \ud83d\ude00<\/strong><\/p>\n<p><a href=\"http:\/\/collies-vom-floersbachtal.de\/cms\/wp-content\/uploads\/2016\/03\/woche9_Eve-Auszug1.jpg\"><img loading=\"lazy\" decoding=\"async\" class=\"aligncenter size-full wp-image-16524\" title=\"woche9_Eve Auszug1\" src=\"http:\/\/collies-vom-floersbachtal.de\/cms\/wp-content\/uploads\/2016\/03\/woche9_Eve-Auszug1.jpg\" alt=\"\" width=\"1000\" height=\"1500\" srcset=\"https:\/\/collies-vom-floersbachtal.de\/cms\/wp-content\/uploads\/2016\/03\/woche9_Eve-Auszug1.jpg 1000w, https:\/\/collies-vom-floersbachtal.de\/cms\/wp-content\/uploads\/2016\/03\/woche9_Eve-Auszug1-200x300.jpg 200w, https:\/\/collies-vom-floersbachtal.de\/cms\/wp-content\/uploads\/2016\/03\/woche9_Eve-Auszug1-682x1024.jpg 682w\" sizes=\"auto, (max-width: 1000px) 100vw, 1000px\" \/><\/a><\/p>\n<p><a href=\"http:\/\/collies-vom-floersbachtal.de\/cms\/wp-content\/uploads\/2016\/03\/woche9_Eve-Auszug2.jpg\"><img loading=\"lazy\" decoding=\"async\" class=\"aligncenter size-full wp-image-16525\" title=\"woche9_Eve Auszug2\" src=\"http:\/\/collies-vom-floersbachtal.de\/cms\/wp-content\/uploads\/2016\/03\/woche9_Eve-Auszug2.jpg\" alt=\"\" width=\"1000\" height=\"1602\" srcset=\"https:\/\/collies-vom-floersbachtal.de\/cms\/wp-content\/uploads\/2016\/03\/woche9_Eve-Auszug2.jpg 1000w, https:\/\/collies-vom-floersbachtal.de\/cms\/wp-content\/uploads\/2016\/03\/woche9_Eve-Auszug2-187x300.jpg 187w, https:\/\/collies-vom-floersbachtal.de\/cms\/wp-content\/uploads\/2016\/03\/woche9_Eve-Auszug2-639x1024.jpg 639w\" sizes=\"auto, (max-width: 1000px) 100vw, 1000px\" \/><\/a><strong>Als 2. ist unsere Kleinste, Evangeline Star vom Fl\u00f6rsbachtal zu ihrer Familie Hanselmann ins sch\u00f6ne Schwabenlande gezogen. So lange mu\u00dften sie auf Eve warten und nun kann Herrchen Simon mit ihr eine Warnhundeausbildung in Aschaffenburg besuchen. Vielleicht kommen sie uns da mal besuchen. Wir w\u00fcrden uns sehr freuen. \ud83d\ude00<\/strong><\/p>\n<p><a href=\"http:\/\/collies-vom-floersbachtal.de\/cms\/wp-content\/uploads\/2016\/03\/woche_10-Auszug-Emma3.jpg\"><img loading=\"lazy\" decoding=\"async\" class=\"aligncenter size-full wp-image-16537\" title=\"woche_10 Auszug Emma3\" src=\"http:\/\/collies-vom-floersbachtal.de\/cms\/wp-content\/uploads\/2016\/03\/woche_10-Auszug-Emma3.jpg\" alt=\"\" width=\"1000\" height=\"753\" srcset=\"https:\/\/collies-vom-floersbachtal.de\/cms\/wp-content\/uploads\/2016\/03\/woche_10-Auszug-Emma3.jpg 1000w, https:\/\/collies-vom-floersbachtal.de\/cms\/wp-content\/uploads\/2016\/03\/woche_10-Auszug-Emma3-300x225.jpg 300w\" sizes=\"auto, (max-width: 1000px) 100vw, 1000px\" \/><\/a><strong>Heute ist unsere sable- Maus Emma vom Fl\u00f6rsbachtal, jetzt &#8222;Sally&#8220; von ihrer gro\u00dfen netten Familie Bauer nach W\u00fcrzburg entf\u00fchrt worden. Die Freude war gro\u00df auf allen Seiten endlich diese kleine, kesse Biene mitnehmen zu k\u00f6nnen. Wir w\u00fcnschen euch ganz viel Spa\u00df mit ihr. \ud83d\ude00<\/strong><\/p>\n<p><a href=\"http:\/\/collies-vom-floersbachtal.de\/cms\/wp-content\/uploads\/2016\/03\/woche_10-Auszug-Sunny1.jpg\"><img loading=\"lazy\" decoding=\"async\" class=\"aligncenter size-full wp-image-16538\" title=\"woche_10 Auszug Sunny1\" src=\"http:\/\/collies-vom-floersbachtal.de\/cms\/wp-content\/uploads\/2016\/03\/woche_10-Auszug-Sunny1.jpg\" alt=\"\" width=\"1000\" height=\"1236\" srcset=\"https:\/\/collies-vom-floersbachtal.de\/cms\/wp-content\/uploads\/2016\/03\/woche_10-Auszug-Sunny1.jpg 1000w, https:\/\/collies-vom-floersbachtal.de\/cms\/wp-content\/uploads\/2016\/03\/woche_10-Auszug-Sunny1-242x300.jpg 242w, https:\/\/collies-vom-floersbachtal.de\/cms\/wp-content\/uploads\/2016\/03\/woche_10-Auszug-Sunny1-828x1024.jpg 828w\" sizes=\"auto, (max-width: 1000px) 100vw, 1000px\" \/><\/a><strong>Sogar unser kleinster Puper, Early Sunshine vom Fl\u00f6rsbachtal, bei uns unter Sunny bekannt,\u00a0 ist heute von seiner lieben neuen Besitzerin Frau Nees abgeholt worden. Ab n\u00e4chster Woche beginnt dann bald die Schule f\u00fcr beide, damit mal ein gro\u00dfer Warnhund aus ihm werden kann. Vielleicht sogar ein gro\u00dfer Deckr\u00fcde, wie sein Papa Balu. Wir dr\u00fccken die Daumen hierf\u00fcr. Alles Gute euch beiden. \ud83d\ude00<\/strong><\/p>\n<p><a href=\"http:\/\/collies-vom-floersbachtal.de\/cms\/wp-content\/uploads\/2016\/03\/woche_10-Auszug-Summer2.jpg\"><img loading=\"lazy\" decoding=\"async\" class=\"aligncenter size-full wp-image-16601\" title=\"woche_10 Auszug Summer2\" src=\"http:\/\/collies-vom-floersbachtal.de\/cms\/wp-content\/uploads\/2016\/03\/woche_10-Auszug-Summer2.jpg\" alt=\"\" width=\"1000\" height=\"802\" srcset=\"https:\/\/collies-vom-floersbachtal.de\/cms\/wp-content\/uploads\/2016\/03\/woche_10-Auszug-Summer2.jpg 1000w, https:\/\/collies-vom-floersbachtal.de\/cms\/wp-content\/uploads\/2016\/03\/woche_10-Auszug-Summer2-300x240.jpg 300w\" sizes=\"auto, (max-width: 1000px) 100vw, 1000px\" \/><\/a><strong>Nun ist &#8222;UNSERE &#8220; kleine Maus Endless Summer vom Fl\u00f6rsbachtal doch ausgezogen. \ud83d\ude41 Allerdings hat sie eine ganz tolle Familie mit Freundin Calla in Hessen &#8211; M\u00f6rfelden gefunden. Also nicht so weit von uns entfernt und wir hoffen wir sehen sie des \u00f6fteren.<a href=\"http:\/\/collies-vom-floersbachtal.de\/cms\/wp-content\/uploads\/2016\/03\/woche_10-Auszug-Eathan4.jpg\"><img loading=\"lazy\" decoding=\"async\" class=\"aligncenter size-full wp-image-16976\" title=\"woche_10 Auszug Eathan4\" src=\"http:\/\/collies-vom-floersbachtal.de\/cms\/wp-content\/uploads\/2016\/03\/woche_10-Auszug-Eathan4.jpg\" alt=\"\" width=\"1000\" height=\"932\" srcset=\"https:\/\/collies-vom-floersbachtal.de\/cms\/wp-content\/uploads\/2016\/03\/woche_10-Auszug-Eathan4.jpg 1000w, https:\/\/collies-vom-floersbachtal.de\/cms\/wp-content\/uploads\/2016\/03\/woche_10-Auszug-Eathan4-300x279.jpg 300w\" sizes=\"auto, (max-width: 1000px) 100vw, 1000px\" \/><\/a><\/strong><\/p>\n<p><strong>So, hier seht ihr mich mit meiner neuen Familie und Freundin Meggi.\u00a0 Aber ich bin ganz cool nach Hause gefahren und habe meine neue kleine Freundin Meggi bewacht.\u00a0 Bin auf jeden Fall gut angekommen im Vogtland bei Sylke, Peter &amp; Meggi.<\/strong><a href=\"http:\/\/collies-vom-floersbachtal.de\/cms\/wp-content\/uploads\/2016\/03\/woche_10-Auszug-Eathan3.jpg\"><img loading=\"lazy\" decoding=\"async\" class=\"aligncenter size-full wp-image-16664\" title=\"woche_10 Auszug Eathan3\" src=\"http:\/\/collies-vom-floersbachtal.de\/cms\/wp-content\/uploads\/2016\/03\/woche_10-Auszug-Eathan3.jpg\" alt=\"\" width=\"720\" height=\"960\" srcset=\"https:\/\/collies-vom-floersbachtal.de\/cms\/wp-content\/uploads\/2016\/03\/woche_10-Auszug-Eathan3.jpg 720w, https:\/\/collies-vom-floersbachtal.de\/cms\/wp-content\/uploads\/2016\/03\/woche_10-Auszug-Eathan3-225x300.jpg 225w\" sizes=\"auto, (max-width: 720px) 100vw, 720px\" \/><\/a><a href=\"http:\/\/collies-vom-floersbachtal.de\/cms\/wp-content\/uploads\/2016\/03\/woche_10-Auszug-Eathan1.jpg\"><img loading=\"lazy\" decoding=\"async\" class=\"aligncenter size-full wp-image-16665\" title=\"woche_10 Auszug Eathan1\" src=\"http:\/\/collies-vom-floersbachtal.de\/cms\/wp-content\/uploads\/2016\/03\/woche_10-Auszug-Eathan1.jpg\" alt=\"\" width=\"960\" height=\"720\" srcset=\"https:\/\/collies-vom-floersbachtal.de\/cms\/wp-content\/uploads\/2016\/03\/woche_10-Auszug-Eathan1.jpg 960w, https:\/\/collies-vom-floersbachtal.de\/cms\/wp-content\/uploads\/2016\/03\/woche_10-Auszug-Eathan1-300x225.jpg 300w\" sizes=\"auto, (max-width: 960px) 100vw, 960px\" \/><\/a><strong>Kleine Pause mu\u00dfte mal sein \ud83d\ude09<\/strong><\/p>\n<p><a href=\"http:\/\/collies-vom-floersbachtal.de\/cms\/wp-content\/uploads\/2016\/03\/woche_10-Auszug-Elly1.jpg\"><img loading=\"lazy\" decoding=\"async\" class=\"aligncenter size-full wp-image-16666\" title=\"woche_10 Auszug Elly1\" src=\"http:\/\/collies-vom-floersbachtal.de\/cms\/wp-content\/uploads\/2016\/03\/woche_10-Auszug-Elly1.jpg\" alt=\"\" width=\"1000\" height=\"1810\" srcset=\"https:\/\/collies-vom-floersbachtal.de\/cms\/wp-content\/uploads\/2016\/03\/woche_10-Auszug-Elly1.jpg 1000w, https:\/\/collies-vom-floersbachtal.de\/cms\/wp-content\/uploads\/2016\/03\/woche_10-Auszug-Elly1-165x300.jpg 165w, https:\/\/collies-vom-floersbachtal.de\/cms\/wp-content\/uploads\/2016\/03\/woche_10-Auszug-Elly1-565x1024.jpg 565w\" sizes=\"auto, (max-width: 1000px) 100vw, 1000px\" \/><\/a><a href=\"http:\/\/collies-vom-floersbachtal.de\/cms\/wp-content\/uploads\/2016\/03\/woche_10-Auszug-Elly2.jpg\"><img loading=\"lazy\" decoding=\"async\" class=\"aligncenter size-full wp-image-16667\" title=\"woche_10 Auszug Elly2\" src=\"http:\/\/collies-vom-floersbachtal.de\/cms\/wp-content\/uploads\/2016\/03\/woche_10-Auszug-Elly2.jpg\" alt=\"\" width=\"1000\" height=\"1278\" srcset=\"https:\/\/collies-vom-floersbachtal.de\/cms\/wp-content\/uploads\/2016\/03\/woche_10-Auszug-Elly2.jpg 1000w, https:\/\/collies-vom-floersbachtal.de\/cms\/wp-content\/uploads\/2016\/03\/woche_10-Auszug-Elly2-234x300.jpg 234w, https:\/\/collies-vom-floersbachtal.de\/cms\/wp-content\/uploads\/2016\/03\/woche_10-Auszug-Elly2-801x1024.jpg 801w\" sizes=\"auto, (max-width: 1000px) 100vw, 1000px\" \/><\/a><strong>Unsere kleine Ginger Doppelg\u00e4ngerin, Elly Elegance ist nun auch zu ihrer lieben Familie\u00a0 Sonja &amp; Andreas Br\u00fcser mit Dina aus unserem D-Wurf in den Harz gezogen. \ud83d\ude00<br \/>\n<\/strong><\/p>\n<p><strong><a href=\"http:\/\/collies-vom-floersbachtal.de\/cms\/wp-content\/uploads\/2016\/03\/woche_10-Auszug-Eloy3.jpg\"><img loading=\"lazy\" decoding=\"async\" class=\"aligncenter size-full wp-image-16817\" title=\"woche_10 Auszug Eloy3\" src=\"http:\/\/collies-vom-floersbachtal.de\/cms\/wp-content\/uploads\/2016\/03\/woche_10-Auszug-Eloy3.jpg\" alt=\"\" width=\"1000\" height=\"1075\" srcset=\"https:\/\/collies-vom-floersbachtal.de\/cms\/wp-content\/uploads\/2016\/03\/woche_10-Auszug-Eloy3.jpg 1000w, https:\/\/collies-vom-floersbachtal.de\/cms\/wp-content\/uploads\/2016\/03\/woche_10-Auszug-Eloy3-279x300.jpg 279w, https:\/\/collies-vom-floersbachtal.de\/cms\/wp-content\/uploads\/2016\/03\/woche_10-Auszug-Eloy3-952x1024.jpg 952w\" sizes=\"auto, (max-width: 1000px) 100vw, 1000px\" \/><\/a>Unser kleiner Casanova, Exactly Eloy, ist nun auch<\/strong> <strong>ausgezogen zu seinem neuen Rudel nach \u00d6sterreich. Er hat sich gleich zurechtgefunden und ist mit seinen Damen hocherhobenen Hauptes das Grundst\u00fcck erkunden gegangen. \ud83d\ude42 Wer seinen weiteren Werdegang verfolgen m\u00f6chte, schaut einfach mal unter: &#8222;<a title=\"Eloy\u00b4s neues Zuhause\" href=\"http:\/\/www.shining-gold.at\/\" target=\"_blank\" rel=\"noopener\">www.shining-gold.at<\/a>&#8220; vorbei.<br \/>\n<\/strong><\/p>\n","protected":false},"excerpt":{"rendered":"<p>Wir bedanken uns nochmal bei allen Welpenk\u00e4ufern, f\u00fcr das von euch entgegengebrachte Vertrauen in unsere Zuchtst\u00e4tte und in uns und w\u00fcnschen ein sch\u00f6nes, sowie langes und gl\u00fcckliches Leben mit den Kleinen. Ein kleiner Buchtipp f\u00fcr unsere aktuellen und zuk\u00fcnftigen Welpenk\u00e4ufer: &hellip; <a href=\"https:\/\/collies-vom-floersbachtal.de\/?page_id=16514\">Weiterlesen <span class=\"meta-nav\">&rarr;<\/span><\/a><\/p>\n","protected":false},"author":1,"featured_media":0,"parent":0,"menu_order":0,"comment_status":"open","ping_status":"open","template":"","meta":{"footnotes":""},"class_list":["post-16514","page","type-page","status-publish","hentry"],"_links":{"self":[{"href":"https:\/\/collies-vom-floersbachtal.de\/index.php?rest_route=\/wp\/v2\/pages\/16514","targetHints":{"allow":["GET"]}}],"collection":[{"href":"https:\/\/collies-vom-floersbachtal.de\/index.php?rest_route=\/wp\/v2\/pages"}],"about":[{"href":"https:\/\/collies-vom-floersbachtal.de\/index.php?rest_route=\/wp\/v2\/types\/page"}],"author":[{"embeddable":true,"href":"https:\/\/collies-vom-floersbachtal.de\/index.php?rest_route=\/wp\/v2\/users\/1"}],"replies":[{"embeddable":true,"href":"https:\/\/collies-vom-floersbachtal.de\/index.php?rest_route=%2Fwp%2Fv2%2Fcomments&post=16514"}],"version-history":[{"count":18,"href":"https:\/\/collies-vom-floersbachtal.de\/index.php?rest_route=\/wp\/v2\/pages\/16514\/revisions"}],"predecessor-version":[{"id":48105,"href":"https:\/\/collies-vom-floersbachtal.de\/index.php?rest_route=\/wp\/v2\/pages\/16514\/revisions\/48105"}],"wp:attachment":[{"href":"https:\/\/collies-vom-floersbachtal.de\/index.php?rest_route=%2Fwp%2Fv2%2Fmedia&parent=16514"}],"curies":[{"name":"wp","href":"https:\/\/api.w.org\/{rel}","templated":true}]}}