{"id":12113,"date":"2015-01-26T17:10:35","date_gmt":"2015-01-26T17:10:35","guid":{"rendered":"http:\/\/collies-vom-floersbachtal.de\/?page_id=12113"},"modified":"2025-07-23T14:48:12","modified_gmt":"2025-07-23T14:48:12","slug":"nachzucht-d-wurf-dragonheart-dragon","status":"publish","type":"page","link":"https:\/\/collies-vom-floersbachtal.de\/?page_id=12113","title":{"rendered":"Nachzucht D &#8211; Wurf Dragonheart (Darwin)"},"content":{"rendered":"<h1><strong>News im Juli 2025 von Darwin, als \u00dcberraschungsgast bei uns zu Besuch \ud83d\ude42\u00a0<\/strong><\/h1>\n<p><a href=\"https:\/\/collies-vom-floersbachtal.de\/?attachment_id=51227\" rel=\"attachment wp-att-51227\"><img loading=\"lazy\" decoding=\"async\" class=\"aligncenter size-full wp-image-51227\" src=\"http:\/\/collies-vom-floersbachtal.de\/cms\/wp-content\/uploads\/2025\/07\/Darwin25.jpg\" alt=\"\" width=\"1000\" height=\"1358\" srcset=\"https:\/\/collies-vom-floersbachtal.de\/cms\/wp-content\/uploads\/2025\/07\/Darwin25.jpg 1000w, https:\/\/collies-vom-floersbachtal.de\/cms\/wp-content\/uploads\/2025\/07\/Darwin25-221x300.jpg 221w, https:\/\/collies-vom-floersbachtal.de\/cms\/wp-content\/uploads\/2025\/07\/Darwin25-754x1024.jpg 754w, https:\/\/collies-vom-floersbachtal.de\/cms\/wp-content\/uploads\/2025\/07\/Darwin25-768x1043.jpg 768w\" sizes=\"auto, (max-width: 1000px) 100vw, 1000px\" \/><\/a> <a href=\"https:\/\/collies-vom-floersbachtal.de\/?attachment_id=51228\" rel=\"attachment wp-att-51228\"><img loading=\"lazy\" decoding=\"async\" class=\"aligncenter size-full wp-image-51228\" src=\"http:\/\/collies-vom-floersbachtal.de\/cms\/wp-content\/uploads\/2025\/07\/Darwin1-Juli25.jpg\" alt=\"\" width=\"1000\" height=\"1484\" srcset=\"https:\/\/collies-vom-floersbachtal.de\/cms\/wp-content\/uploads\/2025\/07\/Darwin1-Juli25.jpg 1000w, https:\/\/collies-vom-floersbachtal.de\/cms\/wp-content\/uploads\/2025\/07\/Darwin1-Juli25-202x300.jpg 202w, https:\/\/collies-vom-floersbachtal.de\/cms\/wp-content\/uploads\/2025\/07\/Darwin1-Juli25-690x1024.jpg 690w, https:\/\/collies-vom-floersbachtal.de\/cms\/wp-content\/uploads\/2025\/07\/Darwin1-Juli25-768x1140.jpg 768w\" sizes=\"auto, (max-width: 1000px) 100vw, 1000px\" \/><\/a><\/p>\n<h1><strong>News von Darwin im Mai 2023 \ud83d\ude42<\/strong><\/h1>\n<h1><strong><a href=\"https:\/\/collies-vom-floersbachtal.de\/?attachment_id=39939\" rel=\"attachment wp-att-39939\"><img loading=\"lazy\" decoding=\"async\" class=\"aligncenter size-full wp-image-39939\" src=\"http:\/\/collies-vom-floersbachtal.de\/cms\/wp-content\/uploads\/2023\/05\/Darwin1.jpeg\" alt=\"\" width=\"715\" height=\"1028\" srcset=\"https:\/\/collies-vom-floersbachtal.de\/cms\/wp-content\/uploads\/2023\/05\/Darwin1.jpeg 715w, https:\/\/collies-vom-floersbachtal.de\/cms\/wp-content\/uploads\/2023\/05\/Darwin1-209x300.jpeg 209w, https:\/\/collies-vom-floersbachtal.de\/cms\/wp-content\/uploads\/2023\/05\/Darwin1-712x1024.jpeg 712w\" sizes=\"auto, (max-width: 715px) 100vw, 715px\" \/><\/a><\/strong><\/h1>\n<h1><\/h1>\n<h1><strong>NEWS im Fr\u00fchjahr 2020 \ud83d\ude42<\/strong><\/h1>\n<h1><strong><a href=\"http:\/\/collies-vom-floersbachtal.de\/cms\/wp-content\/uploads\/2015\/01\/Darwin8-M\u00e4rz20.jpg\"><img loading=\"lazy\" decoding=\"async\" class=\"aligncenter size-medium wp-image-28677\" title=\"Darwin8 M\u00e4rz20\" src=\"http:\/\/collies-vom-floersbachtal.de\/cms\/wp-content\/uploads\/2015\/01\/Darwin8-M\u00e4rz20-300x225.jpg\" alt=\"\" width=\"300\" height=\"225\" srcset=\"https:\/\/collies-vom-floersbachtal.de\/cms\/wp-content\/uploads\/2015\/01\/Darwin8-M\u00e4rz20-300x225.jpg 300w, https:\/\/collies-vom-floersbachtal.de\/cms\/wp-content\/uploads\/2015\/01\/Darwin8-M\u00e4rz20-1024x768.jpg 1024w, https:\/\/collies-vom-floersbachtal.de\/cms\/wp-content\/uploads\/2015\/01\/Darwin8-M\u00e4rz20.jpg 2048w\" sizes=\"auto, (max-width: 300px) 100vw, 300px\" \/><\/a><a href=\"http:\/\/collies-vom-floersbachtal.de\/cms\/wp-content\/uploads\/2015\/01\/Darwin5-M\u00e4rz20.jpg\"><img loading=\"lazy\" decoding=\"async\" class=\"aligncenter size-full wp-image-28675\" title=\"Darwin5 M\u00e4rz20\" src=\"http:\/\/collies-vom-floersbachtal.de\/cms\/wp-content\/uploads\/2015\/01\/Darwin5-M\u00e4rz20.jpg\" alt=\"\" width=\"352\" height=\"480\" srcset=\"https:\/\/collies-vom-floersbachtal.de\/cms\/wp-content\/uploads\/2015\/01\/Darwin5-M\u00e4rz20.jpg 352w, https:\/\/collies-vom-floersbachtal.de\/cms\/wp-content\/uploads\/2015\/01\/Darwin5-M\u00e4rz20-220x300.jpg 220w\" sizes=\"auto, (max-width: 352px) 100vw, 352px\" \/><\/a><a href=\"http:\/\/collies-vom-floersbachtal.de\/cms\/wp-content\/uploads\/2015\/01\/Darwin1-M\u00e4rz20.jpg\"><img loading=\"lazy\" decoding=\"async\" class=\"aligncenter size-full wp-image-28671\" title=\"Darwin1 M\u00e4rz20\" src=\"http:\/\/collies-vom-floersbachtal.de\/cms\/wp-content\/uploads\/2015\/01\/Darwin1-M\u00e4rz20.jpg\" alt=\"\" width=\"352\" height=\"480\" srcset=\"https:\/\/collies-vom-floersbachtal.de\/cms\/wp-content\/uploads\/2015\/01\/Darwin1-M\u00e4rz20.jpg 352w, https:\/\/collies-vom-floersbachtal.de\/cms\/wp-content\/uploads\/2015\/01\/Darwin1-M\u00e4rz20-220x300.jpg 220w\" sizes=\"auto, (max-width: 352px) 100vw, 352px\" \/><\/a><\/strong><\/h1>\n<p><strong>News im April 2019 von Darwin zu Ostern \ud83d\ude00<a href=\"http:\/\/collies-vom-floersbachtal.de\/cms\/wp-content\/uploads\/2015\/01\/Darwin1-April19.jpg\"><img loading=\"lazy\" decoding=\"async\" class=\"aligncenter size-full wp-image-26495\" title=\"Darwin1 April19\" src=\"http:\/\/collies-vom-floersbachtal.de\/cms\/wp-content\/uploads\/2015\/01\/Darwin1-April19.jpg\" alt=\"\" width=\"614\" height=\"960\" srcset=\"https:\/\/collies-vom-floersbachtal.de\/cms\/wp-content\/uploads\/2015\/01\/Darwin1-April19.jpg 614w, https:\/\/collies-vom-floersbachtal.de\/cms\/wp-content\/uploads\/2015\/01\/Darwin1-April19-191x300.jpg 191w\" sizes=\"auto, (max-width: 614px) 100vw, 614px\" \/><\/a><\/strong><\/p>\n<p>zum Gl\u00fcck ist er ja v\u00f6llig gechillt. \ud83d\ude00<\/p>\n<p><strong>NEWS vom Januar 2017<\/strong><\/p>\n<p>Darwin entwickelt sich pr\u00e4chtig, Ausbr\u00fcche mit der j\u00fcngsten Tochter geh\u00f6ren der Vergangenheit an, er ist lieb will allen gefallen und immer bei seiner Familie sein, auch wenn das hei\u00dft 2000 km in das Heimatland von Frauli zu fahren, Hauptsache er ist dabei. \ud83d\ude00<br \/>\nNur mit Herrchens Trompetenspiel ist er nicht so zufrieden, bleibt hier die frage liegts am Herrchen oder an den T\u00f6nen \ud83d\ude09 ?<a href=\"http:\/\/collies-vom-floersbachtal.de\/cms\/wp-content\/uploads\/2015\/01\/Darwin1-Jan.17.jpg\"><img loading=\"lazy\" decoding=\"async\" class=\"aligncenter size-full wp-image-18846\" title=\"Darwin1 Jan.17\" src=\"http:\/\/collies-vom-floersbachtal.de\/cms\/wp-content\/uploads\/2015\/01\/Darwin1-Jan.17.jpg\" alt=\"\" width=\"540\" height=\"960\" srcset=\"https:\/\/collies-vom-floersbachtal.de\/cms\/wp-content\/uploads\/2015\/01\/Darwin1-Jan.17.jpg 540w, https:\/\/collies-vom-floersbachtal.de\/cms\/wp-content\/uploads\/2015\/01\/Darwin1-Jan.17-168x300.jpg 168w\" sizes=\"auto, (max-width: 540px) 100vw, 540px\" \/><\/a><a href=\"http:\/\/collies-vom-floersbachtal.de\/cms\/wp-content\/uploads\/2015\/01\/Darwin3-Jan.17.jpg\"><img loading=\"lazy\" decoding=\"async\" class=\"aligncenter size-full wp-image-18848\" title=\"Darwin3 Jan.17\" src=\"http:\/\/collies-vom-floersbachtal.de\/cms\/wp-content\/uploads\/2015\/01\/Darwin3-Jan.17.jpg\" alt=\"\" width=\"540\" height=\"960\" srcset=\"https:\/\/collies-vom-floersbachtal.de\/cms\/wp-content\/uploads\/2015\/01\/Darwin3-Jan.17.jpg 540w, https:\/\/collies-vom-floersbachtal.de\/cms\/wp-content\/uploads\/2015\/01\/Darwin3-Jan.17-168x300.jpg 168w\" sizes=\"auto, (max-width: 540px) 100vw, 540px\" \/><\/a>Uuuuuuuuuih, er spielt wieder&#8230; \ud83d\ude09<\/p>\n<p><strong>News im Oktober 2016<\/strong><\/p>\n<p>Darwin hat uns 2 sch\u00f6ne Fotos von sich an der Mosel geschickt.<a href=\"http:\/\/collies-vom-floersbachtal.de\/cms\/wp-content\/uploads\/2015\/01\/Darwin1-Okt.16.jpg\"><img loading=\"lazy\" decoding=\"async\" class=\"aligncenter size-large wp-image-18259\" title=\"Darwin1 Okt.16\" src=\"http:\/\/collies-vom-floersbachtal.de\/cms\/wp-content\/uploads\/2015\/01\/Darwin1-Okt.16-1024x768.jpg\" alt=\"\" width=\"640\" height=\"480\" srcset=\"https:\/\/collies-vom-floersbachtal.de\/cms\/wp-content\/uploads\/2015\/01\/Darwin1-Okt.16-1024x768.jpg 1024w, https:\/\/collies-vom-floersbachtal.de\/cms\/wp-content\/uploads\/2015\/01\/Darwin1-Okt.16-300x225.jpg 300w\" sizes=\"auto, (max-width: 640px) 100vw, 640px\" \/><\/a><\/p>\n<p><strong>News im April 2015<\/strong><br \/>\nNa endlich isser da der sch\u00f6ne Zaun, Darwin checkt erst mal die Lage und wie man den \u00fcberqueren k\u00f6nnte, schlie\u00dflich ist er ein &#8222;Vom Fl\u00f6rsbachtal&#8220;. Also was seine Mutter kann&#8230; \ud83d\ude09<a href=\"http:\/\/collies-vom-floersbachtal.de\/cms\/wp-content\/uploads\/2015\/01\/Darwin1-April15.jpg\"><img loading=\"lazy\" decoding=\"async\" class=\"aligncenter size-large wp-image-13563\" title=\"Darwin1 April15\" src=\"http:\/\/collies-vom-floersbachtal.de\/cms\/wp-content\/uploads\/2015\/01\/Darwin1-April15-1024x768.jpg\" alt=\"\" width=\"640\" height=\"480\" srcset=\"https:\/\/collies-vom-floersbachtal.de\/cms\/wp-content\/uploads\/2015\/01\/Darwin1-April15-1024x768.jpg 1024w, https:\/\/collies-vom-floersbachtal.de\/cms\/wp-content\/uploads\/2015\/01\/Darwin1-April15-300x225.jpg 300w, https:\/\/collies-vom-floersbachtal.de\/cms\/wp-content\/uploads\/2015\/01\/Darwin1-April15.jpg 2048w\" sizes=\"auto, (max-width: 640px) 100vw, 640px\" \/><\/a><a href=\"http:\/\/collies-vom-floersbachtal.de\/cms\/wp-content\/uploads\/2015\/01\/Darwin2-April15.jpg\"><img loading=\"lazy\" decoding=\"async\" class=\"aligncenter size-medium wp-image-13564\" title=\"Darwin2 April15\" src=\"http:\/\/collies-vom-floersbachtal.de\/cms\/wp-content\/uploads\/2015\/01\/Darwin2-April15-215x300.jpg\" alt=\"\" width=\"215\" height=\"300\" srcset=\"https:\/\/collies-vom-floersbachtal.de\/cms\/wp-content\/uploads\/2015\/01\/Darwin2-April15-215x300.jpg 215w, https:\/\/collies-vom-floersbachtal.de\/cms\/wp-content\/uploads\/2015\/01\/Darwin2-April15.jpg 689w\" sizes=\"auto, (max-width: 215px) 100vw, 215px\" \/><\/a> Aber vorher mu\u00df ich mich erstmal st\u00e4rken \ud83d\ude09<\/p>\n<p><strong>News im M\u00e4rz 2015<\/strong><br \/>\nGuten Morgen Frau Nassler,<br \/>\nich wollte mich mal wieder melden. Darwin entwickelt sich sehr gut. Er ist schon sehr gewachsen und hat jetzt die 12kg \u00fcberschritten. Er geht gerne zur Nachbarschaft und muss immer wieder eingesammelt werden. Den 65cm Zaun \u00fcberspringt er inzwischen aus dem Stand. Heute kommt unsere neuer Staketenzaun. Ist zwar nur 1 m hoch, sollte aber ausreichen bis er gelernt hat, das Grundst\u00fcck nicht zu verlassen. Dann ist erst mal Schluss mit Ausb\u00fcxen und wir k\u00f6nnen ihn dann mehr im Garten springen lassen ohne ihn anzuleinen, was er gerne tut. N\u00e4chste Woche ist er schon 16 Wochen alt und es geht zum Impfen. Fressen tut er jetzt sehr gut. Der Napf wird jedesmal &#8222;abgesp\u00fclt zur\u00fcckgegeben&#8220;. Bei der Zusammenstellung bin ich kreativ. Er bekommt von Allem was in bunter Mischung. Angef\u00fcgt habe ich noch zwei nette Bilder.<br \/>\nLiebe Gr\u00fc\u00dfe, Familie O<a href=\"http:\/\/collies-vom-floersbachtal.de\/cms\/wp-content\/uploads\/2015\/01\/Darwin1-M\u00e4rz-15.jpg\"><img loading=\"lazy\" decoding=\"async\" class=\"aligncenter size-full wp-image-13186\" title=\"Darwin1 M\u00e4rz 15\" src=\"http:\/\/collies-vom-floersbachtal.de\/cms\/wp-content\/uploads\/2015\/01\/Darwin1-M\u00e4rz-15.jpg\" alt=\"\" width=\"2178\" height=\"1800\" srcset=\"https:\/\/collies-vom-floersbachtal.de\/cms\/wp-content\/uploads\/2015\/01\/Darwin1-M\u00e4rz-15.jpg 2178w, https:\/\/collies-vom-floersbachtal.de\/cms\/wp-content\/uploads\/2015\/01\/Darwin1-M\u00e4rz-15-300x247.jpg 300w, https:\/\/collies-vom-floersbachtal.de\/cms\/wp-content\/uploads\/2015\/01\/Darwin1-M\u00e4rz-15-1024x846.jpg 1024w\" sizes=\"auto, (max-width: 2178px) 100vw, 2178px\" \/><\/a> Ja die Wippe ist schon cool \ud83d\ude42<a href=\"http:\/\/collies-vom-floersbachtal.de\/cms\/wp-content\/uploads\/2015\/01\/Darwin2-M\u00e4rz-15.jpg\"><img loading=\"lazy\" decoding=\"async\" class=\"aligncenter size-full wp-image-13187\" title=\"Darwin2 M\u00e4rz 15\" src=\"http:\/\/collies-vom-floersbachtal.de\/cms\/wp-content\/uploads\/2015\/01\/Darwin2-M\u00e4rz-15.jpg\" alt=\"\" width=\"2848\" height=\"2136\" srcset=\"https:\/\/collies-vom-floersbachtal.de\/cms\/wp-content\/uploads\/2015\/01\/Darwin2-M\u00e4rz-15.jpg 2848w, https:\/\/collies-vom-floersbachtal.de\/cms\/wp-content\/uploads\/2015\/01\/Darwin2-M\u00e4rz-15-300x225.jpg 300w, https:\/\/collies-vom-floersbachtal.de\/cms\/wp-content\/uploads\/2015\/01\/Darwin2-M\u00e4rz-15-1024x768.jpg 1024w\" sizes=\"auto, (max-width: 2848px) 100vw, 2848px\" \/><\/a> Babysitter Job; wer sittet wen? \ud83d\ude09<\/p>\n<p><strong>Neuigkeiten im Februar 2015<\/strong><br \/>\nApportieren kenn ich von Oma \ud83d\ude09<br \/>\nBin urlaubsreif, deshalb sind meine Leute und ich dann erst mal wech&#8230; \ud83d\ude09<\/p>\n<p><strong>Hier kommen die ersten Fotos von unserem Darwin, noch ein paar im Schnee damit er es nicht vergi\u00dft und im neuen Zuhause<\/strong><a href=\"http:\/\/collies-vom-floersbachtal.de\/cms\/wp-content\/uploads\/2015\/01\/Dragon-noch-bei-uns-im-Schnee1.jpg\"><img loading=\"lazy\" decoding=\"async\" class=\"aligncenter size-medium wp-image-12616\" title=\"Dragon noch bei uns im Schnee1\" src=\"http:\/\/collies-vom-floersbachtal.de\/cms\/wp-content\/uploads\/2015\/01\/Dragon-noch-bei-uns-im-Schnee1-225x300.jpg\" alt=\"\" width=\"225\" height=\"300\" srcset=\"https:\/\/collies-vom-floersbachtal.de\/cms\/wp-content\/uploads\/2015\/01\/Dragon-noch-bei-uns-im-Schnee1-225x300.jpg 225w, https:\/\/collies-vom-floersbachtal.de\/cms\/wp-content\/uploads\/2015\/01\/Dragon-noch-bei-uns-im-Schnee1.jpg 524w\" sizes=\"auto, (max-width: 225px) 100vw, 225px\" \/><\/a> Schau ihn dir gut an den Schnee<br \/>\nMit Geschirr und Leine \ud83d\ude42<br \/>\nMein neues mini Frauli \ud83d\ude1b<br \/>\n<a href=\"http:\/\/collies-vom-floersbachtal.de\/cms\/wp-content\/uploads\/2015\/01\/Darwin-mit-neuem-Frauli2.jpg\"><img loading=\"lazy\" decoding=\"async\" class=\"aligncenter size-medium wp-image-12623\" title=\"Darwin mit neuem Frauli2\" src=\"http:\/\/collies-vom-floersbachtal.de\/cms\/wp-content\/uploads\/2015\/01\/Darwin-mit-neuem-Frauli2-300x224.jpg\" alt=\"\" width=\"300\" height=\"224\" srcset=\"https:\/\/collies-vom-floersbachtal.de\/cms\/wp-content\/uploads\/2015\/01\/Darwin-mit-neuem-Frauli2-300x224.jpg 300w, https:\/\/collies-vom-floersbachtal.de\/cms\/wp-content\/uploads\/2015\/01\/Darwin-mit-neuem-Frauli2.jpg 931w\" sizes=\"auto, (max-width: 300px) 100vw, 300px\" \/><\/a> so langsam werde ich m\u00fcde<br \/>\nTsch\u00fc\u00df kleiner Mann, pa\u00df auf dich auf \ud83d\ude42<br \/>\n<a href=\"http:\/\/collies-vom-floersbachtal.de\/cms\/wp-content\/uploads\/2015\/01\/Darwin-im-neuen-Zuhause1.jpg\"><img loading=\"lazy\" decoding=\"async\" class=\"aligncenter size-full wp-image-12619\" title=\"Darwin im neuen Zuhause1\" src=\"http:\/\/collies-vom-floersbachtal.de\/cms\/wp-content\/uploads\/2015\/01\/Darwin-im-neuen-Zuhause1.jpg\" alt=\"\" width=\"931\" height=\"698\" srcset=\"https:\/\/collies-vom-floersbachtal.de\/cms\/wp-content\/uploads\/2015\/01\/Darwin-im-neuen-Zuhause1.jpg 931w, https:\/\/collies-vom-floersbachtal.de\/cms\/wp-content\/uploads\/2015\/01\/Darwin-im-neuen-Zuhause1-300x224.jpg 300w\" sizes=\"auto, (max-width: 931px) 100vw, 931px\" \/><\/a> Und im neuen Zuhause mit seiner Kuscheldecke<br \/>\nspazieren gehen klappt doch schon ganz gut<br \/>\n<a href=\"http:\/\/collies-vom-floersbachtal.de\/cms\/wp-content\/uploads\/2015\/01\/Darwin-im-neuen-Zuhause4.jpg\"><img loading=\"lazy\" decoding=\"async\" class=\"aligncenter size-medium wp-image-12624\" title=\"Darwin im neuen Zuhause4\" src=\"http:\/\/collies-vom-floersbachtal.de\/cms\/wp-content\/uploads\/2015\/01\/Darwin-im-neuen-Zuhause4-225x300.jpg\" alt=\"\" width=\"225\" height=\"300\" srcset=\"https:\/\/collies-vom-floersbachtal.de\/cms\/wp-content\/uploads\/2015\/01\/Darwin-im-neuen-Zuhause4-225x300.jpg 225w, https:\/\/collies-vom-floersbachtal.de\/cms\/wp-content\/uploads\/2015\/01\/Darwin-im-neuen-Zuhause4.jpg 524w\" sizes=\"auto, (max-width: 225px) 100vw, 225px\" \/><\/a> Wann gibts denn Futter?<br \/>\nCool die haben auch ein B\u00e4llebad, h\u00e4tte vielleicht Dreamer mitkommen sollen, dann w\u00e4re es etwas gr\u00f6\u00dfer ausgefallen \ud83d\ude09<br \/>\n<a href=\"http:\/\/collies-vom-floersbachtal.de\/cms\/wp-content\/uploads\/2015\/01\/Darwin-im-neuen-Zuhause7.jpg\"><img loading=\"lazy\" decoding=\"async\" class=\"aligncenter size-medium wp-image-12627\" title=\"Darwin im neuen Zuhause7\" src=\"http:\/\/collies-vom-floersbachtal.de\/cms\/wp-content\/uploads\/2015\/01\/Darwin-im-neuen-Zuhause7-300x224.jpg\" alt=\"\" width=\"300\" height=\"224\" srcset=\"https:\/\/collies-vom-floersbachtal.de\/cms\/wp-content\/uploads\/2015\/01\/Darwin-im-neuen-Zuhause7-300x224.jpg 300w, https:\/\/collies-vom-floersbachtal.de\/cms\/wp-content\/uploads\/2015\/01\/Darwin-im-neuen-Zuhause7.jpg 931w\" sizes=\"auto, (max-width: 300px) 100vw, 300px\" \/><\/a> Meine ganzen mini Fraulis, aber da fehlt doch noch einer, oder???<br \/>\nTsch\u00fc\u00df euer Darwin ( daran mu\u00df ich mich aber erst noch gew\u00f6hnen) \ud83d\ude42<\/p>\n","protected":false},"excerpt":{"rendered":"<p>News im Juli 2025 von Darwin, als \u00dcberraschungsgast bei uns zu Besuch \ud83d\ude42\u00a0 News von Darwin im Mai 2023 \ud83d\ude42 NEWS im Fr\u00fchjahr 2020 \ud83d\ude42 News im April 2019 von Darwin zu Ostern \ud83d\ude00 zum Gl\u00fcck ist er ja v\u00f6llig &hellip; <a href=\"https:\/\/collies-vom-floersbachtal.de\/?page_id=12113\">Weiterlesen <span class=\"meta-nav\">&rarr;<\/span><\/a><\/p>\n","protected":false},"author":1,"featured_media":0,"parent":0,"menu_order":0,"comment_status":"open","ping_status":"open","template":"","meta":{"footnotes":""},"class_list":["post-12113","page","type-page","status-publish","hentry"],"_links":{"self":[{"href":"https:\/\/collies-vom-floersbachtal.de\/index.php?rest_route=\/wp\/v2\/pages\/12113","targetHints":{"allow":["GET"]}}],"collection":[{"href":"https:\/\/collies-vom-floersbachtal.de\/index.php?rest_route=\/wp\/v2\/pages"}],"about":[{"href":"https:\/\/collies-vom-floersbachtal.de\/index.php?rest_route=\/wp\/v2\/types\/page"}],"author":[{"embeddable":true,"href":"https:\/\/collies-vom-floersbachtal.de\/index.php?rest_route=\/wp\/v2\/users\/1"}],"replies":[{"embeddable":true,"href":"https:\/\/collies-vom-floersbachtal.de\/index.php?rest_route=%2Fwp%2Fv2%2Fcomments&post=12113"}],"version-history":[{"count":20,"href":"https:\/\/collies-vom-floersbachtal.de\/index.php?rest_route=\/wp\/v2\/pages\/12113\/revisions"}],"predecessor-version":[{"id":51230,"href":"https:\/\/collies-vom-floersbachtal.de\/index.php?rest_route=\/wp\/v2\/pages\/12113\/revisions\/51230"}],"wp:attachment":[{"href":"https:\/\/collies-vom-floersbachtal.de\/index.php?rest_route=%2Fwp%2Fv2%2Fmedia&parent=12113"}],"curies":[{"name":"wp","href":"https:\/\/api.w.org\/{rel}","templated":true}]}}