{"id":12107,"date":"2015-01-26T17:08:43","date_gmt":"2015-01-26T17:08:43","guid":{"rendered":"http:\/\/collies-vom-floersbachtal.de\/?page_id=12107"},"modified":"2024-08-01T12:24:49","modified_gmt":"2024-08-01T12:24:49","slug":"nachzucht-d-wurf-destiny","status":"publish","type":"page","link":"https:\/\/collies-vom-floersbachtal.de\/?page_id=12107","title":{"rendered":"Nachzucht D &#8211; Wurf Destiny"},"content":{"rendered":"<p><strong>News im August 2015<\/strong><br \/>\n<strong>Gr\u00fc\u00dfe aus dem Urlaub von Destiny und ihrer Familie \ud83d\ude42<\/strong><br \/>\n<a href=\"http:\/\/collies-vom-floersbachtal.de\/cms\/wp-content\/uploads\/2015\/01\/Destiny3-August15.jpg\"><img loading=\"lazy\" decoding=\"async\" class=\"aligncenter size-full wp-image-14264\" title=\"Destiny3 August15\" src=\"http:\/\/collies-vom-floersbachtal.de\/cms\/wp-content\/uploads\/2015\/01\/Destiny3-August15.jpg\" alt=\"\" width=\"720\" height=\"1280\" srcset=\"https:\/\/collies-vom-floersbachtal.de\/cms\/wp-content\/uploads\/2015\/01\/Destiny3-August15.jpg 720w, https:\/\/collies-vom-floersbachtal.de\/cms\/wp-content\/uploads\/2015\/01\/Destiny3-August15-168x300.jpg 168w, https:\/\/collies-vom-floersbachtal.de\/cms\/wp-content\/uploads\/2015\/01\/Destiny3-August15-576x1024.jpg 576w\" sizes=\"auto, (max-width: 720px) 100vw, 720px\" \/><\/a><br \/>\n<a href=\"http:\/\/collies-vom-floersbachtal.de\/cms\/wp-content\/uploads\/2015\/01\/Destiny1-August15.jpg\"><img loading=\"lazy\" decoding=\"async\" class=\"aligncenter size-medium wp-image-14262\" title=\"Destiny1 August15\" src=\"http:\/\/collies-vom-floersbachtal.de\/cms\/wp-content\/uploads\/2015\/01\/Destiny1-August15-168x300.jpg\" alt=\"\" width=\"168\" height=\"300\" srcset=\"https:\/\/collies-vom-floersbachtal.de\/cms\/wp-content\/uploads\/2015\/01\/Destiny1-August15-168x300.jpg 168w, https:\/\/collies-vom-floersbachtal.de\/cms\/wp-content\/uploads\/2015\/01\/Destiny1-August15-576x1024.jpg 576w, https:\/\/collies-vom-floersbachtal.de\/cms\/wp-content\/uploads\/2015\/01\/Destiny1-August15.jpg 720w\" sizes=\"auto, (max-width: 168px) 100vw, 168px\" \/><\/a><strong>Lucy hat mich beim Toben ins Wasser eschubst \ud83d\ude41<\/strong><\/p>\n<p><strong>News im Mai 2015<\/strong><br \/>\n<a href=\"http:\/\/collies-vom-floersbachtal.de\/cms\/wp-content\/uploads\/2015\/01\/Destiny1-Mai-15.jpg\">Ein Team \ud83d\ude00<\/a>wir waren schwimmen<\/p>\n<p><strong>News im April 2015<\/strong><br \/>\nHallo ihr Lieben! Wie geht&#8217;s euch?! Jeanny sieht ja wieder pr\u00e4chtig aus! Bei uns ist alles klar! Destiny w\u00e4chst und gedeiht! Und ist sch\u00f6n frech Macht richtig Spa\u00df mit der Maus! Weil sie, selbst wenn sie das Toast vom Wohnzimmertisch klaut, noch so putzig ist&#8230;und wenn es dann \u00c4rger gibt, dann kommt sie ganz schnell an: &#8222;Vertragen wir uns wieder? Ich stibitzte auch wirklich nie wieder was! Gro\u00dfes Indianehrenwort! Oh, was hast du denn da in der Hand? Mh, das sieht aber lecker aus! Gib her!&#8220; Und zack, weg&#8230; Das letzte Foto ist qualitativ schlecht, musste aber schnell gehen, weil sie eigentlich nicht an dem Karton knabbern durfte, der musste f\u00fcr eventuelle R\u00fccksendung heile bleiben :-)) und das war wieder zu niedlich, wie sie sich darauf breit machte&#8230; Ach und wir haben andere Collies getroffen! Die Leute waren total begeistert! &#8222;Ein Colliebaby! Sieht man ja nicht so oft. Wie alt ist sie denn? Ach, ist die niedlich! Wo haben Sie die denn her?&#8220; Zwei verschiedene Familien! Einmal einen und die anderen Leute hatten zwei Collies! Unter anderem eine dark sable H\u00fcndin&#8230; Die Entz\u00fcckung war riesig: &#8222;Die sieht ja aus wie meine fr\u00fcher &#8222;(und die war aktuell dunkel&#8230;) &#8222;mit jedem Fellwechsel ist sie dunkler geworden. &#8222;Jaaa, du bist eine ganz H\u00fcbsche! Und hast noch so weiches Babyfell! Du bist ja so sch\u00f6n!!&#8220; Ja, das ist sie, das denken wir auch oft!<a href=\"http:\/\/collies-vom-floersbachtal.de\/cms\/wp-content\/uploads\/2015\/01\/Destiny1-April151.jpg\"><img loading=\"lazy\" decoding=\"async\" class=\"aligncenter size-full wp-image-13613\" title=\"Destiny1 April15\" src=\"http:\/\/collies-vom-floersbachtal.de\/cms\/wp-content\/uploads\/2015\/01\/Destiny1-April151.jpg\" alt=\"\" width=\"480\" height=\"640\" srcset=\"https:\/\/collies-vom-floersbachtal.de\/cms\/wp-content\/uploads\/2015\/01\/Destiny1-April151.jpg 480w, https:\/\/collies-vom-floersbachtal.de\/cms\/wp-content\/uploads\/2015\/01\/Destiny1-April151-225x300.jpg 225w\" sizes=\"auto, (max-width: 480px) 100vw, 480px\" \/>Aaaaaaaaahhhhhhh, nasse F\u00fc\u00dfe!!! (Aber sie geht rein \ud83d\ude42 )<\/a>Gibt&#8217;s hier nur Holz, nix zu futtern?<br \/>\nEin zweifaches Wuffwuff und<br \/>\nHerzliche Gr\u00fc\u00dfe<\/p>\n<p>Heute hat Destiny das erste Mal im Garten zu meinen F\u00fc\u00dfen geschlafen! Das hat mich ganz besonders gefreut, weil sie bis dato drau\u00dfen keine Ruhe gefunden hat. Das Vertrauen wird immer gr\u00f6\u00dfer. Das ist wirklich toll!Jetzt arbeiten wir erstmal daran, dass sie den Kindern nichts aus der Hand mopsen darf , der kleine Frechdachs, welch ein Nimmersatt!<\/p>\n<p>Schlaft gut! <a href=\"http:\/\/collies-vom-floersbachtal.de\/cms\/wp-content\/uploads\/2015\/01\/Destiny1-April15.jpg\"><img loading=\"lazy\" decoding=\"async\" class=\"aligncenter size-full wp-image-13588\" title=\"Destiny1 April15\" src=\"http:\/\/collies-vom-floersbachtal.de\/cms\/wp-content\/uploads\/2015\/01\/Destiny1-April15.jpg\" alt=\"\" width=\"480\" height=\"640\" srcset=\"https:\/\/collies-vom-floersbachtal.de\/cms\/wp-content\/uploads\/2015\/01\/Destiny1-April15.jpg 480w, https:\/\/collies-vom-floersbachtal.de\/cms\/wp-content\/uploads\/2015\/01\/Destiny1-April15-225x300.jpg 225w\" sizes=\"auto, (max-width: 480px) 100vw, 480px\" \/><\/a>Bin ich nicht die sch\u00f6nste dark-sable-Colliedame in ganz NRW? Gibt&#8217;s jetzt was zu fressen?<br \/>\nBin soooo m\u00fcde!<br \/>\nNa bitte ihr zwei, geht doch!<br \/>\nDas erste Mal zusammen auf dem Kissen!<\/p>\n<p>Hier kommen noch ein paar Bilder!<br \/>\nDas Kissenbild ist qualitativ nicht gut, ging aber nicht anders, musste schnell gehen, welch ein Schnappschuss<br \/>\nHeute hat Destiny das erste Mal im Garten zu meinen F\u00fc\u00dfen geschlafen! Das hat mich ganz besonders gefreut, weil sie bis dato drau\u00dfen keine Ruhe gefunden hat. Das Vertrauen wird immer gr\u00f6\u00dfer. Das ist wirklich toll!<br \/>\nJetzt arbeiten wir erstmal daran, dass sie den Kindern nichts aus der Hand mopsen darf , der kleine Frechdachs, welch ein Nimmersatt!<br \/>\nSchlaft gut!<\/p>\n<p>Der Urlaub am Meer war wirklich herrlich! Menschen und Hunde hatten Riesenspa\u00df und konnten sich wunderbar erholen!<br \/>\nAuf dem letzten Foto beobachtet Destny die Schnecke! Die hatte S\u00f6ren gefunden, zwecks Warzenbek\u00e4mpfung und sie sollte da nicht dran gehen&#8230;Hach, das war schwer!<br \/>\nDas Futter habe ich im Urlaub fertig vorportioniert in der Gefriertasche mitgenommen, hat super geklappt!<br \/>\nMittlerweile hat sie sich zu einem wahren Fu\u00dfballfan entwickelt! Super Abwehrspielerin! So tobt sie am liebsten mit den Jungs durch den Garten!<br \/>\nGestern ist eine lustige Geschichte passiert:<br \/>\nich verlie\u00df unser Grundst\u00fcck, um einer Nachbarin kurz etwas zu bringen, durch unser Gartent\u00f6rchen, das grenzt links an eine Garage (kein Durchkommen) und rechts an eine Hecke (eigentlich kein Durchkommen dachten wir). ich raus, Tor zu&#8230;Frauchen!!! Geh nicht ohne mich!!! Das ist soooo gemein!!!<br \/>\nGegen\u00fcber liegt ein Kinderspielplatz, hier spielten mehrere Jungs Fu\u00dfball. Knut sa\u00df auf der Terasse und freute sich \u00fcber die Sonne&#8230;Kurze Zeit sp\u00e4ter stand einer der Jungs, leicht verzweifelt vor unserem Tor mit Destiny im Schlepptau: ob Knut wohl den Hund wieder nehmen k\u00f6nnte, er w\u00e4re ja total s\u00fc\u00df, aber sie wollten doch so gerne weiter Fu\u00dfball spielen, dass k\u00f6nnten sie aber nicht, weil der Hund die ganze Zeit mitspielen w\u00fcrde&#8230;<br \/>\nSie ist sooo gut!!!<br \/>\nNaja und heute hatten wir ein bi\u00dfchen Krach, weil sie so gar nicht der Meinung war, auf mich h\u00f6ren zu m\u00fcssen&#8230;Platz, was war jetzt das nochmal? Ach ja, n\u00f6, das mache ich nicht, da gehe ich lieber wieder spielen! Tsch\u00f6\u00f6\u00f6.<br \/>\nIch habe keine Ahnung von pubert\u00e4ren Hunden, aber bin ziemlich sicher, dass unsere kleine Hundedame auf dem besten Wege in die Pubert\u00e4t ist!!!<br \/>\nEs h\u00e4ufen sich die Situationen, da sie mich ansieht, als wenn sie sagen wollte: Na, ich bin so gar nicht deiner Meinung und mache jetzt lieber das, was ich f\u00fcr richtig halte&#8230; und ich h\u00f6re eh nicht auf dich, n\u00e4n\u00e4n\u00e4\u00e4\u00e4\u00e4<br \/>\nSch\u00f6ne Zeit \ud83d\ude09 aber geht ja vorbei, hm?!<br \/>\nSo, wir begeben uns nun zur Nachtruhe!<br \/>\nHerzliche Gr\u00fc\u00dfe aus Schwerte<a href=\"http:\/\/collies-vom-floersbachtal.de\/cms\/wp-content\/uploads\/2015\/01\/Desiny1-April-15.jpg\"><img loading=\"lazy\" decoding=\"async\" class=\"aligncenter size-full wp-image-13537\" title=\"Desiny1 April 15\" src=\"http:\/\/collies-vom-floersbachtal.de\/cms\/wp-content\/uploads\/2015\/01\/Desiny1-April-15.jpg\" alt=\"\" width=\"1027\" height=\"578\" srcset=\"https:\/\/collies-vom-floersbachtal.de\/cms\/wp-content\/uploads\/2015\/01\/Desiny1-April-15.jpg 1027w, https:\/\/collies-vom-floersbachtal.de\/cms\/wp-content\/uploads\/2015\/01\/Desiny1-April-15-300x168.jpg 300w, https:\/\/collies-vom-floersbachtal.de\/cms\/wp-content\/uploads\/2015\/01\/Desiny1-April-15-1024x576.jpg 1024w\" sizes=\"auto, (max-width: 1027px) 100vw, 1027px\" \/><\/a> endlich wieder Fotos von der Maus :-POhhhhh&#8230;war bestimmt salzig?<a href=\"http:\/\/collies-vom-floersbachtal.de\/cms\/wp-content\/uploads\/2015\/01\/Destiny9-April15.jpg\"><img loading=\"lazy\" decoding=\"async\" class=\"aligncenter size-medium wp-image-13545\" title=\"Destiny9 April15\" src=\"http:\/\/collies-vom-floersbachtal.de\/cms\/wp-content\/uploads\/2015\/01\/Destiny9-April15-300x168.jpg\" alt=\"\" width=\"300\" height=\"168\" srcset=\"https:\/\/collies-vom-floersbachtal.de\/cms\/wp-content\/uploads\/2015\/01\/Destiny9-April15-300x168.jpg 300w, https:\/\/collies-vom-floersbachtal.de\/cms\/wp-content\/uploads\/2015\/01\/Destiny9-April15-1024x576.jpg 1024w, https:\/\/collies-vom-floersbachtal.de\/cms\/wp-content\/uploads\/2015\/01\/Destiny9-April15.jpg 1027w\" sizes=\"auto, (max-width: 300px) 100vw, 300px\" \/><\/a>Zum Knutschen \ud83d\ude1b<a href=\"http:\/\/collies-vom-floersbachtal.de\/cms\/wp-content\/uploads\/2015\/01\/Destiny12-April15.jpg\"><img loading=\"lazy\" decoding=\"async\" class=\"aligncenter size-full wp-image-13549\" title=\"Destiny12 April15\" src=\"http:\/\/collies-vom-floersbachtal.de\/cms\/wp-content\/uploads\/2015\/01\/Destiny12-April15.jpg\" alt=\"\" width=\"1027\" height=\"1825\" srcset=\"https:\/\/collies-vom-floersbachtal.de\/cms\/wp-content\/uploads\/2015\/01\/Destiny12-April15.jpg 1027w, https:\/\/collies-vom-floersbachtal.de\/cms\/wp-content\/uploads\/2015\/01\/Destiny12-April15-168x300.jpg 168w, https:\/\/collies-vom-floersbachtal.de\/cms\/wp-content\/uploads\/2015\/01\/Destiny12-April15-576x1024.jpg 576w\" sizes=\"auto, (max-width: 1027px) 100vw, 1027px\" \/><\/a> Schnecke und ich tragen Partnerlook \ud83d\ude09<\/p>\n<p><strong>News im M\u00e4rz 2015<\/strong><br \/>\nHallo ihr Lieben!<br \/>\nJetzt kommt endlich mal wieder ein Lebenszeichen und die versprochenen Fotos von uns<br \/>\nMan man, halt doch mal einer die Zeit an, aber bitte erst doch auf Fr\u00fchling drehen!<br \/>\nUns geht&#8217;s super! Wir genie\u00dfen die Sonne, die sich ab und an mal blicken l\u00e4sst, dann kann man so wunderbar toben und \u00fcber die Wiesen fegen! Herrlich!<br \/>\nUnd es gibt die K\u00f6stlichkeiten im Garten zu futtern, das ist doch viel angenehmer als drinnen:<a href=\"http:\/\/collies-vom-floersbachtal.de\/cms\/wp-content\/uploads\/2015\/01\/Destiny5-M\u00e4rz15.jpg\"><img loading=\"lazy\" decoding=\"async\" class=\"aligncenter size-full wp-image-13309\" title=\"Destiny5 M\u00e4rz15\" src=\"http:\/\/collies-vom-floersbachtal.de\/cms\/wp-content\/uploads\/2015\/01\/Destiny5-M\u00e4rz15.jpg\" alt=\"\" width=\"480\" height=\"640\" srcset=\"https:\/\/collies-vom-floersbachtal.de\/cms\/wp-content\/uploads\/2015\/01\/Destiny5-M\u00e4rz15.jpg 480w, https:\/\/collies-vom-floersbachtal.de\/cms\/wp-content\/uploads\/2015\/01\/Destiny5-M\u00e4rz15-225x300.jpg 225w\" sizes=\"auto, (max-width: 480px) 100vw, 480px\" \/><\/a>Diese Kaninchenohren mit Fell sind wirklich der Renner, wobei auch die gereichten H\u00fchnerf\u00fc\u00dfe gut ankommen, zumindest bei den Vierbeinern&#8230;<br \/>\nDie ersten Z\u00e4hne sind weg, wir warten immer noch auf die Zahnfee&#8230;ach, wenn die doch einen groooo\u00dfen Knochen br\u00e4chte<br \/>\nWobei die Beiden sich auch drinnen mittlerweile ganz toll miteinander besch\u00e4ftigen!<br \/>\nSie sind echt zu s\u00fc\u00df die Beiden. Es ist so wunderbar, sie zusammen zu beobachten! Toll! Wir sind echt begeistert!<br \/>\nHerzliche Gr\u00fc\u00dfe von der ganzen Familie!<\/p>\n<p><strong>Februar 2015<\/strong><br \/>\n<strong>Neues von der kleinen Destiny und ihrer Familie \ud83d\ude1b<br \/>\n<strong>Wieder lustige neue Fotos von Jeannys Tochter Destiny \ud83d\ude09<br \/>\n<\/strong>Wir warens nicht, der hat vorhin schon gefehlt, gro\u00dfes Indianerehrenwort :-(Mama guck mal ich habe dir suchen geholfen \ud83d\ude09<a href=\"http:\/\/collies-vom-floersbachtal.de\/cms\/wp-content\/uploads\/2015\/01\/Destiny3.jpg\"><img loading=\"lazy\" decoding=\"async\" class=\"aligncenter size-full wp-image-13018\" title=\"Destiny3\" src=\"http:\/\/collies-vom-floersbachtal.de\/cms\/wp-content\/uploads\/2015\/01\/Destiny3.jpg\" alt=\"\" width=\"640\" height=\"852\" srcset=\"https:\/\/collies-vom-floersbachtal.de\/cms\/wp-content\/uploads\/2015\/01\/Destiny3.jpg 640w, https:\/\/collies-vom-floersbachtal.de\/cms\/wp-content\/uploads\/2015\/01\/Destiny3-225x300.jpg 225w\" sizes=\"auto, (max-width: 640px) 100vw, 640px\" \/><\/a>Irgendwo lag doch hier son angegammelter Knochen rum \ud83d\ude1b<\/strong><\/p>\n<p>Hallo Sanne!<br \/>\nJetzt muss ich mich doch endlich mal wieder melden! Ist eine gef\u00fchlte Ewigkeit her \ud83d\ude09 mir rennt aber der Tag so durch die Finger&#8230;was ist Zeit!<br \/>\nHeute ist der Brief von dir angekommen, Dankesch\u00f6n; da war aber au\u00dfer der Ahnentafel nichts weiter drin? Das Kuvert war n\u00e4mlich an dem Klebestreifen wieder aufgegangen&#8230;nicht das am Ende was fehlt. W\u00fcrde ja zur Geschichte passen \ud83d\ude41 nach dem ganzen Theater, was du schon damit hattest! \ud83d\ude41<br \/>\nWie geht&#8217;s euch denn? Kommt ihr mit dem Umbau des Multivans weiter? Ihr habt ja noch ordentlich Schnee!!!wahnsinn! Tolle Bilder von den Gro\u00dfen im Schnee!<br \/>\nBei uns ist alles gut! Bei S\u00f6ren ist zum Gl\u00fcck nichts weiter passiert!<br \/>\nDie beiden sind ein Herz und eine Seele! Aber eigentlich wird sie von allen geliebt!<br \/>\n<a href=\"http:\/\/collies-vom-floersbachtal.de\/cms\/wp-content\/uploads\/2015\/01\/Destiny-im-neuen-Zuhause23.jpg\"><img loading=\"lazy\" decoding=\"async\" class=\"aligncenter size-full wp-image-12823\" title=\"Destiny im neuen Zuhause2\" src=\"http:\/\/collies-vom-floersbachtal.de\/cms\/wp-content\/uploads\/2015\/01\/Destiny-im-neuen-Zuhause23.jpg\" alt=\"\" width=\"640\" height=\"852\" srcset=\"https:\/\/collies-vom-floersbachtal.de\/cms\/wp-content\/uploads\/2015\/01\/Destiny-im-neuen-Zuhause23.jpg 640w, https:\/\/collies-vom-floersbachtal.de\/cms\/wp-content\/uploads\/2015\/01\/Destiny-im-neuen-Zuhause23-225x300.jpg 225w\" sizes=\"auto, (max-width: 640px) 100vw, 640px\" \/><\/a><br \/>\nIch habe sie nicht in die duschtasse reingesetzt, die verr\u00fcckte Nudel \ud83d\ude09 nur wieder rausgehoben \ud83d\ude42<br \/>\n<a href=\"http:\/\/collies-vom-floersbachtal.de\/cms\/wp-content\/uploads\/2015\/01\/Destiny-im-neuen-Zuhause13.jpg\"><img loading=\"lazy\" decoding=\"async\" class=\"aligncenter size-full wp-image-12822\" title=\"Destiny im neuen Zuhause1\" src=\"http:\/\/collies-vom-floersbachtal.de\/cms\/wp-content\/uploads\/2015\/01\/Destiny-im-neuen-Zuhause13.jpg\" alt=\"\" width=\"640\" height=\"852\" srcset=\"https:\/\/collies-vom-floersbachtal.de\/cms\/wp-content\/uploads\/2015\/01\/Destiny-im-neuen-Zuhause13.jpg 640w, https:\/\/collies-vom-floersbachtal.de\/cms\/wp-content\/uploads\/2015\/01\/Destiny-im-neuen-Zuhause13-225x300.jpg 225w\" sizes=\"auto, (max-width: 640px) 100vw, 640px\" \/><\/a><br \/>\nDas Halsband brauchten wir f\u00fcr die Hundeschule&#8230;DAS fand sie gut!<br \/>\nimage1.JPG<br \/>\nBei solch gro\u00dfen St\u00fccken f\u00fcttere ich die beiden getrennt, weil sie sonst zu sehr schlingen, normalerweise fressen sie nebeneinander, wie du mir geraten hast und es funktioniert ganz gro\u00dfartig! Ist ja schlie\u00dflich MEIN Futter, von dem ich den beiden was abgebe \ud83d\ude09<br \/>\nAuch das Ablenken, wenn uns andere Hunde entgegenkommen, klappt wunderbar und wird direkt besser. Wir haben einen solch gelehrigen Hund! Das ist echt klasse! Ich bin immer wieder begeistert. Auch wenn ich mal schimpfe, weil sie sich wieder irgendwas zum knabbern stibitzt hat, was sie nicht soll, setzt sie sich sofort hin und klimpert mit den Augen, dreht sich Weg oder leckt mir \u00fcber die Hand, will mir mitteilen: du, ich habs verstanden, k\u00f6nnen wir wieder Freunde sein?!<br \/>\nIch bin jeden Tag aufs Neue begeistert.<br \/>\nSamstag waren wir in der Hundeschule in Hamm (ganz gut, aber leider zu weit zu fahren), da sollten wir diese \u00dcbung durchf\u00fchren; an der Leine dem anderen Hund begegnen und dann &#8222;Nein&#8220; und direkt ablenken. Hat wunderbar geklappt, unsere S\u00fc\u00dfe hat sich mal sowas von gar nicht an den anderen Welpen orientiert, ist die ganze Zeit gaaaanz lieb neben Knut her getrabt. Der ist immer extra ganz nah zu den anderen Hunden hin, aber nix, Herrchen hat die leckereren Argumente \ud83d\ude09 ich hab gelacht! Dann sollten wir mit einem Knoten mit ihr spielen und wenn sie das Teil ausgibt, sofort belohnen. Ja hallo!!!! K\u00f6nnen wir mal was aus dem Fortgeschrittenenbereich machen?;-)<br \/>\nIch brauchte n\u00e4mlich nur ganz leise &#8222;aus&#8220; zu fl\u00fcstern, schon hatte ich das Teil alleine in der Hand und eine fein vor mir sitzende Destiny. So ein braves M\u00e4dchen! Hoffentlich bleibt das in der Pubert\u00e4t auch so \ud83d\ude00<br \/>\nNaja, wie dem auch sei, jetzt schaue ich mir morgen noch eine weitere Hundeschule in der n\u00e4heren Umgebung an&#8230;ist ja nicht so einfach mitte Hundeschulen, gell&#8230;<br \/>\nUnsere kleine Schuhfetischistin ist so eine enorme Bereicherung f\u00fcr uns, in jeder Hinsicht, da sind zum Sommer das ein oder andere Paar Schuhe f\u00fcr mich drin<br \/>\n(du wei\u00dft, wie ich das meine \ud83d\ude42 )<br \/>\nWir senden euch herzliche Gr\u00fc\u00dfe aus dem schneearmen Schwerte<br \/>\nSandra und der Rest der Schusters<\/p>\n<p>Kleiner Ausflug&#8230;Bollerwagen fahren war ja ganz nett, aber rumlaufen macht mehr Spa\u00df ;-)da fehlt doch noch jemand&#8230;S\u00f6ren was hastn da???danach sch\u00f6n Zuhause vor dem Kamin chillen \ud83d\ude1b<\/p>\n<p>Hallo ihr Lieben!<br \/>\nWir haben heute mal das bi\u00dfchen Sonne genossen, was so da war!<br \/>\nDie Tage vergehen wie im Flug, jetzt ist die kleine Maus schon fast eine Woche hier!<br \/>\nUnd sie f\u00fchlt sich sichtlich wohl. Heute ist sie mit Lucy \u00fcber die Wiesen getobt, es war eine Wonne, zu zuschauen. F\u00fcr mich ist es so spannend die beiden in ihrem Umgang zu beobachten. Drau\u00dfen l\u00e4uft sie schon super mit und ist so niedlich, mit ihren Knopf\u00e4uglein! <a href=\"http:\/\/collies-vom-floersbachtal.de\/cms\/wp-content\/uploads\/2015\/01\/Destiny-im-neuen-Zuhause11.jpg\"><img loading=\"lazy\" decoding=\"async\" class=\"aligncenter size-full wp-image-12529\" title=\"Destiny im neuen Zuhause1\" src=\"http:\/\/collies-vom-floersbachtal.de\/cms\/wp-content\/uploads\/2015\/01\/Destiny-im-neuen-Zuhause11.jpg\" alt=\"\" width=\"480\" height=\"640\" srcset=\"https:\/\/collies-vom-floersbachtal.de\/cms\/wp-content\/uploads\/2015\/01\/Destiny-im-neuen-Zuhause11.jpg 480w, https:\/\/collies-vom-floersbachtal.de\/cms\/wp-content\/uploads\/2015\/01\/Destiny-im-neuen-Zuhause11-225x300.jpg 225w\" sizes=\"auto, (max-width: 480px) 100vw, 480px\" \/><\/a> Knopfauge, (so nenn ich Baxter auch immer ;-))mit Freundin Lucysch\u00f6n mit S\u00f6ren auf dem Trampolin \ud83d\ude42<\/p>\n<p>Guten Morgen!<br \/>\nUnsere erste gemeinsame Nacht war ganz gut! Geweint hat sie gar nicht, ein ganz gro\u00dfes Hundem\u00e4dchen.<br \/>\nDie Kiste kannste mal voll vergessen! Das gab ordentlich Theater, als wir Destiny da rein gesetzt haben! Fand sie doof! Wir haben dann die Variante mit dem Kissen gew\u00e4hlt. Gegen zehn sind wir ins Bett und dann hat sie erstmal bis drei geschlafen. Wir sind dann kurz mit ihr raus, zum Pipi machen, hat gut geklappt. Danach wieder hoch, aber dann war sie wach, yeah! Wir leider nicht so:-D; hat eine gute Stunde gedauert, dann ist die Maus wieder eingeschlafen &#8211; bis um sechs, da kamen die Kinder! Dann haben wir alle zusammen einen kleinen Spaziergang zur Wiese gemacht. Gesch\u00e4fte wurden alle drau\u00dfen erledigt. Richtig super! Ich bin sehr stolz auf Destiny! Auch auf mein &#8218;hiiier&#8216; h\u00f6rt sie schon ganz gut, zumindest im Haus!<br \/>\nHeute Vormittag hat sie schon drei nickerchen gemacht, &#8230;nach der Nacht&#8230;<br \/>\nBin gespannt, was der Tag uns bringt.<br \/>\nLieben Gru\u00df SandraToben macht m\u00fcde:-)<\/p>\n<p>Hallo Sanne!<br \/>\nWir sind angekommen, nachdem wir unser Telefonat beendet hatten, ist die kleine Maus auch direkt in eine Art Tiefschlaf f\u00fcr eine Stunde gefallen, die Fahrt war aber auch zu aufregend, da konnte Destiny kein Auge zu machen, da h\u00e4tte sie ja was verpassen k\u00f6nnen!<br \/>\nNach dem Nickerchen gabs erstmal Abendessen, das war auch gar kein Problem, die beiden haben ganz brav nebeneinander gefuttert. War scheinbar sehr lecker, da in Sekunden verputzt&#8230;<br \/>\nIch habe doch wieder vergessen den Gernot zu fragen, wieviel von dem Pulver ich beif\u00fcge :-\/<br \/>\nJetzt ist Destiny erstmal wach&#8230;und wir anderen alle nicht mehr so richtig. Sie versucht beharrlich Lucy zum Toben zu animieren, die erz\u00e4hlt ihr aber ganz leise was anderes&#8230;und Destiny akzeptiert das auch, f\u00fcr ca. 3-4 Minuten, dann versucht sie es wieder.<br \/>\nDas ist so niedlich, wie sie von Spielzeug zu Lucy zu Spielzeug und wieder zu Lucy schleicht und sie auffordert:Loos, Spiel mit mir! Ich bin jetzt wach! Und schau mal, die haben suuuper Spielzeug hier!<br \/>\nUnd Lucy erwidert: bist du von allen guten Geistern verlassen? Hast du mal auf die Uhr geguckt? Is nach neun!<br \/>\nDann l\u00e4uft sie zu Knut und schlabbert dem die F\u00fc\u00dfe ab, sehr zu seiner Freude! :-))<br \/>\nAber nun kehrt so langsam Ruhe ein, schauen wir mal wie lange<br \/>\nsie sitzt gerade neben mir, starrt auf mein Glas, als wenn sie sagen wollte: rum-Cola! Das trinke ich am liebsten!<br \/>\nUnd toll ist ja, wie sie auf K\u00f6rpersprache reagiert! Ich brauche mich nur weg zu drehen, dann l\u00e4sst sie schon ab. Sie ist so schlau! Das merke ich jetzt schon, nach den wenigen Stunden! Einfach klasse!<br \/>\nIch freue mich und danke dir, dass wir so einen tollen, s\u00fc\u00dfen, neugierigen, lieben Hund von dir bekommen haben!<br \/>\n<a href=\"http:\/\/collies-vom-floersbachtal.de\/cms\/wp-content\/uploads\/2015\/01\/Destinys-Auszug1.jpg\"><img loading=\"lazy\" decoding=\"async\" class=\"aligncenter size-medium wp-image-12336\" title=\"Destinys Auszug1\" src=\"http:\/\/collies-vom-floersbachtal.de\/cms\/wp-content\/uploads\/2015\/01\/Destinys-Auszug1-300x200.jpg\" alt=\"\" width=\"300\" height=\"200\" srcset=\"https:\/\/collies-vom-floersbachtal.de\/cms\/wp-content\/uploads\/2015\/01\/Destinys-Auszug1-300x200.jpg 300w, https:\/\/collies-vom-floersbachtal.de\/cms\/wp-content\/uploads\/2015\/01\/Destinys-Auszug1.jpg 640w\" sizes=\"auto, (max-width: 300px) 100vw, 300px\" \/><\/a> noch mal kurz vor der Abfahrt&#8230;mit Lucy<a href=\"http:\/\/collies-vom-floersbachtal.de\/cms\/wp-content\/uploads\/2015\/01\/Destinys-neue-Familie4.jpg\"><img loading=\"lazy\" decoding=\"async\" class=\"aligncenter size-medium wp-image-12338\" title=\"Destinys neue Familie4\" src=\"http:\/\/collies-vom-floersbachtal.de\/cms\/wp-content\/uploads\/2015\/01\/Destinys-neue-Familie4-300x200.jpg\" alt=\"\" width=\"300\" height=\"200\" srcset=\"https:\/\/collies-vom-floersbachtal.de\/cms\/wp-content\/uploads\/2015\/01\/Destinys-neue-Familie4-300x200.jpg 300w, https:\/\/collies-vom-floersbachtal.de\/cms\/wp-content\/uploads\/2015\/01\/Destinys-neue-Familie4.jpg 640w\" sizes=\"auto, (max-width: 300px) 100vw, 300px\" \/><\/a> ich hab dich gaaanz lieb, fahren wir jetzt?<a href=\"http:\/\/collies-vom-floersbachtal.de\/cms\/wp-content\/uploads\/2015\/01\/Destinys-neue-Familie5.jpg\"><img loading=\"lazy\" decoding=\"async\" class=\"aligncenter size-medium wp-image-12339\" title=\"Destinys neue Familie5\" src=\"http:\/\/collies-vom-floersbachtal.de\/cms\/wp-content\/uploads\/2015\/01\/Destinys-neue-Familie5-300x200.jpg\" alt=\"\" width=\"300\" height=\"200\" srcset=\"https:\/\/collies-vom-floersbachtal.de\/cms\/wp-content\/uploads\/2015\/01\/Destinys-neue-Familie5-300x200.jpg 300w, https:\/\/collies-vom-floersbachtal.de\/cms\/wp-content\/uploads\/2015\/01\/Destinys-neue-Familie5.jpg 640w\" sizes=\"auto, (max-width: 300px) 100vw, 300px\" \/><\/a> Tsch\u00fc\u00df Frauli :-Pmein neues K\u00f6rbchen :-)war sooo m\u00fcde, habs nicht mehr bis rein geschafftins Koma gefallen \ud83d\ude09<\/p>\n","protected":false},"excerpt":{"rendered":"<p>News im August 2015 Gr\u00fc\u00dfe aus dem Urlaub von Destiny und ihrer Familie \ud83d\ude42 Lucy hat mich beim Toben ins Wasser eschubst \ud83d\ude41 News im Mai 2015 Ein Team \ud83d\ude00wir waren schwimmen News im April 2015 Hallo ihr Lieben! Wie &hellip; <a href=\"https:\/\/collies-vom-floersbachtal.de\/?page_id=12107\">Weiterlesen <span class=\"meta-nav\">&rarr;<\/span><\/a><\/p>\n","protected":false},"author":1,"featured_media":0,"parent":0,"menu_order":0,"comment_status":"open","ping_status":"open","template":"","meta":{"footnotes":""},"class_list":["post-12107","page","type-page","status-publish","hentry"],"_links":{"self":[{"href":"https:\/\/collies-vom-floersbachtal.de\/index.php?rest_route=\/wp\/v2\/pages\/12107","targetHints":{"allow":["GET"]}}],"collection":[{"href":"https:\/\/collies-vom-floersbachtal.de\/index.php?rest_route=\/wp\/v2\/pages"}],"about":[{"href":"https:\/\/collies-vom-floersbachtal.de\/index.php?rest_route=\/wp\/v2\/types\/page"}],"author":[{"embeddable":true,"href":"https:\/\/collies-vom-floersbachtal.de\/index.php?rest_route=\/wp\/v2\/users\/1"}],"replies":[{"embeddable":true,"href":"https:\/\/collies-vom-floersbachtal.de\/index.php?rest_route=%2Fwp%2Fv2%2Fcomments&post=12107"}],"version-history":[{"count":22,"href":"https:\/\/collies-vom-floersbachtal.de\/index.php?rest_route=\/wp\/v2\/pages\/12107\/revisions"}],"predecessor-version":[{"id":47400,"href":"https:\/\/collies-vom-floersbachtal.de\/index.php?rest_route=\/wp\/v2\/pages\/12107\/revisions\/47400"}],"wp:attachment":[{"href":"https:\/\/collies-vom-floersbachtal.de\/index.php?rest_route=%2Fwp%2Fv2%2Fmedia&parent=12107"}],"curies":[{"name":"wp","href":"https:\/\/api.w.org\/{rel}","templated":true}]}}