{"id":12035,"date":"2015-01-24T15:50:06","date_gmt":"2015-01-24T15:50:06","guid":{"rendered":"http:\/\/collies-vom-floersbachtal.de\/?page_id=12035"},"modified":"2024-08-01T12:20:51","modified_gmt":"2024-08-01T12:20:51","slug":"nachzucht-d-wurf-desert-sun","status":"publish","type":"page","link":"https:\/\/collies-vom-floersbachtal.de\/?page_id=12035","title":{"rendered":"Nachzucht D &#8211; Wurf Desert Sun (Sunny)"},"content":{"rendered":"<p><strong>News von Sunny im M\u00e4rz 2017<\/strong><a href=\"http:\/\/collies-vom-floersbachtal.de\/cms\/wp-content\/uploads\/2015\/01\/Sunny4-Jan.17.jpg\"><img loading=\"lazy\" decoding=\"async\" class=\"aligncenter size-large wp-image-19021\" title=\"Sunny4 Jan.17\" src=\"http:\/\/collies-vom-floersbachtal.de\/cms\/wp-content\/uploads\/2015\/01\/Sunny4-Jan.17-1024x768.jpg\" alt=\"\" width=\"640\" height=\"480\" srcset=\"https:\/\/collies-vom-floersbachtal.de\/cms\/wp-content\/uploads\/2015\/01\/Sunny4-Jan.17-1024x768.jpg 1024w, https:\/\/collies-vom-floersbachtal.de\/cms\/wp-content\/uploads\/2015\/01\/Sunny4-Jan.17-300x225.jpg 300w\" sizes=\"auto, (max-width: 640px) 100vw, 640px\" \/><\/a>Hallo Susanne, gerade habe ich Ferien, also auch Zeit, dir mal wieder Bilder von Sunny zu schicken und ein bisschen zu erz\u00e4hlen:) Sunny geht es gut und man kann sagen, dass er ein zufriedener, aufgeweckter, verspielter und verschmuster Hund ist. Er hat uns alle sehr ins Herz geschlossen und vor allem wir ihn \u2665 Ich habe ihm einige Tricks, wie Pfote, High-Five, Winken, Around und Herum (also andersrum), Rolle und \u00c4hnliches beigebracht und da macht er immer begeistert mit, wie auch beim Spielen. Vor allem apportieren k\u00f6nnte er stundenlang, das hats ihm richtig angetan:D Man hat ihn wirklich gerne bei sich und etwas nervt\u00f6tend ist es nur, wenn bei uns im Ort viele H\u00fcndinnen l\u00e4ufig sind, da er dann ziemlich nerv\u00f6s ist, aber auch das ist ertr\u00e4glich. Auf dem sozialwissenshaftlichen Gymnasium, das ich jetzt besuche, gef\u00e4llt es mir auch sehr gut, nur hat man eben viel zu tun. Mama und Nina geht es ebenfalls gut, aber Andi hat im Moment Probleme mit seiner H\u00fcfte, das wird aber hoffentlich bald wieder gut. Wir hoffen, euch geht es gut! Liebe Gr\u00fc\u00dfe von Lena, Nina, Ulli und And<\/p>\n<p><strong>Neues von Sunny aus dem Urlaub August 2015<a href=\"http:\/\/collies-vom-floersbachtal.de\/cms\/wp-content\/uploads\/2015\/01\/Sunny1-im-Urlaub-auf-R\u00fcgen15.jpg\"><img loading=\"lazy\" decoding=\"async\" class=\"aligncenter size-medium wp-image-14370\" title=\"Sunny1 im Urlaub auf R\u00fcgen15\" src=\"http:\/\/collies-vom-floersbachtal.de\/cms\/wp-content\/uploads\/2015\/01\/Sunny1-im-Urlaub-auf-R\u00fcgen15-300x168.jpg\" alt=\"\" width=\"300\" height=\"168\" srcset=\"https:\/\/collies-vom-floersbachtal.de\/cms\/wp-content\/uploads\/2015\/01\/Sunny1-im-Urlaub-auf-R\u00fcgen15-300x168.jpg 300w, https:\/\/collies-vom-floersbachtal.de\/cms\/wp-content\/uploads\/2015\/01\/Sunny1-im-Urlaub-auf-R\u00fcgen15-1024x575.jpg 1024w\" sizes=\"auto, (max-width: 300px) 100vw, 300px\" \/><\/a><\/strong>Ein h\u00fcbscher, gro\u00dfer Schatz ist er schon geworden. Mit diesem typisch, lieben Gesichtsausdruck \ud83d\ude1b<\/p>\n<p><strong>Neuigkeiten im Mai<\/strong><br \/>\nToll das auch Sunny mit seiner Familie bei uns auf der Ausstellung vorbei gehuscht ist. \ud83d\ude00<a href=\"http:\/\/collies-vom-floersbachtal.de\/cms\/wp-content\/uploads\/2015\/01\/Sunny1-Mai15.jpg\"><img loading=\"lazy\" decoding=\"async\" class=\"aligncenter size-full wp-image-13736\" title=\"Sunny1 Mai15\" src=\"http:\/\/collies-vom-floersbachtal.de\/cms\/wp-content\/uploads\/2015\/01\/Sunny1-Mai15.jpg\" alt=\"\" width=\"1000\" height=\"820\" srcset=\"https:\/\/collies-vom-floersbachtal.de\/cms\/wp-content\/uploads\/2015\/01\/Sunny1-Mai15.jpg 1000w, https:\/\/collies-vom-floersbachtal.de\/cms\/wp-content\/uploads\/2015\/01\/Sunny1-Mai15-300x246.jpg 300w\" sizes=\"auto, (max-width: 1000px) 100vw, 1000px\" \/><\/a>Wenn nicht bald einer die Ohren runter klebt, dann hebt der Bub noch ab, bitte Sunny du bist so ein s\u00fc\u00dfer Kerl, du mu\u00dft doch keine Fledermausohren haben, oder? \ud83d\ude41<\/p>\n<p>Hallo Susanne,<br \/>\nJetzt melden wir uns endlich mal wieder, wir haben ja geh\u00f6rt, dass du dir das so w\u00fcnschst. Nur kurz: Leider k\u00f6nnen wir nicht zum Welpentreffen kommen, da Andis Eltern ihre goldene Hochzeit feiern.<br \/>\nUns allen geht es gut, Sunny nat\u00fcrlich mit eingeschlossen. Der kleine Sunny ist schon ziemlich gro\u00df geworden und geht jetzt nicht mehr in den Kindergarten, sondern in den Erziehungskurs:)<br \/>\nUnd da macht er sich auch gut, er lernt wirklich schnell und steht zu jeder \u00dcbung bereit, es gibt ja schlie\u00dflich immer eine Belohnung;D<br \/>\nTja, dass Sunny so verfressen ist hat sich nicht ge\u00e4ndert, trotzdem muss er vorm Fressen immer sch\u00f6n &#8222;Sitz&#8220; und &#8222;Bleib&#8220; machen, aber daf\u00fcr gibts ja auch was:)<br \/>\n\u00dcbrigens: Wir mischen ihm t\u00e4glich 4 Tropfen Schwarzk\u00fcmmel\u00f6l (bietet Sunnys &#8222;Futterservice&#8220; an) unters Futter, denn dadurch sind Hunde weniger anf\u00e4llig f\u00fcr Zecken.<br \/>\nSehr wahrscheinlich ist er immer noch der gr\u00f6\u00dfte vom Wurf, er ist schon 52\/53 cm hoch (!) und er wird soger h\u00f6her als sein Kumpel Bootsmann:)<br \/>\nAuf den f\u00e4hrt er ja total ab, er spielt echt gerne mit ihm, genauso wie mit Tante Mia, doch mit der spielt er viel sanfter, denn Mia l\u00e4sst sich auf so ein wildes Welpenspiel nicht ein:D<br \/>\nSunny ist echt ein H\u00fcbscher und er hat helleres Fell bekommen und auf dem Schwaz hat er ein paar schwarze Haare.<br \/>\nAber das kanst du jetzt ja selbst betrachten, denn wir schicken dir jetzt selbstverst\u00e4ndlich noch Bilder:)<br \/>\nLiebe Gr\u00fc\u00dfe von Ulli, Andi; Nina und Lena:)\u2665<\/p>\n<div><a href=\"http:\/\/collies-vom-floersbachtal.de\/cms\/wp-content\/uploads\/2015\/01\/Sunny1-Mai-15.jpg\"><img loading=\"lazy\" decoding=\"async\" class=\"aligncenter size-large wp-image-13623\" title=\"Sunny1 Mai 15\" src=\"http:\/\/collies-vom-floersbachtal.de\/cms\/wp-content\/uploads\/2015\/01\/Sunny1-Mai-15-1024x768.jpg\" alt=\"\" width=\"640\" height=\"480\" srcset=\"https:\/\/collies-vom-floersbachtal.de\/cms\/wp-content\/uploads\/2015\/01\/Sunny1-Mai-15-1024x768.jpg 1024w, https:\/\/collies-vom-floersbachtal.de\/cms\/wp-content\/uploads\/2015\/01\/Sunny1-Mai-15-300x225.jpg 300w\" sizes=\"auto, (max-width: 640px) 100vw, 640px\" \/><\/a><\/p>\n<div>Ach Susanne, ich wollte nur noch mal sagen, dass ich ganz gl\u00fccklich \u00fcber Sunny bin, wir haben uns alle schon so an ihn gebunden und w\u00fcrden ihn nicht mehr hergeben.<\/div>\n<div>Und heute ist mein erster Geburtstag mit Sunny, also besonders sch\u00f6n:) Du machst das echt toll mit den Hunden danke!:)<\/div>\n<div>Deine Lena<\/div>\n<\/div>\n<p><strong>Neuigkeiten im M\u00e4rz<\/strong><br \/>\nHallo Susanne,<br \/>\nleider musste ich am Wochenende arbeiten, aber da wir uns schon so lange nicht gemeldet haben, schicken wir dir daf\u00fcr jetzt ganz viele Fotos in mehreren Emails, damit nichts schief geht. Sunny ist ein ganz toller Schatz und wunderh\u00fcbsch. Er liebt es, die Hundeschule zu besuchen und hat schon viel gelernt. Mit Bootsmann, dem Berner Sennenhund meiner Schwester versteht er sich blendend und himmelt ihn regelrecht an. Sita hat er auch schon zweimal getroffen und sie war ganz lieb zu ihm, er durfte sogar an ihrem im Wald gefundenen Stock knabbern und er beobachtet immer genau, was sie macht. Einen Gastst\u00e4ttenbesuch zum Kaffetrinken hat er auch schon brav mitgemacht. Das rosa Schwein auf dem Foto ist \u00fcbrigens Sunnys Lieblingsspielzeug und er bringt es ganz begeistert. Ach ja, und Stehohren hat er nur an manchen Tagen, zur Zeit &#8222;h\u00e4ngen&#8220; sie wieder.<br \/>\nGanz liebe Gr\u00fc\u00dfe und viel Spa\u00df beim Gucken<br \/>\nw\u00fcnschen Dir Ulli, Lena, Nina und Andi <a href=\"http:\/\/collies-vom-floersbachtal.de\/cms\/wp-content\/uploads\/2015\/01\/Sunny10-im-M\u00e4rz15.jpg\"><img loading=\"lazy\" decoding=\"async\" class=\"aligncenter size-large wp-image-13222\" title=\"Sunny10 im M\u00e4rz15\" src=\"http:\/\/collies-vom-floersbachtal.de\/cms\/wp-content\/uploads\/2015\/01\/Sunny10-im-M\u00e4rz15-1024x768.jpg\" alt=\"\" width=\"640\" height=\"480\" srcset=\"https:\/\/collies-vom-floersbachtal.de\/cms\/wp-content\/uploads\/2015\/01\/Sunny10-im-M\u00e4rz15-1024x768.jpg 1024w, https:\/\/collies-vom-floersbachtal.de\/cms\/wp-content\/uploads\/2015\/01\/Sunny10-im-M\u00e4rz15-300x225.jpg 300w\" sizes=\"auto, (max-width: 640px) 100vw, 640px\" \/><\/a><a href=\"http:\/\/collies-vom-floersbachtal.de\/cms\/wp-content\/uploads\/2015\/01\/Sunny11-im-M\u00e4rz15.jpg\"><img loading=\"lazy\" decoding=\"async\" class=\"aligncenter size-medium wp-image-13223\" title=\"Sunny11 im M\u00e4rz15\" src=\"http:\/\/collies-vom-floersbachtal.de\/cms\/wp-content\/uploads\/2015\/01\/Sunny11-im-M\u00e4rz15-300x225.jpg\" alt=\"\" width=\"300\" height=\"225\" srcset=\"https:\/\/collies-vom-floersbachtal.de\/cms\/wp-content\/uploads\/2015\/01\/Sunny11-im-M\u00e4rz15-300x225.jpg 300w, https:\/\/collies-vom-floersbachtal.de\/cms\/wp-content\/uploads\/2015\/01\/Sunny11-im-M\u00e4rz15-1024x768.jpg 1024w\" sizes=\"auto, (max-width: 300px) 100vw, 300px\" \/><\/a><a href=\"http:\/\/collies-vom-floersbachtal.de\/cms\/wp-content\/uploads\/2015\/01\/Sunny12-im-M\u00e4rz15.jpg\"><img loading=\"lazy\" decoding=\"async\" class=\"aligncenter size-medium wp-image-13224\" title=\"Sunny12 im M\u00e4rz15\" src=\"http:\/\/collies-vom-floersbachtal.de\/cms\/wp-content\/uploads\/2015\/01\/Sunny12-im-M\u00e4rz15-300x225.jpg\" alt=\"\" width=\"300\" height=\"225\" srcset=\"https:\/\/collies-vom-floersbachtal.de\/cms\/wp-content\/uploads\/2015\/01\/Sunny12-im-M\u00e4rz15-300x225.jpg 300w, https:\/\/collies-vom-floersbachtal.de\/cms\/wp-content\/uploads\/2015\/01\/Sunny12-im-M\u00e4rz15-1024x768.jpg 1024w\" sizes=\"auto, (max-width: 300px) 100vw, 300px\" \/><\/a> gro\u00dfer Schatz biste geworden :-DniedlichMit Tante Mia toben oder&#8230;lieber mit Sita, wo f\u00fchlt er sich sicherer?Knopfauge, so sch\u00f6ne schwarze Augen :-PKuscheln mit Bootsmann \ud83d\ude42<\/p>\n<p><strong> Neuigkeiten im Februar 2015<\/strong><br \/>\nHallo Susanne,<br \/>\nich schreibe jetzt mal(Lena), denn Mama ist gerade nicht da aber ich habe gerade Bider auf dem Laptop gespeichert und da waren so s\u00fc\u00dfe von Sunny dabei, also hab ich gedacht, wir m\u00fcssen dir doch mal wieder welche schicken und dir schreiben:) Sobald Mama wieder da ist, kann ich ihr das mit der F\u00fctterung gleich mitteilen, hoffentlich klappt es mit Darwin bald besser. Apropo Futter: Sunny macht es einem deswegen einfach mit \u00dcbungen, denn Leckerlis nimmt er gerne an:D Auch in der Hundeschule, die wir schon zwei mal besucht haben klappt das ziemlich gut. Das erste Mal dort hat er sich eigentlich nur mit zwei Welpen eingelassen (mit den zwei kleinsten) oder hat sich ganz von der Gruppe entfernt, das letzte Mal allerdings, hat sich Sunny schon viel offener gezeigt und ist auch mit den anderen Welpen rumgeflitzt. Das hat ihm ziemlich viel Spa\u00df gemacht. Autofahren kennt Sunny auch schon gut und ist auch brav dabei:) Letzte Woche haben Mama und ich uns mit Sabine und Mia getroffen, da hat sich der Kleine noch ein bisschen vorsichtig verhalten. Die Katzen sind ihm auch noch nicht ganz geheuer, jedoch lassen die sich von seinem Bellen nicht abbringen und statten uns regelm\u00e4\u00dfig Besuche ab, zum Streicheln, Faulenzen und zum Fressen:D Sunny schl\u00e4ft nachts immer noch in meinem Bett und ist dort gl\u00fccklicherweise ruhig und schl\u00e4ft durch, bis Aufstehen angesagt ist. So, jetzt schick ich dir noch ein paar Bilder von dem kleinen Kerl mit (,der aber schon ein St\u00fcck gewachsen ist).<br \/>\nLiebe Gr\u00fc\u00dfe noch von uns allen\u2665<\/p>\n<p>Hallo Susanne,<br \/>\ndie Zeit mit Sunny vergeht wie im Flug und wir kamen nun doch endlich dazu ein paar neue Fotos auszusuchen. Sunny hat diese Woche viel Neues erlebt. Er hat mich in den Baumarkt begleitet, wo er sehr lieb war. \u00dcber einen vorbeigeschobenen Einkaufswagen musste er sich sehr wundern und hat ihn kurz angebellt und auch die automatische Eingangst\u00fcr war ihm erst etwas suspekt, aber er hat alles cool gemeistert. Gestern hat er endlich seine Tante Mia kennengelernt. Die hat sich riesig gefreut und wollte mit ihm spielen. Sunny war noch etwas zur\u00fcckhaltend, als Mia wie wild durch den Schnee geflitzt ist. Wir \u00fcben flei\u00dfig mit ihm &#8222;Komm&#8220; und sind auch mit der Schleppleine unterwegs. Sitz kann er auch schon.:) Heute hatte er eine direkte Begenung mit einem ausgebrochenen Huhn im Garten. Ich stand einige Meter von ihm entfernt, als pl\u00f6tzlich das Huhn um die Ecke kam. Beide blieben erstaunt stehen und schauten sich an, dann ging das v\u00f6llig unbeeindruckte Huhn einen Schritt auf ihn zu, was ihm nicht ganz geheuer war, aber er hat es nicht angebellt und ist sofort gekommen als ich ihn gerufen habe.(Schade, dass ich keine Kamera dabei hatte.) Nun haben wir noch ein paar sch\u00f6ne Bilder f\u00fcr Euch, wo Sunny auch mit Bootsmann und Mia zu sehen ist.<br \/>\nBis bald und viele liebe Gr\u00fc\u00dfe<br \/>\nauch an Gernot und die Bande<br \/>\nUlli, Lena, Nina und AndiBesuch bei Tante Mia \ud83d\ude42<br \/>\nS\u00fc\u00dfe Schnute \ud83d\ude1b<br \/>\nFrauli ich kommmmmmme&#8230;<br \/>\n<a href=\"http:\/\/collies-vom-floersbachtal.de\/cms\/wp-content\/uploads\/2015\/01\/Sunny-im-neuen-Zuhause42.jpg\"><img loading=\"lazy\" decoding=\"async\" class=\"aligncenter size-full wp-image-12735\" title=\"Sunny im neuen Zuhause4\" src=\"http:\/\/collies-vom-floersbachtal.de\/cms\/wp-content\/uploads\/2015\/01\/Sunny-im-neuen-Zuhause42.jpg\" alt=\"\" width=\"4320\" height=\"3240\" srcset=\"https:\/\/collies-vom-floersbachtal.de\/cms\/wp-content\/uploads\/2015\/01\/Sunny-im-neuen-Zuhause42.jpg 4320w, https:\/\/collies-vom-floersbachtal.de\/cms\/wp-content\/uploads\/2015\/01\/Sunny-im-neuen-Zuhause42-300x225.jpg 300w, https:\/\/collies-vom-floersbachtal.de\/cms\/wp-content\/uploads\/2015\/01\/Sunny-im-neuen-Zuhause42-1024x768.jpg 1024w\" sizes=\"auto, (max-width: 4320px) 100vw, 4320px\" \/><\/a>So ein h\u00fcbscher Bub \ud83d\ude1b<br \/>\nFrauli bist du sicher, dass DIE hier wohnt???<br \/>\nAuto fahren \u00fcben war mal wieder angesagt \ud83d\ude09<br \/>\nFrauli du darfst nicht so pusten, dann hab ich Stehohren \ud83d\ude09<br \/>\nFrauli, deine Haare kitzeln in meiner Nase &#8230; \ud83d\ude00<\/p>\n<p>Bootsmann, Sunnys neuer Freund<a href=\"http:\/\/collies-vom-floersbachtal.de\/cms\/wp-content\/uploads\/2015\/01\/Sunny-im-neuen-Zuhause6.jpg\"><img loading=\"lazy\" decoding=\"async\" class=\"aligncenter size-full wp-image-12250\" title=\"Sunny im neuen Zuhause6\" src=\"http:\/\/collies-vom-floersbachtal.de\/cms\/wp-content\/uploads\/2015\/01\/Sunny-im-neuen-Zuhause6.jpg\" alt=\"\" width=\"4320\" height=\"3240\" srcset=\"https:\/\/collies-vom-floersbachtal.de\/cms\/wp-content\/uploads\/2015\/01\/Sunny-im-neuen-Zuhause6.jpg 4320w, https:\/\/collies-vom-floersbachtal.de\/cms\/wp-content\/uploads\/2015\/01\/Sunny-im-neuen-Zuhause6-300x225.jpg 300w, https:\/\/collies-vom-floersbachtal.de\/cms\/wp-content\/uploads\/2015\/01\/Sunny-im-neuen-Zuhause6-1024x768.jpg 1024w\" sizes=\"auto, (max-width: 4320px) 100vw, 4320px\" \/><\/a> mit Knochen und gl\u00fccklich :-)Sunny im Schnee mit neuem Geschirr, pa\u00dft das andere schon nicht mehr?Oh Mia und Sunny, wie sch\u00f6\u00f6\u00f6n :-)Du riechst nach Frauli Susanne, kann das sein???<\/p>\n<div><strong>Endlich ein Lebenszeichen von Sunny<\/strong> <strong>und seiner neuen Familie \ud83d\ude1b<\/strong><\/div>\n<div>Liebe Susanne,<\/div>\n<div>jetzt wollen wir uns endlich mal melden und von unserer ersten Nacht und dem ersten Tag mit Sunny berichten. Sunny ist gestern Nacht nach diesem aufregenden Tag ins Koma gefallen und hat beinahe von 22.45 Uhr bis 7.30\u00a0 Uhr durchgeschlafen. Er is nur einmal um 3.30 Uhr aufgewacht, als Lena aufgestanden ist, um zur Toilette zu gehen. \ud83d\ude42 Ansonsten hat er sich mal ganz dicht an Lena rangekuschelt und dann wieder ein bisschen weiter weggelegt und sie auch mal abgeschleckt.<\/div>\n<div>Au\u00dferdem hat er heute auch Bootsmann kennengelernt, den Berner Sennenhund meiner Schwester, was ihm gut gefallen hat. Er ist allgemein sehr neugierig und gar nicht \u00e4ngstlich.:)<\/div>\n<div><a href=\"http:\/\/collies-vom-floersbachtal.de\/cms\/wp-content\/uploads\/2015\/01\/Sunny-im-neuen-Zuhause2.jpg\"><img loading=\"lazy\" decoding=\"async\" class=\"aligncenter size-medium wp-image-12071\" title=\"Sunny im neuen Zuhause2\" src=\"http:\/\/collies-vom-floersbachtal.de\/cms\/wp-content\/uploads\/2015\/01\/Sunny-im-neuen-Zuhause2-300x225.jpg\" alt=\"\" width=\"300\" height=\"225\" srcset=\"https:\/\/collies-vom-floersbachtal.de\/cms\/wp-content\/uploads\/2015\/01\/Sunny-im-neuen-Zuhause2-300x225.jpg 300w, https:\/\/collies-vom-floersbachtal.de\/cms\/wp-content\/uploads\/2015\/01\/Sunny-im-neuen-Zuhause2-1024x768.jpg 1024w\" sizes=\"auto, (max-width: 300px) 100vw, 300px\" \/><\/a><\/div>\n<p>Erst die Fahrt verpennt und dann kurz vor Daheim mal gucken, wo bin ich \ud83d\ude42<a href=\"http:\/\/collies-vom-floersbachtal.de\/cms\/wp-content\/uploads\/2015\/01\/Sunny-im-neuen-Zuhause4.jpg\"><img loading=\"lazy\" decoding=\"async\" class=\"aligncenter size-medium wp-image-12073\" title=\"Sunny im neuen Zuhause4\" src=\"http:\/\/collies-vom-floersbachtal.de\/cms\/wp-content\/uploads\/2015\/01\/Sunny-im-neuen-Zuhause4-300x225.jpg\" alt=\"\" width=\"300\" height=\"225\" srcset=\"https:\/\/collies-vom-floersbachtal.de\/cms\/wp-content\/uploads\/2015\/01\/Sunny-im-neuen-Zuhause4-300x225.jpg 300w, https:\/\/collies-vom-floersbachtal.de\/cms\/wp-content\/uploads\/2015\/01\/Sunny-im-neuen-Zuhause4-1024x768.jpg 1024w\" sizes=\"auto, (max-width: 300px) 100vw, 300px\" \/><\/a> Und v\u00f6llig entspannt im neuen Zuhause. \ud83d\ude00<\/p>\n","protected":false},"excerpt":{"rendered":"<p>News von Sunny im M\u00e4rz 2017Hallo Susanne, gerade habe ich Ferien, also auch Zeit, dir mal wieder Bilder von Sunny zu schicken und ein bisschen zu erz\u00e4hlen:) Sunny geht es gut und man kann sagen, dass er ein zufriedener, aufgeweckter, &hellip; <a href=\"https:\/\/collies-vom-floersbachtal.de\/?page_id=12035\">Weiterlesen <span class=\"meta-nav\">&rarr;<\/span><\/a><\/p>\n","protected":false},"author":1,"featured_media":0,"parent":0,"menu_order":0,"comment_status":"open","ping_status":"open","template":"","meta":{"footnotes":""},"class_list":["post-12035","page","type-page","status-publish","hentry"],"_links":{"self":[{"href":"https:\/\/collies-vom-floersbachtal.de\/index.php?rest_route=\/wp\/v2\/pages\/12035","targetHints":{"allow":["GET"]}}],"collection":[{"href":"https:\/\/collies-vom-floersbachtal.de\/index.php?rest_route=\/wp\/v2\/pages"}],"about":[{"href":"https:\/\/collies-vom-floersbachtal.de\/index.php?rest_route=\/wp\/v2\/types\/page"}],"author":[{"embeddable":true,"href":"https:\/\/collies-vom-floersbachtal.de\/index.php?rest_route=\/wp\/v2\/users\/1"}],"replies":[{"embeddable":true,"href":"https:\/\/collies-vom-floersbachtal.de\/index.php?rest_route=%2Fwp%2Fv2%2Fcomments&post=12035"}],"version-history":[{"count":17,"href":"https:\/\/collies-vom-floersbachtal.de\/index.php?rest_route=\/wp\/v2\/pages\/12035\/revisions"}],"predecessor-version":[{"id":47398,"href":"https:\/\/collies-vom-floersbachtal.de\/index.php?rest_route=\/wp\/v2\/pages\/12035\/revisions\/47398"}],"wp:attachment":[{"href":"https:\/\/collies-vom-floersbachtal.de\/index.php?rest_route=%2Fwp%2Fv2%2Fmedia&parent=12035"}],"curies":[{"name":"wp","href":"https:\/\/api.w.org\/{rel}","templated":true}]}}