{"id":11924,"date":"2015-01-20T18:05:05","date_gmt":"2015-01-20T18:05:05","guid":{"rendered":"http:\/\/collies-vom-floersbachtal.de\/?page_id=11924"},"modified":"2022-09-26T12:06:00","modified_gmt":"2022-09-26T12:06:00","slug":"der-auszug-der-welpen-des-d-wurfes","status":"publish","type":"page","link":"https:\/\/collies-vom-floersbachtal.de\/?page_id=11924","title":{"rendered":"Auszug der Welpen des D-Wurfs"},"content":{"rendered":"<p><strong>Wir bedanken uns nochmal bei allen Welpenk\u00e4ufern, f\u00fcr das von euch entgegengebrachte Vertrauen in unsere Zuchtst\u00e4tte und in uns und w\u00fcnschen ein sch\u00f6nes, sowie langes und gl\u00fcckliches Leben mit den Kleinen.<\/strong><\/p>\n<p><strong>Ein kleiner Buchtipp f\u00fcr unsere aktuellen und zuk\u00fcnftigen Welpenk\u00e4ufer:<\/strong> <strong><span style=\"color: #ff0000;\">&#8218;Fit for Life: Was Welpen wirklich lernen m\u00fcssen&#8216;<\/span><\/strong><\/p>\n<p><strong><span style=\"color: #ff0000;\">Noch ein kleiner Tip am Rande, bitte la\u00dft eure S\u00fc\u00dfen keine Pferde\u00e4ppel fressen, man wei\u00df nie wann diese Tiere entwurmt wurden. Und der Wirkstoff in den Wurmkuren kann f\u00fcr die Collies t\u00f6dlich enden.!!!<\/span><\/strong><\/p>\n<p><strong>Unser D \u2013 Wurf wird fl\u00fcgge:<\/strong><\/p>\n<p><strong>Hier kommen nun die Bilder unserer W\u00fcrmchen mit ihren neuen Familien. Leider alle ziemlich weit weg \ud83d\ude41<\/strong><\/p>\n<p><a href=\"http:\/\/collies-vom-floersbachtal.de\/cms\/wp-content\/uploads\/2015\/01\/Ocean-zieht-aus17.jpg\"><img loading=\"lazy\" decoding=\"async\" class=\"aligncenter size-full wp-image-11925\" title=\"Ocean zieht aus17\" src=\"http:\/\/collies-vom-floersbachtal.de\/cms\/wp-content\/uploads\/2015\/01\/Ocean-zieht-aus17.jpg\" alt=\"\" width=\"1000\" height=\"1139\" srcset=\"https:\/\/collies-vom-floersbachtal.de\/cms\/wp-content\/uploads\/2015\/01\/Ocean-zieht-aus17.jpg 1000w, https:\/\/collies-vom-floersbachtal.de\/cms\/wp-content\/uploads\/2015\/01\/Ocean-zieht-aus17-263x300.jpg 263w, https:\/\/collies-vom-floersbachtal.de\/cms\/wp-content\/uploads\/2015\/01\/Ocean-zieht-aus17-899x1024.jpg 899w\" sizes=\"auto, (max-width: 1000px) 100vw, 1000px\" \/><\/a><strong>Unser Deep Ocean vom Fl\u00f6rsbachtal zieht in den hohen Norden zu seinem Frauli Astrid mit Prinzessin Cinderella und noch gaaanz vielen anderen gro\u00dfen und kleinen Tieren in eine vielversprechende Zukunft \ud83d\ude09 <a title=\"Oceans neues Zuhause\" href=\"http:\/\/www.dandelion-collies.de\/home\/die-collies\/r%C3%BCde-zuchtanw%C3%A4rter\" target=\"_blank\" rel=\"noopener\">www.dandelion-collies.de<\/a><br \/>\n<\/strong><\/p>\n<p><a href=\"http:\/\/collies-vom-floersbachtal.de\/cms\/wp-content\/uploads\/2015\/01\/Dina-und-ihre-neuen-Besitzer2.jpg\"><img loading=\"lazy\" decoding=\"async\" class=\"aligncenter size-full wp-image-12017\" title=\"Dina und ihre neuen Besitzer2\" src=\"http:\/\/collies-vom-floersbachtal.de\/cms\/wp-content\/uploads\/2015\/01\/Dina-und-ihre-neuen-Besitzer2.jpg\" alt=\"\" width=\"5184\" height=\"3456\" srcset=\"https:\/\/collies-vom-floersbachtal.de\/cms\/wp-content\/uploads\/2015\/01\/Dina-und-ihre-neuen-Besitzer2.jpg 5184w, https:\/\/collies-vom-floersbachtal.de\/cms\/wp-content\/uploads\/2015\/01\/Dina-und-ihre-neuen-Besitzer2-300x200.jpg 300w, https:\/\/collies-vom-floersbachtal.de\/cms\/wp-content\/uploads\/2015\/01\/Dina-und-ihre-neuen-Besitzer2-1024x682.jpg 1024w\" sizes=\"auto, (max-width: 5184px) 100vw, 5184px\" \/><\/a> <strong>Unsere blaue Eisprinzessin Dirty Dina vom Fl\u00f6rsbachtal zieht in ein anderes Mittelgebirge, in den Harz zu 2 Colliedamen und den Zweibeinern Andreas &amp; Sonja \ud83d\ude1b<br \/>\n<\/strong><\/p>\n<p><a href=\"http:\/\/collies-vom-floersbachtal.de\/cms\/wp-content\/uploads\/2015\/01\/Sunny-zieht-aus1.jpg\"><img loading=\"lazy\" decoding=\"async\" class=\"aligncenter size-full wp-image-12020\" title=\"Sunny zieht aus1\" src=\"http:\/\/collies-vom-floersbachtal.de\/cms\/wp-content\/uploads\/2015\/01\/Sunny-zieht-aus1.jpg\" alt=\"\" width=\"1000\" height=\"682\" srcset=\"https:\/\/collies-vom-floersbachtal.de\/cms\/wp-content\/uploads\/2015\/01\/Sunny-zieht-aus1.jpg 1000w, https:\/\/collies-vom-floersbachtal.de\/cms\/wp-content\/uploads\/2015\/01\/Sunny-zieht-aus1-300x204.jpg 300w\" sizes=\"auto, (max-width: 1000px) 100vw, 1000px\" \/><\/a> <strong>Auch unser Sunnyboy hat die Heimreise mit seiner neuen Familie Ulli, Nina, Andi &amp; Lena zu den (W\u00fcstenrot) F\u00fcchsen angetreten und wird dann des \u00f6fteren seine Tante Mia (Bella Mia B-Wurf) treffen. \ud83d\ude09<\/strong><\/p>\n<p><a href=\"http:\/\/collies-vom-floersbachtal.de\/cms\/wp-content\/uploads\/2015\/01\/Dakota-zieht-aus1.jpg\"><img loading=\"lazy\" decoding=\"async\" class=\"aligncenter size-full wp-image-12021\" title=\"Dakota zieht aus1\" src=\"http:\/\/collies-vom-floersbachtal.de\/cms\/wp-content\/uploads\/2015\/01\/Dakota-zieht-aus1.jpg\" alt=\"\" width=\"1000\" height=\"667\" srcset=\"https:\/\/collies-vom-floersbachtal.de\/cms\/wp-content\/uploads\/2015\/01\/Dakota-zieht-aus1.jpg 1000w, https:\/\/collies-vom-floersbachtal.de\/cms\/wp-content\/uploads\/2015\/01\/Dakota-zieht-aus1-300x200.jpg 300w\" sizes=\"auto, (max-width: 1000px) 100vw, 1000px\" \/><\/a> <strong>Unsere Dakotamaus hat sich ebenfalls auf die gro\u00dfe Heimreise mit Frauli Sybille und Familie in die Heidelberger Gegend gemacht und wird dort bald auf alte Bekannte sto\u00dfen \ud83d\ude09<\/strong><\/p>\n<p><a href=\"http:\/\/collies-vom-floersbachtal.de\/cms\/wp-content\/uploads\/2015\/01\/Dustys-Auszug1.jpg\"><img loading=\"lazy\" decoding=\"async\" class=\"aligncenter size-full wp-image-12159\" title=\"Dustys Auszug1\" src=\"http:\/\/collies-vom-floersbachtal.de\/cms\/wp-content\/uploads\/2015\/01\/Dustys-Auszug1.jpg\" alt=\"\" width=\"1000\" height=\"1384\" srcset=\"https:\/\/collies-vom-floersbachtal.de\/cms\/wp-content\/uploads\/2015\/01\/Dustys-Auszug1.jpg 1000w, https:\/\/collies-vom-floersbachtal.de\/cms\/wp-content\/uploads\/2015\/01\/Dustys-Auszug1-216x300.jpg 216w, https:\/\/collies-vom-floersbachtal.de\/cms\/wp-content\/uploads\/2015\/01\/Dustys-Auszug1-739x1024.jpg 739w\" sizes=\"auto, (max-width: 1000px) 100vw, 1000px\" \/><\/a> <strong>Nun ist auch unser kleiner Dusty ( Djarvis) auf seine Heimreise Richtung N\u00fcrnberg zu Sandy und ihrer Familie gegangen. \ud83d\ude42<\/strong><a title=\"Dusty\u00b4s neues Zuhause\" href=\"http:\/\/www.collies-vom-hallerhof.de\/\" target=\"_blank\" rel=\"noopener\"><strong>\u00a0 www.collies-vom-hallerhof.de<\/strong><\/a><\/p>\n<p><a href=\"http:\/\/collies-vom-floersbachtal.de\/cms\/wp-content\/uploads\/2015\/01\/Destinys-neue-Familie2.jpg\"><img loading=\"lazy\" decoding=\"async\" class=\"aligncenter size-full wp-image-12303\" title=\"Destinys neue Familie2\" src=\"http:\/\/collies-vom-floersbachtal.de\/cms\/wp-content\/uploads\/2015\/01\/Destinys-neue-Familie2.jpg\" alt=\"\" width=\"1000\" height=\"929\" srcset=\"https:\/\/collies-vom-floersbachtal.de\/cms\/wp-content\/uploads\/2015\/01\/Destinys-neue-Familie2.jpg 1000w, https:\/\/collies-vom-floersbachtal.de\/cms\/wp-content\/uploads\/2015\/01\/Destinys-neue-Familie2-300x278.jpg 300w\" sizes=\"auto, (max-width: 1000px) 100vw, 1000px\" \/><\/a><strong>Auch meine s\u00fc\u00dfe Destiny durfte\/mu\u00dfte heute ausziehen und kommt in eine gaaanz liebe Familie mit Kindern und Hundefreundin Lucy nach Schwerte. Allerdings k\u00f6nnte man laut Foto meinen, dass noch mehr ausgezogen sind \ud83d\ude09 Ihr neues Herrchen hei\u00dft S\u00f6ren guckst du&#8230;<\/strong><a href=\"http:\/\/collies-vom-floersbachtal.de\/cms\/wp-content\/uploads\/2015\/01\/Destinys-neues-Herrchen3.jpg\"><img loading=\"lazy\" decoding=\"async\" class=\"aligncenter size-full wp-image-12304\" title=\"Destinys neues Herrchen3\" src=\"http:\/\/collies-vom-floersbachtal.de\/cms\/wp-content\/uploads\/2015\/01\/Destinys-neues-Herrchen3.jpg\" alt=\"\" width=\"1000\" height=\"1065\" srcset=\"https:\/\/collies-vom-floersbachtal.de\/cms\/wp-content\/uploads\/2015\/01\/Destinys-neues-Herrchen3.jpg 1000w, https:\/\/collies-vom-floersbachtal.de\/cms\/wp-content\/uploads\/2015\/01\/Destinys-neues-Herrchen3-281x300.jpg 281w, https:\/\/collies-vom-floersbachtal.de\/cms\/wp-content\/uploads\/2015\/01\/Destinys-neues-Herrchen3-961x1024.jpg 961w\" sizes=\"auto, (max-width: 1000px) 100vw, 1000px\" \/><\/a><\/p>\n<p><a href=\"http:\/\/collies-vom-floersbachtal.de\/cms\/wp-content\/uploads\/2015\/01\/Dreamers-neue-Familie6.jpg\"><img loading=\"lazy\" decoding=\"async\" class=\"aligncenter size-full wp-image-12493\" title=\"Dreamers neue Familie6\" src=\"http:\/\/collies-vom-floersbachtal.de\/cms\/wp-content\/uploads\/2015\/01\/Dreamers-neue-Familie6.jpg\" alt=\"\" width=\"1000\" height=\"1730\" srcset=\"https:\/\/collies-vom-floersbachtal.de\/cms\/wp-content\/uploads\/2015\/01\/Dreamers-neue-Familie6.jpg 1000w, https:\/\/collies-vom-floersbachtal.de\/cms\/wp-content\/uploads\/2015\/01\/Dreamers-neue-Familie6-173x300.jpg 173w\" sizes=\"auto, (max-width: 1000px) 100vw, 1000px\" \/><\/a><strong>Nun ist auch noch unser s\u00fc\u00dfer Dreamer ( Fietje) ausgezogen und auf eine lange Reise nach Ostfriesland zu Imke &amp; Udo mit ihren 3 Hunden Jette, Jannis und Wolke unterwegs. Dragon \u00fcbt schon mal f\u00fcr seinen Auszug \ud83d\ude09<br \/>\n<\/strong><br \/>\n<a href=\"http:\/\/collies-vom-floersbachtal.de\/cms\/wp-content\/uploads\/2015\/01\/Dragons-Auszug1.jpg\"><img loading=\"lazy\" decoding=\"async\" class=\"aligncenter size-full wp-image-12573\" title=\"Dragons Auszug1\" src=\"http:\/\/collies-vom-floersbachtal.de\/cms\/wp-content\/uploads\/2015\/01\/Dragons-Auszug1.jpg\" alt=\"\" width=\"1000\" height=\"1127\" srcset=\"https:\/\/collies-vom-floersbachtal.de\/cms\/wp-content\/uploads\/2015\/01\/Dragons-Auszug1.jpg 1000w, https:\/\/collies-vom-floersbachtal.de\/cms\/wp-content\/uploads\/2015\/01\/Dragons-Auszug1-266x300.jpg 266w, https:\/\/collies-vom-floersbachtal.de\/cms\/wp-content\/uploads\/2015\/01\/Dragons-Auszug1-908x1024.jpg 908w\" sizes=\"auto, (max-width: 1000px) 100vw, 1000px\" \/><\/a> <strong>Ebenso hat uns nun unser kleinster Schei\u00dfer verlassen und ist in sein neues Zuhause an die Mosel gezogen. Dort erwarten ihn 4 quirlige Kinder und 2 Katzen. Aber so wie wir Dragon ( Darwin) einsch\u00e4tzen, kommt er locker damit zurecht und wird alle mit seinen gro\u00dfen Kulleraugen bezirzen \ud83d\ude42<\/strong><\/p>\n","protected":false},"excerpt":{"rendered":"<p>Wir bedanken uns nochmal bei allen Welpenk\u00e4ufern, f\u00fcr das von euch entgegengebrachte Vertrauen in unsere Zuchtst\u00e4tte und in uns und w\u00fcnschen ein sch\u00f6nes, sowie langes und gl\u00fcckliches Leben mit den Kleinen. Ein kleiner Buchtipp f\u00fcr unsere aktuellen und zuk\u00fcnftigen Welpenk\u00e4ufer: &hellip; <a href=\"https:\/\/collies-vom-floersbachtal.de\/?page_id=11924\">Weiterlesen <span class=\"meta-nav\">&rarr;<\/span><\/a><\/p>\n","protected":false},"author":1,"featured_media":0,"parent":0,"menu_order":0,"comment_status":"open","ping_status":"open","template":"","meta":{"footnotes":""},"class_list":["post-11924","page","type-page","status-publish","hentry"],"_links":{"self":[{"href":"https:\/\/collies-vom-floersbachtal.de\/index.php?rest_route=\/wp\/v2\/pages\/11924","targetHints":{"allow":["GET"]}}],"collection":[{"href":"https:\/\/collies-vom-floersbachtal.de\/index.php?rest_route=\/wp\/v2\/pages"}],"about":[{"href":"https:\/\/collies-vom-floersbachtal.de\/index.php?rest_route=\/wp\/v2\/types\/page"}],"author":[{"embeddable":true,"href":"https:\/\/collies-vom-floersbachtal.de\/index.php?rest_route=\/wp\/v2\/users\/1"}],"replies":[{"embeddable":true,"href":"https:\/\/collies-vom-floersbachtal.de\/index.php?rest_route=%2Fwp%2Fv2%2Fcomments&post=11924"}],"version-history":[{"count":33,"href":"https:\/\/collies-vom-floersbachtal.de\/index.php?rest_route=\/wp\/v2\/pages\/11924\/revisions"}],"predecessor-version":[{"id":37236,"href":"https:\/\/collies-vom-floersbachtal.de\/index.php?rest_route=\/wp\/v2\/pages\/11924\/revisions\/37236"}],"wp:attachment":[{"href":"https:\/\/collies-vom-floersbachtal.de\/index.php?rest_route=%2Fwp%2Fv2%2Fmedia&parent=11924"}],"curies":[{"name":"wp","href":"https:\/\/api.w.org\/{rel}","templated":true}]}}