{"id":10275,"date":"2014-10-09T12:41:35","date_gmt":"2014-10-09T12:41:35","guid":{"rendered":"http:\/\/collies-vom-floersbachtal.de\/?page_id=10275"},"modified":"2014-10-16T12:46:57","modified_gmt":"2014-10-16T12:46:57","slug":"vorgeburtliche-entwicklung-der-welpen","status":"publish","type":"page","link":"https:\/\/collies-vom-floersbachtal.de\/?page_id=10275","title":{"rendered":"Vorgeburtliche Entwicklung der Welpen"},"content":{"rendered":"<p><a href=\"http:\/\/collies-vom-floersbachtal.de\/cms\/wp-content\/uploads\/2014\/10\/vorgeburt1.jpg\"><img loading=\"lazy\" decoding=\"async\" src=\"http:\/\/collies-vom-floersbachtal.de\/cms\/wp-content\/uploads\/2014\/10\/vorgeburt1.jpg\" alt=\"\" title=\"vorgeburt1\" width=\"1037\" height=\"797\" class=\"aligncenter size-full wp-image-10316\" srcset=\"https:\/\/collies-vom-floersbachtal.de\/cms\/wp-content\/uploads\/2014\/10\/vorgeburt1.jpg 1037w, https:\/\/collies-vom-floersbachtal.de\/cms\/wp-content\/uploads\/2014\/10\/vorgeburt1-300x230.jpg 300w, https:\/\/collies-vom-floersbachtal.de\/cms\/wp-content\/uploads\/2014\/10\/vorgeburt1-1024x787.jpg 1024w\" sizes=\"auto, (max-width: 1037px) 100vw, 1037px\" \/><\/a><br \/>\n<a href=\"http:\/\/collies-vom-floersbachtal.de\/cms\/wp-content\/uploads\/2014\/10\/vorgeburt2.jpg\"><img loading=\"lazy\" decoding=\"async\" src=\"http:\/\/collies-vom-floersbachtal.de\/cms\/wp-content\/uploads\/2014\/10\/vorgeburt2.jpg\" alt=\"\" title=\"vorgeburt2\" width=\"1038\" height=\"823\" class=\"aligncenter size-full wp-image-10317\" srcset=\"https:\/\/collies-vom-floersbachtal.de\/cms\/wp-content\/uploads\/2014\/10\/vorgeburt2.jpg 1038w, https:\/\/collies-vom-floersbachtal.de\/cms\/wp-content\/uploads\/2014\/10\/vorgeburt2-300x237.jpg 300w, https:\/\/collies-vom-floersbachtal.de\/cms\/wp-content\/uploads\/2014\/10\/vorgeburt2-1024x811.jpg 1024w\" sizes=\"auto, (max-width: 1038px) 100vw, 1038px\" \/><\/a><br \/>\n<a href=\"http:\/\/collies-vom-floersbachtal.de\/cms\/wp-content\/uploads\/2014\/10\/vorgeburt3.jpg\"><img loading=\"lazy\" decoding=\"async\" src=\"http:\/\/collies-vom-floersbachtal.de\/cms\/wp-content\/uploads\/2014\/10\/vorgeburt3.jpg\" alt=\"\" title=\"vorgeburt3\" width=\"1035\" height=\"875\" class=\"aligncenter size-full wp-image-10318\" srcset=\"https:\/\/collies-vom-floersbachtal.de\/cms\/wp-content\/uploads\/2014\/10\/vorgeburt3.jpg 1035w, https:\/\/collies-vom-floersbachtal.de\/cms\/wp-content\/uploads\/2014\/10\/vorgeburt3-300x253.jpg 300w, https:\/\/collies-vom-floersbachtal.de\/cms\/wp-content\/uploads\/2014\/10\/vorgeburt3-1024x865.jpg 1024w\" sizes=\"auto, (max-width: 1035px) 100vw, 1035px\" \/><\/a><br \/>\n<a href=\"http:\/\/collies-vom-floersbachtal.de\/cms\/wp-content\/uploads\/2014\/10\/vorgeburt4.jpg\"><img loading=\"lazy\" decoding=\"async\" src=\"http:\/\/collies-vom-floersbachtal.de\/cms\/wp-content\/uploads\/2014\/10\/vorgeburt4.jpg\" alt=\"\" title=\"vorgeburt4\" width=\"1038\" height=\"865\" class=\"aligncenter size-full wp-image-10319\" srcset=\"https:\/\/collies-vom-floersbachtal.de\/cms\/wp-content\/uploads\/2014\/10\/vorgeburt4.jpg 1038w, https:\/\/collies-vom-floersbachtal.de\/cms\/wp-content\/uploads\/2014\/10\/vorgeburt4-300x250.jpg 300w, https:\/\/collies-vom-floersbachtal.de\/cms\/wp-content\/uploads\/2014\/10\/vorgeburt4-1024x853.jpg 1024w\" sizes=\"auto, (max-width: 1038px) 100vw, 1038px\" \/><\/a><br \/>\n<a href=\"http:\/\/collies-vom-floersbachtal.de\/cms\/wp-content\/uploads\/2014\/10\/vorgeburt5.jpg\"><img loading=\"lazy\" decoding=\"async\" src=\"http:\/\/collies-vom-floersbachtal.de\/cms\/wp-content\/uploads\/2014\/10\/vorgeburt5.jpg\" alt=\"\" title=\"vorgeburt5\" width=\"1035\" height=\"894\" class=\"aligncenter size-full wp-image-10320\" srcset=\"https:\/\/collies-vom-floersbachtal.de\/cms\/wp-content\/uploads\/2014\/10\/vorgeburt5.jpg 1035w, https:\/\/collies-vom-floersbachtal.de\/cms\/wp-content\/uploads\/2014\/10\/vorgeburt5-300x259.jpg 300w, https:\/\/collies-vom-floersbachtal.de\/cms\/wp-content\/uploads\/2014\/10\/vorgeburt5-1024x884.jpg 1024w\" sizes=\"auto, (max-width: 1035px) 100vw, 1035px\" \/><\/a><br \/>\n<a href=\"http:\/\/collies-vom-floersbachtal.de\/cms\/wp-content\/uploads\/2014\/10\/vorgeburt6.jpg\"><img loading=\"lazy\" decoding=\"async\" src=\"http:\/\/collies-vom-floersbachtal.de\/cms\/wp-content\/uploads\/2014\/10\/vorgeburt6.jpg\" alt=\"\" title=\"vorgeburt6\" width=\"1038\" height=\"349\" class=\"aligncenter size-full wp-image-10321\" srcset=\"https:\/\/collies-vom-floersbachtal.de\/cms\/wp-content\/uploads\/2014\/10\/vorgeburt6.jpg 1038w, https:\/\/collies-vom-floersbachtal.de\/cms\/wp-content\/uploads\/2014\/10\/vorgeburt6-300x100.jpg 300w, https:\/\/collies-vom-floersbachtal.de\/cms\/wp-content\/uploads\/2014\/10\/vorgeburt6-1024x344.jpg 1024w\" sizes=\"auto, (max-width: 1038px) 100vw, 1038px\" \/><\/a><\/p>\n<p><strong>Hiermit m\u00f6chte ich mich noch bei einer befreundeten Z\u00fcchterin, Julia Unterstenh\u00f6fer ( Collies of Biscuitbox ) bedanken, dass sie mir ihre Texte zur Verf\u00fcgung gestellt hat<\/strong><\/p>\n","protected":false},"excerpt":{"rendered":"<p>Hiermit m\u00f6chte ich mich noch bei einer befreundeten Z\u00fcchterin, Julia Unterstenh\u00f6fer ( Collies of Biscuitbox ) bedanken, dass sie mir ihre Texte zur Verf\u00fcgung gestellt hat<\/p>\n","protected":false},"author":1,"featured_media":0,"parent":0,"menu_order":0,"comment_status":"open","ping_status":"open","template":"","meta":{"footnotes":""},"class_list":["post-10275","page","type-page","status-publish","hentry"],"_links":{"self":[{"href":"https:\/\/collies-vom-floersbachtal.de\/index.php?rest_route=\/wp\/v2\/pages\/10275","targetHints":{"allow":["GET"]}}],"collection":[{"href":"https:\/\/collies-vom-floersbachtal.de\/index.php?rest_route=\/wp\/v2\/pages"}],"about":[{"href":"https:\/\/collies-vom-floersbachtal.de\/index.php?rest_route=\/wp\/v2\/types\/page"}],"author":[{"embeddable":true,"href":"https:\/\/collies-vom-floersbachtal.de\/index.php?rest_route=\/wp\/v2\/users\/1"}],"replies":[{"embeddable":true,"href":"https:\/\/collies-vom-floersbachtal.de\/index.php?rest_route=%2Fwp%2Fv2%2Fcomments&post=10275"}],"version-history":[{"count":7,"href":"https:\/\/collies-vom-floersbachtal.de\/index.php?rest_route=\/wp\/v2\/pages\/10275\/revisions"}],"predecessor-version":[{"id":10329,"href":"https:\/\/collies-vom-floersbachtal.de\/index.php?rest_route=\/wp\/v2\/pages\/10275\/revisions\/10329"}],"wp:attachment":[{"href":"https:\/\/collies-vom-floersbachtal.de\/index.php?rest_route=%2Fwp%2Fv2%2Fmedia&parent=10275"}],"curies":[{"name":"wp","href":"https:\/\/api.w.org\/{rel}","templated":true}]}}